{"id":27580,"date":"2023-05-31T17:38:03","date_gmt":"2023-05-31T15:38:03","guid":{"rendered":"https:\/\/ei-design.org\/product\/the-magic-of-glass-through-light-colour-and-shapes\/"},"modified":"2024-08-01T13:51:54","modified_gmt":"2024-08-01T11:51:54","slug":"the-magic-of-glass-through-light-colour-and-shapes","status":"publish","type":"product","link":"https:\/\/ei-design.org\/es\/product\/the-magic-of-glass-through-light-colour-and-shapes\/","title":{"rendered":"La magia del cristal"},"content":{"rendered":"<p><span style=\"font-size: 110%; color: #333333;\"><span lang=\"IT\" style=\"mso-ansi-language: IT;\">Glassmateria, por Natalia Phillips, es un estudio de arte y dise\u00f1o especialista en vidrio de alta calidad. Representa una atm\u00f3sfera de creatividad y experimentaci\u00f3n responsable con el medio ambiente que desarrolla ideas para una gama de decoraci\u00f3n a gran y peque\u00f1a escala para interiores. <\/span><\/span><\/p>\n<p><span style=\"font-size: 110%; color: #333333;\">A trav\u00e9s del vidrio, Natalia explora sus inquietudes m\u00e1s recurrentes relacionadas con el valor constructivo de la arquitectura, el tejido de los textiles y la pintura abstracta. Su gran fascinaci\u00f3n por las l\u00edneas simples y las formas geom\u00e9tricas se imprime a mano en cada pieza, reflejando la atenci\u00f3n al detalle en cada etapa del proceso. <\/span><\/p>\n<p><span style=\"font-size: 110%; color: #333333;\"><span lang=\"IT\" style=\"mso-ansi-language: IT;\">Glassmateria Studio considera que cada cliente es \u00fanico y cada proyecto diferente. <\/span><\/span><\/p>\n<p><!--more--><\/p>\n<p>&nbsp;<\/p>\n<p><a href=\"https:\/\/ei-design.org\/wp-content\/uploads\/2023\/05\/image_6483441-3.jpg\"><img loading=\"lazy\" class=\"aligncenter wp-image-27579\" src=\"https:\/\/ei-design.org\/wp-content\/uploads\/2023\/05\/image_6483441-3.jpg\" alt=\"\" width=\"816\" height=\"538\" srcset=\"https:\/\/ei-design.org\/wp-content\/uploads\/2023\/05\/image_6483441-3.jpg 1242w, https:\/\/ei-design.org\/wp-content\/uploads\/2023\/05\/image_6483441-3-607x400.jpg 607w, https:\/\/ei-design.org\/wp-content\/uploads\/2023\/05\/image_6483441-3-1213x800.jpg 1213w, https:\/\/ei-design.org\/wp-content\/uploads\/2023\/05\/image_6483441-3-768x506.jpg 768w, https:\/\/ei-design.org\/wp-content\/uploads\/2023\/05\/image_6483441-3-16x12.jpg 16w, https:\/\/ei-design.org\/wp-content\/uploads\/2023\/05\/image_6483441-3-1000x659.jpg 1000w\" sizes=\"(max-width: 816px) 100vw, 816px\" \/><\/a><\/p>\n<p><!--more--><\/p>\n<p><a href=\"https:\/\/ei-design.org\/wp-content\/uploads\/2023\/05\/image_6483441-5.jpg\"><img loading=\"lazy\" class=\"aligncenter wp-image-27578 size-large\" src=\"https:\/\/ei-design.org\/wp-content\/uploads\/2023\/05\/image_6483441-5-816x800.jpg\" alt=\"\" width=\"816\" height=\"800\" srcset=\"https:\/\/ei-design.org\/wp-content\/uploads\/2023\/05\/image_6483441-5-816x800.jpg 816w, https:\/\/ei-design.org\/wp-content\/uploads\/2023\/05\/image_6483441-5-408x400.jpg 408w, https:\/\/ei-design.org\/wp-content\/uploads\/2023\/05\/image_6483441-5-768x753.jpg 768w, https:\/\/ei-design.org\/wp-content\/uploads\/2023\/05\/image_6483441-5-12x12.jpg 12w, https:\/\/ei-design.org\/wp-content\/uploads\/2023\/05\/image_6483441-5-1000x980.jpg 1000w, https:\/\/ei-design.org\/wp-content\/uploads\/2023\/05\/image_6483441-5.jpg 1242w\" sizes=\"(max-width: 816px) 100vw, 816px\" \/><\/a><\/p>\n<p><!--more--><\/p>\n<p><a href=\"https:\/\/ei-design.org\/wp-content\/uploads\/2023\/05\/IMG-2993.jpg\"><img loading=\"lazy\" class=\"aligncenter wp-image-27586 size-large\" src=\"https:\/\/ei-design.org\/wp-content\/uploads\/2023\/05\/IMG-2993-818x800.jpg\" alt=\"\" width=\"818\" height=\"800\" srcset=\"https:\/\/ei-design.org\/wp-content\/uploads\/2023\/05\/IMG-2993-818x800.jpg 818w, https:\/\/ei-design.org\/wp-content\/uploads\/2023\/05\/IMG-2993-409x400.jpg 409w, https:\/\/ei-design.org\/wp-content\/uploads\/2023\/05\/IMG-2993-768x751.jpg 768w, https:\/\/ei-design.org\/wp-content\/uploads\/2023\/05\/IMG-2993-12x12.jpg 12w, https:\/\/ei-design.org\/wp-content\/uploads\/2023\/05\/IMG-2993-1000x977.jpg 1000w, https:\/\/ei-design.org\/wp-content\/uploads\/2023\/05\/IMG-2993.jpg 1242w\" sizes=\"(max-width: 818px) 100vw, 818px\" \/><\/a><!--more--><\/p>\n<p><!--more--><\/p>\n<p><a href=\"https:\/\/ei-design.org\/wp-content\/uploads\/2023\/05\/IMG-2989.jpg\"><img loading=\"lazy\" class=\"aligncenter wp-image-27587 size-large\" src=\"https:\/\/ei-design.org\/wp-content\/uploads\/2023\/05\/IMG-2989-823x800.jpg\" alt=\"\" width=\"823\" height=\"800\" srcset=\"https:\/\/ei-design.org\/wp-content\/uploads\/2023\/05\/IMG-2989-823x800.jpg 823w, https:\/\/ei-design.org\/wp-content\/uploads\/2023\/05\/IMG-2989-411x400.jpg 411w, https:\/\/ei-design.org\/wp-content\/uploads\/2023\/05\/IMG-2989-768x747.jpg 768w, https:\/\/ei-design.org\/wp-content\/uploads\/2023\/05\/IMG-2989-12x12.jpg 12w, https:\/\/ei-design.org\/wp-content\/uploads\/2023\/05\/IMG-2989-1000x973.jpg 1000w, https:\/\/ei-design.org\/wp-content\/uploads\/2023\/05\/IMG-2989.jpg 1242w\" sizes=\"(max-width: 823px) 100vw, 823px\" \/><\/a><\/p>\n<p><!--more--><\/p>\n<p><!--more--><\/p>\n<p><a href=\"https:\/\/ei-design.org\/wp-content\/uploads\/2023\/06\/IMG-2994.jpg\"><img loading=\"lazy\" class=\"aligncenter wp-image-27588\" src=\"https:\/\/ei-design.org\/wp-content\/uploads\/2023\/06\/IMG-2994.jpg\" alt=\"\" width=\"500\" height=\"490\" srcset=\"https:\/\/ei-design.org\/wp-content\/uploads\/2023\/06\/IMG-2994.jpg 1242w, https:\/\/ei-design.org\/wp-content\/uploads\/2023\/06\/IMG-2994-409x400.jpg 409w, https:\/\/ei-design.org\/wp-content\/uploads\/2023\/06\/IMG-2994-817x800.jpg 817w, https:\/\/ei-design.org\/wp-content\/uploads\/2023\/06\/IMG-2994-768x752.jpg 768w, https:\/\/ei-design.org\/wp-content\/uploads\/2023\/06\/IMG-2994-12x12.jpg 12w, https:\/\/ei-design.org\/wp-content\/uploads\/2023\/06\/IMG-2994-1000x979.jpg 1000w\" sizes=\"(max-width: 500px) 100vw, 500px\" \/><\/a><\/p>\n<p>&nbsp;<\/p>\n<p>&nbsp;<\/p>\n<p>&nbsp;<\/p>\n<p>&nbsp;<\/p>","protected":false},"excerpt":{"rendered":"<p style=\"text-align: center;\"><span style=\"color: #282828;\"><strong><span style=\"font-size: 120%;\">La magia del cristal a trav\u00e9s del color y las sombras<\/span><\/strong><\/span><\/p>\n<p style=\"text-align: center;\"><span style=\"color: #282828;\"><strong><span style=\"font-size: 120%;\">HECHO A MANO EN COSTA RICA<\/span><\/strong><\/span><\/p>\n<p style=\"text-align: center;\"><span style=\"color: #ffffff;\">_<\/span><\/p>","protected":false},"featured_media":27583,"template":"","meta":[],"_links":{"self":[{"href":"https:\/\/ei-design.org\/es\/wp-json\/wp\/v2\/product\/27580"}],"collection":[{"href":"https:\/\/ei-design.org\/es\/wp-json\/wp\/v2\/product"}],"about":[{"href":"https:\/\/ei-design.org\/es\/wp-json\/wp\/v2\/types\/product"}],"wp:featuredmedia":[{"embeddable":true,"href":"https:\/\/ei-design.org\/es\/wp-json\/wp\/v2\/media\/27583"}],"wp:attachment":[{"href":"https:\/\/ei-design.org\/es\/wp-json\/wp\/v2\/media?parent=27580"}],"curies":[{"name":"wp","href":"https:\/\/api.w.org\/{rel}","templated":true}]}}