{"id":27552,"date":"2023-06-05T23:30:36","date_gmt":"2023-06-05T21:30:36","guid":{"rendered":"https:\/\/ei-design.org\/es\/?post_type=product&#038;p=27552"},"modified":"2024-08-01T13:48:54","modified_gmt":"2024-08-01T11:48:54","slug":"casa-ave-7","status":"publish","type":"product","link":"https:\/\/ei-design.org\/es\/product\/casa-ave-7\/","title":{"rendered":"Casa Ave 7"},"content":{"rendered":"<p><span style=\"font-size: 110%; color: #333333;\">Rehabilitar una vivienda de finales del siglo XIX, situada en un edificio hist\u00f3rico del c\u00e9ntrico barrio de La Seu de Valencia, fue el gran reto al que nos enfrentamos en este proyecto.<\/span><\/p>\n<p><span style=\"font-size: 110%; color: #333333;\">It is a unique space in the city of Valencia where marble floors, Nolla flooring, wooden panelling and plaster ceilings with more than 100 years of history have been preserved. We found a house that had been partially transformed.<\/span><\/p>\n<p><span style=\"font-size: 110%; color: #333333;\">Los tres espacios que se encontraban en un estado \u00f3ptimo de conservaci\u00f3n y que hemos recuperado con la intervenci\u00f3n son el comedor con un precioso suelo de Nolla, el sal\u00f3n donde destacan las molduras y la zona de estudio donde los cuadros de Antonio Cortina nos saludan al entrar.<\/span><\/p>\n<p><!--more--><\/p>\n<p><a href=\"https:\/\/ei-design.org\/wp-content\/uploads\/2023\/06\/dg-arquitecto-valencia-casa-centro-historico-Valencia-19.jpg\"><img loading=\"lazy\" class=\"aligncenter wp-image-27606 size-full\" src=\"https:\/\/ei-design.org\/wp-content\/uploads\/2023\/06\/dg-arquitecto-valencia-casa-centro-historico-Valencia-19.jpg\" alt=\"\" width=\"800\" height=\"979\" srcset=\"https:\/\/ei-design.org\/wp-content\/uploads\/2023\/06\/dg-arquitecto-valencia-casa-centro-historico-Valencia-19.jpg 800w, https:\/\/ei-design.org\/wp-content\/uploads\/2023\/06\/dg-arquitecto-valencia-casa-centro-historico-Valencia-19-327x400.jpg 327w, https:\/\/ei-design.org\/wp-content\/uploads\/2023\/06\/dg-arquitecto-valencia-casa-centro-historico-Valencia-19-654x800.jpg 654w, https:\/\/ei-design.org\/wp-content\/uploads\/2023\/06\/dg-arquitecto-valencia-casa-centro-historico-Valencia-19-768x940.jpg 768w, https:\/\/ei-design.org\/wp-content\/uploads\/2023\/06\/dg-arquitecto-valencia-casa-centro-historico-Valencia-19-10x12.jpg 10w\" sizes=\"(max-width: 800px) 100vw, 800px\" \/><\/a><\/p>\n<p><!--more--><\/p>\n<p><a href=\"https:\/\/ei-design.org\/wp-content\/uploads\/2023\/06\/dg-arquitecto-valencia-casa-centro-historico-Valencia-18-b.jpg\"><img loading=\"lazy\" class=\"aligncenter wp-image-27600 size-full\" src=\"https:\/\/ei-design.org\/wp-content\/uploads\/2023\/06\/dg-arquitecto-valencia-casa-centro-historico-Valencia-18-b.jpg\" alt=\"\" width=\"800\" height=\"845\" srcset=\"https:\/\/ei-design.org\/wp-content\/uploads\/2023\/06\/dg-arquitecto-valencia-casa-centro-historico-Valencia-18-b.jpg 800w, https:\/\/ei-design.org\/wp-content\/uploads\/2023\/06\/dg-arquitecto-valencia-casa-centro-historico-Valencia-18-b-379x400.jpg 379w, https:\/\/ei-design.org\/wp-content\/uploads\/2023\/06\/dg-arquitecto-valencia-casa-centro-historico-Valencia-18-b-757x800.jpg 757w, https:\/\/ei-design.org\/wp-content\/uploads\/2023\/06\/dg-arquitecto-valencia-casa-centro-historico-Valencia-18-b-768x811.jpg 768w, https:\/\/ei-design.org\/wp-content\/uploads\/2023\/06\/dg-arquitecto-valencia-casa-centro-historico-Valencia-18-b-11x12.jpg 11w\" sizes=\"(max-width: 800px) 100vw, 800px\" \/><\/a><\/p>\n<p><!--more--><\/p>\n<p><a href=\"https:\/\/ei-design.org\/wp-content\/uploads\/2023\/06\/dg-arquitecto-valencia-casa-centro-historico-Valencia-11.jpg\"><img loading=\"lazy\" class=\"aligncenter wp-image-27604 size-full\" src=\"https:\/\/ei-design.org\/wp-content\/uploads\/2023\/06\/dg-arquitecto-valencia-casa-centro-historico-Valencia-11.jpg\" alt=\"\" width=\"800\" height=\"977\" srcset=\"https:\/\/ei-design.org\/wp-content\/uploads\/2023\/06\/dg-arquitecto-valencia-casa-centro-historico-Valencia-11.jpg 800w, https:\/\/ei-design.org\/wp-content\/uploads\/2023\/06\/dg-arquitecto-valencia-casa-centro-historico-Valencia-11-328x400.jpg 328w, https:\/\/ei-design.org\/wp-content\/uploads\/2023\/06\/dg-arquitecto-valencia-casa-centro-historico-Valencia-11-655x800.jpg 655w, https:\/\/ei-design.org\/wp-content\/uploads\/2023\/06\/dg-arquitecto-valencia-casa-centro-historico-Valencia-11-768x938.jpg 768w, https:\/\/ei-design.org\/wp-content\/uploads\/2023\/06\/dg-arquitecto-valencia-casa-centro-historico-Valencia-11-10x12.jpg 10w\" sizes=\"(max-width: 800px) 100vw, 800px\" \/><\/a><\/p>\n<p><!--more--><\/p>\n<p><a href=\"https:\/\/ei-design.org\/wp-content\/uploads\/2023\/06\/dg-arquitecto-valencia-casa-centro-historico-Valencia-04.jpg\"><img loading=\"lazy\" class=\"aligncenter wp-image-27596 size-full\" src=\"https:\/\/ei-design.org\/wp-content\/uploads\/2023\/06\/dg-arquitecto-valencia-casa-centro-historico-Valencia-04.jpg\" alt=\"\" width=\"800\" height=\"1010\" srcset=\"https:\/\/ei-design.org\/wp-content\/uploads\/2023\/06\/dg-arquitecto-valencia-casa-centro-historico-Valencia-04.jpg 800w, https:\/\/ei-design.org\/wp-content\/uploads\/2023\/06\/dg-arquitecto-valencia-casa-centro-historico-Valencia-04-317x400.jpg 317w, https:\/\/ei-design.org\/wp-content\/uploads\/2023\/06\/dg-arquitecto-valencia-casa-centro-historico-Valencia-04-634x800.jpg 634w, https:\/\/ei-design.org\/wp-content\/uploads\/2023\/06\/dg-arquitecto-valencia-casa-centro-historico-Valencia-04-768x970.jpg 768w, https:\/\/ei-design.org\/wp-content\/uploads\/2023\/06\/dg-arquitecto-valencia-casa-centro-historico-Valencia-04-10x12.jpg 10w\" sizes=\"(max-width: 800px) 100vw, 800px\" \/><\/a><\/p>\n<p><!--more--><\/p>\n<p><a href=\"https:\/\/ei-design.org\/wp-content\/uploads\/2023\/06\/dg-arquitecto-valencia-casa-centro-historico-Valencia-05.jpg\"><img loading=\"lazy\" class=\"aligncenter wp-image-27602 size-full\" src=\"https:\/\/ei-design.org\/wp-content\/uploads\/2023\/06\/dg-arquitecto-valencia-casa-centro-historico-Valencia-05.jpg\" alt=\"\" width=\"800\" height=\"997\" srcset=\"https:\/\/ei-design.org\/wp-content\/uploads\/2023\/06\/dg-arquitecto-valencia-casa-centro-historico-Valencia-05.jpg 800w, https:\/\/ei-design.org\/wp-content\/uploads\/2023\/06\/dg-arquitecto-valencia-casa-centro-historico-Valencia-05-321x400.jpg 321w, https:\/\/ei-design.org\/wp-content\/uploads\/2023\/06\/dg-arquitecto-valencia-casa-centro-historico-Valencia-05-642x800.jpg 642w, https:\/\/ei-design.org\/wp-content\/uploads\/2023\/06\/dg-arquitecto-valencia-casa-centro-historico-Valencia-05-768x957.jpg 768w, https:\/\/ei-design.org\/wp-content\/uploads\/2023\/06\/dg-arquitecto-valencia-casa-centro-historico-Valencia-05-10x12.jpg 10w\" sizes=\"(max-width: 800px) 100vw, 800px\" \/><\/a><\/p>\n<p><!--more--><\/p>\n<p><span style=\"font-size: 110%; color: #333333;\">La principal exigencia de los clientes, que compartimos con ellos desde el principio, era mantener todos estos elementos originales transformando m\u00ednimamente los espacios para adaptar la casa a los nuevos tiempos, con nuevas instalaciones, espacios abiertos y todas las comodidades de un hogar moderno.<\/span><\/p>\n<p><!--more--><\/p>\n<p><a href=\"https:\/\/ei-design.org\/wp-content\/uploads\/2023\/06\/dg-arquitecto-valencia-casa-centro-historico-Valencia-14.jpg\"><img loading=\"lazy\" class=\"aligncenter wp-image-27610 size-full\" src=\"https:\/\/ei-design.org\/wp-content\/uploads\/2023\/06\/dg-arquitecto-valencia-casa-centro-historico-Valencia-14.jpg\" alt=\"\" width=\"800\" height=\"952\" srcset=\"https:\/\/ei-design.org\/wp-content\/uploads\/2023\/06\/dg-arquitecto-valencia-casa-centro-historico-Valencia-14.jpg 800w, https:\/\/ei-design.org\/wp-content\/uploads\/2023\/06\/dg-arquitecto-valencia-casa-centro-historico-Valencia-14-336x400.jpg 336w, https:\/\/ei-design.org\/wp-content\/uploads\/2023\/06\/dg-arquitecto-valencia-casa-centro-historico-Valencia-14-672x800.jpg 672w, https:\/\/ei-design.org\/wp-content\/uploads\/2023\/06\/dg-arquitecto-valencia-casa-centro-historico-Valencia-14-768x914.jpg 768w, https:\/\/ei-design.org\/wp-content\/uploads\/2023\/06\/dg-arquitecto-valencia-casa-centro-historico-Valencia-14-10x12.jpg 10w\" sizes=\"(max-width: 800px) 100vw, 800px\" \/><\/a><\/p>\n<p><!--more--><\/p>\n<p><a href=\"https:\/\/ei-design.org\/wp-content\/uploads\/2023\/06\/dg-arquitecto-valencia-casa-centro-historico-Valencia-17.jpg\"><img loading=\"lazy\" class=\"aligncenter wp-image-27611 size-full\" src=\"https:\/\/ei-design.org\/wp-content\/uploads\/2023\/06\/dg-arquitecto-valencia-casa-centro-historico-Valencia-17.jpg\" alt=\"\" width=\"800\" height=\"1037\" srcset=\"https:\/\/ei-design.org\/wp-content\/uploads\/2023\/06\/dg-arquitecto-valencia-casa-centro-historico-Valencia-17.jpg 800w, https:\/\/ei-design.org\/wp-content\/uploads\/2023\/06\/dg-arquitecto-valencia-casa-centro-historico-Valencia-17-309x400.jpg 309w, https:\/\/ei-design.org\/wp-content\/uploads\/2023\/06\/dg-arquitecto-valencia-casa-centro-historico-Valencia-17-617x800.jpg 617w, https:\/\/ei-design.org\/wp-content\/uploads\/2023\/06\/dg-arquitecto-valencia-casa-centro-historico-Valencia-17-768x996.jpg 768w, https:\/\/ei-design.org\/wp-content\/uploads\/2023\/06\/dg-arquitecto-valencia-casa-centro-historico-Valencia-17-9x12.jpg 9w\" sizes=\"(max-width: 800px) 100vw, 800px\" \/><\/a><\/p>\n<p><!--more--><\/p>\n<p><a href=\"https:\/\/ei-design.org\/wp-content\/uploads\/2023\/06\/dg-arquitecto-valencia-casa-centro-historico-Valencia-16.jpg\"><img loading=\"lazy\" class=\"aligncenter wp-image-27605 size-full\" src=\"https:\/\/ei-design.org\/wp-content\/uploads\/2023\/06\/dg-arquitecto-valencia-casa-centro-historico-Valencia-16.jpg\" alt=\"\" width=\"800\" height=\"816\" srcset=\"https:\/\/ei-design.org\/wp-content\/uploads\/2023\/06\/dg-arquitecto-valencia-casa-centro-historico-Valencia-16.jpg 800w, https:\/\/ei-design.org\/wp-content\/uploads\/2023\/06\/dg-arquitecto-valencia-casa-centro-historico-Valencia-16-392x400.jpg 392w, https:\/\/ei-design.org\/wp-content\/uploads\/2023\/06\/dg-arquitecto-valencia-casa-centro-historico-Valencia-16-784x800.jpg 784w, https:\/\/ei-design.org\/wp-content\/uploads\/2023\/06\/dg-arquitecto-valencia-casa-centro-historico-Valencia-16-768x783.jpg 768w, https:\/\/ei-design.org\/wp-content\/uploads\/2023\/06\/dg-arquitecto-valencia-casa-centro-historico-Valencia-16-12x12.jpg 12w\" sizes=\"(max-width: 800px) 100vw, 800px\" \/><\/a><\/p>\n<p><!--more--><\/p>\n<p><span style=\"font-size: 110%; color: #333333;\">La zona donde se encuentra la cocina actual es el espacio que hemos dise\u00f1ado con m\u00e1s cuidado, ya que deb\u00eda convertirse en el nexo de uni\u00f3n entre los nuevos espacios y los espacios originales de la casa.<\/span><\/p>\n<p><span style=\"font-size: 110%; color: #333333;\">Una serie de revestimientos sirven para integrar parte de los armarios en la zona de la cocina, las puertas de los dormitorios, la entrada, los ba\u00f1os, el lavadero, etc.<\/span><\/p>\n<p><!--more--><\/p>\n<p><a href=\"https:\/\/ei-design.org\/wp-content\/uploads\/2023\/06\/dg-arquitecto-valencia-casa-centro-historico-Valencia-08.jpg\"><img loading=\"lazy\" class=\"aligncenter wp-image-27603 size-full\" src=\"https:\/\/ei-design.org\/wp-content\/uploads\/2023\/06\/dg-arquitecto-valencia-casa-centro-historico-Valencia-08.jpg\" alt=\"\" width=\"800\" height=\"817\" srcset=\"https:\/\/ei-design.org\/wp-content\/uploads\/2023\/06\/dg-arquitecto-valencia-casa-centro-historico-Valencia-08.jpg 800w, https:\/\/ei-design.org\/wp-content\/uploads\/2023\/06\/dg-arquitecto-valencia-casa-centro-historico-Valencia-08-392x400.jpg 392w, https:\/\/ei-design.org\/wp-content\/uploads\/2023\/06\/dg-arquitecto-valencia-casa-centro-historico-Valencia-08-783x800.jpg 783w, https:\/\/ei-design.org\/wp-content\/uploads\/2023\/06\/dg-arquitecto-valencia-casa-centro-historico-Valencia-08-768x784.jpg 768w, https:\/\/ei-design.org\/wp-content\/uploads\/2023\/06\/dg-arquitecto-valencia-casa-centro-historico-Valencia-08-12x12.jpg 12w\" sizes=\"(max-width: 800px) 100vw, 800px\" \/><\/a><\/p>\n<p><!--more--><\/p>\n<p><img loading=\"lazy\" class=\"aligncenter wp-image-27612 size-full\" src=\"https:\/\/ei-design.org\/wp-content\/uploads\/2023\/06\/dg-arquitecto-valencia-casa-centro-historico-Valencia-09-1.jpg\" alt=\"\" width=\"800\" height=\"591\" srcset=\"https:\/\/ei-design.org\/wp-content\/uploads\/2023\/06\/dg-arquitecto-valencia-casa-centro-historico-Valencia-09-1.jpg 800w, https:\/\/ei-design.org\/wp-content\/uploads\/2023\/06\/dg-arquitecto-valencia-casa-centro-historico-Valencia-09-1-541x400.jpg 541w, https:\/\/ei-design.org\/wp-content\/uploads\/2023\/06\/dg-arquitecto-valencia-casa-centro-historico-Valencia-09-1-768x567.jpg 768w, https:\/\/ei-design.org\/wp-content\/uploads\/2023\/06\/dg-arquitecto-valencia-casa-centro-historico-Valencia-09-1-16x12.jpg 16w\" sizes=\"(max-width: 800px) 100vw, 800px\" \/><\/p>\n<p><!--more--><\/p>\n<p><a href=\"https:\/\/ei-design.org\/wp-content\/uploads\/2023\/06\/dg-arquitecto-valencia-casa-centro-historico-Valencia-02.jpg\"><img loading=\"lazy\" class=\"aligncenter wp-image-27601 size-full\" src=\"https:\/\/ei-design.org\/wp-content\/uploads\/2023\/06\/dg-arquitecto-valencia-casa-centro-historico-Valencia-02.jpg\" alt=\"\" width=\"800\" height=\"1079\" srcset=\"https:\/\/ei-design.org\/wp-content\/uploads\/2023\/06\/dg-arquitecto-valencia-casa-centro-historico-Valencia-02.jpg 800w, https:\/\/ei-design.org\/wp-content\/uploads\/2023\/06\/dg-arquitecto-valencia-casa-centro-historico-Valencia-02-297x400.jpg 297w, https:\/\/ei-design.org\/wp-content\/uploads\/2023\/06\/dg-arquitecto-valencia-casa-centro-historico-Valencia-02-593x800.jpg 593w, https:\/\/ei-design.org\/wp-content\/uploads\/2023\/06\/dg-arquitecto-valencia-casa-centro-historico-Valencia-02-768x1036.jpg 768w, https:\/\/ei-design.org\/wp-content\/uploads\/2023\/06\/dg-arquitecto-valencia-casa-centro-historico-Valencia-02-9x12.jpg 9w\" sizes=\"(max-width: 800px) 100vw, 800px\" \/><\/a><\/p>\n<p><!--more--><\/p>\n<p><a href=\"https:\/\/ei-design.org\/wp-content\/uploads\/2023\/06\/dg-arquitecto-valencia-casa-centro-historico-Valencia-01.jpg\"><img loading=\"lazy\" class=\"aligncenter wp-image-27595 size-full\" src=\"https:\/\/ei-design.org\/wp-content\/uploads\/2023\/06\/dg-arquitecto-valencia-casa-centro-historico-Valencia-01.jpg\" alt=\"\" width=\"800\" height=\"1215\" srcset=\"https:\/\/ei-design.org\/wp-content\/uploads\/2023\/06\/dg-arquitecto-valencia-casa-centro-historico-Valencia-01.jpg 800w, https:\/\/ei-design.org\/wp-content\/uploads\/2023\/06\/dg-arquitecto-valencia-casa-centro-historico-Valencia-01-263x400.jpg 263w, https:\/\/ei-design.org\/wp-content\/uploads\/2023\/06\/dg-arquitecto-valencia-casa-centro-historico-Valencia-01-527x800.jpg 527w, https:\/\/ei-design.org\/wp-content\/uploads\/2023\/06\/dg-arquitecto-valencia-casa-centro-historico-Valencia-01-768x1166.jpg 768w, https:\/\/ei-design.org\/wp-content\/uploads\/2023\/06\/dg-arquitecto-valencia-casa-centro-historico-Valencia-01-8x12.jpg 8w\" sizes=\"(max-width: 800px) 100vw, 800px\" \/><\/a><\/p>\n<p><!--more--><\/p>\n<p class=\"show\"><span style=\"font-size: 110%; color: #333333;\">El sistema que hemos utilizado para dise\u00f1ar estos revestimientos es muy similar al empleado en los revestimientos originales de la zona de estudio, donde se integraron la puerta, los armarios y las contraventanas.<\/span><\/p>\n<p class=\"show\"><span style=\"font-size: 110%; color: #333333;\">Para los propietarios, la cocina ten\u00eda que convertirse en una zona importante de la casa, ya que les gusta cocinar y quer\u00edan que estuviera estrechamente relacionada con la zona de estar y el resto de la casa.<\/span><\/p>\n<p><span style=\"font-size: 110%; color: #333333;\">La cocina dise\u00f1ada en colaboraci\u00f3n con <a style=\"color: #333333;\" href=\"https:\/\/www.mobalco-valencia.com\/\">Mobalco Valencia<\/a> se compone de una zona de columnas integrada en el sistema de revestimiento de las paredes y una gran isla como elemento central del espacio.<\/span><\/p>\n<p class=\"show\"><span style=\"font-size: 110%; color: #333333;\">Para nosotros ha sido una gran oportunidad y un reto poder trabajar en una casa de estas caracter\u00edsticas. Un proyecto que ha requerido una gran planificaci\u00f3n y que ha sido posible gracias a un gran equipo y unos clientes fant\u00e1sticos.<\/span><\/p>\n<p><!--more--><\/p>\n<p class=\"show\"><a href=\"https:\/\/ei-design.org\/wp-content\/uploads\/2023\/06\/dg-arquitecto-valencia-casa-centro-historico-Valencia-03.jpg\"><img loading=\"lazy\" class=\"aligncenter wp-image-27607 size-full\" src=\"https:\/\/ei-design.org\/wp-content\/uploads\/2023\/06\/dg-arquitecto-valencia-casa-centro-historico-Valencia-03.jpg\" alt=\"\" width=\"800\" height=\"1021\" srcset=\"https:\/\/ei-design.org\/wp-content\/uploads\/2023\/06\/dg-arquitecto-valencia-casa-centro-historico-Valencia-03.jpg 800w, https:\/\/ei-design.org\/wp-content\/uploads\/2023\/06\/dg-arquitecto-valencia-casa-centro-historico-Valencia-03-313x400.jpg 313w, https:\/\/ei-design.org\/wp-content\/uploads\/2023\/06\/dg-arquitecto-valencia-casa-centro-historico-Valencia-03-627x800.jpg 627w, https:\/\/ei-design.org\/wp-content\/uploads\/2023\/06\/dg-arquitecto-valencia-casa-centro-historico-Valencia-03-768x980.jpg 768w, https:\/\/ei-design.org\/wp-content\/uploads\/2023\/06\/dg-arquitecto-valencia-casa-centro-historico-Valencia-03-9x12.jpg 9w\" sizes=\"(max-width: 800px) 100vw, 800px\" \/><\/a><\/p>\n<p><!--more--><\/p>\n<p><a href=\"https:\/\/ei-design.org\/wp-content\/uploads\/2023\/06\/dg-arquitecto-valencia-casa-centro-historico-Valencia-10.jpg\"><img loading=\"lazy\" class=\"aligncenter wp-image-27598 size-full\" src=\"https:\/\/ei-design.org\/wp-content\/uploads\/2023\/06\/dg-arquitecto-valencia-casa-centro-historico-Valencia-10.jpg\" alt=\"\" width=\"800\" height=\"1026\" srcset=\"https:\/\/ei-design.org\/wp-content\/uploads\/2023\/06\/dg-arquitecto-valencia-casa-centro-historico-Valencia-10.jpg 800w, https:\/\/ei-design.org\/wp-content\/uploads\/2023\/06\/dg-arquitecto-valencia-casa-centro-historico-Valencia-10-312x400.jpg 312w, https:\/\/ei-design.org\/wp-content\/uploads\/2023\/06\/dg-arquitecto-valencia-casa-centro-historico-Valencia-10-624x800.jpg 624w, https:\/\/ei-design.org\/wp-content\/uploads\/2023\/06\/dg-arquitecto-valencia-casa-centro-historico-Valencia-10-768x985.jpg 768w, https:\/\/ei-design.org\/wp-content\/uploads\/2023\/06\/dg-arquitecto-valencia-casa-centro-historico-Valencia-10-9x12.jpg 9w\" sizes=\"(max-width: 800px) 100vw, 800px\" \/><\/a><\/p>\n<p class=\"show\">\n<p>&nbsp;<\/p>\n<p>&nbsp;<\/p>\n<p>&nbsp;<\/p>\n<p>&nbsp;<\/p>\n<p>&nbsp;<\/p>","protected":false},"excerpt":{"rendered":"<p style=\"text-align: center;\"><span style=\"color: #333333;\"><strong><span style=\"font-size: 120%;\">El reto de rehabilitar una casa del siglo XIX en el barrio de La Seu, Valencia.<\/span><\/strong><\/span><\/p>\n<p style=\"text-align: center;\"><span style=\"color: #ffffff;\">_<\/span><\/p>\n<p>&nbsp;<\/p>\n<p>&nbsp;<\/p>","protected":false},"featured_media":27550,"template":"","meta":[],"_links":{"self":[{"href":"https:\/\/ei-design.org\/es\/wp-json\/wp\/v2\/product\/27552"}],"collection":[{"href":"https:\/\/ei-design.org\/es\/wp-json\/wp\/v2\/product"}],"about":[{"href":"https:\/\/ei-design.org\/es\/wp-json\/wp\/v2\/types\/product"}],"wp:featuredmedia":[{"embeddable":true,"href":"https:\/\/ei-design.org\/es\/wp-json\/wp\/v2\/media\/27550"}],"wp:attachment":[{"href":"https:\/\/ei-design.org\/es\/wp-json\/wp\/v2\/media?parent=27552"}],"curies":[{"name":"wp","href":"https:\/\/api.w.org\/{rel}","templated":true}]}}