{"id":27427,"date":"2023-04-26T18:34:18","date_gmt":"2023-04-26T16:34:18","guid":{"rendered":"https:\/\/ei-design.org\/es\/product\/heterotopia-project\/"},"modified":"2024-08-01T13:45:46","modified_gmt":"2024-08-01T11:45:46","slug":"heterotopia-project","status":"publish","type":"product","link":"https:\/\/ei-design.org\/es\/product\/heterotopia-project\/","title":{"rendered":"Heterotopia Project"},"content":{"rendered":"<div>\n<p><span style=\"font-size: 110%; color: #333333;\">El proyecto pretende fomentar la independencia de dise\u00f1adores y consumidores desarrollando una t\u00e9cnica de biofabricaci\u00f3n basada en 3 ingredientes sencillos. Se utiliz\u00f3 el enfoque heterot\u00f3pico como estrategia para transformar algas unicelulares en una bata modular que cumple los principios de la econom\u00eda circular. El biomaterial producido se explor\u00f3 como tejido, instrumento complementario y producto independiente.<\/span><\/p>\n<\/div>\n<div>\n<p><span style=\"font-size: 110%; color: #333333;\">Este proyecto es una expresi\u00f3n condensada del arte de la creaci\u00f3n y el  placer de construir, que refleja mi proceso de exploraci\u00f3n. Mi misi\u00f3n con este proyecto es mostrar mi viaje de descubrimiento de materiales expres\u00e1ndome con la Biofabricaci\u00f3n, los Biocromos y las combinaciones textiles, dot\u00e1ndonos de las habilidades y conocimientos necesarios para unirnos al renacimiento de la costura. <\/span><\/p>\n<p><span style=\"font-size: 110%; color: #333333;\">Hoy es un gran momento para los creadores  y las condiciones van a mejorar a\u00fan m\u00e1s a medida que seamos m\u00e1s los que recuperemos nuestras agujas y exijamos que la confecci\u00f3n sea reconocida como una habilidad esquiva y respetable.<\/span><\/p>\n<p>&nbsp;<\/p>\n<\/div>\n<p><!--more--><\/p>\n<p>&nbsp;<\/p>\n<div>\n<p><a href=\"https:\/\/ei-design.org\/wp-content\/uploads\/2023\/04\/HETEROTOPIA06.jpg\"><img loading=\"lazy\" class=\"aligncenter wp-image-27428\" src=\"https:\/\/ei-design.org\/wp-content\/uploads\/2023\/04\/HETEROTOPIA06.jpg\" alt=\"\" width=\"850\" height=\"572\" \/><\/a><\/p>\n<p>&nbsp;<\/p>\n<\/div>\n<p><!--more--><\/p>\n<div>\n<p><span style=\"font-size: 110%; color: #333333;\">No es la obra acabada lo que proporciona al creador el disfrute del arte, sino el arte en s\u00ed mismo, el proceso de exploraci\u00f3n y la acci\u00f3n de crearlo. La biofabricaci\u00f3n es la esencia donde el arte, la ciencia y el dise\u00f1o se unen y van de la mano como una \u00fanica esencia art\u00edstica ef\u00edmera, lo que significa que cada producto tiene un tiempo limitado y no est\u00e1 dise\u00f1ado para durar para siempre. <\/span><\/p>\n<p><span style=\"font-size: 110%; color: #333333;\">As\u00ed, estamos obligados a ser responsables de su reciclaje y a ser m\u00e1s conscientes del planeta y de las limitaciones de los recursos naturales disponibles. El biofabricante es una forma muy contrastada de fabricar productos. Por inercia act\u00faas de una manera que eres consciente del fr\u00e1gil equilibrio del mundo que te rodea y de la escasez de los recursos. Esto te obliga a trabajar m\u00e1s duro y a ser m\u00e1s ingenioso. Adem\u00e1s, las pr\u00e1cticas org\u00e1nicas de obtenci\u00f3n de materias primas para la producci\u00f3n material te permiten abrazar las imperfecciones y hacerlas tuyas de hecho y enriquecer tu trabajo. <\/span><\/p>\n<p><span style=\"font-size: 110%; color: #333333;\">Para el biofabricante, esa efimeridad y, en su mayor parte, la totalidad de las imperfecciones hacen que la idea sea tan poderosa y, al fin y al cabo, tan contagiosa. El prop\u00f3sito no es ser t\u00e9cnicamente perfectos, sino aceptar las cosas que nos hacen humanos y luego compartir esa humanidad con los dem\u00e1s. Para los que creen en el arte, la naturaleza y la belleza, al final triunfar\u00e1n.<\/span><\/p>\n<\/div>\n<p><!--more--><\/p>\n<p><a href=\"https:\/\/ei-design.org\/wp-content\/uploads\/2023\/04\/HETEROTOPIA01.jpg\"><img loading=\"lazy\" class=\"aligncenter wp-image-27429\" src=\"https:\/\/ei-design.org\/wp-content\/uploads\/2023\/04\/HETEROTOPIA01.jpg\" alt=\"\" width=\"650\" height=\"975\" \/><\/a><\/p>\n<p>&nbsp;<\/p>\n<p><!--more--><\/p>\n<div>\n<p><span style=\"font-size: 110%; color: #333333;\">La heterotop\u00eda se entiende como mundos insertos en otros, y que act\u00faan como espejo a la vez que refleja una imagen distorsionada de lo que hay fuera, por lo que en cierto sentido son la materializaci\u00f3n de la utop\u00eda, o al menos de lo imaginario.<\/span><\/p>\n<p><span style=\"font-size: 110%; color: #333333;\">Este proyecto es un mundo en el que coexisten varias dimensiones diferentes para crear un mundo heterot\u00f3pico. El estudio de la Heterotop\u00eda fue realizado por Ernst Haeckel, bi\u00f3logo e ilustrador por el que siempre he sentido una gran predilecci\u00f3n, ya que los dibujos han seguido gran parte de mi inspiraci\u00f3n pues es una forma muy ilustrativa de conocer los microorganismos que nos rodean y conviven con nosotros.<\/span><\/p>\n<\/div>\n<p>&nbsp;<\/p>\n<p><!--more--><\/p>\n<div>\n<p><a href=\"https:\/\/ei-design.org\/wp-content\/uploads\/2023\/04\/HETEROTOPIA04.jpg\"><img loading=\"lazy\" class=\"aligncenter wp-image-27431\" src=\"https:\/\/ei-design.org\/wp-content\/uploads\/2023\/04\/HETEROTOPIA04.jpg\" alt=\"\" width=\"650\" height=\"975\" \/><\/a><\/p>\n<\/div>\n<div>\n<p>&nbsp;<\/p>\n<p>&nbsp;<\/p>\n<\/div>\n<p>&nbsp;<\/p>\n<p><a href=\"https:\/\/ei-design.org\/wp-content\/uploads\/2023\/04\/HETEROTOPIA05-1-scaled.jpg\"><img loading=\"lazy\" class=\"aligncenter wp-image-27432 size-medium\" src=\"https:\/\/ei-design.org\/wp-content\/uploads\/2023\/04\/HETEROTOPIA05-1-470x400.jpg\" alt=\"\" width=\"470\" height=\"400\" srcset=\"https:\/\/ei-design.org\/wp-content\/uploads\/2023\/04\/HETEROTOPIA05-1-470x400.jpg 470w, https:\/\/ei-design.org\/wp-content\/uploads\/2023\/04\/HETEROTOPIA05-1-940x800.jpg 940w, https:\/\/ei-design.org\/wp-content\/uploads\/2023\/04\/HETEROTOPIA05-1-768x653.jpg 768w, https:\/\/ei-design.org\/wp-content\/uploads\/2023\/04\/HETEROTOPIA05-1-1536x1307.jpg 1536w, https:\/\/ei-design.org\/wp-content\/uploads\/2023\/04\/HETEROTOPIA05-1-2048x1742.jpg 2048w, https:\/\/ei-design.org\/wp-content\/uploads\/2023\/04\/HETEROTOPIA05-1-14x12.jpg 14w, https:\/\/ei-design.org\/wp-content\/uploads\/2023\/04\/HETEROTOPIA05-1-1000x851.jpg 1000w\" sizes=\"(max-width: 470px) 100vw, 470px\" \/><\/a><\/p>\n<p style=\"text-align: center;\">\n<p style=\"text-align: center;\"><span style=\"font-size: 110%;\"><a href=\"https:\/\/www.eduardoloreto.com\/\">More info www.eduardoloreto.com<\/a><\/span><\/p>","protected":false},"excerpt":{"rendered":"<div style=\"color: #222222; font-family: Arial, Helvetica, sans-serif; font-size: small; text-align: center;\">\n<p style=\"text-align: center;\"><span style=\"color: #333333;\"><strong><span style=\"font-size: 120%;\"><span style=\"font-family: Georgia, Palatino;\">Donde coexisten  diferentes dimensiones\u00a0<\/span><span style=\"font-family: Georgia, Palatino;\">para crear un mundo hetereot\u00f3pico<\/span><\/span><\/strong><\/span><\/p>\n<p><span style=\"color: #ffffff;\">&#8211;<\/span><\/p>\n<p>&nbsp;<\/p>\n<\/div>","protected":false},"featured_media":27410,"template":"","meta":[],"_links":{"self":[{"href":"https:\/\/ei-design.org\/es\/wp-json\/wp\/v2\/product\/27427"}],"collection":[{"href":"https:\/\/ei-design.org\/es\/wp-json\/wp\/v2\/product"}],"about":[{"href":"https:\/\/ei-design.org\/es\/wp-json\/wp\/v2\/types\/product"}],"wp:featuredmedia":[{"embeddable":true,"href":"https:\/\/ei-design.org\/es\/wp-json\/wp\/v2\/media\/27410"}],"wp:attachment":[{"href":"https:\/\/ei-design.org\/es\/wp-json\/wp\/v2\/media?parent=27427"}],"curies":[{"name":"wp","href":"https:\/\/api.w.org\/{rel}","templated":true}]}}