{"id":27042,"date":"2022-11-29T22:34:13","date_gmt":"2022-11-29T21:34:13","guid":{"rendered":"https:\/\/ei-design.org\/?post_type=product&#038;p=27042"},"modified":"2024-08-01T13:40:26","modified_gmt":"2024-08-01T11:40:26","slug":"fuscius","status":"publish","type":"product","link":"https:\/\/ei-design.org\/es\/product\/fuscius\/","title":{"rendered":"Domus Fuscius"},"content":{"rendered":"<p><span style=\"font-size: 110%; color: #282828;\">La ampliaci\u00f3n se plantea en continuidad, estructural y material, con el edificio existente. Una nueva cruj\u00eda, que alberga la nueva cocina y un peque\u00f1o comedor, de 2,60 m de ancho.  Cubierta inclinada de vigas de madera laminada, paneles s\u00e1ndwich de madera contrachapada y acabado de teja \u00e1rabe reutilizada. Fachadas de mortero de cal y carpinter\u00eda de madera. Suelo de roble te\u00f1ido, mobiliario lacado y m\u00e1rmol son los materiales que definen esta intervenci\u00f3n.<\/span><\/p>\n<p>&nbsp;<\/p>\n<p><!--more--><\/p>\n<p><a href=\"https:\/\/ei-design.org\/wp-content\/uploads\/2022\/11\/WEB-DRB_2022_SOTELOMARGALEF_Domus_18.jpg\"><img loading=\"lazy\" class=\"aligncenter wp-image-27152 size-large\" src=\"https:\/\/ei-design.org\/wp-content\/uploads\/2022\/11\/WEB-DRB_2022_SOTELOMARGALEF_Domus_18-551x800.jpg\" alt=\"\" width=\"551\" height=\"800\" srcset=\"https:\/\/ei-design.org\/wp-content\/uploads\/2022\/11\/WEB-DRB_2022_SOTELOMARGALEF_Domus_18-551x800.jpg 551w, https:\/\/ei-design.org\/wp-content\/uploads\/2022\/11\/WEB-DRB_2022_SOTELOMARGALEF_Domus_18-275x400.jpg 275w, https:\/\/ei-design.org\/wp-content\/uploads\/2022\/11\/WEB-DRB_2022_SOTELOMARGALEF_Domus_18-768x1115.jpg 768w, https:\/\/ei-design.org\/wp-content\/uploads\/2022\/11\/WEB-DRB_2022_SOTELOMARGALEF_Domus_18-1058x1536.jpg 1058w, https:\/\/ei-design.org\/wp-content\/uploads\/2022\/11\/WEB-DRB_2022_SOTELOMARGALEF_Domus_18-8x12.jpg 8w, https:\/\/ei-design.org\/wp-content\/uploads\/2022\/11\/WEB-DRB_2022_SOTELOMARGALEF_Domus_18-1000x1452.jpg 1000w, https:\/\/ei-design.org\/wp-content\/uploads\/2022\/11\/WEB-DRB_2022_SOTELOMARGALEF_Domus_18.jpg 1400w\" sizes=\"(max-width: 551px) 100vw, 551px\" \/><\/a><\/p>\n<p>&nbsp;<\/p>\n<p>&nbsp;<\/p>\n<p><a href=\"https:\/\/ei-design.org\/wp-content\/uploads\/2022\/11\/WEB-DRB_2022_SOTELOMARGALEF_Domus_17-1419x1536-1.jpg\"><img loading=\"lazy\" class=\"alignnone wp-image-27151\" src=\"https:\/\/ei-design.org\/wp-content\/uploads\/2022\/11\/WEB-DRB_2022_SOTELOMARGALEF_Domus_17-1419x1536-1-370x400.jpg\" alt=\"Domus Fuscius project\" width=\"900\" height=\"974\" srcset=\"https:\/\/ei-design.org\/wp-content\/uploads\/2022\/11\/WEB-DRB_2022_SOTELOMARGALEF_Domus_17-1419x1536-1-370x400.jpg 370w, https:\/\/ei-design.org\/wp-content\/uploads\/2022\/11\/WEB-DRB_2022_SOTELOMARGALEF_Domus_17-1419x1536-1-739x800.jpg 739w, https:\/\/ei-design.org\/wp-content\/uploads\/2022\/11\/WEB-DRB_2022_SOTELOMARGALEF_Domus_17-1419x1536-1-768x831.jpg 768w, https:\/\/ei-design.org\/wp-content\/uploads\/2022\/11\/WEB-DRB_2022_SOTELOMARGALEF_Domus_17-1419x1536-1-11x12.jpg 11w, https:\/\/ei-design.org\/wp-content\/uploads\/2022\/11\/WEB-DRB_2022_SOTELOMARGALEF_Domus_17-1419x1536-1-1000x1082.jpg 1000w, https:\/\/ei-design.org\/wp-content\/uploads\/2022\/11\/WEB-DRB_2022_SOTELOMARGALEF_Domus_17-1419x1536-1.jpg 1419w\" sizes=\"(max-width: 900px) 100vw, 900px\" \/><\/a><\/p>\n<p>&nbsp;<\/p>\n<p>&nbsp;<\/p>\n<p><a href=\"https:\/\/ei-design.org\/wp-content\/uploads\/2022\/11\/WEB-DRB_2022_SOTELOMARGALEF_Domus_14-1458x1192-1.jpg\"><img loading=\"lazy\" class=\"alignnone wp-image-27150 size-large\" src=\"https:\/\/ei-design.org\/wp-content\/uploads\/2022\/11\/WEB-DRB_2022_SOTELOMARGALEF_Domus_14-1458x1192-1-979x800.jpg\" alt=\"\" width=\"979\" height=\"800\" srcset=\"https:\/\/ei-design.org\/wp-content\/uploads\/2022\/11\/WEB-DRB_2022_SOTELOMARGALEF_Domus_14-1458x1192-1-979x800.jpg 979w, https:\/\/ei-design.org\/wp-content\/uploads\/2022\/11\/WEB-DRB_2022_SOTELOMARGALEF_Domus_14-1458x1192-1-489x400.jpg 489w, https:\/\/ei-design.org\/wp-content\/uploads\/2022\/11\/WEB-DRB_2022_SOTELOMARGALEF_Domus_14-1458x1192-1-768x628.jpg 768w, https:\/\/ei-design.org\/wp-content\/uploads\/2022\/11\/WEB-DRB_2022_SOTELOMARGALEF_Domus_14-1458x1192-1-16x12.jpg 16w, https:\/\/ei-design.org\/wp-content\/uploads\/2022\/11\/WEB-DRB_2022_SOTELOMARGALEF_Domus_14-1458x1192-1-1000x818.jpg 1000w, https:\/\/ei-design.org\/wp-content\/uploads\/2022\/11\/WEB-DRB_2022_SOTELOMARGALEF_Domus_14-1458x1192-1.jpg 1458w\" sizes=\"(max-width: 979px) 100vw, 979px\" \/><\/a><\/p>\n<p>&nbsp;<\/p>\n<p><a href=\"https:\/\/ei-design.org\/wp-content\/uploads\/2022\/11\/pareja-1-scaled.jpg\"><img loading=\"lazy\" class=\"alignnone wp-image-27154\" src=\"https:\/\/ei-design.org\/wp-content\/uploads\/2022\/11\/pareja-1-670x400.jpg\" alt=\"\" width=\"900\" height=\"537\" srcset=\"https:\/\/ei-design.org\/wp-content\/uploads\/2022\/11\/pareja-1-670x400.jpg 670w, https:\/\/ei-design.org\/wp-content\/uploads\/2022\/11\/pareja-1-1340x800.jpg 1340w, https:\/\/ei-design.org\/wp-content\/uploads\/2022\/11\/pareja-1-768x458.jpg 768w, https:\/\/ei-design.org\/wp-content\/uploads\/2022\/11\/pareja-1-1536x917.jpg 1536w, https:\/\/ei-design.org\/wp-content\/uploads\/2022\/11\/pareja-1-2048x1222.jpg 2048w, https:\/\/ei-design.org\/wp-content\/uploads\/2022\/11\/pareja-1-16x10.jpg 16w, https:\/\/ei-design.org\/wp-content\/uploads\/2022\/11\/pareja-1-1000x597.jpg 1000w\" sizes=\"(max-width: 900px) 100vw, 900px\" \/><\/a><\/p>\n<p>&nbsp;<\/p>\n<p><a href=\"https:\/\/ei-design.org\/wp-content\/uploads\/2022\/11\/WEB-DRB_2022_SOTELOMARGALEF_Domus_3-1458x1160-1.jpg\"><img loading=\"lazy\" class=\"alignnone wp-image-27156\" src=\"https:\/\/ei-design.org\/wp-content\/uploads\/2022\/11\/WEB-DRB_2022_SOTELOMARGALEF_Domus_3-1458x1160-1-503x400.jpg\" alt=\"\" width=\"900\" height=\"716\" srcset=\"https:\/\/ei-design.org\/wp-content\/uploads\/2022\/11\/WEB-DRB_2022_SOTELOMARGALEF_Domus_3-1458x1160-1-503x400.jpg 503w, https:\/\/ei-design.org\/wp-content\/uploads\/2022\/11\/WEB-DRB_2022_SOTELOMARGALEF_Domus_3-1458x1160-1-1006x800.jpg 1006w, https:\/\/ei-design.org\/wp-content\/uploads\/2022\/11\/WEB-DRB_2022_SOTELOMARGALEF_Domus_3-1458x1160-1-768x611.jpg 768w, https:\/\/ei-design.org\/wp-content\/uploads\/2022\/11\/WEB-DRB_2022_SOTELOMARGALEF_Domus_3-1458x1160-1-16x12.jpg 16w, https:\/\/ei-design.org\/wp-content\/uploads\/2022\/11\/WEB-DRB_2022_SOTELOMARGALEF_Domus_3-1458x1160-1-1000x796.jpg 1000w, https:\/\/ei-design.org\/wp-content\/uploads\/2022\/11\/WEB-DRB_2022_SOTELOMARGALEF_Domus_3-1458x1160-1.jpg 1458w\" sizes=\"(max-width: 900px) 100vw, 900px\" \/><\/a><\/p>\n<p>&nbsp;<\/p>\n<p><span style=\"font-size: 14pt;\">En cuanto al conjunto de intervenciones de reforma interior llevadas a cabo en el resto de la casa, destacan la nueva chimenea de m\u00e1rmol blanco, un nuevo cerramiento acristalado y la introducci\u00f3n de un nuevo sistema de climatizaci\u00f3n mediante un tubo cil\u00edndrico colgado de las cerchas de madera existentes.<\/span><\/p>\n<p>&nbsp;<\/p>\n<p><a href=\"https:\/\/ei-design.org\/wp-content\/uploads\/2022\/11\/pareja-2-scaled.jpg\"><img loading=\"lazy\" class=\"alignnone wp-image-27155\" src=\"https:\/\/ei-design.org\/wp-content\/uploads\/2022\/11\/pareja-2-625x400.jpg\" alt=\"\" width=\"900\" height=\"576\" srcset=\"https:\/\/ei-design.org\/wp-content\/uploads\/2022\/11\/pareja-2-625x400.jpg 625w, https:\/\/ei-design.org\/wp-content\/uploads\/2022\/11\/pareja-2-1250x800.jpg 1250w, https:\/\/ei-design.org\/wp-content\/uploads\/2022\/11\/pareja-2-768x491.jpg 768w, https:\/\/ei-design.org\/wp-content\/uploads\/2022\/11\/pareja-2-1536x983.jpg 1536w, https:\/\/ei-design.org\/wp-content\/uploads\/2022\/11\/pareja-2-2048x1310.jpg 2048w, https:\/\/ei-design.org\/wp-content\/uploads\/2022\/11\/pareja-2-16x10.jpg 16w, https:\/\/ei-design.org\/wp-content\/uploads\/2022\/11\/pareja-2-1000x640.jpg 1000w\" sizes=\"(max-width: 900px) 100vw, 900px\" \/><\/a><\/p>\n<p>&nbsp;<\/p>\n<p><a href=\"https:\/\/ei-design.org\/wp-content\/uploads\/2022\/11\/WEB-DRB_2022_SOTELOMARGALEF_Domus_5-1458x1825-2.jpg\"><img loading=\"lazy\" class=\"alignnone wp-image-27157\" src=\"https:\/\/ei-design.org\/wp-content\/uploads\/2022\/11\/WEB-DRB_2022_SOTELOMARGALEF_Domus_5-1458x1825-2-320x400.jpg\" alt=\"\" width=\"900\" height=\"1127\" srcset=\"https:\/\/ei-design.org\/wp-content\/uploads\/2022\/11\/WEB-DRB_2022_SOTELOMARGALEF_Domus_5-1458x1825-2-320x400.jpg 320w, https:\/\/ei-design.org\/wp-content\/uploads\/2022\/11\/WEB-DRB_2022_SOTELOMARGALEF_Domus_5-1458x1825-2-639x800.jpg 639w, https:\/\/ei-design.org\/wp-content\/uploads\/2022\/11\/WEB-DRB_2022_SOTELOMARGALEF_Domus_5-1458x1825-2-768x961.jpg 768w, https:\/\/ei-design.org\/wp-content\/uploads\/2022\/11\/WEB-DRB_2022_SOTELOMARGALEF_Domus_5-1458x1825-2-1227x1536.jpg 1227w, https:\/\/ei-design.org\/wp-content\/uploads\/2022\/11\/WEB-DRB_2022_SOTELOMARGALEF_Domus_5-1458x1825-2-10x12.jpg 10w, https:\/\/ei-design.org\/wp-content\/uploads\/2022\/11\/WEB-DRB_2022_SOTELOMARGALEF_Domus_5-1458x1825-2-1000x1252.jpg 1000w, https:\/\/ei-design.org\/wp-content\/uploads\/2022\/11\/WEB-DRB_2022_SOTELOMARGALEF_Domus_5-1458x1825-2.jpg 1458w\" sizes=\"(max-width: 900px) 100vw, 900px\" \/><\/a><\/p>\n<p>&nbsp;<\/p>\n<p>&nbsp;<\/p>\n<p>&nbsp;<\/p>\n<p>&nbsp;<\/p>\n<p>&nbsp;<\/p>","protected":false},"excerpt":{"rendered":"<p style=\"text-align: center;\"><span style=\"font-size: 120%; color: #282828;\"><strong style=\"text-align: center;\">DOMUS FUSCIUS<\/strong><\/span><\/p>\n<p style=\"text-align: center;\"><span style=\"font-size: 120%; color: #282828;\"><strong style=\"text-align: center;\">Ampliaci\u00f3n y reforma de una casa en l'Empord\u00e0<\/strong><\/span><\/p>\n<p style=\"text-align: center;\"><span style=\"color: #282828;\"><em>Photo Credits by Del R\u00edo Bani<\/em><\/span><\/p>\n<p style=\"text-align: center;\"><span style=\"color: #ffffff;\">&#8211;<\/span><\/p>","protected":false},"featured_media":27156,"template":"","meta":[],"_links":{"self":[{"href":"https:\/\/ei-design.org\/es\/wp-json\/wp\/v2\/product\/27042"}],"collection":[{"href":"https:\/\/ei-design.org\/es\/wp-json\/wp\/v2\/product"}],"about":[{"href":"https:\/\/ei-design.org\/es\/wp-json\/wp\/v2\/types\/product"}],"wp:featuredmedia":[{"embeddable":true,"href":"https:\/\/ei-design.org\/es\/wp-json\/wp\/v2\/media\/27156"}],"wp:attachment":[{"href":"https:\/\/ei-design.org\/es\/wp-json\/wp\/v2\/media?parent=27042"}],"curies":[{"name":"wp","href":"https:\/\/api.w.org\/{rel}","templated":true}]}}