{"id":26915,"date":"2022-11-25T11:18:37","date_gmt":"2022-11-25T10:18:37","guid":{"rendered":"https:\/\/ei-design.org\/es\/?post_type=product&#038;p=26915"},"modified":"2022-11-25T17:21:43","modified_gmt":"2022-11-25T16:21:43","slug":"tarradellas","status":"publish","type":"product","link":"https:\/\/ei-design.org\/es\/product\/tarradellas\/","title":{"rendered":"Tarradellas"},"content":{"rendered":"<p><span lang=\"EN-GB\" style=\"font-size: 14pt;\" data-mce-style=\"font-size: 14pt;\">El apartamento se encuentra en un edificio de los a\u00f1os 60, con una fachada que da a la calle y otra al interior de la manzana, orientadas respectivamente de este a oeste. 6 porches estructurales de hormig\u00f3n, con una cadencia de unos 4,5 metros, tienen una importante presencia en el espacio existente. Nos encontramos con una vivienda obsoleta, excesivamente compartimentada y oscura.<\/span><\/p>\n<h4><span data-mce-style=\"font-size: 14pt;\" style=\"font-size: 14pt;\"><strong><span lang=\"EN-GB\">USO:<\/span><\/strong><\/span><\/h4>\n<p><span lang=\"EN-GB\" data-mce-style=\"font-size: 14pt;\" style=\"font-size: 14pt;\">El nuevo programa para una familia joven nos obliga a repensar el espacio. La propuesta pasa por menos habitaciones, grandes espacios controlados y definidos, donde la luz se filtre al m\u00e1ximo por el interior. Situar la zona p\u00fablica en torno a la calle y la privada en el interior de la manzana.<\/span><\/p>\n<p><span lang=\"EN-GB\" data-mce-style=\"font-size: 14pt;\" style=\"font-size: 14pt;\">La sala de juegos funciona como un puente y se convierte en el umbral entre las dos zonas del piso. Este espacio de paso es interesante por la flexibilidad de uso seg\u00fan cambien las necesidades.<\/span><\/p>\n<p><\/p>\n<p><img class=\"wp-more-tag mce-wp-more\" title=\"Leggi tutto...\" src=\"data:image\/gif;base64,R0lGODlhAQABAIAAAAAAAP\/\/\/yH5BAEAAAAALAAAAAABAAEAAAIBRAA7\" alt=\"\" data-wp-more=\"more\" data-mce-resize=\"false\" data-mce-placeholder=\"1\"><\/p>\n<p><a href=\"https:\/\/ei-design.org\/wp-content\/uploads\/2022\/11\/GDR-2019_JT155_11c.jpg\" data-mce-href=\"https:\/\/ei-design.org\/wp-content\/uploads\/2022\/11\/GDR-2019_JT155_11c.jpg\"><img loading=\"lazy\" class=\"aligncenter wp-image-26900 size-large\" src=\"https:\/\/ei-design.org\/wp-content\/uploads\/2022\/11\/GDR-2019_JT155_11c-1000x800.jpg\" alt=\"\" width=\"1000\" height=\"800\" data-mce-src=\"https:\/\/ei-design.org\/wp-content\/uploads\/2022\/11\/GDR-2019_JT155_11c-1000x800.jpg\" srcset=\"https:\/\/ei-design.org\/wp-content\/uploads\/2022\/11\/GDR-2019_JT155_11c-1000x800.jpg 1000w, https:\/\/ei-design.org\/wp-content\/uploads\/2022\/11\/GDR-2019_JT155_11c-500x400.jpg 500w, https:\/\/ei-design.org\/wp-content\/uploads\/2022\/11\/GDR-2019_JT155_11c-768x614.jpg 768w, https:\/\/ei-design.org\/wp-content\/uploads\/2022\/11\/GDR-2019_JT155_11c-1536x1229.jpg 1536w, https:\/\/ei-design.org\/wp-content\/uploads\/2022\/11\/GDR-2019_JT155_11c-2048x1638.jpg 2048w, https:\/\/ei-design.org\/wp-content\/uploads\/2022\/11\/GDR-2019_JT155_11c-16x12.jpg 16w\" sizes=\"(max-width: 1000px) 100vw, 1000px\" \/><\/a><\/p>\n<p><\/p>\n<p><\/p>\n<p><a href=\"https:\/\/ei-design.org\/wp-content\/uploads\/2022\/11\/GDR-2019_JT155_04c.jpg\" data-mce-href=\"https:\/\/ei-design.org\/wp-content\/uploads\/2022\/11\/GDR-2019_JT155_04c.jpg\"><img loading=\"lazy\" class=\"wp-image-26896 aligncenter\" src=\"https:\/\/ei-design.org\/wp-content\/uploads\/2022\/11\/GDR-2019_JT155_04c-489x400.jpg\" alt=\"\" width=\"1000\" height=\"818\" data-mce-src=\"https:\/\/ei-design.org\/wp-content\/uploads\/2022\/11\/GDR-2019_JT155_04c-489x400.jpg\" srcset=\"https:\/\/ei-design.org\/wp-content\/uploads\/2022\/11\/GDR-2019_JT155_04c-489x400.jpg 489w, https:\/\/ei-design.org\/wp-content\/uploads\/2022\/11\/GDR-2019_JT155_04c-979x800.jpg 979w, https:\/\/ei-design.org\/wp-content\/uploads\/2022\/11\/GDR-2019_JT155_04c-768x628.jpg 768w, https:\/\/ei-design.org\/wp-content\/uploads\/2022\/11\/GDR-2019_JT155_04c-1536x1256.jpg 1536w, https:\/\/ei-design.org\/wp-content\/uploads\/2022\/11\/GDR-2019_JT155_04c-16x12.jpg 16w, https:\/\/ei-design.org\/wp-content\/uploads\/2022\/11\/GDR-2019_JT155_04c-1000x818.jpg 1000w, https:\/\/ei-design.org\/wp-content\/uploads\/2022\/11\/GDR-2019_JT155_04c.jpg 1957w\" sizes=\"(max-width: 1000px) 100vw, 1000px\" \/><\/a><\/p>\n<p><\/p>\n<p><\/p>\n<p><span lang=\"EN-GB\"><a href=\"https:\/\/ei-design.org\/wp-content\/uploads\/2022\/11\/GDR-2019_JT155_17-scaled.jpg\" data-mce-href=\"https:\/\/ei-design.org\/wp-content\/uploads\/2022\/11\/GDR-2019_JT155_17-scaled.jpg\"><img loading=\"lazy\" class=\"alignnone wp-image-26902\" src=\"https:\/\/ei-design.org\/wp-content\/uploads\/2022\/11\/GDR-2019_JT155_17-579x400.jpg\" alt=\"\" width=\"1000\" height=\"691\" data-mce-src=\"https:\/\/ei-design.org\/wp-content\/uploads\/2022\/11\/GDR-2019_JT155_17-579x400.jpg\" srcset=\"https:\/\/ei-design.org\/wp-content\/uploads\/2022\/11\/GDR-2019_JT155_17-579x400.jpg 579w, https:\/\/ei-design.org\/wp-content\/uploads\/2022\/11\/GDR-2019_JT155_17-1158x800.jpg 1158w, https:\/\/ei-design.org\/wp-content\/uploads\/2022\/11\/GDR-2019_JT155_17-768x530.jpg 768w, https:\/\/ei-design.org\/wp-content\/uploads\/2022\/11\/GDR-2019_JT155_17-1536x1061.jpg 1536w, https:\/\/ei-design.org\/wp-content\/uploads\/2022\/11\/GDR-2019_JT155_17-2048x1414.jpg 2048w, https:\/\/ei-design.org\/wp-content\/uploads\/2022\/11\/GDR-2019_JT155_17-16x12.jpg 16w, https:\/\/ei-design.org\/wp-content\/uploads\/2022\/11\/GDR-2019_JT155_17-1000x691.jpg 1000w\" sizes=\"(max-width: 1000px) 100vw, 1000px\" \/><\/a><\/span><\/p>\n<p><\/p>\n<p><\/p>\n<p><a href=\"https:\/\/ei-design.org\/wp-content\/uploads\/2022\/11\/web-GDR-2019_JT155_27-scaled.jpg\" data-mce-href=\"https:\/\/ei-design.org\/wp-content\/uploads\/2022\/11\/web-GDR-2019_JT155_27-scaled.jpg\"><img loading=\"lazy\" class=\"aligncenter wp-image-27019\" src=\"https:\/\/ei-design.org\/wp-content\/uploads\/2022\/11\/web-GDR-2019_JT155_27-617x400.jpg\" alt=\"\" width=\"1000\" height=\"649\" data-mce-src=\"https:\/\/ei-design.org\/wp-content\/uploads\/2022\/11\/web-GDR-2019_JT155_27-617x400.jpg\" srcset=\"https:\/\/ei-design.org\/wp-content\/uploads\/2022\/11\/web-GDR-2019_JT155_27-617x400.jpg 617w, https:\/\/ei-design.org\/wp-content\/uploads\/2022\/11\/web-GDR-2019_JT155_27-1233x800.jpg 1233w, https:\/\/ei-design.org\/wp-content\/uploads\/2022\/11\/web-GDR-2019_JT155_27-768x498.jpg 768w, https:\/\/ei-design.org\/wp-content\/uploads\/2022\/11\/web-GDR-2019_JT155_27-1536x997.jpg 1536w, https:\/\/ei-design.org\/wp-content\/uploads\/2022\/11\/web-GDR-2019_JT155_27-2048x1329.jpg 2048w, https:\/\/ei-design.org\/wp-content\/uploads\/2022\/11\/web-GDR-2019_JT155_27-16x10.jpg 16w, https:\/\/ei-design.org\/wp-content\/uploads\/2022\/11\/web-GDR-2019_JT155_27-1000x649.jpg 1000w\" sizes=\"(max-width: 1000px) 100vw, 1000px\" \/><\/a><\/p>\n<p><\/p>\n<p><img class=\"wp-more-tag mce-wp-more\" title=\"Leggi tutto...\" src=\"data:image\/gif;base64,R0lGODlhAQABAIAAAAAAAP\/\/\/yH5BAEAAAAALAAAAAABAAEAAAIBRAA7\" alt=\"\" data-wp-more=\"more\" data-mce-resize=\"false\" data-mce-placeholder=\"1\"><\/p>\n<h4><span style=\"font-size: 14pt;\" data-mce-style=\"font-size: 14pt;\"><strong><span lang=\"EN-GB\">DOMESTICIDAD:<\/span><\/strong><\/span><\/h4>\n<p><span lang=\"EN-GB\" style=\"font-size: 14pt;\" data-mce-style=\"font-size: 14pt;\">Gran parte del esfuerzo se ha dedicado al papel de los muebles fijos, que facilitan los distintos usos del gran espacio continuo de la vivienda: entrada, sal\u00f3n, comedor, cocina y estudio; generando zonas y rincones dom\u00e9sticos dentro de un mismo espacio.<\/span><\/p>\n<p><img class=\"wp-more-tag mce-wp-more\" title=\"Leggi tutto...\" src=\"data:image\/gif;base64,R0lGODlhAQABAIAAAAAAAP\/\/\/yH5BAEAAAAALAAAAAABAAEAAAIBRAA7\" alt=\"\" data-wp-more=\"more\" data-mce-resize=\"false\" data-mce-placeholder=\"1\"><\/p>\n<p><\/p>\n<p><a href=\"https:\/\/ei-design.org\/wp-content\/uploads\/2022\/11\/GDR-2019_JT155_05.jpg\" data-mce-href=\"https:\/\/ei-design.org\/wp-content\/uploads\/2022\/11\/GDR-2019_JT155_05.jpg\"><img loading=\"lazy\" class=\"aligncenter wp-image-26897\" src=\"https:\/\/ei-design.org\/wp-content\/uploads\/2022\/11\/GDR-2019_JT155_05-512x400.jpg\" alt=\"\" width=\"1000\" height=\"782\" data-mce-src=\"https:\/\/ei-design.org\/wp-content\/uploads\/2022\/11\/GDR-2019_JT155_05-512x400.jpg\" srcset=\"https:\/\/ei-design.org\/wp-content\/uploads\/2022\/11\/GDR-2019_JT155_05-512x400.jpg 512w, https:\/\/ei-design.org\/wp-content\/uploads\/2022\/11\/GDR-2019_JT155_05-1024x800.jpg 1024w, https:\/\/ei-design.org\/wp-content\/uploads\/2022\/11\/GDR-2019_JT155_05-768x600.jpg 768w, https:\/\/ei-design.org\/wp-content\/uploads\/2022\/11\/GDR-2019_JT155_05-1536x1201.jpg 1536w, https:\/\/ei-design.org\/wp-content\/uploads\/2022\/11\/GDR-2019_JT155_05-16x12.jpg 16w, https:\/\/ei-design.org\/wp-content\/uploads\/2022\/11\/GDR-2019_JT155_05-1000x782.jpg 1000w, https:\/\/ei-design.org\/wp-content\/uploads\/2022\/11\/GDR-2019_JT155_05.jpg 2047w\" sizes=\"(max-width: 1000px) 100vw, 1000px\" \/><\/a><\/p>\n<p><\/p>\n<p><a href=\"https:\/\/ei-design.org\/wp-content\/uploads\/2022\/11\/GDR-2019_JT155_09-scaled.jpg\" data-mce-href=\"https:\/\/ei-design.org\/wp-content\/uploads\/2022\/11\/GDR-2019_JT155_09-scaled.jpg\"><img loading=\"lazy\" class=\"aligncenter wp-image-26899 size-large\" src=\"https:\/\/ei-design.org\/wp-content\/uploads\/2022\/11\/GDR-2019_JT155_09-573x800.jpg\" alt=\"\" width=\"573\" height=\"800\" data-mce-src=\"https:\/\/ei-design.org\/wp-content\/uploads\/2022\/11\/GDR-2019_JT155_09-573x800.jpg\" srcset=\"https:\/\/ei-design.org\/wp-content\/uploads\/2022\/11\/GDR-2019_JT155_09-573x800.jpg 573w, https:\/\/ei-design.org\/wp-content\/uploads\/2022\/11\/GDR-2019_JT155_09-286x400.jpg 286w, https:\/\/ei-design.org\/wp-content\/uploads\/2022\/11\/GDR-2019_JT155_09-768x1073.jpg 768w, https:\/\/ei-design.org\/wp-content\/uploads\/2022\/11\/GDR-2019_JT155_09-1099x1536.jpg 1099w, https:\/\/ei-design.org\/wp-content\/uploads\/2022\/11\/GDR-2019_JT155_09-1466x2048.jpg 1466w, https:\/\/ei-design.org\/wp-content\/uploads\/2022\/11\/GDR-2019_JT155_09-9x12.jpg 9w, https:\/\/ei-design.org\/wp-content\/uploads\/2022\/11\/GDR-2019_JT155_09-1000x1397.jpg 1000w, https:\/\/ei-design.org\/wp-content\/uploads\/2022\/11\/GDR-2019_JT155_09-scaled.jpg 1832w\" sizes=\"(max-width: 573px) 100vw, 573px\" \/><\/a><\/p>\n<p><\/p>\n<p><img class=\"wp-more-tag mce-wp-more\" title=\"Leggi tutto...\" src=\"data:image\/gif;base64,R0lGODlhAQABAIAAAAAAAP\/\/\/yH5BAEAAAAALAAAAAABAAEAAAIBRAA7\" alt=\"\" data-wp-more=\"more\" data-mce-resize=\"false\" data-mce-placeholder=\"1\"><\/p>\n<p><\/p>\n<h4><span style=\"font-size: 14pt;\" data-mce-style=\"font-size: 14pt;\"><strong><span lang=\"EN-GB\">MATERIALIDAD:<\/span><\/strong><\/span><\/h4>\n<p><span lang=\"EN-GB\" style=\"font-size: 14pt;\" data-mce-style=\"font-size: 14pt;\">La carpinter\u00eda de madera restaurada de pino melis, el contrachapado de abedul y los muebles de DM semilacados, el parqu\u00e9 de roble, el suelo de m\u00e1rmol y las encimeras son los materiales utilizados en esta reforma.<\/span><\/p>\n<p><img class=\"wp-more-tag mce-wp-more\" title=\"Leggi tutto...\" src=\"data:image\/gif;base64,R0lGODlhAQABAIAAAAAAAP\/\/\/yH5BAEAAAAALAAAAAABAAEAAAIBRAA7\" alt=\"\" data-wp-more=\"more\" data-mce-resize=\"false\" data-mce-placeholder=\"1\"><\/p>\n<p><\/p>\n<p><\/p>\n<p><a href=\"https:\/\/ei-design.org\/wp-content\/uploads\/2022\/11\/JT155_W_P01_Planta-proposta.png\" data-mce-href=\"https:\/\/ei-design.org\/wp-content\/uploads\/2022\/11\/JT155_W_P01_Planta-proposta.png\"><img loading=\"lazy\" class=\"aligncenter wp-image-26913\" src=\"https:\/\/ei-design.org\/wp-content\/uploads\/2022\/11\/JT155_W_P01_Planta-proposta-795x400.png\" alt=\"\" width=\"700\" height=\"352\" data-mce-src=\"https:\/\/ei-design.org\/wp-content\/uploads\/2022\/11\/JT155_W_P01_Planta-proposta-795x400.png\" srcset=\"https:\/\/ei-design.org\/wp-content\/uploads\/2022\/11\/JT155_W_P01_Planta-proposta-795x400.png 795w, https:\/\/ei-design.org\/wp-content\/uploads\/2022\/11\/JT155_W_P01_Planta-proposta-1400x705.png 1400w, https:\/\/ei-design.org\/wp-content\/uploads\/2022\/11\/JT155_W_P01_Planta-proposta-768x387.png 768w, https:\/\/ei-design.org\/wp-content\/uploads\/2022\/11\/JT155_W_P01_Planta-proposta-1536x773.png 1536w, https:\/\/ei-design.org\/wp-content\/uploads\/2022\/11\/JT155_W_P01_Planta-proposta-2048x1031.png 2048w, https:\/\/ei-design.org\/wp-content\/uploads\/2022\/11\/JT155_W_P01_Planta-proposta-16x8.png 16w, https:\/\/ei-design.org\/wp-content\/uploads\/2022\/11\/JT155_W_P01_Planta-proposta-1000x503.png 1000w\" sizes=\"(max-width: 700px) 100vw, 700px\" \/><\/a><\/p>\n<p><\/p>\n<p><a href=\"https:\/\/ei-design.org\/wp-content\/uploads\/2022\/11\/JT155_W_Axonometria-scaled.jpg\" data-mce-href=\"https:\/\/ei-design.org\/wp-content\/uploads\/2022\/11\/JT155_W_Axonometria-scaled.jpg\"><img loading=\"lazy\" class=\"aligncenter wp-image-26914\" src=\"https:\/\/ei-design.org\/wp-content\/uploads\/2022\/11\/JT155_W_Axonometria-566x400.jpg\" alt=\"\" width=\"700\" height=\"495\" data-mce-src=\"https:\/\/ei-design.org\/wp-content\/uploads\/2022\/11\/JT155_W_Axonometria-566x400.jpg\" srcset=\"https:\/\/ei-design.org\/wp-content\/uploads\/2022\/11\/JT155_W_Axonometria-566x400.jpg 566w, https:\/\/ei-design.org\/wp-content\/uploads\/2022\/11\/JT155_W_Axonometria-1131x800.jpg 1131w, https:\/\/ei-design.org\/wp-content\/uploads\/2022\/11\/JT155_W_Axonometria-768x543.jpg 768w, https:\/\/ei-design.org\/wp-content\/uploads\/2022\/11\/JT155_W_Axonometria-1536x1086.jpg 1536w, https:\/\/ei-design.org\/wp-content\/uploads\/2022\/11\/JT155_W_Axonometria-2048x1448.jpg 2048w, https:\/\/ei-design.org\/wp-content\/uploads\/2022\/11\/JT155_W_Axonometria-16x12.jpg 16w, https:\/\/ei-design.org\/wp-content\/uploads\/2022\/11\/JT155_W_Axonometria-1000x707.jpg 1000w\" sizes=\"(max-width: 700px) 100vw, 700px\" \/><\/a><\/p>\n<p><\/p>\n<p><\/p>","protected":false},"excerpt":{"rendered":"<h4 style=\"text-align: center;\" data-mce-style=\"text-align: center;\"><strong style=\"text-align: center;\" data-mce-style=\"text-align: center;\">ENTRE ESPACIOS<\/strong><\/h4>\n<h4 style=\"text-align: center;\" data-mce-style=\"text-align: center;\"><strong style=\"text-align: center;\" data-mce-style=\"text-align: center;\">Renovaci\u00f3n de apartamentos en Barcelona<\/strong><\/h4>\n<p style=\"text-align: center;\" data-mce-style=\"text-align: center;\"><em>Photo Credits by Del R\u00edo Bani<\/em><\/p>\n<p style=\"text-align: center;\" data-mce-style=\"text-align: center;\">&#8211;<\/p>","protected":false},"featured_media":26891,"template":"","meta":[],"_links":{"self":[{"href":"https:\/\/ei-design.org\/es\/wp-json\/wp\/v2\/product\/26915"}],"collection":[{"href":"https:\/\/ei-design.org\/es\/wp-json\/wp\/v2\/product"}],"about":[{"href":"https:\/\/ei-design.org\/es\/wp-json\/wp\/v2\/types\/product"}],"wp:featuredmedia":[{"embeddable":true,"href":"https:\/\/ei-design.org\/es\/wp-json\/wp\/v2\/media\/26891"}],"wp:attachment":[{"href":"https:\/\/ei-design.org\/es\/wp-json\/wp\/v2\/media?parent=26915"}],"curies":[{"name":"wp","href":"https:\/\/api.w.org\/{rel}","templated":true}]}}