{"id":26391,"date":"2021-09-19T14:22:20","date_gmt":"2021-09-19T12:22:20","guid":{"rendered":"https:\/\/ei-design.org\/?post_type=product&#038;p=26391"},"modified":"2024-08-01T14:06:52","modified_gmt":"2024-08-01T12:06:52","slug":"collection-a-w-2021-2022-copia","status":"publish","type":"product","link":"https:\/\/ei-design.org\/es\/product\/collection-a-w-2021-2022-copia\/","title":{"rendered":"Collection A\/W 2021-2022"},"content":{"rendered":"<p><span style=\"font-size: 110%; color: #333333;\">Alejandro Barr\u00f3n presenta su nueva colecci\u00f3n \u201cSistemas constructivos mexicanos\u201d, basada en las t\u00e9cnicas constructivas m\u00e1s utilizadas en ese pa\u00eds, as\u00ed como los inventos de ingenier\u00eda mexicana m\u00e1s populares en el mundo (tridilosa y cemento transl\u00facido).<\/span><\/p>\n<p><span style=\"font-size: 110%; color: #333333;\">Alessandro recrea a trav\u00e9s de su estilo una propuesta de motivos arquitect\u00f3nicos, utilizando sistemas constructivos mexicanos traduci\u00e9ndolos en prendas, teniendo como punto de partida el uso de l\u00edneas rectas, curvas, sin olvidar la funcionalidad y comodidad en cada pieza, utilizando lino y algod\u00f3n como materiales principales. Las obras del arquitecto mexicano-espa\u00f1ol F\u00e9lix Candela fueron la base de inspiraci\u00f3n para la creaci\u00f3n de esta obra m\u00e1s reciente de Alejandro Barr\u00f3n.<\/span><\/p>\n<p>&nbsp;<\/p>\n<p><!--more--><\/p>\n<p>&nbsp;<\/p>\n<p><img loading=\"lazy\" class=\"aligncenter wp-image-17728\" src=\"https:\/\/ei-design.org\/wp-content\/uploads\/2021\/03\/MAR_3011-533x800.jpg\" alt=\"\" width=\"650\" height=\"975\" srcset=\"https:\/\/ei-design.org\/wp-content\/uploads\/2021\/03\/MAR_3011-533x800.jpg 533w, https:\/\/ei-design.org\/wp-content\/uploads\/2021\/03\/MAR_3011-scaled-1000x1501.jpg 1000w, https:\/\/ei-design.org\/wp-content\/uploads\/2021\/03\/MAR_3011-267x400.jpg 267w, https:\/\/ei-design.org\/wp-content\/uploads\/2021\/03\/MAR_3011-768x1152.jpg 768w, https:\/\/ei-design.org\/wp-content\/uploads\/2021\/03\/MAR_3011-1024x1536.jpg 1024w, https:\/\/ei-design.org\/wp-content\/uploads\/2021\/03\/MAR_3011-1365x2048.jpg 1365w, https:\/\/ei-design.org\/wp-content\/uploads\/2021\/03\/MAR_3011-8x12.jpg 8w, https:\/\/ei-design.org\/wp-content\/uploads\/2021\/03\/MAR_3011-scaled.jpg 1706w\" sizes=\"(max-width: 650px) 100vw, 650px\" \/><img loading=\"lazy\" class=\"aligncenter wp-image-17734\" src=\"https:\/\/ei-design.org\/wp-content\/uploads\/2021\/03\/MAR_4212-533x800.jpg\" alt=\"\" width=\"650\" height=\"975\" srcset=\"https:\/\/ei-design.org\/wp-content\/uploads\/2021\/03\/MAR_4212-533x800.jpg 533w, https:\/\/ei-design.org\/wp-content\/uploads\/2021\/03\/MAR_4212-scaled-1000x1500.jpg 1000w, https:\/\/ei-design.org\/wp-content\/uploads\/2021\/03\/MAR_4212-267x400.jpg 267w, https:\/\/ei-design.org\/wp-content\/uploads\/2021\/03\/MAR_4212-768x1152.jpg 768w, https:\/\/ei-design.org\/wp-content\/uploads\/2021\/03\/MAR_4212-1024x1536.jpg 1024w, https:\/\/ei-design.org\/wp-content\/uploads\/2021\/03\/MAR_4212-1365x2048.jpg 1365w, https:\/\/ei-design.org\/wp-content\/uploads\/2021\/03\/MAR_4212-8x12.jpg 8w, https:\/\/ei-design.org\/wp-content\/uploads\/2021\/03\/MAR_4212-scaled.jpg 1707w\" sizes=\"(max-width: 650px) 100vw, 650px\" \/><img loading=\"lazy\" class=\"aligncenter wp-image-17733\" src=\"https:\/\/ei-design.org\/wp-content\/uploads\/2021\/03\/MAR_3506-533x800.jpg\" alt=\"\" width=\"650\" height=\"975\" srcset=\"https:\/\/ei-design.org\/wp-content\/uploads\/2021\/03\/MAR_3506-533x800.jpg 533w, https:\/\/ei-design.org\/wp-content\/uploads\/2021\/03\/MAR_3506-scaled-1000x1500.jpg 1000w, https:\/\/ei-design.org\/wp-content\/uploads\/2021\/03\/MAR_3506-267x400.jpg 267w, https:\/\/ei-design.org\/wp-content\/uploads\/2021\/03\/MAR_3506-768x1152.jpg 768w, https:\/\/ei-design.org\/wp-content\/uploads\/2021\/03\/MAR_3506-1024x1536.jpg 1024w, https:\/\/ei-design.org\/wp-content\/uploads\/2021\/03\/MAR_3506-1365x2048.jpg 1365w, https:\/\/ei-design.org\/wp-content\/uploads\/2021\/03\/MAR_3506-8x12.jpg 8w, https:\/\/ei-design.org\/wp-content\/uploads\/2021\/03\/MAR_3506-scaled.jpg 1707w\" sizes=\"(max-width: 650px) 100vw, 650px\" \/><img loading=\"lazy\" class=\"aligncenter wp-image-17732\" src=\"https:\/\/ei-design.org\/wp-content\/uploads\/2021\/03\/MAR_4722-533x800.jpg\" alt=\"\" width=\"650\" height=\"975\" srcset=\"https:\/\/ei-design.org\/wp-content\/uploads\/2021\/03\/MAR_4722-533x800.jpg 533w, https:\/\/ei-design.org\/wp-content\/uploads\/2021\/03\/MAR_4722-scaled-1000x1500.jpg 1000w, https:\/\/ei-design.org\/wp-content\/uploads\/2021\/03\/MAR_4722-267x400.jpg 267w, https:\/\/ei-design.org\/wp-content\/uploads\/2021\/03\/MAR_4722-768x1152.jpg 768w, https:\/\/ei-design.org\/wp-content\/uploads\/2021\/03\/MAR_4722-1024x1536.jpg 1024w, https:\/\/ei-design.org\/wp-content\/uploads\/2021\/03\/MAR_4722-1365x2048.jpg 1365w, https:\/\/ei-design.org\/wp-content\/uploads\/2021\/03\/MAR_4722-8x12.jpg 8w, https:\/\/ei-design.org\/wp-content\/uploads\/2021\/03\/MAR_4722-scaled.jpg 1707w\" sizes=\"(max-width: 650px) 100vw, 650px\" \/><img loading=\"lazy\" class=\"aligncenter wp-image-17731\" src=\"https:\/\/ei-design.org\/wp-content\/uploads\/2021\/03\/MAR_3316-600x400.jpg\" alt=\"\" width=\"650\" height=\"433\" srcset=\"https:\/\/ei-design.org\/wp-content\/uploads\/2021\/03\/MAR_3316-600x400.jpg 600w, https:\/\/ei-design.org\/wp-content\/uploads\/2021\/03\/MAR_3316-scaled-1000x667.jpg 1000w, https:\/\/ei-design.org\/wp-content\/uploads\/2021\/03\/MAR_3316-1200x800.jpg 1200w, https:\/\/ei-design.org\/wp-content\/uploads\/2021\/03\/MAR_3316-768x512.jpg 768w, https:\/\/ei-design.org\/wp-content\/uploads\/2021\/03\/MAR_3316-1536x1024.jpg 1536w, https:\/\/ei-design.org\/wp-content\/uploads\/2021\/03\/MAR_3316-2048x1366.jpg 2048w, https:\/\/ei-design.org\/wp-content\/uploads\/2021\/03\/MAR_3316-16x12.jpg 16w\" sizes=\"(max-width: 650px) 100vw, 650px\" \/><img loading=\"lazy\" class=\"aligncenter wp-image-17730\" src=\"https:\/\/ei-design.org\/wp-content\/uploads\/2021\/03\/MAR_4097-533x800.jpg\" alt=\"\" width=\"650\" height=\"975\" srcset=\"https:\/\/ei-design.org\/wp-content\/uploads\/2021\/03\/MAR_4097-533x800.jpg 533w, https:\/\/ei-design.org\/wp-content\/uploads\/2021\/03\/MAR_4097-scaled-1000x1500.jpg 1000w, https:\/\/ei-design.org\/wp-content\/uploads\/2021\/03\/MAR_4097-267x400.jpg 267w, https:\/\/ei-design.org\/wp-content\/uploads\/2021\/03\/MAR_4097-768x1152.jpg 768w, https:\/\/ei-design.org\/wp-content\/uploads\/2021\/03\/MAR_4097-1024x1536.jpg 1024w, https:\/\/ei-design.org\/wp-content\/uploads\/2021\/03\/MAR_4097-1365x2048.jpg 1365w, https:\/\/ei-design.org\/wp-content\/uploads\/2021\/03\/MAR_4097-8x12.jpg 8w, https:\/\/ei-design.org\/wp-content\/uploads\/2021\/03\/MAR_4097-scaled.jpg 1707w\" sizes=\"(max-width: 650px) 100vw, 650px\" \/><img loading=\"lazy\" class=\"aligncenter wp-image-17729\" src=\"https:\/\/ei-design.org\/wp-content\/uploads\/2021\/03\/MAR_4541-533x800.jpg\" alt=\"\" width=\"650\" height=\"975\" srcset=\"https:\/\/ei-design.org\/wp-content\/uploads\/2021\/03\/MAR_4541-533x800.jpg 533w, https:\/\/ei-design.org\/wp-content\/uploads\/2021\/03\/MAR_4541-scaled-1000x1500.jpg 1000w, https:\/\/ei-design.org\/wp-content\/uploads\/2021\/03\/MAR_4541-267x400.jpg 267w, https:\/\/ei-design.org\/wp-content\/uploads\/2021\/03\/MAR_4541-768x1152.jpg 768w, https:\/\/ei-design.org\/wp-content\/uploads\/2021\/03\/MAR_4541-1024x1536.jpg 1024w, https:\/\/ei-design.org\/wp-content\/uploads\/2021\/03\/MAR_4541-1365x2048.jpg 1365w, https:\/\/ei-design.org\/wp-content\/uploads\/2021\/03\/MAR_4541-8x12.jpg 8w, https:\/\/ei-design.org\/wp-content\/uploads\/2021\/03\/MAR_4541-scaled.jpg 1707w\" sizes=\"(max-width: 650px) 100vw, 650px\" \/><\/p>\n<p>&nbsp;<\/p>","protected":false},"excerpt":{"rendered":"<p style=\"text-align: center;\"><strong><span style=\"font-size: 120%; color: #333333;\">New collection\u00a0&#8220;Sistemas constructivos mexicanos&#8221;\u00a0Oto\u00f1o-Invierno 2021-2022, inspired by the construction techniques most used in Mexico<\/span><\/strong><\/p>\n<p style=\"text-align: center;\"><span style=\"color: #ffffff;\">&#8211;<\/span><\/p>\n<p>&nbsp;<\/p>","protected":false},"featured_media":17826,"template":"","meta":[],"_links":{"self":[{"href":"https:\/\/ei-design.org\/es\/wp-json\/wp\/v2\/product\/26391"}],"collection":[{"href":"https:\/\/ei-design.org\/es\/wp-json\/wp\/v2\/product"}],"about":[{"href":"https:\/\/ei-design.org\/es\/wp-json\/wp\/v2\/types\/product"}],"wp:featuredmedia":[{"embeddable":true,"href":"https:\/\/ei-design.org\/es\/wp-json\/wp\/v2\/media\/17826"}],"wp:attachment":[{"href":"https:\/\/ei-design.org\/es\/wp-json\/wp\/v2\/media?parent=26391"}],"curies":[{"name":"wp","href":"https:\/\/api.w.org\/{rel}","templated":true}]}}