{"id":25797,"date":"2020-03-15T10:53:51","date_gmt":"2020-03-15T09:53:51","guid":{"rendered":"https:\/\/ei-design.org\/?post_type=product&#038;p=25797"},"modified":"2024-08-01T13:36:04","modified_gmt":"2024-08-01T11:36:04","slug":"serie-irreversible","status":"publish","type":"product","link":"https:\/\/ei-design.org\/es\/product\/serie-irreversible\/","title":{"rendered":"Serie Irreversible"},"content":{"rendered":"<p><span style=\"color: #282828; font-size: 110%;\">Esta serie parte de una exploraci\u00f3n de la esencia de la naturaleza a trav\u00e9s del prisma de nuestros miedos. La naturaleza como representaci\u00f3n de lo incontrolable, es un reflejo de lo irracional de nuestra propia naturaleza humana, de los miedos y las licitudes del ser humano, de c\u00f3mo con el tiempo el hombre pasa pero la naturaleza permanece.<\/span><\/p>\n<p><!--more--><\/p>\n<p><a href=\"https:\/\/ei-design.org\/wp-content\/uploads\/2022\/03\/baja-IMG_3335.jpg\"><img loading=\"lazy\" class=\"aligncenter wp-image-25798\" src=\"https:\/\/ei-design.org\/wp-content\/uploads\/2022\/03\/baja-IMG_3335-601x400.jpg\" alt=\"\" width=\"700\" height=\"466\" srcset=\"https:\/\/ei-design.org\/wp-content\/uploads\/2022\/03\/baja-IMG_3335-601x400.jpg 601w, https:\/\/ei-design.org\/wp-content\/uploads\/2022\/03\/baja-IMG_3335-768x511.jpg 768w, https:\/\/ei-design.org\/wp-content\/uploads\/2022\/03\/baja-IMG_3335-16x12.jpg 16w, https:\/\/ei-design.org\/wp-content\/uploads\/2022\/03\/baja-IMG_3335-1000x666.jpg 1000w, https:\/\/ei-design.org\/wp-content\/uploads\/2022\/03\/baja-IMG_3335.jpg 1080w\" sizes=\"(max-width: 700px) 100vw, 700px\" \/><\/a><\/p>\n<p><!--more--><a href=\"https:\/\/ei-design.org\/wp-content\/uploads\/2022\/03\/baja-IMG_3315.jpg\"><img loading=\"lazy\" class=\"aligncenter wp-image-25800\" src=\"https:\/\/ei-design.org\/wp-content\/uploads\/2022\/03\/baja-IMG_3315-600x400.jpg\" alt=\"\" width=\"700\" height=\"467\" srcset=\"https:\/\/ei-design.org\/wp-content\/uploads\/2022\/03\/baja-IMG_3315-600x400.jpg 600w, https:\/\/ei-design.org\/wp-content\/uploads\/2022\/03\/baja-IMG_3315-768x512.jpg 768w, https:\/\/ei-design.org\/wp-content\/uploads\/2022\/03\/baja-IMG_3315-16x12.jpg 16w, https:\/\/ei-design.org\/wp-content\/uploads\/2022\/03\/baja-IMG_3315.jpg 864w\" sizes=\"(max-width: 700px) 100vw, 700px\" \/><\/a><\/p>\n<p><!--more--><a href=\"https:\/\/ei-design.org\/wp-content\/uploads\/2022\/03\/baja-IMG_3319.jpg\"><img loading=\"lazy\" class=\"aligncenter wp-image-25801\" src=\"https:\/\/ei-design.org\/wp-content\/uploads\/2022\/03\/baja-IMG_3319-266x400.jpg\" alt=\"\" width=\"700\" height=\"1051\" srcset=\"https:\/\/ei-design.org\/wp-content\/uploads\/2022\/03\/baja-IMG_3319-266x400.jpg 266w, https:\/\/ei-design.org\/wp-content\/uploads\/2022\/03\/baja-IMG_3319-533x800.jpg 533w, https:\/\/ei-design.org\/wp-content\/uploads\/2022\/03\/baja-IMG_3319-768x1153.jpg 768w, https:\/\/ei-design.org\/wp-content\/uploads\/2022\/03\/baja-IMG_3319-8x12.jpg 8w, https:\/\/ei-design.org\/wp-content\/uploads\/2022\/03\/baja-IMG_3319.jpg 854w\" sizes=\"(max-width: 700px) 100vw, 700px\" \/><\/a><\/p>\n<p><!--more--><a href=\"https:\/\/ei-design.org\/wp-content\/uploads\/2022\/03\/baja-IMG_3255.jpg\"><img loading=\"lazy\" class=\"aligncenter wp-image-25799\" src=\"https:\/\/ei-design.org\/wp-content\/uploads\/2022\/03\/baja-IMG_3255-601x400.jpg\" alt=\"\" width=\"700\" height=\"466\" srcset=\"https:\/\/ei-design.org\/wp-content\/uploads\/2022\/03\/baja-IMG_3255-601x400.jpg 601w, https:\/\/ei-design.org\/wp-content\/uploads\/2022\/03\/baja-IMG_3255-768x511.jpg 768w, https:\/\/ei-design.org\/wp-content\/uploads\/2022\/03\/baja-IMG_3255-16x12.jpg 16w, https:\/\/ei-design.org\/wp-content\/uploads\/2022\/03\/baja-IMG_3255-1000x666.jpg 1000w, https:\/\/ei-design.org\/wp-content\/uploads\/2022\/03\/baja-IMG_3255.jpg 1008w\" sizes=\"(max-width: 700px) 100vw, 700px\" \/><\/a><\/p>\n<p><!--more--><!--more--><\/p>\n<p><a href=\"https:\/\/ei-design.org\/wp-content\/uploads\/2022\/03\/baja-IMG_3329_1.jpg\"><img loading=\"lazy\" class=\"aligncenter wp-image-25803\" src=\"https:\/\/ei-design.org\/wp-content\/uploads\/2022\/03\/baja-IMG_3329_1-600x400.jpg\" alt=\"\" width=\"700\" height=\"467\" srcset=\"https:\/\/ei-design.org\/wp-content\/uploads\/2022\/03\/baja-IMG_3329_1-600x400.jpg 600w, https:\/\/ei-design.org\/wp-content\/uploads\/2022\/03\/baja-IMG_3329_1-768x512.jpg 768w, https:\/\/ei-design.org\/wp-content\/uploads\/2022\/03\/baja-IMG_3329_1-16x12.jpg 16w, https:\/\/ei-design.org\/wp-content\/uploads\/2022\/03\/baja-IMG_3329_1.jpg 864w\" sizes=\"(max-width: 700px) 100vw, 700px\" \/><\/a><\/p>","protected":false},"excerpt":{"rendered":"<p style=\"text-align: center;\"><span style=\"color: #282828;\"><strong><span lang=\"EN\" style=\"font-size: 120%;\">Exploraci\u00f3n de la esencia de la naturaleza a trav\u00e9s del prisma de nuestros miedos<\/span><\/strong><\/span><\/p>\n<p style=\"text-align: center;\"><span style=\"color: #ffffff;\">&#8211;<\/span><\/p>","protected":false},"featured_media":25799,"template":"","meta":[],"_links":{"self":[{"href":"https:\/\/ei-design.org\/es\/wp-json\/wp\/v2\/product\/25797"}],"collection":[{"href":"https:\/\/ei-design.org\/es\/wp-json\/wp\/v2\/product"}],"about":[{"href":"https:\/\/ei-design.org\/es\/wp-json\/wp\/v2\/types\/product"}],"wp:featuredmedia":[{"embeddable":true,"href":"https:\/\/ei-design.org\/es\/wp-json\/wp\/v2\/media\/25799"}],"wp:attachment":[{"href":"https:\/\/ei-design.org\/es\/wp-json\/wp\/v2\/media?parent=25797"}],"curies":[{"name":"wp","href":"https:\/\/api.w.org\/{rel}","templated":true}]}}