{"id":25732,"date":"2022-03-11T13:04:56","date_gmt":"2022-03-11T12:04:56","guid":{"rendered":"https:\/\/ei-design.org\/?post_type=product&#038;p=25732"},"modified":"2024-08-01T13:37:30","modified_gmt":"2024-08-01T11:37:30","slug":"ivan","status":"publish","type":"product","link":"https:\/\/ei-design.org\/es\/product\/ivan\/","title":{"rendered":"Precious Diseases"},"content":{"rendered":"<p><span lang=\"EN-GB\" style=\"font-size: 110%; color: #282828;\">Son muchas las razones por las que podemos encontrar especies vegetales dentro de un espacio arquitect\u00f3nico y en casi todas ellas es evidente el deseo de la arquitectura de diferenciarse de la planta y reducirla, en el mejor de los casos, a la ornamentaci\u00f3n contenida en un dispositivo aut\u00f3nomo llamado edificio.<\/span><\/p>\n<p><span lang=\"EN-GB\" style=\"font-size: 110%; color: #282828;\">Ocultar en el proceso todos los rastros de un origen com\u00fan. La sala del museo es uno de esos lugares donde la arquitectura se esfuerza por ocultar su realidad natural para convertirse en una cortina que esconde tras ella todo lo que creemos conocer. Donde el planeta desaparece para hacer espacio s\u00f3lo para representaciones de \u00e9l.<\/span><\/p>\n<p><span style=\"color: #282828; font-size: 110%;\">De esta lectura podemos entender la incomodidad de encontrar un invernadero, lleno de plantas y con suelo de tierra, en el s\u00f3tano de un edificio que encarna con orgullo esta falsa autonom\u00eda. Como las preciosas enfermedades que invaden con material vegetal, como un par\u00e1sito, las inmaculadas protagonistas de la obra de Cecilia Avenda\u00f1o que llenan la sala y que el pabell\u00f3n se encarga de interpretar en un volumen habitable; la suciedad del sustrato, las huellas dejadas por un crecimiento lento pero incansable, el movimiento casi imperceptible en busca de la poca luz que logra colarse en el subsuelo, revela lo que esconde la sala del museo: la vida misma.<\/span><\/p>\n<p>&nbsp;<\/p>\n<p><!--more--><\/p>\n<p><a href=\"https:\/\/ei-design.org\/wp-content\/uploads\/2022\/03\/B-2.jpg\"><img loading=\"lazy\" class=\"aligncenter wp-image-25734\" title=\"Precious Diseases Ivan Bravo\" src=\"https:\/\/ei-design.org\/wp-content\/uploads\/2022\/03\/B-2-400x400.jpg\" alt=\"Precious Diseases Ivan Bravo\" width=\"720\" height=\"720\" srcset=\"https:\/\/ei-design.org\/wp-content\/uploads\/2022\/03\/B-2-400x400.jpg 400w, https:\/\/ei-design.org\/wp-content\/uploads\/2022\/03\/B-2-280x280.jpg 280w, https:\/\/ei-design.org\/wp-content\/uploads\/2022\/03\/B-2-12x12.jpg 12w, https:\/\/ei-design.org\/wp-content\/uploads\/2022\/03\/B-2-700x700.jpg 700w, https:\/\/ei-design.org\/wp-content\/uploads\/2022\/03\/B-2-100x100.jpg 100w, https:\/\/ei-design.org\/wp-content\/uploads\/2022\/03\/B-2.jpg 720w\" sizes=\"(max-width: 720px) 100vw, 720px\" \/><\/a><\/p>\n<p><a href=\"https:\/\/ei-design.org\/wp-content\/uploads\/2022\/03\/b-4-1.jpg\"><img loading=\"lazy\" class=\"aligncenter wp-image-25744\" src=\"https:\/\/ei-design.org\/wp-content\/uploads\/2022\/03\/b-4-1-440x400.jpg\" alt=\"\" width=\"720\" height=\"655\" srcset=\"https:\/\/ei-design.org\/wp-content\/uploads\/2022\/03\/b-4-1-440x400.jpg 440w, https:\/\/ei-design.org\/wp-content\/uploads\/2022\/03\/b-4-1-768x698.jpg 768w, https:\/\/ei-design.org\/wp-content\/uploads\/2022\/03\/b-4-1-13x12.jpg 13w, https:\/\/ei-design.org\/wp-content\/uploads\/2022\/03\/b-4-1.jpg 792w\" sizes=\"(max-width: 720px) 100vw, 720px\" \/><\/a><\/p>\n<p><a href=\"https:\/\/ei-design.org\/wp-content\/uploads\/2022\/03\/b-7.jpg\"><img loading=\"lazy\" class=\"aligncenter wp-image-25740\" title=\"Precious Diseases Ivan Bravo\" src=\"https:\/\/ei-design.org\/wp-content\/uploads\/2022\/03\/b-7-510x400.jpg\" alt=\"Precious Diseases Ivan Bravo\" width=\"720\" height=\"565\" srcset=\"https:\/\/ei-design.org\/wp-content\/uploads\/2022\/03\/b-7-510x400.jpg 510w, https:\/\/ei-design.org\/wp-content\/uploads\/2022\/03\/b-7-768x602.jpg 768w, https:\/\/ei-design.org\/wp-content\/uploads\/2022\/03\/b-7-16x12.jpg 16w, https:\/\/ei-design.org\/wp-content\/uploads\/2022\/03\/b-7.jpg 918w\" sizes=\"(max-width: 720px) 100vw, 720px\" \/><\/a><\/p>\n<p><!--more--><\/p>\n<p><span style=\"font-size: 110%; color: #282828;\">El invernadero asume su precariedad sin ninguna modestia. Est\u00e1 elaborado con el elemento constructivo m\u00e1s d\u00e9bil del mercado y evita cualquier tipo de elemento superfluo a su necesidad original de albergar y proteger las plantas. Tensar desde la expresi\u00f3n constructiva el alcance de una obra de arte. Con esta frugalidad, se levanta una gran cubierta con dos tercios de s\u00ed en voladizo y unifica su base, compuesta por tres vol\u00famenes cuadrados que se superponen en l\u00ednea y discurren a lo largo de su eje central. Sobre esta gran cubierta descansa una viga transversal, que soporta el peso de las 28 plantas de hormig\u00f3n armado del edificio que se eleva por encima de ella.<\/span><\/p>\n<p><span lang=\"EN-GB\" style=\"font-size: 110%; color: #282828;\">Durante unos meses fue posible encontrar en el subsuelo de la capital, todo el peso del desarrollo moderno apoyado por un modesto y fr\u00e1gil invernadero lleno de plantas, como recordatorio de nuestro estado vegetal.<\/span><\/p>\n<p>&nbsp;<\/p>\n<p><!--more--><\/p>\n<p><a href=\"https:\/\/ei-design.org\/wp-content\/uploads\/2022\/03\/b-5.jpg\"><img loading=\"lazy\" class=\"aligncenter wp-image-25738 size-full\" title=\"Precious Diseases Ivan Bravo\" src=\"https:\/\/ei-design.org\/wp-content\/uploads\/2022\/03\/b-5.jpg\" alt=\"Precious Diseases Ivan Bravo\" width=\"720\" height=\"918\" srcset=\"https:\/\/ei-design.org\/wp-content\/uploads\/2022\/03\/b-5.jpg 720w, https:\/\/ei-design.org\/wp-content\/uploads\/2022\/03\/b-5-314x400.jpg 314w, https:\/\/ei-design.org\/wp-content\/uploads\/2022\/03\/b-5-627x800.jpg 627w, https:\/\/ei-design.org\/wp-content\/uploads\/2022\/03\/b-5-9x12.jpg 9w\" sizes=\"(max-width: 720px) 100vw, 720px\" \/><\/a><\/p>\n<p><a href=\"https:\/\/ei-design.org\/wp-content\/uploads\/2022\/03\/b-9.jpg\"><img loading=\"lazy\" class=\"aligncenter wp-image-25737 size-full\" title=\"Precious Diseases Ivan Bravo\" src=\"https:\/\/ei-design.org\/wp-content\/uploads\/2022\/03\/b-9.jpg\" alt=\"Precious Diseases Ivan Bravo\" width=\"720\" height=\"900\" srcset=\"https:\/\/ei-design.org\/wp-content\/uploads\/2022\/03\/b-9.jpg 720w, https:\/\/ei-design.org\/wp-content\/uploads\/2022\/03\/b-9-320x400.jpg 320w, https:\/\/ei-design.org\/wp-content\/uploads\/2022\/03\/b-9-640x800.jpg 640w, https:\/\/ei-design.org\/wp-content\/uploads\/2022\/03\/b-9-10x12.jpg 10w\" sizes=\"(max-width: 720px) 100vw, 720px\" \/><\/a><\/p>\n<p><img loading=\"lazy\" class=\"aligncenter wp-image-25739\" title=\"Precious Diseases Ivan Bravo\" src=\"https:\/\/ei-design.org\/wp-content\/uploads\/2022\/03\/B-3-1-510x400.jpg\" alt=\"Precious Diseases Ivan Bravo\" width=\"720\" height=\"565\" srcset=\"https:\/\/ei-design.org\/wp-content\/uploads\/2022\/03\/B-3-1-510x400.jpg 510w, https:\/\/ei-design.org\/wp-content\/uploads\/2022\/03\/B-3-1-768x602.jpg 768w, https:\/\/ei-design.org\/wp-content\/uploads\/2022\/03\/B-3-1-16x12.jpg 16w, https:\/\/ei-design.org\/wp-content\/uploads\/2022\/03\/B-3-1.jpg 918w\" sizes=\"(max-width: 720px) 100vw, 720px\" \/><\/p>\n<p><a href=\"https:\/\/ei-design.org\/wp-content\/uploads\/2022\/03\/b-13.jpg\"><img loading=\"lazy\" class=\"aligncenter wp-image-25743 size-full\" title=\"Precious Diseases Ivan Bravo\" src=\"https:\/\/ei-design.org\/wp-content\/uploads\/2022\/03\/b-13.jpg\" alt=\"Precious Diseases Ivan Bravo\" width=\"720\" height=\"900\" srcset=\"https:\/\/ei-design.org\/wp-content\/uploads\/2022\/03\/b-13.jpg 720w, https:\/\/ei-design.org\/wp-content\/uploads\/2022\/03\/b-13-320x400.jpg 320w, https:\/\/ei-design.org\/wp-content\/uploads\/2022\/03\/b-13-640x800.jpg 640w, https:\/\/ei-design.org\/wp-content\/uploads\/2022\/03\/b-13-10x12.jpg 10w\" sizes=\"(max-width: 720px) 100vw, 720px\" \/><\/a><\/p>\n<p>&nbsp;<\/p>","protected":false},"excerpt":{"rendered":"<p style=\"text-align: center;\"><span style=\"color: #282828;\"><strong><span style=\"font-size: 120%;\">Donde el planeta desaparece para dejar espacio s\u00f3lo a<\/span><\/strong><\/span><br \/>\n<span style=\"color: #282828;\"><strong><span style=\"font-size: 120%;\">representaciones de \u00e9l mismo<\/span><\/strong><\/span><\/p>\n<p style=\"text-align: center;\"><span style=\"color: #282828;\"><em style=\"text-align: start;\">Photo credits by\u00a0Felipe Fontecilla<\/em><\/span><\/p>\n<p style=\"text-align: center;\"><span style=\"color: #ffffff;\">&#8211;<\/span><\/p>","protected":false},"featured_media":25744,"template":"","meta":[],"_links":{"self":[{"href":"https:\/\/ei-design.org\/es\/wp-json\/wp\/v2\/product\/25732"}],"collection":[{"href":"https:\/\/ei-design.org\/es\/wp-json\/wp\/v2\/product"}],"about":[{"href":"https:\/\/ei-design.org\/es\/wp-json\/wp\/v2\/types\/product"}],"wp:featuredmedia":[{"embeddable":true,"href":"https:\/\/ei-design.org\/es\/wp-json\/wp\/v2\/media\/25744"}],"wp:attachment":[{"href":"https:\/\/ei-design.org\/es\/wp-json\/wp\/v2\/media?parent=25732"}],"curies":[{"name":"wp","href":"https:\/\/api.w.org\/{rel}","templated":true}]}}