{"id":25547,"date":"2022-02-04T13:27:19","date_gmt":"2022-02-04T12:27:19","guid":{"rendered":"https:\/\/ei-design.org\/?post_type=product&#038;p=25547"},"modified":"2024-08-01T13:30:13","modified_gmt":"2024-08-01T11:30:13","slug":"interiors-casa-duro-babiano","status":"publish","type":"product","link":"https:\/\/ei-design.org\/es\/product\/interiors-casa-duro-babiano\/","title":{"rendered":"Casa DURO-BABIANO"},"content":{"rendered":"<p class=\"MsoNormal\"><span style=\"font-size: 110%; color: #282828;\">La restauraci\u00f3n de esta vivienda, situada en un edi\ufb01cio de los a\u00f1os 30 del siglo XX, se divide en dos actuaciones b\u00e1sicas: la recuperaci\u00f3n del pavimento de mosaico hidr\u00e1ulico hexagonal original, rico en dibujos geom\u00e9tricos y colores; y la soluci\u00f3n sencilla de una vivienda de dos dormitorios donde la luz y la econom\u00eda de recursos eran las condiciones principales para su desarrollo.<\/span><\/p>\n<p><span style=\"font-size: 110%; color: #282828;\">Para ello, la actuaci\u00f3n se concentra en dos muros enfrentados, construidos mediante marcos de tablero de MDF de 40mm de espesor rellenos de per\ufb01les met\u00e1licos y placas de yeso, que enfatizan la condici\u00f3n de mobiliario informal de los tabiques permitiendo una intervenci\u00f3n arquitect\u00f3nica original que introduce las particiones de la vivienda dentro de la composici\u00f3n de la misma mediante una construcci\u00f3n sencilla y asequible.<\/span><\/p>\n<p><!--more--><\/p>\n<h4><a href=\"https:\/\/ei-design.org\/wp-content\/uploads\/2022\/02\/web-metalocus_casa-duro-babiano_rubial-sanchez_02.jpg\"><img loading=\"lazy\" class=\"wp-image-25591 size-full aligncenter\" src=\"https:\/\/ei-design.org\/wp-content\/uploads\/2022\/02\/web-metalocus_casa-duro-babiano_rubial-sanchez_02.jpg\" alt=\"\" width=\"733\" height=\"1100\" srcset=\"https:\/\/ei-design.org\/wp-content\/uploads\/2022\/02\/web-metalocus_casa-duro-babiano_rubial-sanchez_02.jpg 733w, https:\/\/ei-design.org\/wp-content\/uploads\/2022\/02\/web-metalocus_casa-duro-babiano_rubial-sanchez_02-267x400.jpg 267w, https:\/\/ei-design.org\/wp-content\/uploads\/2022\/02\/web-metalocus_casa-duro-babiano_rubial-sanchez_02-533x800.jpg 533w, https:\/\/ei-design.org\/wp-content\/uploads\/2022\/02\/web-metalocus_casa-duro-babiano_rubial-sanchez_02-8x12.jpg 8w\" sizes=\"(max-width: 733px) 100vw, 733px\" \/><\/a><!--more--><\/h4>\n<p><a href=\"https:\/\/ei-design.org\/wp-content\/uploads\/2022\/02\/doppia-metalocus_casa-duro-babiano_rubial-sanchez_06.jpg\"><img loading=\"lazy\" class=\"wp-image-25594 aligncenter\" src=\"https:\/\/ei-design.org\/wp-content\/uploads\/2022\/02\/doppia-metalocus_casa-duro-babiano_rubial-sanchez_06-549x400.jpg\" alt=\"\" width=\"733\" height=\"534\" srcset=\"https:\/\/ei-design.org\/wp-content\/uploads\/2022\/02\/doppia-metalocus_casa-duro-babiano_rubial-sanchez_06-549x400.jpg 549w, https:\/\/ei-design.org\/wp-content\/uploads\/2022\/02\/doppia-metalocus_casa-duro-babiano_rubial-sanchez_06-1097x800.jpg 1097w, https:\/\/ei-design.org\/wp-content\/uploads\/2022\/02\/doppia-metalocus_casa-duro-babiano_rubial-sanchez_06-768x560.jpg 768w, https:\/\/ei-design.org\/wp-content\/uploads\/2022\/02\/doppia-metalocus_casa-duro-babiano_rubial-sanchez_06-16x12.jpg 16w, https:\/\/ei-design.org\/wp-content\/uploads\/2022\/02\/doppia-metalocus_casa-duro-babiano_rubial-sanchez_06-1000x729.jpg 1000w, https:\/\/ei-design.org\/wp-content\/uploads\/2022\/02\/doppia-metalocus_casa-duro-babiano_rubial-sanchez_06.jpg 1509w\" sizes=\"(max-width: 733px) 100vw, 733px\" \/><\/a><\/p>\n<p><a href=\"https:\/\/ei-design.org\/wp-content\/uploads\/2022\/02\/2doppia-metalocus_casa-duro-babiano_rubial-sanchez_06.jpg\"><img loading=\"lazy\" class=\"aligncenter wp-image-25595\" src=\"https:\/\/ei-design.org\/wp-content\/uploads\/2022\/02\/2doppia-metalocus_casa-duro-babiano_rubial-sanchez_06-549x400.jpg\" alt=\"\" width=\"733\" height=\"534\" srcset=\"https:\/\/ei-design.org\/wp-content\/uploads\/2022\/02\/2doppia-metalocus_casa-duro-babiano_rubial-sanchez_06-549x400.jpg 549w, https:\/\/ei-design.org\/wp-content\/uploads\/2022\/02\/2doppia-metalocus_casa-duro-babiano_rubial-sanchez_06-1097x800.jpg 1097w, https:\/\/ei-design.org\/wp-content\/uploads\/2022\/02\/2doppia-metalocus_casa-duro-babiano_rubial-sanchez_06-768x560.jpg 768w, https:\/\/ei-design.org\/wp-content\/uploads\/2022\/02\/2doppia-metalocus_casa-duro-babiano_rubial-sanchez_06-16x12.jpg 16w, https:\/\/ei-design.org\/wp-content\/uploads\/2022\/02\/2doppia-metalocus_casa-duro-babiano_rubial-sanchez_06-1000x729.jpg 1000w, https:\/\/ei-design.org\/wp-content\/uploads\/2022\/02\/2doppia-metalocus_casa-duro-babiano_rubial-sanchez_06.jpg 1509w\" sizes=\"(max-width: 733px) 100vw, 733px\" \/><\/a><\/p>\n<p><a href=\"https:\/\/ei-design.org\/wp-content\/uploads\/2022\/02\/web-metalocus_casa-duro-babiano_rubial-sanchez_06.jpg\"><img loading=\"lazy\" class=\"aligncenter wp-image-25593 size-full\" src=\"https:\/\/ei-design.org\/wp-content\/uploads\/2022\/02\/web-metalocus_casa-duro-babiano_rubial-sanchez_06.jpg\" alt=\"\" width=\"733\" height=\"1100\" srcset=\"https:\/\/ei-design.org\/wp-content\/uploads\/2022\/02\/web-metalocus_casa-duro-babiano_rubial-sanchez_06.jpg 733w, https:\/\/ei-design.org\/wp-content\/uploads\/2022\/02\/web-metalocus_casa-duro-babiano_rubial-sanchez_06-267x400.jpg 267w, https:\/\/ei-design.org\/wp-content\/uploads\/2022\/02\/web-metalocus_casa-duro-babiano_rubial-sanchez_06-533x800.jpg 533w, https:\/\/ei-design.org\/wp-content\/uploads\/2022\/02\/web-metalocus_casa-duro-babiano_rubial-sanchez_06-8x12.jpg 8w\" sizes=\"(max-width: 733px) 100vw, 733px\" \/><\/a><\/p>\n<h4><a href=\"https:\/\/ei-design.org\/wp-content\/uploads\/2022\/02\/1web-metalocus_casa-duro-babiano_rubial-sanchez_09.jpg\"><img loading=\"lazy\" class=\"aligncenter wp-image-25604\" src=\"https:\/\/ei-design.org\/wp-content\/uploads\/2022\/02\/1web-metalocus_casa-duro-babiano_rubial-sanchez_09-580x400.jpg\" alt=\"\" width=\"733\" height=\"505\" srcset=\"https:\/\/ei-design.org\/wp-content\/uploads\/2022\/02\/1web-metalocus_casa-duro-babiano_rubial-sanchez_09-580x400.jpg 580w, https:\/\/ei-design.org\/wp-content\/uploads\/2022\/02\/1web-metalocus_casa-duro-babiano_rubial-sanchez_09-1161x800.jpg 1161w, https:\/\/ei-design.org\/wp-content\/uploads\/2022\/02\/1web-metalocus_casa-duro-babiano_rubial-sanchez_09-768x529.jpg 768w, https:\/\/ei-design.org\/wp-content\/uploads\/2022\/02\/1web-metalocus_casa-duro-babiano_rubial-sanchez_09-1536x1059.jpg 1536w, https:\/\/ei-design.org\/wp-content\/uploads\/2022\/02\/1web-metalocus_casa-duro-babiano_rubial-sanchez_09-16x12.jpg 16w, https:\/\/ei-design.org\/wp-content\/uploads\/2022\/02\/1web-metalocus_casa-duro-babiano_rubial-sanchez_09-1000x689.jpg 1000w, https:\/\/ei-design.org\/wp-content\/uploads\/2022\/02\/1web-metalocus_casa-duro-babiano_rubial-sanchez_09.jpg 1596w\" sizes=\"(max-width: 733px) 100vw, 733px\" \/><\/a><\/h4>\n<p><a href=\"https:\/\/ei-design.org\/wp-content\/uploads\/2022\/02\/web-metalocus_casa-duro-babiano_rubial-sanchez_10.jpg\"><img loading=\"lazy\" class=\"aligncenter wp-image-25603\" src=\"https:\/\/ei-design.org\/wp-content\/uploads\/2022\/02\/web-metalocus_casa-duro-babiano_rubial-sanchez_10-631x400.jpg\" alt=\"\" width=\"733\" height=\"465\" srcset=\"https:\/\/ei-design.org\/wp-content\/uploads\/2022\/02\/web-metalocus_casa-duro-babiano_rubial-sanchez_10-631x400.jpg 631w, https:\/\/ei-design.org\/wp-content\/uploads\/2022\/02\/web-metalocus_casa-duro-babiano_rubial-sanchez_10-768x487.jpg 768w, https:\/\/ei-design.org\/wp-content\/uploads\/2022\/02\/web-metalocus_casa-duro-babiano_rubial-sanchez_10-16x10.jpg 16w, https:\/\/ei-design.org\/wp-content\/uploads\/2022\/02\/web-metalocus_casa-duro-babiano_rubial-sanchez_10.jpg 935w\" sizes=\"(max-width: 733px) 100vw, 733px\" \/><\/a><\/p>\n<p>&#8211;<\/p>","protected":false},"excerpt":{"rendered":"<p style=\"text-align: center;\"><strong><span style=\"font-size: 120%; color: #282828;\">Color, sencillez, tradici\u00f3n y m\u00e1xima econom\u00eda de recursos<\/span><\/strong><\/p>\n<p style=\"text-align: center;\">&#8211;<\/p>","protected":false},"featured_media":25607,"template":"","meta":[],"_links":{"self":[{"href":"https:\/\/ei-design.org\/es\/wp-json\/wp\/v2\/product\/25547"}],"collection":[{"href":"https:\/\/ei-design.org\/es\/wp-json\/wp\/v2\/product"}],"about":[{"href":"https:\/\/ei-design.org\/es\/wp-json\/wp\/v2\/types\/product"}],"wp:featuredmedia":[{"embeddable":true,"href":"https:\/\/ei-design.org\/es\/wp-json\/wp\/v2\/media\/25607"}],"wp:attachment":[{"href":"https:\/\/ei-design.org\/es\/wp-json\/wp\/v2\/media?parent=25547"}],"curies":[{"name":"wp","href":"https:\/\/api.w.org\/{rel}","templated":true}]}}