{"id":25525,"date":"2022-02-03T15:34:51","date_gmt":"2022-02-03T14:34:51","guid":{"rendered":"https:\/\/ei-design.org\/?post_type=product&#038;p=25525"},"modified":"2024-08-01T15:56:31","modified_gmt":"2024-08-01T13:56:31","slug":"continentes","status":"publish","type":"product","link":"https:\/\/ei-design.org\/es\/product\/continentes\/","title":{"rendered":"Continentes"},"content":{"rendered":"<p><span style=\"font-size: 110%; color: #333333;\">La integraci\u00f3n, las culturas, nuestras ra\u00edces son parte de un mismo continente. Los l\u00edmites no existen, s\u00f3lo la sangre y el adn social y cultural de nuestro tr\u00e1nsito por un todo. Ah\u00ed nacen pueblos, historias, colores, olores y sabores que hace millones de a\u00f1os eran un mismo trozo de tierra. Hoy esas venas que recorren cada uno de esos continentes resaltan lo m\u00e1s valioso: la nueva versi\u00f3n del ser humano y la magia de conectar desde la trascendencia y la suma de muchas culturas.<\/span><\/p>\n<p><span style=\"font-size: 110%; color: #333333;\">Somos una tierra en constante movimiento, como un hilo que lleva el alma de un tejido circular que se va torciendo en distintas direcciones para transmutar, apareciendo siempre nuevos paisajes, un mundo impredecible a descubrir en rotaci\u00f3n.<\/span><\/p>\n<p><span style=\"font-size: 110%;\"><em>CREDITS:\u00a0 Photos by<span style=\"color: #0000ff;\"> Paula Ziegler <\/span>\/ Styling\u00a0<\/em><em>por<\/em><em><span style=\"color: #0000ff;\">\u00a0M. Eugenia Ibarra\u00a0 <\/span>\/ Hair &amp; Make Up by <span style=\"color: #0000ff;\">Poli Pic\u00f3 Models\u00a0 <\/span><\/em><em>\/ Models <span style=\"color: #0000ff;\">Alina Gewalt &amp; Helena Purto<\/span><\/em><\/span><\/p>\n<p>&nbsp;<\/p>\n<p>&nbsp;<\/p>\n<p><a href=\"https:\/\/ei-design.org\/wp-content\/uploads\/2022\/02\/3defmosaic.jpg\"><img loading=\"lazy\" class=\"aligncenter wp-image-25538\" src=\"https:\/\/ei-design.org\/wp-content\/uploads\/2022\/02\/3defmosaic-780x400.jpg\" alt=\"\" width=\"1000\" height=\"513\" srcset=\"https:\/\/ei-design.org\/wp-content\/uploads\/2022\/02\/3defmosaic-780x400.jpg 780w, https:\/\/ei-design.org\/wp-content\/uploads\/2022\/02\/3defmosaic-768x394.jpg 768w, https:\/\/ei-design.org\/wp-content\/uploads\/2022\/02\/3defmosaic-16x8.jpg 16w, https:\/\/ei-design.org\/wp-content\/uploads\/2022\/02\/3defmosaic.jpg 944w\" sizes=\"(max-width: 1000px) 100vw, 1000px\" \/><\/a><\/p>\n<p><a href=\"https:\/\/ei-design.org\/wp-content\/uploads\/2022\/02\/Continentes-Ropa-de-Genero.jpg\"><img loading=\"lazy\" class=\"aligncenter wp-image-25526\" src=\"https:\/\/ei-design.org\/wp-content\/uploads\/2022\/02\/Continentes-Ropa-de-Genero-543x400.jpg\" alt=\"\" width=\"1000\" height=\"737\" srcset=\"https:\/\/ei-design.org\/wp-content\/uploads\/2022\/02\/Continentes-Ropa-de-Genero-543x400.jpg 543w, https:\/\/ei-design.org\/wp-content\/uploads\/2022\/02\/Continentes-Ropa-de-Genero-768x566.jpg 768w, https:\/\/ei-design.org\/wp-content\/uploads\/2022\/02\/Continentes-Ropa-de-Genero-16x12.jpg 16w, https:\/\/ei-design.org\/wp-content\/uploads\/2022\/02\/Continentes-Ropa-de-Genero.jpg 938w\" sizes=\"(max-width: 1000px) 100vw, 1000px\" \/><\/a><\/p>\n<p><a href=\"https:\/\/ei-design.org\/wp-content\/uploads\/2022\/02\/mosaic.jpg\"><img loading=\"lazy\" class=\"aligncenter wp-image-25527\" src=\"https:\/\/ei-design.org\/wp-content\/uploads\/2022\/02\/mosaic-581x400.jpg\" alt=\"\" width=\"1000\" height=\"688\" srcset=\"https:\/\/ei-design.org\/wp-content\/uploads\/2022\/02\/mosaic-581x400.jpg 581w, https:\/\/ei-design.org\/wp-content\/uploads\/2022\/02\/mosaic-1163x800.jpg 1163w, https:\/\/ei-design.org\/wp-content\/uploads\/2022\/02\/mosaic-768x528.jpg 768w, https:\/\/ei-design.org\/wp-content\/uploads\/2022\/02\/mosaic-1536x1057.jpg 1536w, https:\/\/ei-design.org\/wp-content\/uploads\/2022\/02\/mosaic-2048x1409.jpg 2048w, https:\/\/ei-design.org\/wp-content\/uploads\/2022\/02\/mosaic-16x12.jpg 16w, https:\/\/ei-design.org\/wp-content\/uploads\/2022\/02\/mosaic-1000x688.jpg 1000w\" sizes=\"(max-width: 1000px) 100vw, 1000px\" \/><\/a><\/p>\n<p><a href=\"https:\/\/ei-design.org\/wp-content\/uploads\/2022\/02\/web_MG_3975-scaled.jpg\"><img loading=\"lazy\" class=\"wp-image-25528 aligncenter\" src=\"https:\/\/ei-design.org\/wp-content\/uploads\/2022\/02\/web_MG_3975-509x400.jpg\" alt=\"\" width=\"1000\" height=\"786\" srcset=\"https:\/\/ei-design.org\/wp-content\/uploads\/2022\/02\/web_MG_3975-509x400.jpg 509w, https:\/\/ei-design.org\/wp-content\/uploads\/2022\/02\/web_MG_3975-1018x800.jpg 1018w, https:\/\/ei-design.org\/wp-content\/uploads\/2022\/02\/web_MG_3975-768x603.jpg 768w, https:\/\/ei-design.org\/wp-content\/uploads\/2022\/02\/web_MG_3975-1536x1207.jpg 1536w, https:\/\/ei-design.org\/wp-content\/uploads\/2022\/02\/web_MG_3975-2048x1609.jpg 2048w, https:\/\/ei-design.org\/wp-content\/uploads\/2022\/02\/web_MG_3975-16x12.jpg 16w, https:\/\/ei-design.org\/wp-content\/uploads\/2022\/02\/web_MG_3975-1000x786.jpg 1000w\" sizes=\"(max-width: 1000px) 100vw, 1000px\" \/><\/a><\/p>\n<p><a href=\"https:\/\/ei-design.org\/wp-content\/uploads\/2022\/02\/2mosaic.jpg\"><img loading=\"lazy\" class=\"aligncenter wp-image-25530\" src=\"https:\/\/ei-design.org\/wp-content\/uploads\/2022\/02\/2mosaic-800x319.jpg\" alt=\"\" width=\"1000\" height=\"399\" srcset=\"https:\/\/ei-design.org\/wp-content\/uploads\/2022\/02\/2mosaic-800x319.jpg 800w, https:\/\/ei-design.org\/wp-content\/uploads\/2022\/02\/2mosaic-768x306.jpg 768w, https:\/\/ei-design.org\/wp-content\/uploads\/2022\/02\/2mosaic-16x6.jpg 16w, https:\/\/ei-design.org\/wp-content\/uploads\/2022\/02\/2mosaic.jpg 946w\" sizes=\"(max-width: 1000px) 100vw, 1000px\" \/><\/a><\/p>\n<p><a href=\"https:\/\/ei-design.org\/wp-content\/uploads\/2022\/02\/web_MG_3763-scaled.jpg\"><img loading=\"lazy\" class=\"aligncenter wp-image-25531\" src=\"https:\/\/ei-design.org\/wp-content\/uploads\/2022\/02\/web_MG_3763-534x400.jpg\" alt=\"\" width=\"1000\" height=\"750\" srcset=\"https:\/\/ei-design.org\/wp-content\/uploads\/2022\/02\/web_MG_3763-534x400.jpg 534w, https:\/\/ei-design.org\/wp-content\/uploads\/2022\/02\/web_MG_3763-1067x800.jpg 1067w, https:\/\/ei-design.org\/wp-content\/uploads\/2022\/02\/web_MG_3763-768x576.jpg 768w, https:\/\/ei-design.org\/wp-content\/uploads\/2022\/02\/web_MG_3763-1536x1151.jpg 1536w, https:\/\/ei-design.org\/wp-content\/uploads\/2022\/02\/web_MG_3763-2048x1535.jpg 2048w, https:\/\/ei-design.org\/wp-content\/uploads\/2022\/02\/web_MG_3763-16x12.jpg 16w, https:\/\/ei-design.org\/wp-content\/uploads\/2022\/02\/web_MG_3763-1000x750.jpg 1000w\" sizes=\"(max-width: 1000px) 100vw, 1000px\" \/><\/a><!--more--><\/p>","protected":false},"excerpt":{"rendered":"<p style=\"text-align: center;\"><strong><span style=\"font-size: 120%; text-align: center; color: #333333;\">Integration, cultures, our roots are part of the same continent<\/span><\/strong><\/p>\n<p style=\"text-align: center;\"><span style=\"color: #ffffff;\">&#8211;<\/span><\/p>","protected":false},"featured_media":25542,"template":"","meta":[],"_links":{"self":[{"href":"https:\/\/ei-design.org\/es\/wp-json\/wp\/v2\/product\/25525"}],"collection":[{"href":"https:\/\/ei-design.org\/es\/wp-json\/wp\/v2\/product"}],"about":[{"href":"https:\/\/ei-design.org\/es\/wp-json\/wp\/v2\/types\/product"}],"wp:featuredmedia":[{"embeddable":true,"href":"https:\/\/ei-design.org\/es\/wp-json\/wp\/v2\/media\/25542"}],"wp:attachment":[{"href":"https:\/\/ei-design.org\/es\/wp-json\/wp\/v2\/media?parent=25525"}],"curies":[{"name":"wp","href":"https:\/\/api.w.org\/{rel}","templated":true}]}}