{"id":25511,"date":"2022-02-03T14:03:01","date_gmt":"2022-02-03T13:03:01","guid":{"rendered":"https:\/\/ei-design.org\/?post_type=product&#038;p=25511"},"modified":"2024-08-01T13:31:26","modified_gmt":"2024-08-01T11:31:26","slug":"sinchronization","status":"publish","type":"product","link":"https:\/\/ei-design.org\/es\/product\/sinchronization\/","title":{"rendered":"Synchronization"},"content":{"rendered":"<p><span style=\"font-size: 110%; color: #282828;\">Este es mi actual proyecto de autorretrato, creado como una mezcla de fotograf\u00eda, geoarte, performance y arte digital. Encuentro lugares \u00fanicos, famosos o completamente desconocidos e integro en los paisajes composiciones realizadas a partir de diferentes posiciones de mi cuerpo desnudo. Interact\u00fao con la naturaleza, me sincronizo con las l\u00edneas y la geometr\u00eda de los lugares.<\/span><\/p>\n<p><span style=\"font-size: 110%; color: #282828;\">Para m\u00ed, esto es tambi\u00e9n una actuaci\u00f3n, que suele durar unos 20-30 minutos. A veces la gente mira al azar, a veces es mi interacci\u00f3n personal con la naturaleza.<\/span><\/p>\n<p><span style=\"font-size: 110%; color: #282828;\">Esta es mi manera de cultivar el sentido de la posibilidad e incluso la necesidad de armon\u00eda entre las personas y la naturaleza. S\u00f3lo somos patrones en la piel del planeta, y deber\u00edamos ser patrones hermosos.<\/span><\/p>\n<p><span style=\"font-size: 110%; color: #282828;\">Por otro lado, este es mi propio mensaje antiedad para m\u00ed misma y para otras mujeres de m\u00e1s de 40 a\u00f1os.<\/span><\/p>\n<p><span style=\"font-size: 110%; color: #282828;\">Tengo muchas dudas sobre el inicio de mi carrera como artista despu\u00e9s de 40 a\u00f1os (antes me dedicaba principalmente a la fotograf\u00eda comercial). \u00bfEs demasiado tarde? \u00bfDebo mostrar mi cuerpo en este contexto? \u00bfTengo el valor y la fuerza para hacerlo? \u00bfSoy lo suficientemente guapa? Y a todas estas preguntas me digo SI.<\/span><\/p>\n<p><span style=\"font-size: 110%; color: #282828;\">T\u00e9cnicamente, utilizo el procesamiento digital para crear estas obras, combinando varias im\u00e1genes tomadas desde el mismo punto en una sola. Pero todas son fases reales de mi cuerpo durante este largo movimiento. Y se puede ver el resultado de una acci\u00f3n de 20 minutos al instante.<\/span><\/p>\n<p><!--more--><\/p>\n<p><a href=\"https:\/\/ei-design.org\/wp-content\/uploads\/2022\/02\/web-2000-buruleva_julia-8446ed51922d50d97257a0092a547d20.jpg\"><img loading=\"lazy\" class=\"aligncenter wp-image-25516 size-large\" src=\"https:\/\/ei-design.org\/wp-content\/uploads\/2022\/02\/web-2000-buruleva_julia-8446ed51922d50d97257a0092a547d20-1202x800.jpg\" alt=\"\" width=\"1020\" height=\"679\" srcset=\"https:\/\/ei-design.org\/wp-content\/uploads\/2022\/02\/web-2000-buruleva_julia-8446ed51922d50d97257a0092a547d20-1202x800.jpg 1202w, https:\/\/ei-design.org\/wp-content\/uploads\/2022\/02\/web-2000-buruleva_julia-8446ed51922d50d97257a0092a547d20-601x400.jpg 601w, https:\/\/ei-design.org\/wp-content\/uploads\/2022\/02\/web-2000-buruleva_julia-8446ed51922d50d97257a0092a547d20-768x511.jpg 768w, https:\/\/ei-design.org\/wp-content\/uploads\/2022\/02\/web-2000-buruleva_julia-8446ed51922d50d97257a0092a547d20-1536x1022.jpg 1536w, https:\/\/ei-design.org\/wp-content\/uploads\/2022\/02\/web-2000-buruleva_julia-8446ed51922d50d97257a0092a547d20-16x12.jpg 16w, https:\/\/ei-design.org\/wp-content\/uploads\/2022\/02\/web-2000-buruleva_julia-8446ed51922d50d97257a0092a547d20-1000x666.jpg 1000w, https:\/\/ei-design.org\/wp-content\/uploads\/2022\/02\/web-2000-buruleva_julia-8446ed51922d50d97257a0092a547d20.jpg 2000w\" sizes=\"(max-width: 1020px) 100vw, 1020px\" \/><\/a><\/p>\n<p><!--more--><\/p>\n<p><a href=\"https:\/\/ei-design.org\/wp-content\/uploads\/2022\/02\/baja-basement-merged.jpg\"><img loading=\"lazy\" class=\"aligncenter wp-image-25621\" src=\"https:\/\/ei-design.org\/wp-content\/uploads\/2022\/02\/baja-basement-merged-600x400.jpg\" alt=\"\" width=\"1020\" height=\"680\" srcset=\"https:\/\/ei-design.org\/wp-content\/uploads\/2022\/02\/baja-basement-merged-600x400.jpg 600w, https:\/\/ei-design.org\/wp-content\/uploads\/2022\/02\/baja-basement-merged-768x512.jpg 768w, https:\/\/ei-design.org\/wp-content\/uploads\/2022\/02\/baja-basement-merged-16x12.jpg 16w, https:\/\/ei-design.org\/wp-content\/uploads\/2022\/02\/baja-basement-merged-1000x667.jpg 1000w, https:\/\/ei-design.org\/wp-content\/uploads\/2022\/02\/baja-basement-merged.jpg 1080w\" sizes=\"(max-width: 1020px) 100vw, 1020px\" \/><\/a><\/p>\n<p><!--more--><\/p>\n<p><a href=\"https:\/\/ei-design.org\/wp-content\/uploads\/2022\/02\/2000-buruleva_julia-0d7d5cc73d458f0ef759864a5a9121a4.jpg\"><img loading=\"lazy\" class=\"aligncenter wp-image-25517 size-large\" src=\"https:\/\/ei-design.org\/wp-content\/uploads\/2022\/02\/2000-buruleva_julia-0d7d5cc73d458f0ef759864a5a9121a4-1202x800.jpg\" alt=\"\" width=\"1020\" height=\"679\" srcset=\"https:\/\/ei-design.org\/wp-content\/uploads\/2022\/02\/2000-buruleva_julia-0d7d5cc73d458f0ef759864a5a9121a4-1202x800.jpg 1202w, https:\/\/ei-design.org\/wp-content\/uploads\/2022\/02\/2000-buruleva_julia-0d7d5cc73d458f0ef759864a5a9121a4-601x400.jpg 601w, https:\/\/ei-design.org\/wp-content\/uploads\/2022\/02\/2000-buruleva_julia-0d7d5cc73d458f0ef759864a5a9121a4-768x511.jpg 768w, https:\/\/ei-design.org\/wp-content\/uploads\/2022\/02\/2000-buruleva_julia-0d7d5cc73d458f0ef759864a5a9121a4-1536x1022.jpg 1536w, https:\/\/ei-design.org\/wp-content\/uploads\/2022\/02\/2000-buruleva_julia-0d7d5cc73d458f0ef759864a5a9121a4-16x12.jpg 16w, https:\/\/ei-design.org\/wp-content\/uploads\/2022\/02\/2000-buruleva_julia-0d7d5cc73d458f0ef759864a5a9121a4-1000x666.jpg 1000w, https:\/\/ei-design.org\/wp-content\/uploads\/2022\/02\/2000-buruleva_julia-0d7d5cc73d458f0ef759864a5a9121a4.jpg 2000w\" sizes=\"(max-width: 1020px) 100vw, 1020px\" \/><\/a><!--more--><\/p>\n<p><a href=\"https:\/\/ei-design.org\/wp-content\/uploads\/2022\/02\/3Synchronization-Julia-Buruleva.jpg\"><img loading=\"lazy\" class=\"aligncenter wp-image-25524\" src=\"https:\/\/ei-design.org\/wp-content\/uploads\/2022\/02\/3Synchronization-Julia-Buruleva-548x400.jpg\" alt=\"\" width=\"1020\" height=\"745\" srcset=\"https:\/\/ei-design.org\/wp-content\/uploads\/2022\/02\/3Synchronization-Julia-Buruleva-548x400.jpg 548w, https:\/\/ei-design.org\/wp-content\/uploads\/2022\/02\/3Synchronization-Julia-Buruleva-1096x800.jpg 1096w, https:\/\/ei-design.org\/wp-content\/uploads\/2022\/02\/3Synchronization-Julia-Buruleva-768x561.jpg 768w, https:\/\/ei-design.org\/wp-content\/uploads\/2022\/02\/3Synchronization-Julia-Buruleva-1536x1121.jpg 1536w, https:\/\/ei-design.org\/wp-content\/uploads\/2022\/02\/3Synchronization-Julia-Buruleva-16x12.jpg 16w, https:\/\/ei-design.org\/wp-content\/uploads\/2022\/02\/3Synchronization-Julia-Buruleva-1000x730.jpg 1000w, https:\/\/ei-design.org\/wp-content\/uploads\/2022\/02\/3Synchronization-Julia-Buruleva.jpg 2000w\" sizes=\"(max-width: 1020px) 100vw, 1020px\" \/><\/a><\/p>\n<p><!--more--><\/p>\n<p><a href=\"https:\/\/ei-design.org\/wp-content\/uploads\/2022\/02\/web-2000-buruleva_julia-43c8bae9747ecfcc61d5c0d1554d2e66.jpg\"><img loading=\"lazy\" class=\"aligncenter wp-image-25520\" src=\"https:\/\/ei-design.org\/wp-content\/uploads\/2022\/02\/web-2000-buruleva_julia-43c8bae9747ecfcc61d5c0d1554d2e66-601x400.jpg\" alt=\"\" width=\"1020\" height=\"679\" srcset=\"https:\/\/ei-design.org\/wp-content\/uploads\/2022\/02\/web-2000-buruleva_julia-43c8bae9747ecfcc61d5c0d1554d2e66-601x400.jpg 601w, https:\/\/ei-design.org\/wp-content\/uploads\/2022\/02\/web-2000-buruleva_julia-43c8bae9747ecfcc61d5c0d1554d2e66-1202x800.jpg 1202w, https:\/\/ei-design.org\/wp-content\/uploads\/2022\/02\/web-2000-buruleva_julia-43c8bae9747ecfcc61d5c0d1554d2e66-768x511.jpg 768w, https:\/\/ei-design.org\/wp-content\/uploads\/2022\/02\/web-2000-buruleva_julia-43c8bae9747ecfcc61d5c0d1554d2e66-16x12.jpg 16w, https:\/\/ei-design.org\/wp-content\/uploads\/2022\/02\/web-2000-buruleva_julia-43c8bae9747ecfcc61d5c0d1554d2e66-1000x665.jpg 1000w, https:\/\/ei-design.org\/wp-content\/uploads\/2022\/02\/web-2000-buruleva_julia-43c8bae9747ecfcc61d5c0d1554d2e66.jpg 1500w\" sizes=\"(max-width: 1020px) 100vw, 1020px\" \/><\/a><\/p>\n<p><!--more--><\/p>\n<p><a href=\"https:\/\/ei-design.org\/wp-content\/uploads\/2022\/02\/web-2000-buruleva_julia-b58c89969f7e8a5a75cbe25433311177.jpg\"><img loading=\"lazy\" class=\"aligncenter wp-image-25522\" src=\"https:\/\/ei-design.org\/wp-content\/uploads\/2022\/02\/web-2000-buruleva_julia-b58c89969f7e8a5a75cbe25433311177-601x400.jpg\" alt=\"\" width=\"1020\" height=\"679\" srcset=\"https:\/\/ei-design.org\/wp-content\/uploads\/2022\/02\/web-2000-buruleva_julia-b58c89969f7e8a5a75cbe25433311177-601x400.jpg 601w, https:\/\/ei-design.org\/wp-content\/uploads\/2022\/02\/web-2000-buruleva_julia-b58c89969f7e8a5a75cbe25433311177-1202x800.jpg 1202w, https:\/\/ei-design.org\/wp-content\/uploads\/2022\/02\/web-2000-buruleva_julia-b58c89969f7e8a5a75cbe25433311177-768x511.jpg 768w, https:\/\/ei-design.org\/wp-content\/uploads\/2022\/02\/web-2000-buruleva_julia-b58c89969f7e8a5a75cbe25433311177-16x12.jpg 16w, https:\/\/ei-design.org\/wp-content\/uploads\/2022\/02\/web-2000-buruleva_julia-b58c89969f7e8a5a75cbe25433311177-1000x665.jpg 1000w, https:\/\/ei-design.org\/wp-content\/uploads\/2022\/02\/web-2000-buruleva_julia-b58c89969f7e8a5a75cbe25433311177.jpg 1500w\" sizes=\"(max-width: 1020px) 100vw, 1020px\" \/><\/a><\/p>\n<p><!--more--><\/p>\n<p><a href=\"https:\/\/ei-design.org\/wp-content\/uploads\/2022\/02\/web-2000-buruleva_julia-8626f2a6f74d3b6136223219436cf6d4.jpg\"><img loading=\"lazy\" class=\"wp-image-25523 aligncenter\" src=\"https:\/\/ei-design.org\/wp-content\/uploads\/2022\/02\/web-2000-buruleva_julia-8626f2a6f74d3b6136223219436cf6d4-601x400.jpg\" alt=\"\" width=\"1020\" height=\"679\" srcset=\"https:\/\/ei-design.org\/wp-content\/uploads\/2022\/02\/web-2000-buruleva_julia-8626f2a6f74d3b6136223219436cf6d4-601x400.jpg 601w, https:\/\/ei-design.org\/wp-content\/uploads\/2022\/02\/web-2000-buruleva_julia-8626f2a6f74d3b6136223219436cf6d4-1202x800.jpg 1202w, https:\/\/ei-design.org\/wp-content\/uploads\/2022\/02\/web-2000-buruleva_julia-8626f2a6f74d3b6136223219436cf6d4-768x511.jpg 768w, https:\/\/ei-design.org\/wp-content\/uploads\/2022\/02\/web-2000-buruleva_julia-8626f2a6f74d3b6136223219436cf6d4-1536x1022.jpg 1536w, https:\/\/ei-design.org\/wp-content\/uploads\/2022\/02\/web-2000-buruleva_julia-8626f2a6f74d3b6136223219436cf6d4-16x12.jpg 16w, https:\/\/ei-design.org\/wp-content\/uploads\/2022\/02\/web-2000-buruleva_julia-8626f2a6f74d3b6136223219436cf6d4-1000x666.jpg 1000w, https:\/\/ei-design.org\/wp-content\/uploads\/2022\/02\/web-2000-buruleva_julia-8626f2a6f74d3b6136223219436cf6d4.jpg 2000w\" sizes=\"(max-width: 1020px) 100vw, 1020px\" \/><\/a><\/p>\n<p>&nbsp;<\/p>\n<p>&nbsp;<\/p>","protected":false},"excerpt":{"rendered":"<p style=\"text-align: center;\"><span style=\"color: #282828;\"><strong><span style=\"font-size: 120%;\">Escenas surrealistas en un natural entorno<\/span><\/strong><\/span><\/p>\n<p style=\"text-align: center;\"><span style=\"color: #ffffff;\">&#8211;<\/span><\/p>","protected":false},"featured_media":25513,"template":"","meta":[],"_links":{"self":[{"href":"https:\/\/ei-design.org\/es\/wp-json\/wp\/v2\/product\/25511"}],"collection":[{"href":"https:\/\/ei-design.org\/es\/wp-json\/wp\/v2\/product"}],"about":[{"href":"https:\/\/ei-design.org\/es\/wp-json\/wp\/v2\/types\/product"}],"wp:featuredmedia":[{"embeddable":true,"href":"https:\/\/ei-design.org\/es\/wp-json\/wp\/v2\/media\/25513"}],"wp:attachment":[{"href":"https:\/\/ei-design.org\/es\/wp-json\/wp\/v2\/media?parent=25511"}],"curies":[{"name":"wp","href":"https:\/\/api.w.org\/{rel}","templated":true}]}}