{"id":24778,"date":"2021-12-10T20:31:50","date_gmt":"2021-12-10T19:31:50","guid":{"rendered":"https:\/\/ei-design.org\/?post_type=product&#038;p=24778"},"modified":"2024-08-01T13:27:18","modified_gmt":"2024-08-01T11:27:18","slug":"cristalina-lamp-project","status":"publish","type":"product","link":"https:\/\/ei-design.org\/es\/product\/cristalina-lamp-project\/","title":{"rendered":"Cristalina lamp project"},"content":{"rendered":"<p><span style=\"font-size: 110%; color: #282828;\">Luzmixtura es \"slow design\", dise\u00f1o con alma. Por ello apuestan por la conservaci\u00f3n de la artesan\u00eda hecha en Espa\u00f1a colaborando con artesanos locales, los mismos que dejan un poco de su ser en cada objeto.<\/span><\/p>\n<p><span style=\"font-size: 110%; color: #282828;\">Luzmixtura cree que la luz es el material perfecto, la esculpen en cada espacio y en cada luminaria en busca de una experiencia inesperada.<\/span><\/p>\n<p><span style=\"font-size: 110%; color: #282828;\">L\u00e1mpara CRISTALINA es un proyecto que cambia el ambiente de una forma casi m\u00e1gica.<\/span><\/p>\n<p><span style=\"font-size: 110%; color: #282828;\">Cada l\u00e1mpara se produce una a una manualmente. La base est\u00e1 realizada en cer\u00e1mica mediante la t\u00e9cnica tradicional del torno y la corona de vidrio.<\/span><\/p>\n<p><span style=\"font-size: 110%; color: #282828;\">CRISTALINA collection se desarrolla en tres versiones, luminaria para mesa, pared y suspendida, disponible en diferentes tama\u00f1os y colores.<\/span><\/p>\n<p><!--more--><\/p>\n<p><a href=\"https:\/\/ei-design.org\/wp-content\/uploads\/2021\/12\/Cristalina-lamp-table-mesa-luzmixtura-02.jpg\"><img loading=\"lazy\" class=\"aligncenter wp-image-24796\" src=\"https:\/\/ei-design.org\/wp-content\/uploads\/2021\/12\/Cristalina-lamp-table-mesa-luzmixtura-02-300x400.jpg\" alt=\"\" width=\"920\" height=\"1227\" srcset=\"https:\/\/ei-design.org\/wp-content\/uploads\/2021\/12\/Cristalina-lamp-table-mesa-luzmixtura-02-300x400.jpg 300w, https:\/\/ei-design.org\/wp-content\/uploads\/2021\/12\/Cristalina-lamp-table-mesa-luzmixtura-02-600x800.jpg 600w, https:\/\/ei-design.org\/wp-content\/uploads\/2021\/12\/Cristalina-lamp-table-mesa-luzmixtura-02-768x1024.jpg 768w, https:\/\/ei-design.org\/wp-content\/uploads\/2021\/12\/Cristalina-lamp-table-mesa-luzmixtura-02-9x12.jpg 9w, https:\/\/ei-design.org\/wp-content\/uploads\/2021\/12\/Cristalina-lamp-table-mesa-luzmixtura-02-1000x1334.jpg 1000w, https:\/\/ei-design.org\/wp-content\/uploads\/2021\/12\/Cristalina-lamp-table-mesa-luzmixtura-02.jpg 1075w\" sizes=\"(max-width: 920px) 100vw, 920px\" \/><\/a><\/p>\n<p><!--more--><\/p>\n<p><a href=\"https:\/\/ei-design.org\/wp-content\/uploads\/2021\/12\/Cristalina-lamp-collection-handmade-clay-glass-luzmixtura-02.jpg\"><img loading=\"lazy\" class=\"aligncenter wp-image-24784\" src=\"https:\/\/ei-design.org\/wp-content\/uploads\/2021\/12\/Cristalina-lamp-collection-handmade-clay-glass-luzmixtura-02.jpg\" alt=\"\" width=\"920\" height=\"1380\" srcset=\"https:\/\/ei-design.org\/wp-content\/uploads\/2021\/12\/Cristalina-lamp-collection-handmade-clay-glass-luzmixtura-02.jpg 1051w, https:\/\/ei-design.org\/wp-content\/uploads\/2021\/12\/Cristalina-lamp-collection-handmade-clay-glass-luzmixtura-02-267x400.jpg 267w, https:\/\/ei-design.org\/wp-content\/uploads\/2021\/12\/Cristalina-lamp-collection-handmade-clay-glass-luzmixtura-02-534x800.jpg 534w, https:\/\/ei-design.org\/wp-content\/uploads\/2021\/12\/Cristalina-lamp-collection-handmade-clay-glass-luzmixtura-02-768x1152.jpg 768w, https:\/\/ei-design.org\/wp-content\/uploads\/2021\/12\/Cristalina-lamp-collection-handmade-clay-glass-luzmixtura-02-1024x1536.jpg 1024w, https:\/\/ei-design.org\/wp-content\/uploads\/2021\/12\/Cristalina-lamp-collection-handmade-clay-glass-luzmixtura-02-8x12.jpg 8w, https:\/\/ei-design.org\/wp-content\/uploads\/2021\/12\/Cristalina-lamp-collection-handmade-clay-glass-luzmixtura-02-1000x1500.jpg 1000w\" sizes=\"(max-width: 920px) 100vw, 920px\" \/><\/a><\/p>\n<p><!--more--><\/p>\n<p><a href=\"https:\/\/ei-design.org\/wp-content\/uploads\/2021\/12\/Cristalina-lamp-table-mesa-luzmixtura-03.jpg\"><img loading=\"lazy\" class=\"aligncenter wp-image-24785\" src=\"https:\/\/ei-design.org\/wp-content\/uploads\/2021\/12\/Cristalina-lamp-table-mesa-luzmixtura-03.jpg\" alt=\"\" width=\"920\" height=\"1380\" srcset=\"https:\/\/ei-design.org\/wp-content\/uploads\/2021\/12\/Cristalina-lamp-table-mesa-luzmixtura-03.jpg 1075w, https:\/\/ei-design.org\/wp-content\/uploads\/2021\/12\/Cristalina-lamp-table-mesa-luzmixtura-03-267x400.jpg 267w, https:\/\/ei-design.org\/wp-content\/uploads\/2021\/12\/Cristalina-lamp-table-mesa-luzmixtura-03-533x800.jpg 533w, https:\/\/ei-design.org\/wp-content\/uploads\/2021\/12\/Cristalina-lamp-table-mesa-luzmixtura-03-768x1152.jpg 768w, https:\/\/ei-design.org\/wp-content\/uploads\/2021\/12\/Cristalina-lamp-table-mesa-luzmixtura-03-1024x1536.jpg 1024w, https:\/\/ei-design.org\/wp-content\/uploads\/2021\/12\/Cristalina-lamp-table-mesa-luzmixtura-03-8x12.jpg 8w, https:\/\/ei-design.org\/wp-content\/uploads\/2021\/12\/Cristalina-lamp-table-mesa-luzmixtura-03-1000x1500.jpg 1000w\" sizes=\"(max-width: 920px) 100vw, 920px\" \/><\/a><\/p>\n<p><!--more--><\/p>\n<p><a href=\"https:\/\/ei-design.org\/wp-content\/uploads\/2021\/12\/Cristalina-lamp-wall-aplique-luzmixtura-21.jpg\"><img loading=\"lazy\" class=\"aligncenter wp-image-24787\" src=\"https:\/\/ei-design.org\/wp-content\/uploads\/2021\/12\/Cristalina-lamp-wall-aplique-luzmixtura-21-625x400.jpg\" alt=\"\" width=\"920\" height=\"589\" srcset=\"https:\/\/ei-design.org\/wp-content\/uploads\/2021\/12\/Cristalina-lamp-wall-aplique-luzmixtura-21-625x400.jpg 625w, https:\/\/ei-design.org\/wp-content\/uploads\/2021\/12\/Cristalina-lamp-wall-aplique-luzmixtura-21-768x491.jpg 768w, https:\/\/ei-design.org\/wp-content\/uploads\/2021\/12\/Cristalina-lamp-wall-aplique-luzmixtura-21-16x10.jpg 16w, https:\/\/ei-design.org\/wp-content\/uploads\/2021\/12\/Cristalina-lamp-wall-aplique-luzmixtura-21.jpg 977w\" sizes=\"(max-width: 920px) 100vw, 920px\" \/><\/a><\/p>\n<p><!--more--><\/p>\n<p><a href=\"https:\/\/ei-design.org\/wp-content\/uploads\/2021\/12\/Cristalina-lamp-table-mesa-luzmixtura-06.jpg\"><img loading=\"lazy\" class=\"aligncenter wp-image-24786\" src=\"https:\/\/ei-design.org\/wp-content\/uploads\/2021\/12\/Cristalina-lamp-table-mesa-luzmixtura-06-354x400.jpg\" alt=\"\" width=\"920\" height=\"1040\" srcset=\"https:\/\/ei-design.org\/wp-content\/uploads\/2021\/12\/Cristalina-lamp-table-mesa-luzmixtura-06-354x400.jpg 354w, https:\/\/ei-design.org\/wp-content\/uploads\/2021\/12\/Cristalina-lamp-table-mesa-luzmixtura-06-708x800.jpg 708w, https:\/\/ei-design.org\/wp-content\/uploads\/2021\/12\/Cristalina-lamp-table-mesa-luzmixtura-06-768x868.jpg 768w, https:\/\/ei-design.org\/wp-content\/uploads\/2021\/12\/Cristalina-lamp-table-mesa-luzmixtura-06-11x12.jpg 11w, https:\/\/ei-design.org\/wp-content\/uploads\/2021\/12\/Cristalina-lamp-table-mesa-luzmixtura-06-1000x1130.jpg 1000w, https:\/\/ei-design.org\/wp-content\/uploads\/2021\/12\/Cristalina-lamp-table-mesa-luzmixtura-06.jpg 1075w\" sizes=\"(max-width: 920px) 100vw, 920px\" \/><\/a><\/p>\n<p><!--more--><a href=\"https:\/\/ei-design.org\/wp-content\/uploads\/2021\/12\/Cristalina-lamp-wall-aplique-luzmixtura-01.jpg\"><img loading=\"lazy\" class=\"aligncenter wp-image-24789\" src=\"https:\/\/ei-design.org\/wp-content\/uploads\/2021\/12\/Cristalina-lamp-wall-aplique-luzmixtura-01-362x400.jpg\" alt=\"\" width=\"920\" height=\"1016\" srcset=\"https:\/\/ei-design.org\/wp-content\/uploads\/2021\/12\/Cristalina-lamp-wall-aplique-luzmixtura-01-362x400.jpg 362w, https:\/\/ei-design.org\/wp-content\/uploads\/2021\/12\/Cristalina-lamp-wall-aplique-luzmixtura-01-725x800.jpg 725w, https:\/\/ei-design.org\/wp-content\/uploads\/2021\/12\/Cristalina-lamp-wall-aplique-luzmixtura-01-768x848.jpg 768w, https:\/\/ei-design.org\/wp-content\/uploads\/2021\/12\/Cristalina-lamp-wall-aplique-luzmixtura-01-11x12.jpg 11w, https:\/\/ei-design.org\/wp-content\/uploads\/2021\/12\/Cristalina-lamp-wall-aplique-luzmixtura-01-1000x1104.jpg 1000w, https:\/\/ei-design.org\/wp-content\/uploads\/2021\/12\/Cristalina-lamp-wall-aplique-luzmixtura-01.jpg 1075w\" sizes=\"(max-width: 920px) 100vw, 920px\" \/><\/a><\/p>\n<p><!--more--><\/p>\n<p><a href=\"https:\/\/ei-design.org\/wp-content\/uploads\/2021\/12\/Cristalina-lamp-wall-aplique-luzmixtura-03.jpg\"><img loading=\"lazy\" class=\"aligncenter wp-image-24791\" src=\"https:\/\/ei-design.org\/wp-content\/uploads\/2021\/12\/Cristalina-lamp-wall-aplique-luzmixtura-03-267x400.jpg\" alt=\"\" width=\"920\" height=\"1380\" srcset=\"https:\/\/ei-design.org\/wp-content\/uploads\/2021\/12\/Cristalina-lamp-wall-aplique-luzmixtura-03-267x400.jpg 267w, https:\/\/ei-design.org\/wp-content\/uploads\/2021\/12\/Cristalina-lamp-wall-aplique-luzmixtura-03-533x800.jpg 533w, https:\/\/ei-design.org\/wp-content\/uploads\/2021\/12\/Cristalina-lamp-wall-aplique-luzmixtura-03-768x1152.jpg 768w, https:\/\/ei-design.org\/wp-content\/uploads\/2021\/12\/Cristalina-lamp-wall-aplique-luzmixtura-03-1024x1536.jpg 1024w, https:\/\/ei-design.org\/wp-content\/uploads\/2021\/12\/Cristalina-lamp-wall-aplique-luzmixtura-03-8x12.jpg 8w, https:\/\/ei-design.org\/wp-content\/uploads\/2021\/12\/Cristalina-lamp-wall-aplique-luzmixtura-03-1000x1500.jpg 1000w, https:\/\/ei-design.org\/wp-content\/uploads\/2021\/12\/Cristalina-lamp-wall-aplique-luzmixtura-03.jpg 1075w\" sizes=\"(max-width: 920px) 100vw, 920px\" \/><\/a><\/p>\n<p><!--more--><\/p>\n<p><a href=\"https:\/\/ei-design.org\/wp-content\/uploads\/2022\/03\/Cristalina-otto-lamp-light-design-lampara-barro-vidrio-glass-luzmixtura_01-1.png\"><img loading=\"lazy\" class=\"aligncenter wp-image-25890\" src=\"https:\/\/ei-design.org\/wp-content\/uploads\/2022\/03\/Cristalina-otto-lamp-light-design-lampara-barro-vidrio-glass-luzmixtura_01-1-267x400.png\" alt=\"\" width=\"920\" height=\"1380\" srcset=\"https:\/\/ei-design.org\/wp-content\/uploads\/2022\/03\/Cristalina-otto-lamp-light-design-lampara-barro-vidrio-glass-luzmixtura_01-1-267x400.png 267w, https:\/\/ei-design.org\/wp-content\/uploads\/2022\/03\/Cristalina-otto-lamp-light-design-lampara-barro-vidrio-glass-luzmixtura_01-1-533x800.png 533w, https:\/\/ei-design.org\/wp-content\/uploads\/2022\/03\/Cristalina-otto-lamp-light-design-lampara-barro-vidrio-glass-luzmixtura_01-1-8x12.png 8w, https:\/\/ei-design.org\/wp-content\/uploads\/2022\/03\/Cristalina-otto-lamp-light-design-lampara-barro-vidrio-glass-luzmixtura_01-1.png 720w\" sizes=\"(max-width: 920px) 100vw, 920px\" \/><\/a><\/p>\n<p style=\"text-align: center;\"><span style=\"background-color: #cbf0f2; font-size: 110%; color: #0000ff;\"><em><a style=\"color: #0000ff; background-color: #cbf0f2;\" href=\"https:\/\/drive.google.com\/file\/d\/19zOaOXGuCNC0YT213xGesE7UDY1aRurj\/view\">More info: view complete brochure <strong>here<\/strong><\/a><\/em><\/span><\/p>","protected":false},"excerpt":{"rendered":"<p style=\"text-align: center;\"><span style=\"font-size: 120%; color: #282828;\"><strong>\"Cristalina lamp\" m\u00e1gica atmosfera<\/strong><\/span><\/p>\n<p style=\"text-align: center;\">&#8211;<\/p>","protected":false},"featured_media":26444,"template":"","meta":[],"_links":{"self":[{"href":"https:\/\/ei-design.org\/es\/wp-json\/wp\/v2\/product\/24778"}],"collection":[{"href":"https:\/\/ei-design.org\/es\/wp-json\/wp\/v2\/product"}],"about":[{"href":"https:\/\/ei-design.org\/es\/wp-json\/wp\/v2\/types\/product"}],"wp:featuredmedia":[{"embeddable":true,"href":"https:\/\/ei-design.org\/es\/wp-json\/wp\/v2\/media\/26444"}],"wp:attachment":[{"href":"https:\/\/ei-design.org\/es\/wp-json\/wp\/v2\/media?parent=24778"}],"curies":[{"name":"wp","href":"https:\/\/api.w.org\/{rel}","templated":true}]}}