{"id":24733,"date":"2021-05-25T15:06:58","date_gmt":"2021-05-25T13:06:58","guid":{"rendered":"https:\/\/ei-design.org\/?post_type=product&#038;p=24733"},"modified":"2024-08-01T13:28:30","modified_gmt":"2024-08-01T11:28:30","slug":"into-deep-for-eidesign-by-angelica-tcherassi","status":"publish","type":"product","link":"https:\/\/ei-design.org\/es\/product\/into-deep-for-eidesign-by-angelica-tcherassi\/","title":{"rendered":"Into Deep Collection"},"content":{"rendered":"<p><span style=\"font-size: 110%; color: #282828;\">\"Into Deep\" es un mensaje para recordarnos que a trav\u00e9s de la lluvia y el sol, los buenos o los malos momentos nos tenemos a nosotros mismos y eso es suficiente.\" Vuelve siempre a tu centro. Si\u00e9ntete bien en tu propia piel. S\u00e9 tu mismo a la hora de entregarte\". Angelica cree que la magia ocurre cuando aprendemos a conectar el poder de nuestro coraz\u00f3n con nuestra mente. No podemos controlar nuestras circunstancias, pero s\u00ed, c\u00f3mo respondemos a ellas. Todos tenemos nuestro conjunto de lecciones en el viaje de la vida, elegimos sanar a trav\u00e9s del amor, ser felices, ser amables, pase lo que pase. El karma existe. En un mundo nuevo donde puedes elegir ser CUALQUIER COSA, s\u00e9 siempre ligero.<\/span><\/p>\n<p><span style=\"font-size: 110%; color: #282828;\">As\u00ed como elegir vibrar alto a diario es un estilo de vida... Ang\u00e9lica ha estado trascendiendo sus obras de arte a diferentes medios en los \u00faltimos meses. www.angelicatcherassi.com\u00a0<span style=\"color: #3366ff;\"><a style=\"color: #3366ff;\" href=\"http:\/\/www.angelicatcherassi.com\/\" target=\"_blank\" rel=\"noopener noreferrer\" data-saferedirecturl=\"https:\/\/www.google.com\/url?q=http:\/\/www.angelicatcherassi.com&amp;source=gmail&amp;ust=1638953966756000&amp;usg=AOvVaw0hRac9Z-2Ao_eOoPTFCwHS\">www.angelicatcherassi.com<\/a><\/span><\/span><\/p>\n<p><span style=\"font-size: 110%; color: #282828;\">\"Into Deep\" es una colecci\u00f3n c\u00e1psula disponible solo en eiDesign Shop. * Tama\u00f1os a medida y opci\u00f3n de lienzo bajo pedido.<\/span><\/p>\n<p><!--more--><\/p>\n<p><a href=\"https:\/\/ei-design.org\/wp-content\/uploads\/2021\/12\/composicion-1A-IntoDeep_foto.jpg\"><img loading=\"lazy\" class=\"aligncenter wp-image-24743 size-large\" src=\"https:\/\/ei-design.org\/wp-content\/uploads\/2021\/12\/composicion-1A-IntoDeep_foto-1259x800.jpg\" alt=\"\" width=\"1020\" height=\"648\" srcset=\"https:\/\/ei-design.org\/wp-content\/uploads\/2021\/12\/composicion-1A-IntoDeep_foto-1259x800.jpg 1259w, https:\/\/ei-design.org\/wp-content\/uploads\/2021\/12\/composicion-1A-IntoDeep_foto-629x400.jpg 629w, https:\/\/ei-design.org\/wp-content\/uploads\/2021\/12\/composicion-1A-IntoDeep_foto-768x488.jpg 768w, https:\/\/ei-design.org\/wp-content\/uploads\/2021\/12\/composicion-1A-IntoDeep_foto-16x10.jpg 16w, https:\/\/ei-design.org\/wp-content\/uploads\/2021\/12\/composicion-1A-IntoDeep_foto-1000x635.jpg 1000w, https:\/\/ei-design.org\/wp-content\/uploads\/2021\/12\/composicion-1A-IntoDeep_foto.jpg 1262w\" sizes=\"(max-width: 1020px) 100vw, 1020px\" \/><\/a><\/p>\n<p style=\"text-align: center;\"><em>&#8220;Get Up&#8221;\u00a0<\/em><\/p>\n<p>&nbsp;<\/p>\n<p><!--more--><\/p>\n<p><a href=\"https:\/\/ei-design.org\/wp-content\/uploads\/2021\/12\/composicion-2B.jpg\"><img loading=\"lazy\" class=\"aligncenter wp-image-24744 size-large\" src=\"https:\/\/ei-design.org\/wp-content\/uploads\/2021\/12\/composicion-2B-1259x800.jpg\" alt=\"\" width=\"1020\" height=\"648\" srcset=\"https:\/\/ei-design.org\/wp-content\/uploads\/2021\/12\/composicion-2B-1259x800.jpg 1259w, https:\/\/ei-design.org\/wp-content\/uploads\/2021\/12\/composicion-2B-629x400.jpg 629w, https:\/\/ei-design.org\/wp-content\/uploads\/2021\/12\/composicion-2B-768x488.jpg 768w, https:\/\/ei-design.org\/wp-content\/uploads\/2021\/12\/composicion-2B-16x10.jpg 16w, https:\/\/ei-design.org\/wp-content\/uploads\/2021\/12\/composicion-2B-1000x635.jpg 1000w, https:\/\/ei-design.org\/wp-content\/uploads\/2021\/12\/composicion-2B.jpg 1262w\" sizes=\"(max-width: 1020px) 100vw, 1020px\" \/><\/a><\/p>\n<p style=\"text-align: center;\"><em>&#8220;Resilience&#8221;<\/em><\/p>\n<p>&nbsp;<\/p>\n<p><!--more--><\/p>\n<p><a href=\"https:\/\/ei-design.org\/wp-content\/uploads\/2021\/12\/composicion-0.jpg\"><img loading=\"lazy\" class=\"aligncenter wp-image-24745 size-large\" src=\"https:\/\/ei-design.org\/wp-content\/uploads\/2021\/12\/composicion-0-1259x800.jpg\" alt=\"\" width=\"1020\" height=\"648\" srcset=\"https:\/\/ei-design.org\/wp-content\/uploads\/2021\/12\/composicion-0-1259x800.jpg 1259w, https:\/\/ei-design.org\/wp-content\/uploads\/2021\/12\/composicion-0-629x400.jpg 629w, https:\/\/ei-design.org\/wp-content\/uploads\/2021\/12\/composicion-0-768x488.jpg 768w, https:\/\/ei-design.org\/wp-content\/uploads\/2021\/12\/composicion-0-16x10.jpg 16w, https:\/\/ei-design.org\/wp-content\/uploads\/2021\/12\/composicion-0-1000x635.jpg 1000w, https:\/\/ei-design.org\/wp-content\/uploads\/2021\/12\/composicion-0.jpg 1262w\" sizes=\"(max-width: 1020px) 100vw, 1020px\" \/><\/a><\/p>\n<p style=\"text-align: center;\"><em>&#8220;Where you stand&#8221;<\/em><\/p>\n<p>&nbsp;<\/p>","protected":false},"excerpt":{"rendered":"<p style=\"text-align: center;\"><span style=\"color: #282828;\"><strong><span style=\"font-size: 120%;\">\u201cInto Deep\u201d is a collection of artworks prints series, a collaboration between Angelica Tcherassi &amp; eiDesign<\/span><\/strong><\/span><\/p>\n<p style=\"text-align: center;\">&#8211;<\/p>","protected":false},"featured_media":24884,"template":"","meta":[],"_links":{"self":[{"href":"https:\/\/ei-design.org\/es\/wp-json\/wp\/v2\/product\/24733"}],"collection":[{"href":"https:\/\/ei-design.org\/es\/wp-json\/wp\/v2\/product"}],"about":[{"href":"https:\/\/ei-design.org\/es\/wp-json\/wp\/v2\/types\/product"}],"wp:featuredmedia":[{"embeddable":true,"href":"https:\/\/ei-design.org\/es\/wp-json\/wp\/v2\/media\/24884"}],"wp:attachment":[{"href":"https:\/\/ei-design.org\/es\/wp-json\/wp\/v2\/media?parent=24733"}],"curies":[{"name":"wp","href":"https:\/\/api.w.org\/{rel}","templated":true}]}}