{"id":24188,"date":"2021-09-04T18:57:27","date_gmt":"2021-09-04T16:57:27","guid":{"rendered":"http:\/\/ei-design.org\/?post_type=product&#038;p=24188"},"modified":"2024-08-01T12:37:40","modified_gmt":"2024-08-01T10:37:40","slug":"the-sindashi-flores-talavera-collection","status":"publish","type":"product","link":"https:\/\/ei-design.org\/es\/product\/the-sindashi-flores-talavera-collection\/","title":{"rendered":"Flores Talavera Collection"},"content":{"rendered":"<p><span style=\"font-size: 110%; color: #282828;\">The\u00a0<span class=\"il\">Sindashi<\/span>\u00a0La Colecci\u00f3n Flores Talavera representa la cultura mexicana. Cada prenda est\u00e1 confeccionada individualmente con dise\u00f1os pintados y bordados a mano que expresan elementos que forman parte de nuestra historia, como la naturaleza y la Talavera mexicana. Cada prenda refleja la pasi\u00f3n de los artistas y artesanos que colaboran juntos para crear obras de arte ponibles.<\/span><br \/>\n<span style=\"font-size: 110%; color: #282828;\">Las flores muestran parte de la flora de la \u00e9poca prehisp\u00e1nica en M\u00e9xico y la preciosa Talavera de Puebla que se inspira en nuestra cer\u00e1mica reconocida por la UNESCO como patrimonio de la humanidad.<\/span><\/p>\n<p><!--more--><\/p>\n<h4><a href=\"https:\/\/ei-design.org\/wp-content\/uploads\/2021\/11\/20_DSC9117-scaled.jpg\"><img loading=\"lazy\" class=\"aligncenter wp-image-24242\" src=\"https:\/\/ei-design.org\/wp-content\/uploads\/2021\/11\/20_DSC9117-266x400.jpg\" alt=\"\" width=\"1020\" height=\"1532\" srcset=\"https:\/\/ei-design.org\/wp-content\/uploads\/2021\/11\/20_DSC9117-266x400.jpg 266w, https:\/\/ei-design.org\/wp-content\/uploads\/2021\/11\/20_DSC9117-533x800.jpg 533w, https:\/\/ei-design.org\/wp-content\/uploads\/2021\/11\/20_DSC9117-768x1154.jpg 768w, https:\/\/ei-design.org\/wp-content\/uploads\/2021\/11\/20_DSC9117-1023x1536.jpg 1023w, https:\/\/ei-design.org\/wp-content\/uploads\/2021\/11\/20_DSC9117-1363x2048.jpg 1363w, https:\/\/ei-design.org\/wp-content\/uploads\/2021\/11\/20_DSC9117-8x12.jpg 8w, https:\/\/ei-design.org\/wp-content\/uploads\/2021\/11\/20_DSC9117-1000x1502.jpg 1000w, https:\/\/ei-design.org\/wp-content\/uploads\/2021\/11\/20_DSC9117-scaled.jpg 1704w\" sizes=\"(max-width: 1020px) 100vw, 1020px\" \/><\/a><a href=\"https:\/\/ei-design.org\/wp-content\/uploads\/2021\/11\/14-SIND262_B.jpg\"><img loading=\"lazy\" class=\"aligncenter wp-image-24240 size-full\" src=\"https:\/\/ei-design.org\/wp-content\/uploads\/2021\/11\/14-SIND262_B.jpg\" alt=\"\" width=\"1200\" height=\"1800\" srcset=\"https:\/\/ei-design.org\/wp-content\/uploads\/2021\/11\/14-SIND262_B.jpg 1200w, https:\/\/ei-design.org\/wp-content\/uploads\/2021\/11\/14-SIND262_B-267x400.jpg 267w, https:\/\/ei-design.org\/wp-content\/uploads\/2021\/11\/14-SIND262_B-533x800.jpg 533w, https:\/\/ei-design.org\/wp-content\/uploads\/2021\/11\/14-SIND262_B-768x1152.jpg 768w, https:\/\/ei-design.org\/wp-content\/uploads\/2021\/11\/14-SIND262_B-1024x1536.jpg 1024w, https:\/\/ei-design.org\/wp-content\/uploads\/2021\/11\/14-SIND262_B-8x12.jpg 8w, https:\/\/ei-design.org\/wp-content\/uploads\/2021\/11\/14-SIND262_B-1000x1500.jpg 1000w\" sizes=\"(max-width: 1200px) 100vw, 1200px\" \/><\/a><a href=\"https:\/\/ei-design.org\/wp-content\/uploads\/2021\/11\/8-SIND_515_L.jpg\"><img loading=\"lazy\" class=\"wp-image-24239 size-large aligncenter\" src=\"https:\/\/ei-design.org\/wp-content\/uploads\/2021\/11\/8-SIND_515_L-1106x800.jpg\" alt=\"\" width=\"1020\" height=\"738\" srcset=\"https:\/\/ei-design.org\/wp-content\/uploads\/2021\/11\/8-SIND_515_L-1106x800.jpg 1106w, https:\/\/ei-design.org\/wp-content\/uploads\/2021\/11\/8-SIND_515_L-553x400.jpg 553w, https:\/\/ei-design.org\/wp-content\/uploads\/2021\/11\/8-SIND_515_L-768x556.jpg 768w, https:\/\/ei-design.org\/wp-content\/uploads\/2021\/11\/8-SIND_515_L-1536x1111.jpg 1536w, https:\/\/ei-design.org\/wp-content\/uploads\/2021\/11\/8-SIND_515_L-2048x1482.jpg 2048w, https:\/\/ei-design.org\/wp-content\/uploads\/2021\/11\/8-SIND_515_L-16x12.jpg 16w, https:\/\/ei-design.org\/wp-content\/uploads\/2021\/11\/8-SIND_515_L-1000x723.jpg 1000w\" sizes=\"(max-width: 1020px) 100vw, 1020px\" \/><\/a><a href=\"https:\/\/ei-design.org\/wp-content\/uploads\/2021\/11\/7-SIND328_L.jpg\"><img loading=\"lazy\" class=\"aligncenter wp-image-24238\" src=\"https:\/\/ei-design.org\/wp-content\/uploads\/2021\/11\/7-SIND328_L-267x400.jpg\" alt=\"\" width=\"1020\" height=\"1530\" srcset=\"https:\/\/ei-design.org\/wp-content\/uploads\/2021\/11\/7-SIND328_L-267x400.jpg 267w, https:\/\/ei-design.org\/wp-content\/uploads\/2021\/11\/7-SIND328_L-533x800.jpg 533w, https:\/\/ei-design.org\/wp-content\/uploads\/2021\/11\/7-SIND328_L-768x1152.jpg 768w, https:\/\/ei-design.org\/wp-content\/uploads\/2021\/11\/7-SIND328_L-1024x1536.jpg 1024w, https:\/\/ei-design.org\/wp-content\/uploads\/2021\/11\/7-SIND328_L-8x12.jpg 8w, https:\/\/ei-design.org\/wp-content\/uploads\/2021\/11\/7-SIND328_L-1000x1500.jpg 1000w, https:\/\/ei-design.org\/wp-content\/uploads\/2021\/11\/7-SIND328_L.jpg 1200w\" sizes=\"(max-width: 1020px) 100vw, 1020px\" \/><\/a><a href=\"https:\/\/ei-design.org\/wp-content\/uploads\/2021\/11\/4ab-SIND_515_L.jpg\"><img loading=\"lazy\" class=\"aligncenter wp-image-24235 size-large\" src=\"https:\/\/ei-design.org\/wp-content\/uploads\/2021\/11\/4ab-SIND_515_L-1106x800.jpg\" alt=\"\" width=\"1020\" height=\"738\" srcset=\"https:\/\/ei-design.org\/wp-content\/uploads\/2021\/11\/4ab-SIND_515_L-1106x800.jpg 1106w, https:\/\/ei-design.org\/wp-content\/uploads\/2021\/11\/4ab-SIND_515_L-553x400.jpg 553w, https:\/\/ei-design.org\/wp-content\/uploads\/2021\/11\/4ab-SIND_515_L-768x556.jpg 768w, https:\/\/ei-design.org\/wp-content\/uploads\/2021\/11\/4ab-SIND_515_L-1536x1111.jpg 1536w, https:\/\/ei-design.org\/wp-content\/uploads\/2021\/11\/4ab-SIND_515_L-2048x1482.jpg 2048w, https:\/\/ei-design.org\/wp-content\/uploads\/2021\/11\/4ab-SIND_515_L-16x12.jpg 16w, https:\/\/ei-design.org\/wp-content\/uploads\/2021\/11\/4ab-SIND_515_L-1000x723.jpg 1000w\" sizes=\"(max-width: 1020px) 100vw, 1020px\" \/><\/a><a href=\"https:\/\/ei-design.org\/wp-content\/uploads\/2021\/11\/1-SIND_515_L.jpg\"><img loading=\"lazy\" class=\"aligncenter wp-image-24233\" src=\"https:\/\/ei-design.org\/wp-content\/uploads\/2021\/11\/1-SIND_515_L-534x800.jpg\" alt=\"\" width=\"1020\" height=\"1529\" srcset=\"https:\/\/ei-design.org\/wp-content\/uploads\/2021\/11\/1-SIND_515_L-534x800.jpg 534w, https:\/\/ei-design.org\/wp-content\/uploads\/2021\/11\/1-SIND_515_L-267x400.jpg 267w, https:\/\/ei-design.org\/wp-content\/uploads\/2021\/11\/1-SIND_515_L-768x1151.jpg 768w, https:\/\/ei-design.org\/wp-content\/uploads\/2021\/11\/1-SIND_515_L-1025x1536.jpg 1025w, https:\/\/ei-design.org\/wp-content\/uploads\/2021\/11\/1-SIND_515_L-8x12.jpg 8w, https:\/\/ei-design.org\/wp-content\/uploads\/2021\/11\/1-SIND_515_L-1000x1499.jpg 1000w, https:\/\/ei-design.org\/wp-content\/uploads\/2021\/11\/1-SIND_515_L.jpg 1200w\" sizes=\"(max-width: 1020px) 100vw, 1020px\" \/><\/a><\/h4>\n<h4><\/h4>\n<p>&nbsp;<\/p>\n<h5><\/h5>\n<h4><\/h4>","protected":false},"excerpt":{"rendered":"<p style=\"text-align: center;\"><span style=\"color: #282828;\"><strong><span style=\"font-size: 120%;\">The\u00a0<span class=\"il\">Sindashi<\/span> Flores Talavera Collection representa la cultura Mexicana<\/span><\/strong><\/span><\/p>\n<p style=\"text-align: center;\"><span style=\"color: #ffffff;\">&#8211;<\/span><\/p>","protected":false},"featured_media":24243,"template":"","meta":[],"_links":{"self":[{"href":"https:\/\/ei-design.org\/es\/wp-json\/wp\/v2\/product\/24188"}],"collection":[{"href":"https:\/\/ei-design.org\/es\/wp-json\/wp\/v2\/product"}],"about":[{"href":"https:\/\/ei-design.org\/es\/wp-json\/wp\/v2\/types\/product"}],"wp:featuredmedia":[{"embeddable":true,"href":"https:\/\/ei-design.org\/es\/wp-json\/wp\/v2\/media\/24243"}],"wp:attachment":[{"href":"https:\/\/ei-design.org\/es\/wp-json\/wp\/v2\/media?parent=24188"}],"curies":[{"name":"wp","href":"https:\/\/api.w.org\/{rel}","templated":true}]}}