{"id":24135,"date":"2021-09-03T14:30:33","date_gmt":"2021-09-03T12:30:33","guid":{"rendered":"http:\/\/ei-design.org\/?post_type=product&#038;p=24135"},"modified":"2024-08-01T12:10:44","modified_gmt":"2024-08-01T10:10:44","slug":"palombari","status":"publish","type":"product","link":"https:\/\/ei-design.org\/es\/product\/palombari\/","title":{"rendered":"Palombaro project"},"content":{"rendered":"<p><span style=\"font-size: 110%; color: #282828;\">Freaklab es un laboratorio contempor\u00e1neo fundado en 2016 por Antonio Sunseri. Apasionado de la cer\u00e1mica, desarrolla su investigaci\u00f3n profundizando en las t\u00e9cnicas de cer\u00e1mica y terracota. Sus obras son piezas \u00fanicas. El tema es el de la relaci\u00f3n entre el hombre y la naturaleza. Crea h\u00edbridos, zoomorfas y fitomorfas. Elige el t\u00e9rmino \u201cFreak\u201d porque siempre ha creado obras tendencialmente monstruosas, originales y diferentes, enriquecidas con caracterizaciones exageradas y perturbadoras, que hacen curiosamente agradable la observaci\u00f3n contemplativa y atenta de cada pieza.<\/span><\/p>\n<p><span style=\"font-size: 110%; color: #282828;\">\"Palombaro\" significa buceador en Italiano, y forma parte de la serie Big Humans, esculturas cer\u00e1micas antropomorfas y representa al \u201cso\u00f1ador\u201d que vive en un estado de letargo bajo la presi\u00f3n de la vida cotidiana rodeado de agua de mar y aves s\u00edmbolo de pensamiento libre.<\/span><\/p>\n<h4><\/h4>\n<p><a href=\"https:\/\/ei-design.org\/wp-content\/uploads\/2021\/11\/PALOMBARO-GLICINE-FRONTALE-scaled.jpg\"><br \/>\n<img loading=\"lazy\" class=\"aligncenter wp-image-24136\" src=\"https:\/\/ei-design.org\/wp-content\/uploads\/2021\/11\/PALOMBARO-GLICINE-FRONTALE-scaled.jpg\" alt=\"\" width=\"1000\" height=\"1333\" srcset=\"https:\/\/ei-design.org\/wp-content\/uploads\/2021\/11\/PALOMBARO-GLICINE-FRONTALE-scaled.jpg 1920w, https:\/\/ei-design.org\/wp-content\/uploads\/2021\/11\/PALOMBARO-GLICINE-FRONTALE-300x400.jpg 300w, https:\/\/ei-design.org\/wp-content\/uploads\/2021\/11\/PALOMBARO-GLICINE-FRONTALE-600x800.jpg 600w, https:\/\/ei-design.org\/wp-content\/uploads\/2021\/11\/PALOMBARO-GLICINE-FRONTALE-768x1024.jpg 768w, https:\/\/ei-design.org\/wp-content\/uploads\/2021\/11\/PALOMBARO-GLICINE-FRONTALE-1152x1536.jpg 1152w, https:\/\/ei-design.org\/wp-content\/uploads\/2021\/11\/PALOMBARO-GLICINE-FRONTALE-1536x2048.jpg 1536w, https:\/\/ei-design.org\/wp-content\/uploads\/2021\/11\/PALOMBARO-GLICINE-FRONTALE-9x12.jpg 9w, https:\/\/ei-design.org\/wp-content\/uploads\/2021\/11\/PALOMBARO-GLICINE-FRONTALE-1000x1334.jpg 1000w\" sizes=\"(max-width: 1000px) 100vw, 1000px\" \/><\/a><\/p>\n<p><em style=\"font-size: 13.3333px;\">Palombaro woman<\/em><\/p>\n<p><!--more--><\/p>\n<p><a href=\"https:\/\/ei-design.org\/wp-content\/uploads\/2021\/11\/1PALOMBARO-GRIGIO-METALLIZZATO-FROTALE-scaled.jpg\"><img loading=\"lazy\" class=\"aligncenter wp-image-24141\" src=\"https:\/\/ei-design.org\/wp-content\/uploads\/2021\/11\/1PALOMBARO-GRIGIO-METALLIZZATO-FROTALE-608x400.jpg\" alt=\"\" width=\"1000\" height=\"658\" srcset=\"https:\/\/ei-design.org\/wp-content\/uploads\/2021\/11\/1PALOMBARO-GRIGIO-METALLIZZATO-FROTALE-608x400.jpg 608w, https:\/\/ei-design.org\/wp-content\/uploads\/2021\/11\/1PALOMBARO-GRIGIO-METALLIZZATO-FROTALE-1215x800.jpg 1215w, https:\/\/ei-design.org\/wp-content\/uploads\/2021\/11\/1PALOMBARO-GRIGIO-METALLIZZATO-FROTALE-768x506.jpg 768w, https:\/\/ei-design.org\/wp-content\/uploads\/2021\/11\/1PALOMBARO-GRIGIO-METALLIZZATO-FROTALE-1536x1011.jpg 1536w, https:\/\/ei-design.org\/wp-content\/uploads\/2021\/11\/1PALOMBARO-GRIGIO-METALLIZZATO-FROTALE-2048x1348.jpg 2048w, https:\/\/ei-design.org\/wp-content\/uploads\/2021\/11\/1PALOMBARO-GRIGIO-METALLIZZATO-FROTALE-16x12.jpg 16w, https:\/\/ei-design.org\/wp-content\/uploads\/2021\/11\/1PALOMBARO-GRIGIO-METALLIZZATO-FROTALE-1000x658.jpg 1000w\" sizes=\"(max-width: 1000px) 100vw, 1000px\" \/><\/a><\/p>\n<p>&nbsp;<\/p>\n<p><!--more--><\/p>\n<p><a href=\"https:\/\/ei-design.org\/wp-content\/uploads\/2021\/11\/PALOMBARO-ARANCIONE-FRONTALE-scaled.jpg\"><img loading=\"lazy\" class=\"aligncenter wp-image-24142\" src=\"https:\/\/ei-design.org\/wp-content\/uploads\/2021\/11\/PALOMBARO-ARANCIONE-FRONTALE-300x400.jpg\" alt=\"\" width=\"700\" height=\"933\" srcset=\"https:\/\/ei-design.org\/wp-content\/uploads\/2021\/11\/PALOMBARO-ARANCIONE-FRONTALE-300x400.jpg 300w, https:\/\/ei-design.org\/wp-content\/uploads\/2021\/11\/PALOMBARO-ARANCIONE-FRONTALE-600x800.jpg 600w, https:\/\/ei-design.org\/wp-content\/uploads\/2021\/11\/PALOMBARO-ARANCIONE-FRONTALE-768x1024.jpg 768w, https:\/\/ei-design.org\/wp-content\/uploads\/2021\/11\/PALOMBARO-ARANCIONE-FRONTALE-1152x1536.jpg 1152w, https:\/\/ei-design.org\/wp-content\/uploads\/2021\/11\/PALOMBARO-ARANCIONE-FRONTALE-1536x2048.jpg 1536w, https:\/\/ei-design.org\/wp-content\/uploads\/2021\/11\/PALOMBARO-ARANCIONE-FRONTALE-9x12.jpg 9w, https:\/\/ei-design.org\/wp-content\/uploads\/2021\/11\/PALOMBARO-ARANCIONE-FRONTALE-1000x1334.jpg 1000w, https:\/\/ei-design.org\/wp-content\/uploads\/2021\/11\/PALOMBARO-ARANCIONE-FRONTALE-scaled.jpg 1920w\" sizes=\"(max-width: 700px) 100vw, 700px\" \/><\/a><\/p>\n<p style=\"text-align: center;\"><span style=\"font-size: 10pt;\"><em>Palombaro man<\/em><\/span><\/p>\n<p><a href=\"https:\/\/ei-design.org\/wp-content\/uploads\/2021\/11\/IMG_9276-scaled.jpg\"><img loading=\"lazy\" class=\"aligncenter wp-image-24137\" src=\"https:\/\/ei-design.org\/wp-content\/uploads\/2021\/11\/IMG_9276-300x400.jpg\" alt=\"\" width=\"480\" height=\"640\" srcset=\"https:\/\/ei-design.org\/wp-content\/uploads\/2021\/11\/IMG_9276-300x400.jpg 300w, https:\/\/ei-design.org\/wp-content\/uploads\/2021\/11\/IMG_9276-600x800.jpg 600w, https:\/\/ei-design.org\/wp-content\/uploads\/2021\/11\/IMG_9276-768x1024.jpg 768w, https:\/\/ei-design.org\/wp-content\/uploads\/2021\/11\/IMG_9276-1152x1536.jpg 1152w, https:\/\/ei-design.org\/wp-content\/uploads\/2021\/11\/IMG_9276-1536x2048.jpg 1536w, https:\/\/ei-design.org\/wp-content\/uploads\/2021\/11\/IMG_9276-9x12.jpg 9w, https:\/\/ei-design.org\/wp-content\/uploads\/2021\/11\/IMG_9276-1000x1333.jpg 1000w, https:\/\/ei-design.org\/wp-content\/uploads\/2021\/11\/IMG_9276-scaled.jpg 1920w\" sizes=\"(max-width: 480px) 100vw, 480px\" \/><\/a><\/p>\n<p><!--more--><\/p>\n<p>&nbsp;<\/p>\n<p><a href=\"https:\/\/ei-design.org\/wp-content\/uploads\/2021\/11\/IMG_6390.jpg\"><img loading=\"lazy\" class=\"aligncenter wp-image-24138 size-full\" src=\"https:\/\/ei-design.org\/wp-content\/uploads\/2021\/11\/IMG_6390.jpg\" alt=\"\" width=\"480\" height=\"640\" srcset=\"https:\/\/ei-design.org\/wp-content\/uploads\/2021\/11\/IMG_6390.jpg 480w, https:\/\/ei-design.org\/wp-content\/uploads\/2021\/11\/IMG_6390-300x400.jpg 300w, https:\/\/ei-design.org\/wp-content\/uploads\/2021\/11\/IMG_6390-9x12.jpg 9w\" sizes=\"(max-width: 480px) 100vw, 480px\" \/><\/a><\/p>\n<p style=\"text-align: center;\"><span style=\"font-size: 10pt;\"><em>Palombaro man<\/em><\/span><\/p>\n<p><!--more--><\/p>\n<p>&nbsp;<\/p>\n<p><a href=\"https:\/\/ei-design.org\/wp-content\/uploads\/2021\/11\/3AAA-IMG_0770.gif\"><img loading=\"lazy\" class=\"aligncenter wp-image-24143\" src=\"https:\/\/ei-design.org\/wp-content\/uploads\/2021\/11\/3AAA-IMG_0770-547x400.gif\" alt=\"\" width=\"1000\" height=\"731\" srcset=\"https:\/\/ei-design.org\/wp-content\/uploads\/2021\/11\/3AAA-IMG_0770-547x400.gif 547w, https:\/\/ei-design.org\/wp-content\/uploads\/2021\/11\/3AAA-IMG_0770-1094x800.gif 1094w, https:\/\/ei-design.org\/wp-content\/uploads\/2021\/11\/3AAA-IMG_0770-768x561.gif 768w, https:\/\/ei-design.org\/wp-content\/uploads\/2021\/11\/3AAA-IMG_0770-1536x1123.gif 1536w, https:\/\/ei-design.org\/wp-content\/uploads\/2021\/11\/3AAA-IMG_0770-16x12.gif 16w, https:\/\/ei-design.org\/wp-content\/uploads\/2021\/11\/3AAA-IMG_0770-1000x731.gif 1000w\" sizes=\"(max-width: 1000px) 100vw, 1000px\" \/><\/a><\/p>\n<p><span style=\"font-size: 10pt;\"><em>Palombaro woman<\/em><\/span><\/p>\n<p><!--more--><\/p>\n<p><a href=\"https:\/\/ei-design.org\/wp-content\/uploads\/2021\/11\/PALOMBARO-GRIGIO-METALLIZZATO-FROTALE-scaled.jpg\"><img loading=\"lazy\" class=\"aligncenter wp-image-24145\" src=\"https:\/\/ei-design.org\/wp-content\/uploads\/2021\/11\/PALOMBARO-GRIGIO-METALLIZZATO-FROTALE-300x400.jpg\" alt=\"\" width=\"600\" height=\"800\" srcset=\"https:\/\/ei-design.org\/wp-content\/uploads\/2021\/11\/PALOMBARO-GRIGIO-METALLIZZATO-FROTALE-300x400.jpg 300w, https:\/\/ei-design.org\/wp-content\/uploads\/2021\/11\/PALOMBARO-GRIGIO-METALLIZZATO-FROTALE-600x800.jpg 600w, https:\/\/ei-design.org\/wp-content\/uploads\/2021\/11\/PALOMBARO-GRIGIO-METALLIZZATO-FROTALE-768x1024.jpg 768w, https:\/\/ei-design.org\/wp-content\/uploads\/2021\/11\/PALOMBARO-GRIGIO-METALLIZZATO-FROTALE-1152x1536.jpg 1152w, https:\/\/ei-design.org\/wp-content\/uploads\/2021\/11\/PALOMBARO-GRIGIO-METALLIZZATO-FROTALE-1536x2048.jpg 1536w, https:\/\/ei-design.org\/wp-content\/uploads\/2021\/11\/PALOMBARO-GRIGIO-METALLIZZATO-FROTALE-9x12.jpg 9w, https:\/\/ei-design.org\/wp-content\/uploads\/2021\/11\/PALOMBARO-GRIGIO-METALLIZZATO-FROTALE-1000x1334.jpg 1000w, https:\/\/ei-design.org\/wp-content\/uploads\/2021\/11\/PALOMBARO-GRIGIO-METALLIZZATO-FROTALE-scaled.jpg 1920w\" sizes=\"(max-width: 600px) 100vw, 600px\" \/><\/a><\/p>\n<p style=\"text-align: center;\"><em style=\"font-size: 13.3333px;\">Palombaro man<\/em><\/p>\n<p><!--more--><\/p>\n<p><a href=\"https:\/\/ei-design.org\/wp-content\/uploads\/2021\/11\/PPPPALOMBARO-GRIGIO-METALLIZZATO-FROTALE.jpg\"><img loading=\"lazy\" class=\"aligncenter wp-image-24146\" src=\"https:\/\/ei-design.org\/wp-content\/uploads\/2021\/11\/PPPPALOMBARO-GRIGIO-METALLIZZATO-FROTALE-608x400.jpg\" alt=\"\" width=\"1000\" height=\"658\" srcset=\"https:\/\/ei-design.org\/wp-content\/uploads\/2021\/11\/PPPPALOMBARO-GRIGIO-METALLIZZATO-FROTALE-608x400.jpg 608w, https:\/\/ei-design.org\/wp-content\/uploads\/2021\/11\/PPPPALOMBARO-GRIGIO-METALLIZZATO-FROTALE-1215x800.jpg 1215w, https:\/\/ei-design.org\/wp-content\/uploads\/2021\/11\/PPPPALOMBARO-GRIGIO-METALLIZZATO-FROTALE-768x506.jpg 768w, https:\/\/ei-design.org\/wp-content\/uploads\/2021\/11\/PPPPALOMBARO-GRIGIO-METALLIZZATO-FROTALE-1536x1011.jpg 1536w, https:\/\/ei-design.org\/wp-content\/uploads\/2021\/11\/PPPPALOMBARO-GRIGIO-METALLIZZATO-FROTALE-16x12.jpg 16w, https:\/\/ei-design.org\/wp-content\/uploads\/2021\/11\/PPPPALOMBARO-GRIGIO-METALLIZZATO-FROTALE-1000x658.jpg 1000w, https:\/\/ei-design.org\/wp-content\/uploads\/2021\/11\/PPPPALOMBARO-GRIGIO-METALLIZZATO-FROTALE.jpg 1800w\" sizes=\"(max-width: 1000px) 100vw, 1000px\" \/><\/a><\/p>\n<p>&nbsp;<\/p>\n<p>&nbsp;<\/p>\n<p>&nbsp;<\/p>\n<p>&nbsp;<\/p>\n<p>&nbsp;<\/p>\n<p>&nbsp;<\/p>","protected":false},"excerpt":{"rendered":"<p style=\"text-align: center;\"><span style=\"color: #282828;\"><strong><span style=\"font-size: 120%;\">Freaklab, v\u00ednculo entre hombre y naturaleza<\/span><\/strong><\/span><\/p>\n<p style=\"text-align: center;\"><span style=\"color: #ffffff;\">&#8211;<\/span><\/p>\n<h4 style=\"text-align: center;\"><\/h4>","protected":false},"featured_media":24855,"template":"","meta":[],"_links":{"self":[{"href":"https:\/\/ei-design.org\/es\/wp-json\/wp\/v2\/product\/24135"}],"collection":[{"href":"https:\/\/ei-design.org\/es\/wp-json\/wp\/v2\/product"}],"about":[{"href":"https:\/\/ei-design.org\/es\/wp-json\/wp\/v2\/types\/product"}],"wp:featuredmedia":[{"embeddable":true,"href":"https:\/\/ei-design.org\/es\/wp-json\/wp\/v2\/media\/24855"}],"wp:attachment":[{"href":"https:\/\/ei-design.org\/es\/wp-json\/wp\/v2\/media?parent=24135"}],"curies":[{"name":"wp","href":"https:\/\/api.w.org\/{rel}","templated":true}]}}