{"id":23946,"date":"2021-09-21T19:04:04","date_gmt":"2021-09-21T17:04:04","guid":{"rendered":"http:\/\/ei-design.org\/?post_type=product&#038;p=23946"},"modified":"2024-08-01T14:07:50","modified_gmt":"2024-08-01T12:07:50","slug":"terraluz","status":"publish","type":"product","link":"https:\/\/ei-design.org\/es\/product\/terraluz\/","title":{"rendered":"Terraluz"},"content":{"rendered":"<p><span style=\"font-size: 110%; color: #333333;\">Es mi m\u00e1s sincera contribuci\u00f3n al mundo del revestimiento arquitect\u00f3nico. Un proyecto comprometido con el medio ambiente e inspirado en la cultura mediterr\u00e1nea. Estas piezas de terrazo est\u00e1n compuestas por peque\u00f1os cristales de metacrilato que proceden de residuos de la fabricaci\u00f3n de<a style=\"color: #333333;\" href=\"https:\/\/jorgevelascoperez.org\/chromatics-lights\/\">\u00a0Chromatic lamps.<\/a> De esta forma, aprovechando el material sobrante, logramos cerrar el ciclo de vida del producto y brindar una nueva oportunidad para crear la esencia del nuevo corte: <a style=\"color: #333333;\" href=\"https:\/\/jorgevelascoperez.org\/terraluz-2\/\">Terraluz.<\/a><\/span><\/p>\n<p><span style=\"font-size: 110%; color: #333333;\">Cada pieza es \u00fanica y llena de colores intensos que evocan los aires mediterr\u00e1neos. Por tanto, este mediterrazo \u00fanico brilla con luz propia, ya sea como elemento de revestimiento para exteriores o para interiores; ambos con infinidad de aplicaciones ya existentes en el mercado. La visi\u00f3n ha sido proponer un producto atractivo y viable, con una peque\u00f1a historia detr\u00e1s, que refleja una pieza refrescante de terrazo con un car\u00e1cter c\u00e1lido y din\u00e1mico. Durante el proceso creativo he desarrollado un abanico de posibilidades, muebles e iluminaci\u00f3n, que representan una idea de vanguardia con el af\u00e1n de revolucionar y encender corazones.<\/span><\/p>\n<p><!--more--><\/p>\n<p><a href=\"https:\/\/ei-design.org\/wp-content\/uploads\/2021\/10\/unnamed-1.jpg\"><img loading=\"lazy\" class=\"aligncenter wp-image-24116\" src=\"https:\/\/ei-design.org\/wp-content\/uploads\/2021\/10\/unnamed-1-400x400.jpg\" alt=\"\" width=\"1200\" height=\"1200\" srcset=\"https:\/\/ei-design.org\/wp-content\/uploads\/2021\/10\/unnamed-1-400x400.jpg 400w, https:\/\/ei-design.org\/wp-content\/uploads\/2021\/10\/unnamed-1-800x800.jpg 800w, https:\/\/ei-design.org\/wp-content\/uploads\/2021\/10\/unnamed-1-280x280.jpg 280w, https:\/\/ei-design.org\/wp-content\/uploads\/2021\/10\/unnamed-1-768x768.jpg 768w, https:\/\/ei-design.org\/wp-content\/uploads\/2021\/10\/unnamed-1-12x12.jpg 12w, https:\/\/ei-design.org\/wp-content\/uploads\/2021\/10\/unnamed-1-700x700.jpg 700w, https:\/\/ei-design.org\/wp-content\/uploads\/2021\/10\/unnamed-1-100x100.jpg 100w, https:\/\/ei-design.org\/wp-content\/uploads\/2021\/10\/unnamed-1.jpg 1000w\" sizes=\"(max-width: 1200px) 100vw, 1200px\" \/><\/a><!--more--><\/p>\n<p><a href=\"https:\/\/ei-design.org\/wp-content\/uploads\/2021\/10\/TERRALUZ_GRUPO_JorgeVelascoPerez.jpg\"><img loading=\"lazy\" class=\"aligncenter wp-image-23948 size-full\" src=\"https:\/\/ei-design.org\/wp-content\/uploads\/2021\/10\/TERRALUZ_GRUPO_JorgeVelascoPerez.jpg\" alt=\"\" width=\"1200\" height=\"800\" srcset=\"https:\/\/ei-design.org\/wp-content\/uploads\/2021\/10\/TERRALUZ_GRUPO_JorgeVelascoPerez.jpg 1200w, https:\/\/ei-design.org\/wp-content\/uploads\/2021\/10\/TERRALUZ_GRUPO_JorgeVelascoPerez-1000x667.jpg 1000w, https:\/\/ei-design.org\/wp-content\/uploads\/2021\/10\/TERRALUZ_GRUPO_JorgeVelascoPerez-600x400.jpg 600w, https:\/\/ei-design.org\/wp-content\/uploads\/2021\/10\/TERRALUZ_GRUPO_JorgeVelascoPerez-768x512.jpg 768w, https:\/\/ei-design.org\/wp-content\/uploads\/2021\/10\/TERRALUZ_GRUPO_JorgeVelascoPerez-16x12.jpg 16w\" sizes=\"(max-width: 1200px) 100vw, 1200px\" \/><\/a><!--more--><\/p>\n<p><a href=\"https:\/\/ei-design.org\/wp-content\/uploads\/2021\/10\/TERRALUZ_FARO_JorgeVelascoPerez.jpg\"><img loading=\"lazy\" class=\"aligncenter wp-image-23949 size-full\" src=\"https:\/\/ei-design.org\/wp-content\/uploads\/2021\/10\/TERRALUZ_FARO_JorgeVelascoPerez.jpg\" alt=\"\" width=\"1200\" height=\"800\" srcset=\"https:\/\/ei-design.org\/wp-content\/uploads\/2021\/10\/TERRALUZ_FARO_JorgeVelascoPerez.jpg 1200w, https:\/\/ei-design.org\/wp-content\/uploads\/2021\/10\/TERRALUZ_FARO_JorgeVelascoPerez-1000x667.jpg 1000w, https:\/\/ei-design.org\/wp-content\/uploads\/2021\/10\/TERRALUZ_FARO_JorgeVelascoPerez-600x400.jpg 600w, https:\/\/ei-design.org\/wp-content\/uploads\/2021\/10\/TERRALUZ_FARO_JorgeVelascoPerez-768x512.jpg 768w, https:\/\/ei-design.org\/wp-content\/uploads\/2021\/10\/TERRALUZ_FARO_JorgeVelascoPerez-16x12.jpg 16w\" sizes=\"(max-width: 1200px) 100vw, 1200px\" \/><\/a><\/p>\n<p><!--more--><a href=\"https:\/\/ei-design.org\/wp-content\/uploads\/2021\/10\/TERRALUZ_MESA_JorgeVelascoPerez.jpg\"><img loading=\"lazy\" class=\"aligncenter wp-image-23950 size-full\" src=\"https:\/\/ei-design.org\/wp-content\/uploads\/2021\/10\/TERRALUZ_MESA_JorgeVelascoPerez.jpg\" alt=\"\" width=\"1200\" height=\"800\" srcset=\"https:\/\/ei-design.org\/wp-content\/uploads\/2021\/10\/TERRALUZ_MESA_JorgeVelascoPerez.jpg 1200w, https:\/\/ei-design.org\/wp-content\/uploads\/2021\/10\/TERRALUZ_MESA_JorgeVelascoPerez-1000x667.jpg 1000w, https:\/\/ei-design.org\/wp-content\/uploads\/2021\/10\/TERRALUZ_MESA_JorgeVelascoPerez-600x400.jpg 600w, https:\/\/ei-design.org\/wp-content\/uploads\/2021\/10\/TERRALUZ_MESA_JorgeVelascoPerez-768x512.jpg 768w, https:\/\/ei-design.org\/wp-content\/uploads\/2021\/10\/TERRALUZ_MESA_JorgeVelascoPerez-16x12.jpg 16w\" sizes=\"(max-width: 1200px) 100vw, 1200px\" \/><\/a><\/p>\n<p><!--more--><a href=\"https:\/\/ei-design.org\/wp-content\/uploads\/2021\/10\/TERRALUZ_SUELO_JorgeVelascoPerez.jpg\"><img loading=\"lazy\" class=\"wp-image-23951 size-full alignnone\" src=\"https:\/\/ei-design.org\/wp-content\/uploads\/2021\/10\/TERRALUZ_SUELO_JorgeVelascoPerez.jpg\" alt=\"\" width=\"1200\" height=\"800\" srcset=\"https:\/\/ei-design.org\/wp-content\/uploads\/2021\/10\/TERRALUZ_SUELO_JorgeVelascoPerez.jpg 1200w, https:\/\/ei-design.org\/wp-content\/uploads\/2021\/10\/TERRALUZ_SUELO_JorgeVelascoPerez-1000x667.jpg 1000w, https:\/\/ei-design.org\/wp-content\/uploads\/2021\/10\/TERRALUZ_SUELO_JorgeVelascoPerez-600x400.jpg 600w, https:\/\/ei-design.org\/wp-content\/uploads\/2021\/10\/TERRALUZ_SUELO_JorgeVelascoPerez-768x512.jpg 768w, https:\/\/ei-design.org\/wp-content\/uploads\/2021\/10\/TERRALUZ_SUELO_JorgeVelascoPerez-16x12.jpg 16w\" sizes=\"(max-width: 1200px) 100vw, 1200px\" \/><\/a><\/p>\n<h3><\/h3>\n<h3><\/h3>\n<h3><\/h3>\n<h3><\/h3>\n<h3><\/h3>\n<h3><\/h3>\n<h3><\/h3>\n<p>&nbsp;<\/p>\n<h3><\/h3>\n<p>&nbsp;<\/p>\n<p>&nbsp;<\/p>\n<p>&nbsp;<\/p>\n<p>&nbsp;<\/p>\n<p>&nbsp;<\/p>\n<p>&nbsp;<\/p>\n<p>&nbsp;<\/p>\n<p>&nbsp;<\/p>\n<p>&nbsp;<\/p>\n<p>&nbsp;<\/p>","protected":false},"excerpt":{"rendered":"<p style=\"text-align: center;\"><strong><span style=\"font-size: 120%; color: #333333;\">Un proyecto comprometido con el medio ambiente e inspirado en la cultura mediterr\u00e1nea<\/span><\/strong><\/p>\n<p style=\"text-align: center;\"><span style=\"color: #ffffff;\">&#8211;<\/span><\/p>\n<p>&nbsp;<\/p>","protected":false},"featured_media":25626,"template":"","meta":[],"_links":{"self":[{"href":"https:\/\/ei-design.org\/es\/wp-json\/wp\/v2\/product\/23946"}],"collection":[{"href":"https:\/\/ei-design.org\/es\/wp-json\/wp\/v2\/product"}],"about":[{"href":"https:\/\/ei-design.org\/es\/wp-json\/wp\/v2\/types\/product"}],"wp:featuredmedia":[{"embeddable":true,"href":"https:\/\/ei-design.org\/es\/wp-json\/wp\/v2\/media\/25626"}],"wp:attachment":[{"href":"https:\/\/ei-design.org\/es\/wp-json\/wp\/v2\/media?parent=23946"}],"curies":[{"name":"wp","href":"https:\/\/api.w.org\/{rel}","templated":true}]}}