{"id":23704,"date":"2021-10-07T12:14:50","date_gmt":"2021-10-07T10:14:50","guid":{"rendered":"http:\/\/ei-design.org\/?post_type=product&#038;p=23704"},"modified":"2021-12-17T00:28:53","modified_gmt":"2021-12-16T23:28:53","slug":"serie-2020","status":"publish","type":"product","link":"https:\/\/ei-design.org\/es\/product\/serie-2020\/","title":{"rendered":"Serie #2020"},"content":{"rendered":"<p><span style=\"font-size: 14pt;\" data-mce-style=\"font-size: 14pt;\"><span lang=\"es\">Estas obras forman parte del \u00faltimo per\u00edodo de trabajo de Patricia, de 2020 a 2021<\/span><\/span><\/p>\n<p><span style=\"font-size: 14pt;\" data-mce-style=\"font-size: 14pt;\">En estos trabajos utiliza una fina placa met\u00e1lica como soporte para el raspado con acr\u00edlico, creando un tipo \u00fanico de proceso de serigraf\u00eda manual.<\/span><\/p>\n<p><span style=\"font-size: 14pt;\" data-mce-style=\"font-size: 14pt;\"> Los diferentes resultados visuales dependen de las herramientas que elija para raspar, la cantidad de pintura y la presi\u00f3n que aplique con la esp\u00e1tula de metal. Los cuadros tienen un efecto casi serigrafiado y est\u00e1n ejecutados con diferentes medidas de llana. En algunas obras, despu\u00e9s de raspar con acr\u00edlico, Patricia utiliz\u00f3 una barra de \u00f3leo de pigmento puro, dando una nueva lectura a la pintura al \u00f3leo y agregando una capa caligr\u00e1fica y expresiva. Ella ve su \u00faltimo trabajo como el resultado de una combinaci\u00f3n de sus lados gr\u00e1fico y pict\u00f3rico. <span lang=\"IT\">Estas pinturas crean un nuevo lenguaje abstracto situado entre la pintura expresionista y el dise\u00f1o gr\u00e1fico.<\/span><\/span><\/p>\n<p><span lang=\"IT\" style=\"font-size: 14pt;\" data-mce-style=\"font-size: 14pt;\">En las pinturas de 2020 se utilizaron diferentes herramientas para realizar los raspados, creando innumerables formas y paisajes. Surgieron paisajes org\u00e1nicos, urbanos, mar\u00edtimos y muchos paisajes abstractos. Patricia descubre en esta nueva forma de abstracci\u00f3n una forma de representar el mundo. Su mundo abstracto y real. El uso de la barra de aceite le da a\u00fan m\u00e1s fuerza y \u200b\u200bresalta estas pinturas expresionistas.<\/span><\/p>\n<p><\/p>\n<p><img src=\"data:image\/gif;base64,R0lGODlhAQABAIAAAAAAAP\/\/\/yH5BAEAAAAALAAAAAABAAEAAAIBRAA7\" data-wp-more=\"more\" data-wp-more-text=\"\" class=\"wp-more-tag mce-wp-more\" alt=\"\" title=\"Leggi tutto...\" data-mce-resize=\"false\" data-mce-placeholder=\"1\"><\/p>\n<p style=\"text-align: center;\" data-mce-style=\"text-align: center;\"><span style=\"font-size: 10pt;\" data-mce-style=\"font-size: 10pt;\"><strong> <a href=\"https:\/\/ei-design.org\/wp-content\/uploads\/2021\/10\/web5.jpg\" data-mce-href=\"https:\/\/ei-design.org\/wp-content\/uploads\/2021\/10\/web5.jpg\"><img loading=\"lazy\" class=\"aligncenter wp-image-23707\" src=\"https:\/\/ei-design.org\/wp-content\/uploads\/2021\/10\/web5-318x400.jpg\" alt=\"\" width=\"400\" height=\"503\" data-mce-src=\"https:\/\/ei-design.org\/wp-content\/uploads\/2021\/10\/web5-318x400.jpg\" srcset=\"https:\/\/ei-design.org\/wp-content\/uploads\/2021\/10\/web5-318x400.jpg 318w, https:\/\/ei-design.org\/wp-content\/uploads\/2021\/10\/web5-1000x1257.jpg 1000w, https:\/\/ei-design.org\/wp-content\/uploads\/2021\/10\/web5-636x800.jpg 636w, https:\/\/ei-design.org\/wp-content\/uploads\/2021\/10\/web5-768x966.jpg 768w, https:\/\/ei-design.org\/wp-content\/uploads\/2021\/10\/web5-1222x1536.jpg 1222w, https:\/\/ei-design.org\/wp-content\/uploads\/2021\/10\/web5-1629x2048.jpg 1629w, https:\/\/ei-design.org\/wp-content\/uploads\/2021\/10\/web5-10x12.jpg 10w, https:\/\/ei-design.org\/wp-content\/uploads\/2021\/10\/web5.jpg 1776w\" sizes=\"(max-width: 400px) 100vw, 400px\" \/><\/a>\u00a0 \u00a0 \u00a0 \u00a0 \u00a0 \u00a0 \u00a0 <\/strong><\/span><\/p>\n<p style=\"text-align: center;\" data-mce-style=\"text-align: center;\"><span style=\"font-size: 75%;\" data-mce-style=\"font-size: 75%;\"><strong>2021_#2\u00a0 \u00a0<\/strong> \u00a0\u00a0<\/span><\/p>\n<p style=\"text-align: center;\" data-mce-style=\"text-align: center;\"><span style=\"font-size: 75%;\" data-mce-style=\"font-size: 75%;\">ACRYLIC AND OIL STICK ON DIBOND, 2021\u00a0 \u00a0 \u00a0<\/span><\/p>\n<p style=\"text-align: center;\" data-mce-style=\"text-align: center;\"><span style=\"font-size: 75%;\" data-mce-style=\"font-size: 75%;\">90 X70CM<\/span><\/p>\n<p style=\"text-align: center;\" data-mce-style=\"text-align: center;\"><span style=\"font-size: 80%;\" data-mce-style=\"font-size: 80%;\">\u00a0 \u00a0 \u00a0 \u00a0 \u00a0 \u00a0 \u00a0 \u00a0 \u00a0 \u00a0 \u00a0\u00a0<\/span><\/p>\n<p><\/p>\n<p><img src=\"data:image\/gif;base64,R0lGODlhAQABAIAAAAAAAP\/\/\/yH5BAEAAAAALAAAAAABAAEAAAIBRAA7\" data-wp-more=\"more\" data-wp-more-text=\"\" class=\"wp-more-tag mce-wp-more\" alt=\"\" title=\"Leggi tutto...\" data-mce-resize=\"false\" data-mce-placeholder=\"1\"><\/p>\n<p style=\"text-align: center;\" data-mce-style=\"text-align: center;\"><span style=\"font-size: 90%;\" data-mce-style=\"font-size: 90%;\"><strong>\u00a0 <a href=\"https:\/\/ei-design.org\/wp-content\/uploads\/2021\/10\/web6.jpg\" data-mce-href=\"https:\/\/ei-design.org\/wp-content\/uploads\/2021\/10\/web6.jpg\"><img loading=\"lazy\" class=\"aligncenter wp-image-23706\" src=\"https:\/\/ei-design.org\/wp-content\/uploads\/2021\/10\/web6-318x400.jpg\" alt=\"\" width=\"400\" height=\"503\" data-mce-src=\"https:\/\/ei-design.org\/wp-content\/uploads\/2021\/10\/web6-318x400.jpg\" srcset=\"https:\/\/ei-design.org\/wp-content\/uploads\/2021\/10\/web6-318x400.jpg 318w, https:\/\/ei-design.org\/wp-content\/uploads\/2021\/10\/web6-1000x1258.jpg 1000w, https:\/\/ei-design.org\/wp-content\/uploads\/2021\/10\/web6-636x800.jpg 636w, https:\/\/ei-design.org\/wp-content\/uploads\/2021\/10\/web6-768x967.jpg 768w, https:\/\/ei-design.org\/wp-content\/uploads\/2021\/10\/web6-1221x1536.jpg 1221w, https:\/\/ei-design.org\/wp-content\/uploads\/2021\/10\/web6-1627x2048.jpg 1627w, https:\/\/ei-design.org\/wp-content\/uploads\/2021\/10\/web6-10x12.jpg 10w, https:\/\/ei-design.org\/wp-content\/uploads\/2021\/10\/web6.jpg 1768w\" sizes=\"(max-width: 400px) 100vw, 400px\" \/><\/a>\u00a0<\/strong><\/span><\/p>\n<p style=\"text-align: center;\" data-mce-style=\"text-align: center;\"><strong><span style=\"font-size: 75%;\" data-mce-style=\"font-size: 75%;\">2020_#3<\/span><\/strong><\/p>\n<p style=\"text-align: center;\" data-mce-style=\"text-align: center;\"><span style=\"font-size: 75%;\" data-mce-style=\"font-size: 75%;\">ACRYLIC AND OIL STICK ON DIBOND, 2021\u00a0 \u00a0<\/span><\/p>\n<p style=\"text-align: center;\" data-mce-style=\"text-align: center;\"><span style=\"font-size: 75%;\" data-mce-style=\"font-size: 75%;\">90 X 70CM<\/span><\/p>\n<p><\/p>\n<p><\/p>\n<p><img src=\"data:image\/gif;base64,R0lGODlhAQABAIAAAAAAAP\/\/\/yH5BAEAAAAALAAAAAABAAEAAAIBRAA7\" data-wp-more=\"more\" data-wp-more-text=\"\" class=\"wp-more-tag mce-wp-more\" alt=\"\" title=\"Leggi tutto...\" data-mce-resize=\"false\" data-mce-placeholder=\"1\"><\/p>\n<p><a href=\"https:\/\/ei-design.org\/wp-content\/uploads\/2021\/10\/web4.jpg\" data-mce-href=\"https:\/\/ei-design.org\/wp-content\/uploads\/2021\/10\/web4.jpg\"><img loading=\"lazy\" class=\"aligncenter wp-image-23708\" src=\"https:\/\/ei-design.org\/wp-content\/uploads\/2021\/10\/web4-317x400.jpg\" alt=\"\" width=\"400\" height=\"505\" data-mce-src=\"https:\/\/ei-design.org\/wp-content\/uploads\/2021\/10\/web4-317x400.jpg\" srcset=\"https:\/\/ei-design.org\/wp-content\/uploads\/2021\/10\/web4-317x400.jpg 317w, https:\/\/ei-design.org\/wp-content\/uploads\/2021\/10\/web4-1000x1262.jpg 1000w, https:\/\/ei-design.org\/wp-content\/uploads\/2021\/10\/web4-634x800.jpg 634w, https:\/\/ei-design.org\/wp-content\/uploads\/2021\/10\/web4-768x969.jpg 768w, https:\/\/ei-design.org\/wp-content\/uploads\/2021\/10\/web4-1217x1536.jpg 1217w, https:\/\/ei-design.org\/wp-content\/uploads\/2021\/10\/web4-1623x2048.jpg 1623w, https:\/\/ei-design.org\/wp-content\/uploads\/2021\/10\/web4-10x12.jpg 10w, https:\/\/ei-design.org\/wp-content\/uploads\/2021\/10\/web4.jpg 1776w\" sizes=\"(max-width: 400px) 100vw, 400px\" \/><\/a><span style=\"font-size: 10pt;\" data-mce-style=\"font-size: 10pt;\"><strong>\u00a0 \u00a0 \u00a0 \u00a0 \u00a0 \u00a0 \u00a0 \u00a0 \u00a0 \u00a0 \u00a0<\/strong><\/span><\/p>\n<p style=\"text-align: center;\" data-mce-style=\"text-align: center;\"><span style=\"font-size: 75%;\" data-mce-style=\"font-size: 75%;\"><strong>2020_#5\u00a0<\/strong> \u00a0\u00a0<\/span><\/p>\n<p style=\"text-align: center;\" data-mce-style=\"text-align: center;\"><span style=\"font-size: 75%;\" data-mce-style=\"font-size: 75%;\">ACRYLIC AND OIL STICK ON DIBOND, 2021\u00a0 \u00a0 <\/span><\/p>\n<p style=\"text-align: center;\" data-mce-style=\"text-align: center;\"><span style=\"font-size: 75%;\" data-mce-style=\"font-size: 75%;\">90 X 70CM\u00a0 <\/span><\/p>\n<p><\/p>\n<p style=\"text-align: center;\" data-mce-style=\"text-align: center;\"><span style=\"font-size: 10pt;\" data-mce-style=\"font-size: 10pt;\">\u00a0 \u00a0\u00a0<\/span><\/p>\n<p><img src=\"data:image\/gif;base64,R0lGODlhAQABAIAAAAAAAP\/\/\/yH5BAEAAAAALAAAAAABAAEAAAIBRAA7\" data-wp-more=\"more\" data-wp-more-text=\"\" class=\"wp-more-tag mce-wp-more\" alt=\"\" title=\"Leggi tutto...\" data-mce-resize=\"false\" data-mce-placeholder=\"1\"><\/p>\n<p><span style=\"color: #ffffff;\" data-mce-style=\"color: #ffffff;\">.<a href=\"https:\/\/ei-design.org\/wp-content\/uploads\/2021\/10\/web3-1.jpg\" data-mce-href=\"https:\/\/ei-design.org\/wp-content\/uploads\/2021\/10\/web3-1.jpg\"><img loading=\"lazy\" class=\"aligncenter wp-image-23709\" src=\"https:\/\/ei-design.org\/wp-content\/uploads\/2021\/10\/web3-1-299x400.jpg\" alt=\"\" width=\"400\" height=\"535\" data-mce-src=\"https:\/\/ei-design.org\/wp-content\/uploads\/2021\/10\/web3-1-299x400.jpg\" srcset=\"https:\/\/ei-design.org\/wp-content\/uploads\/2021\/10\/web3-1-299x400.jpg 299w, https:\/\/ei-design.org\/wp-content\/uploads\/2021\/10\/web3-1-1000x1338.jpg 1000w, https:\/\/ei-design.org\/wp-content\/uploads\/2021\/10\/web3-1-598x800.jpg 598w, https:\/\/ei-design.org\/wp-content\/uploads\/2021\/10\/web3-1-768x1028.jpg 768w, https:\/\/ei-design.org\/wp-content\/uploads\/2021\/10\/web3-1-1148x1536.jpg 1148w, https:\/\/ei-design.org\/wp-content\/uploads\/2021\/10\/web3-1-9x12.jpg 9w, https:\/\/ei-design.org\/wp-content\/uploads\/2021\/10\/web3-1.jpg 1242w\" sizes=\"(max-width: 400px) 100vw, 400px\" \/><\/a><\/span><\/p>\n<p style=\"text-align: center;\" data-mce-style=\"text-align: center;\"><strong><span style=\"font-size: 75%;\" data-mce-style=\"font-size: 75%;\">2020_#11<\/span><\/strong><\/p>\n<p style=\"text-align: center;\" data-mce-style=\"text-align: center;\"><span style=\"font-size: 75%;\" data-mce-style=\"font-size: 75%;\">ACRYLIC AND OIL STICK ON DIBOND, 2021\u00a0 <\/span><\/p>\n<p style=\"text-align: center;\" data-mce-style=\"text-align: center;\"><span style=\"font-size: 75%;\" data-mce-style=\"font-size: 75%;\">90 X 70CM<\/span><\/p>\n<p><\/p>\n<p><\/p>\n<p><img src=\"data:image\/gif;base64,R0lGODlhAQABAIAAAAAAAP\/\/\/yH5BAEAAAAALAAAAAABAAEAAAIBRAA7\" data-wp-more=\"more\" data-wp-more-text=\"\" class=\"wp-more-tag mce-wp-more\" alt=\"\" title=\"Leggi tutto...\" data-mce-resize=\"false\" data-mce-placeholder=\"1\"><\/p>\n<p><span style=\"color: #ffffff;\" data-mce-style=\"color: #ffffff;\">.<\/span><\/p>\n<p><a href=\"https:\/\/ei-design.org\/wp-content\/uploads\/2021\/10\/web2-scaled.jpg\" data-mce-href=\"https:\/\/ei-design.org\/wp-content\/uploads\/2021\/10\/web2-scaled.jpg\"><img loading=\"lazy\" class=\"aligncenter wp-image-23710\" src=\"https:\/\/ei-design.org\/wp-content\/uploads\/2021\/10\/web2-297x400.jpg\" alt=\"\" width=\"400\" height=\"539\" data-mce-src=\"https:\/\/ei-design.org\/wp-content\/uploads\/2021\/10\/web2-297x400.jpg\" srcset=\"https:\/\/ei-design.org\/wp-content\/uploads\/2021\/10\/web2-297x400.jpg 297w, https:\/\/ei-design.org\/wp-content\/uploads\/2021\/10\/web2-scaled-1000x1347.jpg 1000w, https:\/\/ei-design.org\/wp-content\/uploads\/2021\/10\/web2-594x800.jpg 594w, https:\/\/ei-design.org\/wp-content\/uploads\/2021\/10\/web2-768x1034.jpg 768w, https:\/\/ei-design.org\/wp-content\/uploads\/2021\/10\/web2-1141x1536.jpg 1141w, https:\/\/ei-design.org\/wp-content\/uploads\/2021\/10\/web2-1521x2048.jpg 1521w, https:\/\/ei-design.org\/wp-content\/uploads\/2021\/10\/web2-9x12.jpg 9w, https:\/\/ei-design.org\/wp-content\/uploads\/2021\/10\/web2-scaled.jpg 1901w\" sizes=\"(max-width: 400px) 100vw, 400px\" \/><\/a><\/p>\n<p><\/p>\n<p style=\"text-align: center;\" data-mce-style=\"text-align: center;\"><strong><span style=\"font-size: 75%;\" data-mce-style=\"font-size: 75%;\">2020_#4<\/span><\/strong><\/p>\n<p style=\"text-align: center;\" data-mce-style=\"text-align: center;\"><span style=\"font-size: 75%;\" data-mce-style=\"font-size: 75%;\">ACRYLIC AND OIL STICK ON DIBOND, 2021\u00a0 <\/span><\/p>\n<p style=\"text-align: center;\" data-mce-style=\"text-align: center;\"><span style=\"font-size: 75%;\" data-mce-style=\"font-size: 75%;\">90 X 70CM<\/span><\/p>\n<p><\/p>\n<p><\/p>\n<p><img src=\"data:image\/gif;base64,R0lGODlhAQABAIAAAAAAAP\/\/\/yH5BAEAAAAALAAAAAABAAEAAAIBRAA7\" data-wp-more=\"more\" data-wp-more-text=\"\" class=\"wp-more-tag mce-wp-more\" alt=\"\" title=\"Leggi tutto...\" data-mce-resize=\"false\" data-mce-placeholder=\"1\"><\/p>\n<p><\/p>\n<p><a href=\"https:\/\/ei-design.org\/wp-content\/uploads\/2021\/10\/web1.jpg\" data-mce-href=\"https:\/\/ei-design.org\/wp-content\/uploads\/2021\/10\/web1.jpg\"><img loading=\"lazy\" class=\"aligncenter wp-image-23711\" src=\"https:\/\/ei-design.org\/wp-content\/uploads\/2021\/10\/web1-307x400.jpg\" alt=\"\" width=\"400\" height=\"522\" data-mce-src=\"https:\/\/ei-design.org\/wp-content\/uploads\/2021\/10\/web1-307x400.jpg\" srcset=\"https:\/\/ei-design.org\/wp-content\/uploads\/2021\/10\/web1-307x400.jpg 307w, https:\/\/ei-design.org\/wp-content\/uploads\/2021\/10\/web1-613x800.jpg 613w, https:\/\/ei-design.org\/wp-content\/uploads\/2021\/10\/web1-768x1002.jpg 768w, https:\/\/ei-design.org\/wp-content\/uploads\/2021\/10\/web1-9x12.jpg 9w, https:\/\/ei-design.org\/wp-content\/uploads\/2021\/10\/web1.jpg 861w\" sizes=\"(max-width: 400px) 100vw, 400px\" \/><\/a><\/p>\n<p><\/p>\n<p style=\"text-align: center;\" data-mce-style=\"text-align: center;\"><strong><span style=\"font-size: 75%;\" data-mce-style=\"font-size: 75%;\">2020_#7<\/span><\/strong><\/p>\n<p style=\"text-align: center;\" data-mce-style=\"text-align: center;\"><span style=\"font-size: 75%;\" data-mce-style=\"font-size: 75%;\">ACRYLIC AND OIL STICK ON DIBOND, 2021\u00a0 <\/span><\/p>\n<p style=\"text-align: center;\" data-mce-style=\"text-align: center;\"><span style=\"font-size: 75%;\" data-mce-style=\"font-size: 75%;\">90 X 70CM<\/span><\/p>\n<p style=\"text-align: left;\" data-mce-style=\"text-align: left;\"><\/p>","protected":false},"excerpt":{"rendered":"<h4 style=\"text-align: center;\" data-mce-style=\"text-align: center;\"><strong>Estas obras forman parte del \u00faltimo per\u00edodo de trabajo de Patricia Sartori realizados entre 2020-2021<\/strong><\/h4>\n<p style=\"text-align: center;\" data-mce-style=\"text-align: center;\">&#8211;<\/p>","protected":false},"featured_media":23706,"template":"","meta":[],"_links":{"self":[{"href":"https:\/\/ei-design.org\/es\/wp-json\/wp\/v2\/product\/23704"}],"collection":[{"href":"https:\/\/ei-design.org\/es\/wp-json\/wp\/v2\/product"}],"about":[{"href":"https:\/\/ei-design.org\/es\/wp-json\/wp\/v2\/types\/product"}],"wp:featuredmedia":[{"embeddable":true,"href":"https:\/\/ei-design.org\/es\/wp-json\/wp\/v2\/media\/23706"}],"wp:attachment":[{"href":"https:\/\/ei-design.org\/es\/wp-json\/wp\/v2\/media?parent=23704"}],"curies":[{"name":"wp","href":"https:\/\/api.w.org\/{rel}","templated":true}]}}