{"id":23546,"date":"2021-12-04T19:23:26","date_gmt":"2021-12-04T18:23:26","guid":{"rendered":"http:\/\/ei-design.org\/?post_type=product&#038;p=23546"},"modified":"2024-08-01T12:36:40","modified_gmt":"2024-08-01T10:36:40","slug":"aurea-by-yvan-andreu","status":"publish","type":"product","link":"https:\/\/ei-design.org\/es\/product\/aurea-by-yvan-andreu\/","title":{"rendered":"Aura Collection by Yvan Andrew"},"content":{"rendered":"<p><span style=\"font-size: 110%; color: #282828;\">\u201cLa parte m\u00e1s \u00edntima de nuestro interior es intangible, como nuestro AURA\u201d<\/span><\/p>\n<p><span style=\"font-size: 110%; color: #282828;\">AURA naci\u00f3 de esa necesidad de saber qui\u00e9nes somos y qu\u00e9 sentimos, tanto de nosotros mismos como de los dem\u00e1s y c\u00f3mo medir lo ef\u00edmero y lo m\u00e1s \u00edntimo de nuestro interior que es intangible, como lo es nuestro AURA.<\/span><\/p>\n<p class=\"MsoNormal\" style=\"background-image: initial; background-position: initial; background-size: initial; background-repeat: initial; background-attachment: initial; background-origin: initial; background-clip: initial;\"><span style=\"font-size: 110%; color: #282828;\">Para ello hemos desarrollado un dispositivo que a trav\u00e9s de nuestra energ\u00eda nos revelar\u00eda de la forma m\u00e1s aproximada posible c\u00f3mo nuestro AURA podr\u00eda ser m\u00e1s moment\u00e1nea e instant\u00e1nea, como lo es la energ\u00eda o temperatura de nuestro cuerpo ya que todos nuestros pensamientos y sensaciones son provocados por todo lo que vemos. Sentir hace que nuestra energ\u00eda o temperatura corporal cambie de estado.<\/span><\/p>\n<p>&nbsp;<\/p>\n<p><em><span style=\"font-size: 10pt;\"><strong>CREDITS;<\/strong> Antonio CEO <span style=\"color: #33cccc;\">Next electrics<\/span> | Robotics: <span style=\"color: #33cccc;\">Estudio Yobo<\/span> | System programmer; <span style=\"color: #33cccc;\">Ivan<\/span> | 3D printing architecture: <span style=\"color: #33cccc;\">Paula Alegr\u00eda<\/span> | Business Advisord: <span style=\"color: #33cccc;\">Guillermo Coloma<\/span><\/span><\/em><\/p>\n<p>&nbsp;<\/p>\n<p><!--more--><\/p>\n<p><a href=\"https:\/\/ei-design.org\/wp-content\/uploads\/2021\/10\/12YVAN_ANDREU-scaled.jpg\">\u00a0 \u00a0 \u00a0 \u00a0 \u00a0 \u00a0 \u00a0 \u00a0 \u00a0 <\/a><a href=\"https:\/\/ei-design.org\/wp-content\/uploads\/2021\/10\/12YVAN_ANDREU-scaled.jpg\"><img loading=\"lazy\" class=\"aligncenter wp-image-23844\" src=\"https:\/\/ei-design.org\/wp-content\/uploads\/2021\/10\/12YVAN_ANDREU-267x400.jpg\" alt=\"\" width=\"800\" height=\"1198\" srcset=\"https:\/\/ei-design.org\/wp-content\/uploads\/2021\/10\/12YVAN_ANDREU-267x400.jpg 267w, https:\/\/ei-design.org\/wp-content\/uploads\/2021\/10\/12YVAN_ANDREU-scaled-1000x1498.jpg 1000w, https:\/\/ei-design.org\/wp-content\/uploads\/2021\/10\/12YVAN_ANDREU-534x800.jpg 534w, https:\/\/ei-design.org\/wp-content\/uploads\/2021\/10\/12YVAN_ANDREU-768x1151.jpg 768w, https:\/\/ei-design.org\/wp-content\/uploads\/2021\/10\/12YVAN_ANDREU-1025x1536.jpg 1025w, https:\/\/ei-design.org\/wp-content\/uploads\/2021\/10\/12YVAN_ANDREU-1367x2048.jpg 1367w, https:\/\/ei-design.org\/wp-content\/uploads\/2021\/10\/12YVAN_ANDREU-8x12.jpg 8w, https:\/\/ei-design.org\/wp-content\/uploads\/2021\/10\/12YVAN_ANDREU-scaled.jpg 1709w\" sizes=\"(max-width: 800px) 100vw, 800px\" \/><\/a> \u00a0<a href=\"https:\/\/ei-design.org\/wp-content\/uploads\/2021\/10\/15YVAN_ANDREU-scaled.jpg\">\u00a0\u00a0<\/a><a href=\"https:\/\/ei-design.org\/wp-content\/uploads\/2021\/10\/15YVAN_ANDREU-scaled.jpg\"><img loading=\"lazy\" class=\"aligncenter wp-image-23845\" src=\"https:\/\/ei-design.org\/wp-content\/uploads\/2021\/10\/15YVAN_ANDREU-267x400.jpg\" alt=\"\" width=\"800\" height=\"1198\" srcset=\"https:\/\/ei-design.org\/wp-content\/uploads\/2021\/10\/15YVAN_ANDREU-267x400.jpg 267w, https:\/\/ei-design.org\/wp-content\/uploads\/2021\/10\/15YVAN_ANDREU-scaled-1000x1498.jpg 1000w, https:\/\/ei-design.org\/wp-content\/uploads\/2021\/10\/15YVAN_ANDREU-534x800.jpg 534w, https:\/\/ei-design.org\/wp-content\/uploads\/2021\/10\/15YVAN_ANDREU-768x1151.jpg 768w, https:\/\/ei-design.org\/wp-content\/uploads\/2021\/10\/15YVAN_ANDREU-1025x1536.jpg 1025w, https:\/\/ei-design.org\/wp-content\/uploads\/2021\/10\/15YVAN_ANDREU-1367x2048.jpg 1367w, https:\/\/ei-design.org\/wp-content\/uploads\/2021\/10\/15YVAN_ANDREU-8x12.jpg 8w, https:\/\/ei-design.org\/wp-content\/uploads\/2021\/10\/15YVAN_ANDREU-scaled.jpg 1709w\" sizes=\"(max-width: 800px) 100vw, 800px\" \/><\/a>\u00a0 \u00a0 <a href=\"https:\/\/ei-design.org\/wp-content\/uploads\/2021\/10\/16YVAN_ANDREU-scaled.jpg\"><img loading=\"lazy\" class=\"aligncenter wp-image-23846\" src=\"https:\/\/ei-design.org\/wp-content\/uploads\/2021\/10\/16YVAN_ANDREU-267x400.jpg\" alt=\"\" width=\"800\" height=\"1198\" srcset=\"https:\/\/ei-design.org\/wp-content\/uploads\/2021\/10\/16YVAN_ANDREU-267x400.jpg 267w, https:\/\/ei-design.org\/wp-content\/uploads\/2021\/10\/16YVAN_ANDREU-scaled-1000x1498.jpg 1000w, https:\/\/ei-design.org\/wp-content\/uploads\/2021\/10\/16YVAN_ANDREU-534x800.jpg 534w, https:\/\/ei-design.org\/wp-content\/uploads\/2021\/10\/16YVAN_ANDREU-768x1151.jpg 768w, https:\/\/ei-design.org\/wp-content\/uploads\/2021\/10\/16YVAN_ANDREU-1025x1536.jpg 1025w, https:\/\/ei-design.org\/wp-content\/uploads\/2021\/10\/16YVAN_ANDREU-1367x2048.jpg 1367w, https:\/\/ei-design.org\/wp-content\/uploads\/2021\/10\/16YVAN_ANDREU-8x12.jpg 8w, https:\/\/ei-design.org\/wp-content\/uploads\/2021\/10\/16YVAN_ANDREU-scaled.jpg 1709w\" sizes=\"(max-width: 800px) 100vw, 800px\" \/><\/a><\/p>\n<p>&nbsp;<\/p>\n<p><!--more--><\/p>\n<h4 style=\"text-align: center;\"><span class=\"goog-text-highlight\">DETAILS WEARABLES &amp; INNOVATION<\/span><\/h4>\n<p style=\"text-align: center;\">AURA SHOW<\/p>\n<p>&nbsp;<\/p>\n<p><a href=\"https:\/\/ei-design.org\/wp-content\/uploads\/2021\/10\/1_Yvan_Andreu_0373-scaled.jpg\"><img loading=\"lazy\" class=\"wp-image-23847 aligncenter\" src=\"https:\/\/ei-design.org\/wp-content\/uploads\/2021\/10\/1_Yvan_Andreu_0373-543x400.jpg\" alt=\"\" width=\"800\" height=\"590\" srcset=\"https:\/\/ei-design.org\/wp-content\/uploads\/2021\/10\/1_Yvan_Andreu_0373-543x400.jpg 543w, https:\/\/ei-design.org\/wp-content\/uploads\/2021\/10\/1_Yvan_Andreu_0373-scaled-1000x738.jpg 1000w, https:\/\/ei-design.org\/wp-content\/uploads\/2021\/10\/1_Yvan_Andreu_0373-1085x800.jpg 1085w, https:\/\/ei-design.org\/wp-content\/uploads\/2021\/10\/1_Yvan_Andreu_0373-768x566.jpg 768w, https:\/\/ei-design.org\/wp-content\/uploads\/2021\/10\/1_Yvan_Andreu_0373-16x12.jpg 16w\" sizes=\"(max-width: 800px) 100vw, 800px\" \/><\/a><\/p>\n<p><!--more--><a href=\"https:\/\/ei-design.org\/wp-content\/uploads\/2021\/10\/2_Yvan_Andreu_0373-scaled.jpg\"><img loading=\"lazy\" class=\"aligncenter wp-image-23849\" src=\"https:\/\/ei-design.org\/wp-content\/uploads\/2021\/10\/2_Yvan_Andreu_0373-543x400.jpg\" alt=\"\" width=\"800\" height=\"590\" srcset=\"https:\/\/ei-design.org\/wp-content\/uploads\/2021\/10\/2_Yvan_Andreu_0373-543x400.jpg 543w, https:\/\/ei-design.org\/wp-content\/uploads\/2021\/10\/2_Yvan_Andreu_0373-scaled-1000x738.jpg 1000w, https:\/\/ei-design.org\/wp-content\/uploads\/2021\/10\/2_Yvan_Andreu_0373-1085x800.jpg 1085w, https:\/\/ei-design.org\/wp-content\/uploads\/2021\/10\/2_Yvan_Andreu_0373-768x566.jpg 768w, https:\/\/ei-design.org\/wp-content\/uploads\/2021\/10\/2_Yvan_Andreu_0373-1536x1133.jpg 1536w, https:\/\/ei-design.org\/wp-content\/uploads\/2021\/10\/2_Yvan_Andreu_0373-2048x1510.jpg 2048w, https:\/\/ei-design.org\/wp-content\/uploads\/2021\/10\/2_Yvan_Andreu_0373-16x12.jpg 16w\" sizes=\"(max-width: 800px) 100vw, 800px\" \/><\/a><!--more--><\/p>\n<p><a href=\"https:\/\/ei-design.org\/wp-content\/uploads\/2021\/10\/3_Yvan_Andreu_0373-scaled.jpg\"><img loading=\"lazy\" class=\"wp-image-23850 aligncenter\" src=\"https:\/\/ei-design.org\/wp-content\/uploads\/2021\/10\/3_Yvan_Andreu_0373-543x400.jpg\" alt=\"\" width=\"800\" height=\"590\" srcset=\"https:\/\/ei-design.org\/wp-content\/uploads\/2021\/10\/3_Yvan_Andreu_0373-543x400.jpg 543w, https:\/\/ei-design.org\/wp-content\/uploads\/2021\/10\/3_Yvan_Andreu_0373-scaled-1000x737.jpg 1000w, https:\/\/ei-design.org\/wp-content\/uploads\/2021\/10\/3_Yvan_Andreu_0373-1085x800.jpg 1085w, https:\/\/ei-design.org\/wp-content\/uploads\/2021\/10\/3_Yvan_Andreu_0373-768x566.jpg 768w, https:\/\/ei-design.org\/wp-content\/uploads\/2021\/10\/3_Yvan_Andreu_0373-1536x1132.jpg 1536w, https:\/\/ei-design.org\/wp-content\/uploads\/2021\/10\/3_Yvan_Andreu_0373-2048x1510.jpg 2048w, https:\/\/ei-design.org\/wp-content\/uploads\/2021\/10\/3_Yvan_Andreu_0373-16x12.jpg 16w\" sizes=\"(max-width: 800px) 100vw, 800px\" \/><\/a><\/p>\n<p><!--more--><a href=\"https:\/\/ei-design.org\/wp-content\/uploads\/2021\/10\/4_Yvan_Andreu_0373-scaled.jpg\"><img loading=\"lazy\" class=\"wp-image-23851 aligncenter\" src=\"https:\/\/ei-design.org\/wp-content\/uploads\/2021\/10\/4_Yvan_Andreu_0373-543x400.jpg\" alt=\"\" width=\"800\" height=\"590\" srcset=\"https:\/\/ei-design.org\/wp-content\/uploads\/2021\/10\/4_Yvan_Andreu_0373-543x400.jpg 543w, https:\/\/ei-design.org\/wp-content\/uploads\/2021\/10\/4_Yvan_Andreu_0373-scaled-1000x737.jpg 1000w, https:\/\/ei-design.org\/wp-content\/uploads\/2021\/10\/4_Yvan_Andreu_0373-1085x800.jpg 1085w, https:\/\/ei-design.org\/wp-content\/uploads\/2021\/10\/4_Yvan_Andreu_0373-768x566.jpg 768w, https:\/\/ei-design.org\/wp-content\/uploads\/2021\/10\/4_Yvan_Andreu_0373-1536x1132.jpg 1536w, https:\/\/ei-design.org\/wp-content\/uploads\/2021\/10\/4_Yvan_Andreu_0373-2048x1510.jpg 2048w, https:\/\/ei-design.org\/wp-content\/uploads\/2021\/10\/4_Yvan_Andreu_0373-16x12.jpg 16w\" sizes=\"(max-width: 800px) 100vw, 800px\" \/><\/a><!--more--><\/p>\n<p><a href=\"https:\/\/ei-design.org\/wp-content\/uploads\/2021\/10\/OI20_Yvan_Andreu_0078-scaled.jpg\"><img loading=\"lazy\" class=\"aligncenter wp-image-23838\" src=\"https:\/\/ei-design.org\/wp-content\/uploads\/2021\/10\/OI20_Yvan_Andreu_0078-267x400.jpg\" alt=\"\" width=\"800\" height=\"1200\" srcset=\"https:\/\/ei-design.org\/wp-content\/uploads\/2021\/10\/OI20_Yvan_Andreu_0078-267x400.jpg 267w, https:\/\/ei-design.org\/wp-content\/uploads\/2021\/10\/OI20_Yvan_Andreu_0078-scaled-1000x1500.jpg 1000w, https:\/\/ei-design.org\/wp-content\/uploads\/2021\/10\/OI20_Yvan_Andreu_0078-533x800.jpg 533w, https:\/\/ei-design.org\/wp-content\/uploads\/2021\/10\/OI20_Yvan_Andreu_0078-768x1152.jpg 768w, https:\/\/ei-design.org\/wp-content\/uploads\/2021\/10\/OI20_Yvan_Andreu_0078-1024x1536.jpg 1024w, https:\/\/ei-design.org\/wp-content\/uploads\/2021\/10\/OI20_Yvan_Andreu_0078-1365x2048.jpg 1365w, https:\/\/ei-design.org\/wp-content\/uploads\/2021\/10\/OI20_Yvan_Andreu_0078-8x12.jpg 8w, https:\/\/ei-design.org\/wp-content\/uploads\/2021\/10\/OI20_Yvan_Andreu_0078-scaled.jpg 1707w\" sizes=\"(max-width: 800px) 100vw, 800px\" \/><\/a><\/p>\n<p><a href=\"https:\/\/ei-design.org\/wp-content\/uploads\/2021\/10\/OI20_Yvan_Andreu_0314-scaled.jpg\"><img loading=\"lazy\" class=\"wp-image-23839 aligncenter\" src=\"https:\/\/ei-design.org\/wp-content\/uploads\/2021\/10\/OI20_Yvan_Andreu_0314-267x400.jpg\" alt=\"\" width=\"800\" height=\"1200\" srcset=\"https:\/\/ei-design.org\/wp-content\/uploads\/2021\/10\/OI20_Yvan_Andreu_0314-267x400.jpg 267w, https:\/\/ei-design.org\/wp-content\/uploads\/2021\/10\/OI20_Yvan_Andreu_0314-scaled-1000x1500.jpg 1000w, https:\/\/ei-design.org\/wp-content\/uploads\/2021\/10\/OI20_Yvan_Andreu_0314-533x800.jpg 533w, https:\/\/ei-design.org\/wp-content\/uploads\/2021\/10\/OI20_Yvan_Andreu_0314-768x1152.jpg 768w, https:\/\/ei-design.org\/wp-content\/uploads\/2021\/10\/OI20_Yvan_Andreu_0314-1024x1536.jpg 1024w, https:\/\/ei-design.org\/wp-content\/uploads\/2021\/10\/OI20_Yvan_Andreu_0314-1365x2048.jpg 1365w, https:\/\/ei-design.org\/wp-content\/uploads\/2021\/10\/OI20_Yvan_Andreu_0314-8x12.jpg 8w, https:\/\/ei-design.org\/wp-content\/uploads\/2021\/10\/OI20_Yvan_Andreu_0314-scaled.jpg 1707w\" sizes=\"(max-width: 800px) 100vw, 800px\" \/><\/a><\/p>\n<p><a href=\"https:\/\/ei-design.org\/wp-content\/uploads\/2021\/10\/OI20_Yvan_Andreu_0191.jpg\"><img loading=\"lazy\" class=\"aligncenter wp-image-23840\" src=\"https:\/\/ei-design.org\/wp-content\/uploads\/2021\/10\/OI20_Yvan_Andreu_0191-272x400.jpg\" alt=\"\" width=\"800\" height=\"1178\" srcset=\"https:\/\/ei-design.org\/wp-content\/uploads\/2021\/10\/OI20_Yvan_Andreu_0191-272x400.jpg 272w, https:\/\/ei-design.org\/wp-content\/uploads\/2021\/10\/OI20_Yvan_Andreu_0191-1000x1472.jpg 1000w, https:\/\/ei-design.org\/wp-content\/uploads\/2021\/10\/OI20_Yvan_Andreu_0191-543x800.jpg 543w, https:\/\/ei-design.org\/wp-content\/uploads\/2021\/10\/OI20_Yvan_Andreu_0191-768x1131.jpg 768w, https:\/\/ei-design.org\/wp-content\/uploads\/2021\/10\/OI20_Yvan_Andreu_0191-1043x1536.jpg 1043w, https:\/\/ei-design.org\/wp-content\/uploads\/2021\/10\/OI20_Yvan_Andreu_0191-1391x2048.jpg 1391w, https:\/\/ei-design.org\/wp-content\/uploads\/2021\/10\/OI20_Yvan_Andreu_0191-8x12.jpg 8w, https:\/\/ei-design.org\/wp-content\/uploads\/2021\/10\/OI20_Yvan_Andreu_0191.jpg 1728w\" sizes=\"(max-width: 800px) 100vw, 800px\" \/><\/a><a href=\"https:\/\/ei-design.org\/wp-content\/uploads\/2021\/10\/OI20_Yvan_Andreu_0191.jpg\"> \u00a0 \u00a0 <\/a><a href=\"https:\/\/ei-design.org\/wp-content\/uploads\/2021\/10\/00003-Yvan-Andreu-Madrid-Fall-20-Credit-Pablo-Latorre-LEstrop.jpg\"><img loading=\"lazy\" class=\"wp-image-23841 aligncenter\" src=\"https:\/\/ei-design.org\/wp-content\/uploads\/2021\/10\/00003-Yvan-Andreu-Madrid-Fall-20-Credit-Pablo-Latorre-LEstrop-267x400.jpg\" alt=\"\" width=\"800\" height=\"1200\" srcset=\"https:\/\/ei-design.org\/wp-content\/uploads\/2021\/10\/00003-Yvan-Andreu-Madrid-Fall-20-Credit-Pablo-Latorre-LEstrop-267x400.jpg 267w, https:\/\/ei-design.org\/wp-content\/uploads\/2021\/10\/00003-Yvan-Andreu-Madrid-Fall-20-Credit-Pablo-Latorre-LEstrop-1000x1500.jpg 1000w, https:\/\/ei-design.org\/wp-content\/uploads\/2021\/10\/00003-Yvan-Andreu-Madrid-Fall-20-Credit-Pablo-Latorre-LEstrop-533x800.jpg 533w, https:\/\/ei-design.org\/wp-content\/uploads\/2021\/10\/00003-Yvan-Andreu-Madrid-Fall-20-Credit-Pablo-Latorre-LEstrop-768x1152.jpg 768w, https:\/\/ei-design.org\/wp-content\/uploads\/2021\/10\/00003-Yvan-Andreu-Madrid-Fall-20-Credit-Pablo-Latorre-LEstrop-1024x1536.jpg 1024w, https:\/\/ei-design.org\/wp-content\/uploads\/2021\/10\/00003-Yvan-Andreu-Madrid-Fall-20-Credit-Pablo-Latorre-LEstrop-1365x2048.jpg 1365w, https:\/\/ei-design.org\/wp-content\/uploads\/2021\/10\/00003-Yvan-Andreu-Madrid-Fall-20-Credit-Pablo-Latorre-LEstrop-8x12.jpg 8w, https:\/\/ei-design.org\/wp-content\/uploads\/2021\/10\/00003-Yvan-Andreu-Madrid-Fall-20-Credit-Pablo-Latorre-LEstrop.jpg 1440w\" sizes=\"(max-width: 800px) 100vw, 800px\" \/><\/a>\u00a0 \u00a0 \u00a0 \u00a0 \u00a0 \u00a0<a href=\"https:\/\/ei-design.org\/wp-content\/uploads\/2021\/10\/OI20_Yvan_Andreu_0243-scaled.jpg\"><img loading=\"lazy\" class=\"wp-image-23842 aligncenter\" src=\"https:\/\/ei-design.org\/wp-content\/uploads\/2021\/10\/OI20_Yvan_Andreu_0243-267x400.jpg\" alt=\"\" width=\"800\" height=\"1200\" srcset=\"https:\/\/ei-design.org\/wp-content\/uploads\/2021\/10\/OI20_Yvan_Andreu_0243-267x400.jpg 267w, https:\/\/ei-design.org\/wp-content\/uploads\/2021\/10\/OI20_Yvan_Andreu_0243-scaled-1000x1500.jpg 1000w, https:\/\/ei-design.org\/wp-content\/uploads\/2021\/10\/OI20_Yvan_Andreu_0243-533x800.jpg 533w, https:\/\/ei-design.org\/wp-content\/uploads\/2021\/10\/OI20_Yvan_Andreu_0243-768x1152.jpg 768w, https:\/\/ei-design.org\/wp-content\/uploads\/2021\/10\/OI20_Yvan_Andreu_0243-1024x1536.jpg 1024w, https:\/\/ei-design.org\/wp-content\/uploads\/2021\/10\/OI20_Yvan_Andreu_0243-1365x2048.jpg 1365w, https:\/\/ei-design.org\/wp-content\/uploads\/2021\/10\/OI20_Yvan_Andreu_0243-8x12.jpg 8w, https:\/\/ei-design.org\/wp-content\/uploads\/2021\/10\/OI20_Yvan_Andreu_0243-scaled.jpg 1707w\" sizes=\"(max-width: 800px) 100vw, 800px\" \/><\/a><\/p>\n<p><img loading=\"lazy\" class=\"wp-image-23834 aligncenter\" src=\"https:\/\/ei-design.org\/wp-content\/uploads\/2021\/10\/OI20_Yvan_Andreu_0166-267x400.jpg\" alt=\"\" width=\"800\" height=\"1200\" srcset=\"https:\/\/ei-design.org\/wp-content\/uploads\/2021\/10\/OI20_Yvan_Andreu_0166-267x400.jpg 267w, https:\/\/ei-design.org\/wp-content\/uploads\/2021\/10\/OI20_Yvan_Andreu_0166-scaled-1000x1500.jpg 1000w, https:\/\/ei-design.org\/wp-content\/uploads\/2021\/10\/OI20_Yvan_Andreu_0166-533x800.jpg 533w, https:\/\/ei-design.org\/wp-content\/uploads\/2021\/10\/OI20_Yvan_Andreu_0166-768x1152.jpg 768w, https:\/\/ei-design.org\/wp-content\/uploads\/2021\/10\/OI20_Yvan_Andreu_0166-1024x1536.jpg 1024w, https:\/\/ei-design.org\/wp-content\/uploads\/2021\/10\/OI20_Yvan_Andreu_0166-1365x2048.jpg 1365w, https:\/\/ei-design.org\/wp-content\/uploads\/2021\/10\/OI20_Yvan_Andreu_0166-8x12.jpg 8w, https:\/\/ei-design.org\/wp-content\/uploads\/2021\/10\/OI20_Yvan_Andreu_0166-scaled.jpg 1707w\" sizes=\"(max-width: 800px) 100vw, 800px\" \/><\/p>\n<p><img loading=\"lazy\" class=\"wp-image-23843 aligncenter\" src=\"https:\/\/ei-design.org\/wp-content\/uploads\/2021\/10\/defOI20_Yvan_Andreu_0415-267x400.jpg\" alt=\"\" width=\"800\" height=\"1200\" srcset=\"https:\/\/ei-design.org\/wp-content\/uploads\/2021\/10\/defOI20_Yvan_Andreu_0415-267x400.jpg 267w, https:\/\/ei-design.org\/wp-content\/uploads\/2021\/10\/defOI20_Yvan_Andreu_0415-1000x1500.jpg 1000w, https:\/\/ei-design.org\/wp-content\/uploads\/2021\/10\/defOI20_Yvan_Andreu_0415-533x800.jpg 533w, https:\/\/ei-design.org\/wp-content\/uploads\/2021\/10\/defOI20_Yvan_Andreu_0415-768x1152.jpg 768w, https:\/\/ei-design.org\/wp-content\/uploads\/2021\/10\/defOI20_Yvan_Andreu_0415-1024x1536.jpg 1024w, https:\/\/ei-design.org\/wp-content\/uploads\/2021\/10\/defOI20_Yvan_Andreu_0415-1365x2048.jpg 1365w, https:\/\/ei-design.org\/wp-content\/uploads\/2021\/10\/defOI20_Yvan_Andreu_0415-8x12.jpg 8w, https:\/\/ei-design.org\/wp-content\/uploads\/2021\/10\/defOI20_Yvan_Andreu_0415.jpg 1440w\" sizes=\"(max-width: 800px) 100vw, 800px\" \/><a href=\"https:\/\/ei-design.org\/wp-content\/uploads\/2021\/10\/defOI20_Yvan_Andreu_0415.jpg\">\u00a0 \u00a0 \u00a0 \u00a0 \u00a0 \u00a0 \u00a0 \u00a0 \u00a0<\/a><\/p>\n<p>&nbsp;<\/p>\n<p>&nbsp;<\/p>\n<p>&nbsp;<\/p>\n<p>&nbsp;<\/p>\n<p>&nbsp;<\/p>\n<p>&nbsp;<\/p>\n<p>&nbsp;<\/p>\n<p>&nbsp;<\/p>\n<p>&nbsp;<\/p>","protected":false},"excerpt":{"rendered":"<p style=\"text-align: center;\"><span style=\"color: #282828;\"><strong><span style=\"font-size: 120%;\">Proyecto ganador Samsung Ego Innovation 2020. Show Ego Cibeles<\/span><\/strong><\/span><\/p>\n<p style=\"text-align: center;\"><span style=\"color: #ffffff;\">&#8211;<\/span><\/p>","protected":false},"featured_media":24205,"template":"","meta":[],"_links":{"self":[{"href":"https:\/\/ei-design.org\/es\/wp-json\/wp\/v2\/product\/23546"}],"collection":[{"href":"https:\/\/ei-design.org\/es\/wp-json\/wp\/v2\/product"}],"about":[{"href":"https:\/\/ei-design.org\/es\/wp-json\/wp\/v2\/types\/product"}],"wp:featuredmedia":[{"embeddable":true,"href":"https:\/\/ei-design.org\/es\/wp-json\/wp\/v2\/media\/24205"}],"wp:attachment":[{"href":"https:\/\/ei-design.org\/es\/wp-json\/wp\/v2\/media?parent=23546"}],"curies":[{"name":"wp","href":"https:\/\/api.w.org\/{rel}","templated":true}]}}