{"id":23238,"date":"2021-09-21T12:28:20","date_gmt":"2021-09-21T10:28:20","guid":{"rendered":"https:\/\/ei-design.org\/?post_type=product&#038;p=23238"},"modified":"2024-07-31T11:19:18","modified_gmt":"2024-07-31T09:19:18","slug":"pinguino-wine-jug","status":"archived","type":"product","link":"https:\/\/ei-design.org\/es\/product\/pinguino-wine-jug\/","title":{"rendered":"Pinguino jug project by eiDesign"},"content":{"rendered":"<p><span style=\"font-size: 14pt\" data-mce-style=\"font-size: 14pt;\">Es la versi\u00f3n originaria de un producto tradicional argentino originado en la d\u00e9cada de los a\u00f1os 30. En ese momento las bodegas trasladaban el vino a granel a las zonas de gran consumo como Rosario, Buenos Aires y C\u00f3rdoba para comercializarlo en envases de 200 litros, 20 litros o 5 litros a comedores, pulper\u00edas o vinoteca. El \"bartender\" necesitaba fraccionar el vino para llevarlo a la mesa del cliente y lo hac\u00eda utilizando jarras con forma de ping\u00fcino. Anteriormente se utilizaban tinajas con asa de mimbre, pero luego el ping\u00fcino se populariz\u00f3 y comenz\u00f3 a usarse masivamente tanto en bares y restaurantes como en barbacoas \u200b\u200bfamiliares, donde tuvo un pico de uso en los a\u00f1os 50 y 70 del siglo XX.<\/span><\/p>\n<p><span style=\"font-size: 14pt\" data-mce-style=\"font-size: 14pt;\">Para su elaboraci\u00f3n se utiliza cer\u00e1mica de la m\u00e1s alta calidad. Los productos se fabrican por unidad siguiendo un m\u00e9todo de producci\u00f3n artesanal acabado a mano. Se utilizan diferentes tipos de cer\u00e1mica como el gres y la cer\u00e1mica blanca mate para obtener diferentes acabados.<\/span><\/p>\n<p><\/p>\n<p><img loading=\"lazy\" class=\"aligncenter wp-image-23243\" src=\"https:\/\/ei-design.org\/wp-content\/uploads\/2021\/09\/Pinguino-04-scaled-1-561x400.jpg\" alt=\"\" width=\"900\" height=\"641\" data-mce-src=\"https:\/\/ei-design.org\/wp-content\/uploads\/2021\/09\/Pinguino-04-scaled-1-561x400.jpg\" srcset=\"https:\/\/ei-design.org\/wp-content\/uploads\/2021\/09\/Pinguino-04-scaled-1-561x400.jpg 561w, https:\/\/ei-design.org\/wp-content\/uploads\/2021\/09\/Pinguino-04-scaled-1-768x547.jpg 768w, https:\/\/ei-design.org\/wp-content\/uploads\/2021\/09\/Pinguino-04-scaled-1-16x12.jpg 16w, https:\/\/ei-design.org\/wp-content\/uploads\/2021\/09\/Pinguino-04-scaled-1.jpg 992w\" sizes=\"(max-width: 900px) 100vw, 900px\" \/><\/p>\n<p><\/p>\n<p><\/p>\n<p><img loading=\"lazy\" class=\"aligncenter wp-image-23239\" src=\"https:\/\/ei-design.org\/wp-content\/uploads\/2021\/09\/deff-Pinguino-individual-negro-977x800.jpg\" alt=\"\" width=\"900\" height=\"737\" data-mce-src=\"https:\/\/ei-design.org\/wp-content\/uploads\/2021\/09\/deff-Pinguino-individual-negro-977x800.jpg\" srcset=\"https:\/\/ei-design.org\/wp-content\/uploads\/2021\/09\/deff-Pinguino-individual-negro-977x800.jpg 977w, https:\/\/ei-design.org\/wp-content\/uploads\/2021\/09\/deff-Pinguino-individual-negro-489x400.jpg 489w, https:\/\/ei-design.org\/wp-content\/uploads\/2021\/09\/deff-Pinguino-individual-negro-768x629.jpg 768w, https:\/\/ei-design.org\/wp-content\/uploads\/2021\/09\/deff-Pinguino-individual-negro-16x12.jpg 16w, https:\/\/ei-design.org\/wp-content\/uploads\/2021\/09\/deff-Pinguino-individual-negro.jpg 992w\" sizes=\"(max-width: 900px) 100vw, 900px\" \/><\/p>\n<p><\/p>\n<p><\/p>\n<p><img loading=\"lazy\" class=\"aligncenter wp-image-23244\" src=\"https:\/\/ei-design.org\/wp-content\/uploads\/2021\/09\/1Grupo-de-pinguino-jarras-grandes-576x400.jpg\" alt=\"\" width=\"900\" height=\"625\" data-mce-src=\"https:\/\/ei-design.org\/wp-content\/uploads\/2021\/09\/1Grupo-de-pinguino-jarras-grandes-576x400.jpg\" srcset=\"https:\/\/ei-design.org\/wp-content\/uploads\/2021\/09\/1Grupo-de-pinguino-jarras-grandes-576x400.jpg 576w, https:\/\/ei-design.org\/wp-content\/uploads\/2021\/09\/1Grupo-de-pinguino-jarras-grandes-768x533.jpg 768w, https:\/\/ei-design.org\/wp-content\/uploads\/2021\/09\/1Grupo-de-pinguino-jarras-grandes-16x12.jpg 16w, https:\/\/ei-design.org\/wp-content\/uploads\/2021\/09\/1Grupo-de-pinguino-jarras-grandes.jpg 905w\" sizes=\"(max-width: 900px) 100vw, 900px\" \/><\/p>\n<p><\/p>\n<p><\/p>\n<p><img loading=\"lazy\" class=\"aligncenter wp-image-23241\" src=\"https:\/\/ei-design.org\/wp-content\/uploads\/2021\/09\/Pinguinos-familia-600x400.jpg\" alt=\"\" width=\"900\" height=\"600\" data-mce-src=\"https:\/\/ei-design.org\/wp-content\/uploads\/2021\/09\/Pinguinos-familia-600x400.jpg\" srcset=\"https:\/\/ei-design.org\/wp-content\/uploads\/2021\/09\/Pinguinos-familia-600x400.jpg 600w, https:\/\/ei-design.org\/wp-content\/uploads\/2021\/09\/Pinguinos-familia-768x512.jpg 768w, https:\/\/ei-design.org\/wp-content\/uploads\/2021\/09\/Pinguinos-familia-16x12.jpg 16w, https:\/\/ei-design.org\/wp-content\/uploads\/2021\/09\/Pinguinos-familia.jpg 992w\" sizes=\"(max-width: 900px) 100vw, 900px\" \/><\/p>\n<p><\/p>\n<p><\/p>\n<p><\/p>","protected":false},"excerpt":{"rendered":"<h4 style=\"text-align: center\" data-mce-style=\"text-align: center;\"><strong>Es la versi\u00f3n contempor\u00e1nea de un producto tradicional argentino originario de 1930<\/strong><\/h4>\n<p style=\"text-align: center\" data-mce-style=\"text-align: center;\">&#8211;<\/p>","protected":false},"featured_media":24185,"template":"","meta":[],"_links":{"self":[{"href":"https:\/\/ei-design.org\/es\/wp-json\/wp\/v2\/product\/23238"}],"collection":[{"href":"https:\/\/ei-design.org\/es\/wp-json\/wp\/v2\/product"}],"about":[{"href":"https:\/\/ei-design.org\/es\/wp-json\/wp\/v2\/types\/product"}],"wp:featuredmedia":[{"embeddable":true,"href":"https:\/\/ei-design.org\/es\/wp-json\/wp\/v2\/media\/24185"}],"wp:attachment":[{"href":"https:\/\/ei-design.org\/es\/wp-json\/wp\/v2\/media?parent=23238"}],"curies":[{"name":"wp","href":"https:\/\/api.w.org\/{rel}","templated":true}]}}