{"id":23215,"date":"2021-12-05T18:17:39","date_gmt":"2021-12-05T17:17:39","guid":{"rendered":"https:\/\/ei-design.org\/?post_type=product&#038;p=23215"},"modified":"2022-01-31T17:20:31","modified_gmt":"2022-01-31T16:20:31","slug":"community-patricia-sartori","status":"publish","type":"product","link":"https:\/\/ei-design.org\/es\/product\/community-patricia-sartori\/","title":{"rendered":"Serie #2021"},"content":{"rendered":"<p><span style=\"font-size: 14pt;\" data-mce-style=\"font-size: 14pt;\">En estos trabajos utiliza una fina placa met\u00e1lica como soporte para el raspado con acr\u00edlico, creando un tipo \u00fanico de proceso de serigraf\u00eda manual.<\/span><\/p>\n<p><span style=\"font-size: 14pt;\" data-mce-style=\"font-size: 14pt;\">Los diferentes resultados visuales dependen de las herramientas que elija para raspar, la cantidad de pintura y la presi\u00f3n que aplique con la esp\u00e1tula de metal. Los cuadros tienen un efecto casi serigrafiado y est\u00e1n ejecutados con diferentes medidas de llana. En algunas obras, despu\u00e9s de raspar con acr\u00edlico, Patricia utiliz\u00f3 una barra de \u00f3leo de pigmento puro, dando una nueva lectura a la pintura al \u00f3leo y agregando una capa caligr\u00e1fica y expresiva. Ella ve su \u00faltimo trabajo como el resultado de una combinaci\u00f3n de sus lados gr\u00e1fico y pict\u00f3rico. <span lang=\"IT\">Estas pinturas crean un nuevo lenguaje abstracto situado entre la pintura expresionista y el dise\u00f1o gr\u00e1fico.<\/span><\/span><\/p>\n<p class=\"MsoNormal\"><span style=\"font-size: 14pt;\" data-mce-style=\"font-size: 14pt;\"><span lang=\"IT\">\"Para m\u00ed, estas pinturas evocan nuestra sensaci\u00f3n de escape, de querer transmutarnos en una nueva dimensi\u00f3n. La creaci\u00f3n de un universo desconocido, inconsciente y futurista donde un nuevo paisaje aparece desde la forma en que raspo y uso el color\".<\/span><\/span><\/p>\n<p class=\"MsoNormal\"><span style=\"font-size: 14pt;\" data-mce-style=\"font-size: 14pt;\"><span lang=\"IT\">Haci\u00e9ndose preguntas y reflexiones sobre nuestro futuro, <\/span><span lang=\"IT\">en estas pinturas, la precisi\u00f3n del dise\u00f1o gr\u00e1fico vuelve a aparecer en su obra, como si su pintura expresionista y su dise\u00f1o gr\u00e1fico de precisi\u00f3n tomaran forma juntos.<\/span><\/span><\/p>\n<p><\/p>\n<p><img src=\"data:image\/gif;base64,R0lGODlhAQABAIAAAAAAAP\/\/\/yH5BAEAAAAALAAAAAABAAEAAAIBRAA7\" data-wp-more=\"more\" data-wp-more-text=\"\" class=\"wp-more-tag mce-wp-more\" alt=\"\" title=\"Leggi tutto...\" data-mce-resize=\"false\" data-mce-placeholder=\"1\"><\/p>\n<p style=\"text-align: center;\" data-mce-style=\"text-align: center;\"><a href=\"https:\/\/ei-design.org\/wp-content\/uploads\/2021\/10\/2021_2.jpg\" data-mce-href=\"https:\/\/ei-design.org\/wp-content\/uploads\/2021\/10\/2021_2.jpg\">\u00a0 \u00a0 \u00a0 \u00a0 \u00a0 \u00a0 \u00a0 <\/a><a href=\"https:\/\/ei-design.org\/wp-content\/uploads\/2021\/10\/2021_2.jpg\" data-mce-href=\"https:\/\/ei-design.org\/wp-content\/uploads\/2021\/10\/2021_2.jpg\"><img loading=\"lazy\" class=\"aligncenter wp-image-23536\" src=\"https:\/\/ei-design.org\/wp-content\/uploads\/2021\/10\/2021_2-183x400.jpg\" alt=\"2021\" width=\"250\" height=\"547\" data-mce-src=\"https:\/\/ei-design.org\/wp-content\/uploads\/2021\/10\/2021_2-183x400.jpg\" srcset=\"https:\/\/ei-design.org\/wp-content\/uploads\/2021\/10\/2021_2-183x400.jpg 183w, https:\/\/ei-design.org\/wp-content\/uploads\/2021\/10\/2021_2-366x800.jpg 366w, https:\/\/ei-design.org\/wp-content\/uploads\/2021\/10\/2021_2-768x1680.jpg 768w, https:\/\/ei-design.org\/wp-content\/uploads\/2021\/10\/2021_2-702x1536.jpg 702w, https:\/\/ei-design.org\/wp-content\/uploads\/2021\/10\/2021_2-936x2048.jpg 936w, https:\/\/ei-design.org\/wp-content\/uploads\/2021\/10\/2021_2-5x12.jpg 5w, https:\/\/ei-design.org\/wp-content\/uploads\/2021\/10\/2021_2.jpg 942w\" sizes=\"(max-width: 250px) 100vw, 250px\" \/><\/a><\/p>\n<p style=\"text-align: center;\" data-mce-style=\"text-align: center;\"><span style=\"font-size: 8pt;\" data-mce-style=\"font-size: 8pt;\">\u00a0 \u00a0 \u00a0 \u00a0 \u00a0 \u00a0 \u00a0 \u00a0 \u00a0 \u00a0 \u00a0 \u00a0 \u00a0 \u00a0 \u00a0<strong>\u00a0 \u00a0 \u00a0 \u00a02021_#2\u00a0 \u00a0 \u00a0\u00a0<\/strong> \u00a0 \u00a0 \u00a0 \u00a0 \u00a0 \u00a0 \u00a0 \u00a0 \u00a0 \u00a0 \u00a0 \u00a0 \u00a0 \u00a0 \u00a0\u00a0<\/span><\/p>\n<p style=\"text-align: center;\" data-mce-style=\"text-align: center;\"><span style=\"font-size: 8pt;\" data-mce-style=\"font-size: 8pt;\">ACRYLIC ON DIBOND, 2021\u00a0 \u00a0 \u00a0<\/span><\/p>\n<p style=\"text-align: center;\" data-mce-style=\"text-align: center;\"><span style=\"font-size: 8pt;\" data-mce-style=\"font-size: 8pt;\">\u00a040 X85CM\u00a0 \u00a0 \u00a0\u00a0<\/span><\/p>\n<p><\/p>\n<p><\/p>\n<p style=\"text-align: center;\" data-mce-style=\"text-align: center;\">\u00a0 \u00a0 \u00a0 \u00a0 \u00a0 \u00a0 \u00a0 \u00a0 \u00a0 \u00a0 \u00a0 \u00a0 \u00a0 \u00a0 \u00a0 \u00a0 \u00a0 \u00a0 \u00a0 \u00a0 \u00a0 \u00a0 \u00a0 \u00a0 \u00a0 \u00a0 \u00a0 \u00a0 \u00a0 \u00a0 \u00a0<a href=\"https:\/\/ei-design.org\/wp-content\/uploads\/2021\/09\/b-IMG_0231.jpg\" data-mce-href=\"https:\/\/ei-design.org\/wp-content\/uploads\/2021\/09\/b-IMG_0231.jpg\"><img loading=\"lazy\" class=\"wp-image-23226 aligncenter\" src=\"https:\/\/ei-design.org\/wp-content\/uploads\/2021\/09\/b-IMG_0231-184x400.jpg\" alt=\"\" width=\"250\" height=\"542\" data-mce-src=\"https:\/\/ei-design.org\/wp-content\/uploads\/2021\/09\/b-IMG_0231-184x400.jpg\" srcset=\"https:\/\/ei-design.org\/wp-content\/uploads\/2021\/09\/b-IMG_0231-184x400.jpg 184w, https:\/\/ei-design.org\/wp-content\/uploads\/2021\/09\/b-IMG_0231-369x800.jpg 369w, https:\/\/ei-design.org\/wp-content\/uploads\/2021\/09\/b-IMG_0231-768x1666.jpg 768w, https:\/\/ei-design.org\/wp-content\/uploads\/2021\/09\/b-IMG_0231-708x1536.jpg 708w, https:\/\/ei-design.org\/wp-content\/uploads\/2021\/09\/b-IMG_0231-944x2048.jpg 944w, https:\/\/ei-design.org\/wp-content\/uploads\/2021\/09\/b-IMG_0231-6x12.jpg 6w, https:\/\/ei-design.org\/wp-content\/uploads\/2021\/09\/b-IMG_0231.jpg 992w\" sizes=\"(max-width: 250px) 100vw, 250px\" \/><\/a><\/p>\n<p style=\"text-align: center;\" data-mce-style=\"text-align: center;\"><span style=\"font-size: 10pt;\" data-mce-style=\"font-size: 10pt;\">\u00a0 \u00a0 \u00a0 \u00a0 \u00a0 \u00a0 <span style=\"font-size: 8pt;\" data-mce-style=\"font-size: 8pt;\">\u00a0 \u00a0 \u00a0 \u00a0 \u00a0 \u00a0 <strong>\u00a0 \u00a0 2021#4\u00a0<\/strong> \u00a0 \u00a0\u00a0 \u00a0 \u00a0 \u00a0 \u00a0 \u00a0 \u00a0 \u00a0 \u00a0 \u00a0 \u00a0 \u00a0 \u00a0 \u00a0 \u00a0 \u00a0<\/span><\/span><\/p>\n<p style=\"text-align: center;\" data-mce-style=\"text-align: center;\"><span style=\"font-size: 8pt;\" data-mce-style=\"font-size: 8pt;\">ACRYLIC ON DIBOND, 2021\u00a0 \u00a0 \u00a0<\/span><\/p>\n<p style=\"text-align: center;\" data-mce-style=\"text-align: center;\"><span style=\"font-size: 10pt;\" data-mce-style=\"font-size: 10pt;\"><span style=\"font-size: 8pt;\" data-mce-style=\"font-size: 8pt;\">40 X85CM\u00a0<\/span> \u00a0 \u00a0 <\/span><\/p>\n<p style=\"text-align: left;\" data-mce-style=\"text-align: left;\"><span style=\"font-size: 10pt;\" data-mce-style=\"font-size: 10pt;\"><strong>\u00a0 \u00a0 \u00a0 \u00a0 \u00a0 \u00a0 \u00a0 \u00a0 \u00a0 \u00a0 \u00a0 \u00a0 \u00a0 \u00a0 \u00a0 \u00a0 \u00a0 \u00a0 \u00a0<\/strong><\/span><span style=\"font-size: 85%;\" data-mce-style=\"font-size: 85%;\"><span style=\"font-size: 80%;\" data-mce-style=\"font-size: 80%;\">\u00a0 \u00a0 \u00a0 \u00a0 \u00a0 \u00a0<\/span><\/span><\/p>\n<p style=\"text-align: center;\" data-mce-style=\"text-align: center;\"><span style=\"font-size: 80%;\" data-mce-style=\"font-size: 80%;\">\u00a0 \u00a0 \u00a0 \u00a0 \u00a0 \u00a0 \u00a0 \u00a0 \u00a0 \u00a0 \u00a0\u00a0<\/span><\/p>\n<p><\/p>\n<p><img src=\"data:image\/gif;base64,R0lGODlhAQABAIAAAAAAAP\/\/\/yH5BAEAAAAALAAAAAABAAEAAAIBRAA7\" data-wp-more=\"more\" data-wp-more-text=\"\" class=\"wp-more-tag mce-wp-more\" alt=\"\" title=\"Leggi tutto...\" data-mce-resize=\"false\" data-mce-placeholder=\"1\"><\/p>\n<p><a href=\"https:\/\/ei-design.org\/wp-content\/uploads\/2021\/11\/web-2021-6.jpg\" data-mce-href=\"https:\/\/ei-design.org\/wp-content\/uploads\/2021\/11\/web-2021-6.jpg\"><img loading=\"lazy\" class=\"wp-image-24254 size-medium aligncenter\" src=\"https:\/\/ei-design.org\/wp-content\/uploads\/2021\/11\/web-2021-6-800x296.jpg\" alt=\"\" width=\"800\" height=\"296\" data-mce-src=\"https:\/\/ei-design.org\/wp-content\/uploads\/2021\/11\/web-2021-6-800x296.jpg\" srcset=\"https:\/\/ei-design.org\/wp-content\/uploads\/2021\/11\/web-2021-6-800x296.jpg 800w, https:\/\/ei-design.org\/wp-content\/uploads\/2021\/11\/web-2021-6-1400x518.jpg 1400w, https:\/\/ei-design.org\/wp-content\/uploads\/2021\/11\/web-2021-6-768x284.jpg 768w, https:\/\/ei-design.org\/wp-content\/uploads\/2021\/11\/web-2021-6-16x6.jpg 16w, https:\/\/ei-design.org\/wp-content\/uploads\/2021\/11\/web-2021-6-1000x370.jpg 1000w, https:\/\/ei-design.org\/wp-content\/uploads\/2021\/11\/web-2021-6.jpg 1464w\" sizes=\"(max-width: 800px) 100vw, 800px\" \/><\/a><span style=\"font-size: 90%;\" data-mce-style=\"font-size: 90%;\"><strong>\u00a0 \u00a0<\/strong><\/span><\/p>\n<p style=\"text-align: center;\" data-mce-style=\"text-align: center;\"><span style=\"font-size: 8pt;\" data-mce-style=\"font-size: 8pt;\"><strong>2021_#6<\/strong><\/span><\/p>\n<p style=\"text-align: center;\" data-mce-style=\"text-align: center;\"><span style=\"font-size: 8pt;\" data-mce-style=\"font-size: 8pt;\">ACRYLIC ON DIBOND, 2021\u00a0 \u00a0<\/span><\/p>\n<p style=\"text-align: center;\" data-mce-style=\"text-align: center;\"><span style=\"font-size: 8pt;\" data-mce-style=\"font-size: 8pt;\">60 X 20CM<\/span><\/p>\n<p><img src=\"data:image\/gif;base64,R0lGODlhAQABAIAAAAAAAP\/\/\/yH5BAEAAAAALAAAAAABAAEAAAIBRAA7\" data-wp-more=\"more\" data-wp-more-text=\"\" class=\"wp-more-tag mce-wp-more\" alt=\"\" title=\"Leggi tutto...\" data-mce-resize=\"false\" data-mce-placeholder=\"1\"><\/p>\n<p><\/p>\n<p><\/p>\n<p><img class=\"wp-more-tag mce-wp-more\" title=\"Leggi tutto...\" src=\"data:image\/gif;base64,R0lGODlhAQABAIAAAAAAAP\/\/\/yH5BAEAAAAALAAAAAABAAEAAAIBRAA7\" alt=\"\" data-wp-more=\"more\" data-mce-resize=\"false\" data-mce-placeholder=\"1\"><\/p>\n<p style=\"text-align: center;\" data-mce-style=\"text-align: center;\"><a href=\"https:\/\/ei-design.org\/wp-content\/uploads\/2021\/09\/b-2021_4.jpg\" data-mce-href=\"https:\/\/ei-design.org\/wp-content\/uploads\/2021\/09\/b-2021_4.jpg\"><img loading=\"lazy\" class=\"alignnone wp-image-23225\" src=\"https:\/\/ei-design.org\/wp-content\/uploads\/2021\/09\/b-2021_4-179x400.jpg\" alt=\"\" width=\"250\" height=\"558\" data-mce-src=\"https:\/\/ei-design.org\/wp-content\/uploads\/2021\/09\/b-2021_4-179x400.jpg\" srcset=\"https:\/\/ei-design.org\/wp-content\/uploads\/2021\/09\/b-2021_4-179x400.jpg 179w, https:\/\/ei-design.org\/wp-content\/uploads\/2021\/09\/b-2021_4-359x800.jpg 359w, https:\/\/ei-design.org\/wp-content\/uploads\/2021\/09\/b-2021_4-768x1713.jpg 768w, https:\/\/ei-design.org\/wp-content\/uploads\/2021\/09\/b-2021_4-689x1536.jpg 689w, https:\/\/ei-design.org\/wp-content\/uploads\/2021\/09\/b-2021_4-5x12.jpg 5w, https:\/\/ei-design.org\/wp-content\/uploads\/2021\/09\/b-2021_4.jpg 850w\" sizes=\"(max-width: 250px) 100vw, 250px\" \/><\/a><span style=\"font-size: 10pt;\" data-mce-style=\"font-size: 10pt;\"><strong>\u00a0 \u00a0 \u00a0 \u00a0 \u00a0 \u00a0<\/strong><\/span><\/p>\n<p style=\"text-align: center;\" data-mce-style=\"text-align: center;\"><span style=\"font-size: 10pt;\" data-mce-style=\"font-size: 10pt;\"><strong>\u00a0 \u00a0 \u00a0 \u00a0 \u00a0 \u00a0 \u00a0 \u00a0 \u00a0<span style=\"font-size: 8pt;\" data-mce-style=\"font-size: 8pt;\">\u00a0 \u00a0 \u00a0 2021_#3\u00a0 \u00a0 <\/span><\/strong><span style=\"font-size: 8pt;\" data-mce-style=\"font-size: 8pt;\">\u00a0\u00a0 \u00a0 \u00a0 \u00a0 \u00a0 \u00a0 \u00a0 \u00a0 \u00a0 \u00a0 \u00a0 \u00a0 \u00a0 \u00a0 \u00a0 \u00a0<\/span><\/span><\/p>\n<p style=\"text-align: center;\" data-mce-style=\"text-align: center;\"><span style=\"font-size: 8pt;\" data-mce-style=\"font-size: 8pt;\">ACRYLIC ON DIBOND, 2021\u00a0 \u00a0 <\/span><\/p>\n<p style=\"text-align: center;\" data-mce-style=\"text-align: center;\"><span style=\"font-size: 85%;\" data-mce-style=\"font-size: 85%;\"><span style=\"font-size: 80%;\" data-mce-style=\"font-size: 80%;\"><span style=\"font-size: 8pt;\" data-mce-style=\"font-size: 8pt;\">\u00a0 \u00a0 \u00a0 \u00a0 \u00a0 \u00a0 \u00a0 \u00a0 \u00a0 \u00a040 X 85CM\u00a0 \u00a0 \u00a0 \u00a0 \u00a0<\/span> \u00a0 \u00a0 \u00a0 \u00a0 \u00a0 \u00a0 \u00a0<\/span><\/span><\/p>\n<p><\/p>\n<p style=\"text-align: center;\" data-mce-style=\"text-align: center;\"><span style=\"font-size: 10pt;\" data-mce-style=\"font-size: 10pt;\">\u00a0 \u00a0\u00a0<\/span><\/p>\n<p><img src=\"data:image\/gif;base64,R0lGODlhAQABAIAAAAAAAP\/\/\/yH5BAEAAAAALAAAAAABAAEAAAIBRAA7\" data-wp-more=\"more\" data-wp-more-text=\"\" class=\"wp-more-tag mce-wp-more\" alt=\"\" title=\"Leggi tutto...\" data-mce-resize=\"false\" data-mce-placeholder=\"1\"><\/p>\n<p><span style=\"color: #ffffff;\" data-mce-style=\"color: #ffffff;\">.<\/span><\/p>\n<p><a href=\"https:\/\/ei-design.org\/wp-content\/uploads\/2021\/11\/web-2021-8-scaled.jpg\" data-mce-href=\"https:\/\/ei-design.org\/wp-content\/uploads\/2021\/11\/web-2021-8-scaled.jpg\"><img loading=\"lazy\" class=\"size-medium wp-image-24255 aligncenter\" src=\"https:\/\/ei-design.org\/wp-content\/uploads\/2021\/11\/web-2021-8-800x370.jpg\" alt=\"\" width=\"800\" height=\"370\" data-mce-src=\"https:\/\/ei-design.org\/wp-content\/uploads\/2021\/11\/web-2021-8-800x370.jpg\" srcset=\"https:\/\/ei-design.org\/wp-content\/uploads\/2021\/11\/web-2021-8-800x370.jpg 800w, https:\/\/ei-design.org\/wp-content\/uploads\/2021\/11\/web-2021-8-1400x648.jpg 1400w, https:\/\/ei-design.org\/wp-content\/uploads\/2021\/11\/web-2021-8-768x355.jpg 768w, https:\/\/ei-design.org\/wp-content\/uploads\/2021\/11\/web-2021-8-1536x711.jpg 1536w, https:\/\/ei-design.org\/wp-content\/uploads\/2021\/11\/web-2021-8-2048x947.jpg 2048w, https:\/\/ei-design.org\/wp-content\/uploads\/2021\/11\/web-2021-8-16x7.jpg 16w, https:\/\/ei-design.org\/wp-content\/uploads\/2021\/11\/web-2021-8-1000x463.jpg 1000w\" sizes=\"(max-width: 800px) 100vw, 800px\" \/><\/a><\/p>\n<p style=\"text-align: center;\" data-mce-style=\"text-align: center;\"><span style=\"font-size: 8pt;\" data-mce-style=\"font-size: 8pt;\"><strong>2021_#8<\/strong><\/span><\/p>\n<p style=\"text-align: center;\" data-mce-style=\"text-align: center;\"><span style=\"font-size: 8pt;\" data-mce-style=\"font-size: 8pt;\">\u00a0\u00a0 ACRYLIC ON DIBOND, 2021\u00a0 <\/span><\/p>\n<p style=\"text-align: center;\" data-mce-style=\"text-align: center;\"><span style=\"font-size: 8pt;\" data-mce-style=\"font-size: 8pt;\">85 X 40CM<\/span><\/p>\n<p><\/p>\n<p><\/p>\n<p><img src=\"data:image\/gif;base64,R0lGODlhAQABAIAAAAAAAP\/\/\/yH5BAEAAAAALAAAAAABAAEAAAIBRAA7\" data-wp-more=\"more\" data-wp-more-text=\"\" class=\"wp-more-tag mce-wp-more\" alt=\"\" title=\"Leggi tutto...\" data-mce-resize=\"false\" data-mce-placeholder=\"1\"><\/p>\n<p><span style=\"color: #ffffff;\" data-mce-style=\"color: #ffffff;\">.<\/span><\/p>\n<p><a href=\"https:\/\/ei-design.org\/wp-content\/uploads\/2021\/11\/web-2021-9.jpg\" data-mce-href=\"https:\/\/ei-design.org\/wp-content\/uploads\/2021\/11\/web-2021-9.jpg\"><img loading=\"lazy\" class=\"size-medium wp-image-24256 aligncenter\" src=\"https:\/\/ei-design.org\/wp-content\/uploads\/2021\/11\/web-2021-9-800x391.jpg\" alt=\"\" width=\"800\" height=\"391\" data-mce-src=\"https:\/\/ei-design.org\/wp-content\/uploads\/2021\/11\/web-2021-9-800x391.jpg\" srcset=\"https:\/\/ei-design.org\/wp-content\/uploads\/2021\/11\/web-2021-9-800x391.jpg 800w, https:\/\/ei-design.org\/wp-content\/uploads\/2021\/11\/web-2021-9-1400x684.jpg 1400w, https:\/\/ei-design.org\/wp-content\/uploads\/2021\/11\/web-2021-9-768x375.jpg 768w, https:\/\/ei-design.org\/wp-content\/uploads\/2021\/11\/web-2021-9-1536x750.jpg 1536w, https:\/\/ei-design.org\/wp-content\/uploads\/2021\/11\/web-2021-9-2048x1000.jpg 2048w, https:\/\/ei-design.org\/wp-content\/uploads\/2021\/11\/web-2021-9-16x8.jpg 16w, https:\/\/ei-design.org\/wp-content\/uploads\/2021\/11\/web-2021-9-1000x488.jpg 1000w\" sizes=\"(max-width: 800px) 100vw, 800px\" \/><\/a><\/p>\n<p style=\"text-align: center;\" data-mce-style=\"text-align: center;\"><span style=\"font-size: 8pt;\" data-mce-style=\"font-size: 8pt;\"><strong>2021_#9<\/strong><\/span><\/p>\n<p style=\"text-align: center;\" data-mce-style=\"text-align: center;\"><span style=\"font-size: 8pt;\" data-mce-style=\"font-size: 8pt;\">ACRYLIC ON DIBOND, 2021\u00a0 <\/span><\/p>\n<p style=\"text-align: center;\" data-mce-style=\"text-align: center;\"><span style=\"font-size: 8pt;\" data-mce-style=\"font-size: 8pt;\">150 X 75CM<\/span><\/p>\n<p><\/p>\n<p><img src=\"data:image\/gif;base64,R0lGODlhAQABAIAAAAAAAP\/\/\/yH5BAEAAAAALAAAAAABAAEAAAIBRAA7\" data-wp-more=\"more\" data-wp-more-text=\"\" class=\"wp-more-tag mce-wp-more\" alt=\"\" title=\"Leggi tutto...\" data-mce-resize=\"false\" data-mce-placeholder=\"1\"><\/p>","protected":false},"excerpt":{"rendered":"<h4 style=\"text-align: center;\" data-mce-style=\"text-align: center;\"><strong>Estas obras forman parte del \u00faltimo per\u00edodo de trabajo de Patricia Sartori realizados entre 2020-2021<\/strong><\/h4>\n<p style=\"text-align: center;\" data-mce-style=\"text-align: center;\">&#8211;<\/p>","protected":false},"featured_media":23583,"template":"","meta":[],"_links":{"self":[{"href":"https:\/\/ei-design.org\/es\/wp-json\/wp\/v2\/product\/23215"}],"collection":[{"href":"https:\/\/ei-design.org\/es\/wp-json\/wp\/v2\/product"}],"about":[{"href":"https:\/\/ei-design.org\/es\/wp-json\/wp\/v2\/types\/product"}],"wp:featuredmedia":[{"embeddable":true,"href":"https:\/\/ei-design.org\/es\/wp-json\/wp\/v2\/media\/23583"}],"wp:attachment":[{"href":"https:\/\/ei-design.org\/es\/wp-json\/wp\/v2\/media?parent=23215"}],"curies":[{"name":"wp","href":"https:\/\/api.w.org\/{rel}","templated":true}]}}