{"id":22564,"date":"2021-11-08T12:58:12","date_gmt":"2021-11-08T11:58:12","guid":{"rendered":"https:\/\/ei-design.org\/es\/?post_type=product&#038;p=22564"},"modified":"2024-08-01T12:17:54","modified_gmt":"2024-08-01T10:17:54","slug":"dogo-luminary","status":"publish","type":"product","link":"https:\/\/ei-design.org\/es\/product\/dogo-luminary\/","title":{"rendered":"DOGO light project"},"content":{"rendered":"<p><span style=\"font-size: 110%; color: #282828;\">Dogo es una l\u00e1mpara de sobremesa decorativa que representa y reinterpreta la fisionom\u00eda de un cachorro, es la perfecta representaci\u00f3n de la delicadeza, la amistad y el dise\u00f1o; que se refleja, en la combinaci\u00f3n de sus materiales puros y naturales que representan de la manera m\u00e1s exquisita lo que significa ser \"el mejor amigo del hombre\"<\/span><\/p>\n<p><span style=\"font-size: 110%; color: #282828;\">Dogo es el nombre que se le da a esta pieza, que busca trasladarnos a nuestros or\u00edgenes recordando los medios de expresi\u00f3n de las primeras civilizaciones, donde la creatividad surg\u00eda de la m\u00e1s peque\u00f1a representaci\u00f3n de la vida cotidiana y las creencias espirituales.<\/span><\/p>\n<p><span style=\"font-size: 110%; color: #282828;\">A trav\u00e9s del concepto \u201cDise\u00f1o Mexicano Contempor\u00e1neo\u201d Prannus busca dar respuesta a las necesidades de la sociedad actual adaptadas a la vida moderna a trav\u00e9s de la producci\u00f3n de objetos utilitarios comunes, implementando procesos tradicionales para crear vol\u00famenes complejos. Como resultado encontramos en su trayectoria propuestas est\u00e9ticamente atractivas por su forma innovadora y contrastes que fusionan la cultura prehisp\u00e1nica y la moderna, al aunar parte de su historia con un dise\u00f1o atemporal sutilmente influenciado por el estilo escandinavo. Gracias a la sutileza de sus formas, que le otorga ligereza y movimiento. lo convierte en el componente ideal para crear una experiencia \u00fanica a trav\u00e9s de una luminaria generando un ambiente c\u00e1lido y amigable.<\/span><\/p>\n<p><span style=\"color: #ffffff;\">&#8211;<\/span><\/p>\n<h3><a href=\"https:\/\/ei-design.org\/wp-content\/uploads\/2023\/05\/2aa-DOGGO.jpg\"><img loading=\"lazy\" class=\"wp-image-27468 aligncenter\" src=\"https:\/\/ei-design.org\/wp-content\/uploads\/2023\/05\/2aa-DOGGO-400x400.jpg\" alt=\"\" width=\"600\" height=\"600\" srcset=\"https:\/\/ei-design.org\/wp-content\/uploads\/2023\/05\/2aa-DOGGO-400x400.jpg 400w, https:\/\/ei-design.org\/wp-content\/uploads\/2023\/05\/2aa-DOGGO-800x800.jpg 800w, https:\/\/ei-design.org\/wp-content\/uploads\/2023\/05\/2aa-DOGGO-280x280.jpg 280w, https:\/\/ei-design.org\/wp-content\/uploads\/2023\/05\/2aa-DOGGO-768x768.jpg 768w, https:\/\/ei-design.org\/wp-content\/uploads\/2023\/05\/2aa-DOGGO-12x12.jpg 12w, https:\/\/ei-design.org\/wp-content\/uploads\/2023\/05\/2aa-DOGGO-700x700.jpg 700w, https:\/\/ei-design.org\/wp-content\/uploads\/2023\/05\/2aa-DOGGO-1000x1000.jpg 1000w, https:\/\/ei-design.org\/wp-content\/uploads\/2023\/05\/2aa-DOGGO-100x100.jpg 100w, https:\/\/ei-design.org\/wp-content\/uploads\/2023\/05\/2aa-DOGGO.jpg 1224w\" sizes=\"(max-width: 600px) 100vw, 600px\" \/><\/a><\/h3>\n<p><img loading=\"lazy\" class=\"aligncenter wp-image-22977\" src=\"https:\/\/ei-design.org\/wp-content\/uploads\/2021\/09\/image_6483441-15-417x400.jpg\" alt=\"\" width=\"600\" height=\"575\" srcset=\"https:\/\/ei-design.org\/wp-content\/uploads\/2021\/09\/image_6483441-15-417x400.jpg 417w, https:\/\/ei-design.org\/wp-content\/uploads\/2021\/09\/image_6483441-15-1000x958.jpg 1000w, https:\/\/ei-design.org\/wp-content\/uploads\/2021\/09\/image_6483441-15-835x800.jpg 835w, https:\/\/ei-design.org\/wp-content\/uploads\/2021\/09\/image_6483441-15-768x736.jpg 768w, https:\/\/ei-design.org\/wp-content\/uploads\/2021\/09\/image_6483441-15-13x12.jpg 13w, https:\/\/ei-design.org\/wp-content\/uploads\/2021\/09\/image_6483441-15.jpg 1226w\" sizes=\"(max-width: 600px) 100vw, 600px\" \/><\/p>\n<p><img loading=\"lazy\" class=\"aligncenter wp-image-22983\" src=\"https:\/\/ei-design.org\/wp-content\/uploads\/2021\/09\/DOGGO-1-451x400.gif\" alt=\"\" width=\"600\" height=\"533\" srcset=\"https:\/\/ei-design.org\/wp-content\/uploads\/2021\/09\/DOGGO-1-451x400.gif 451w, https:\/\/ei-design.org\/wp-content\/uploads\/2021\/09\/DOGGO-1-901x800.gif 901w, https:\/\/ei-design.org\/wp-content\/uploads\/2021\/09\/DOGGO-1-768x682.gif 768w, https:\/\/ei-design.org\/wp-content\/uploads\/2021\/09\/DOGGO-1-14x12.gif 14w, https:\/\/ei-design.org\/wp-content\/uploads\/2021\/09\/DOGGO-1-600x533.gif 600w\" sizes=\"(max-width: 600px) 100vw, 600px\" \/><\/p>\n<h3><img loading=\"lazy\" class=\"aligncenter wp-image-22973 size-full\" src=\"https:\/\/ei-design.org\/wp-content\/uploads\/2021\/09\/INSTA-GANTE2-600x600-1.jpg\" alt=\"\" width=\"600\" height=\"600\" srcset=\"https:\/\/ei-design.org\/wp-content\/uploads\/2021\/09\/INSTA-GANTE2-600x600-1.jpg 600w, https:\/\/ei-design.org\/wp-content\/uploads\/2021\/09\/INSTA-GANTE2-600x600-1-100x100.jpg 100w, https:\/\/ei-design.org\/wp-content\/uploads\/2021\/09\/INSTA-GANTE2-600x600-1-400x400.jpg 400w, https:\/\/ei-design.org\/wp-content\/uploads\/2021\/09\/INSTA-GANTE2-600x600-1-280x280.jpg 280w, https:\/\/ei-design.org\/wp-content\/uploads\/2021\/09\/INSTA-GANTE2-600x600-1-12x12.jpg 12w, https:\/\/ei-design.org\/wp-content\/uploads\/2021\/09\/INSTA-GANTE2-600x600-1-300x300.jpg 300w\" sizes=\"(max-width: 600px) 100vw, 600px\" \/><\/h3>\n<p>&nbsp;<\/p>\n<p><a href=\"https:\/\/ei-design.org\/wp-content\/uploads\/2023\/05\/calissa-prannus_Page_11.jpg\"><img loading=\"lazy\" class=\"aligncenter wp-image-27469\" src=\"https:\/\/ei-design.org\/wp-content\/uploads\/2023\/05\/calissa-prannus_Page_11-400x400.jpg\" alt=\"\" width=\"600\" height=\"600\" srcset=\"https:\/\/ei-design.org\/wp-content\/uploads\/2023\/05\/calissa-prannus_Page_11-400x400.jpg 400w, https:\/\/ei-design.org\/wp-content\/uploads\/2023\/05\/calissa-prannus_Page_11-800x800.jpg 800w, https:\/\/ei-design.org\/wp-content\/uploads\/2023\/05\/calissa-prannus_Page_11-280x280.jpg 280w, https:\/\/ei-design.org\/wp-content\/uploads\/2023\/05\/calissa-prannus_Page_11-768x768.jpg 768w, https:\/\/ei-design.org\/wp-content\/uploads\/2023\/05\/calissa-prannus_Page_11-12x12.jpg 12w, https:\/\/ei-design.org\/wp-content\/uploads\/2023\/05\/calissa-prannus_Page_11-700x700.jpg 700w, https:\/\/ei-design.org\/wp-content\/uploads\/2023\/05\/calissa-prannus_Page_11-1000x1000.jpg 1000w, https:\/\/ei-design.org\/wp-content\/uploads\/2023\/05\/calissa-prannus_Page_11-100x100.jpg 100w, https:\/\/ei-design.org\/wp-content\/uploads\/2023\/05\/calissa-prannus_Page_11.jpg 1182w\" sizes=\"(max-width: 600px) 100vw, 600px\" \/><\/a><\/p>\n<p>&nbsp;<\/p>\n<p style=\"text-align: center;\"><a href=\"https:\/\/www.prannus.com\/\">More info https:\/\/www.prannus.com\/<\/a><\/p>\n<p>&nbsp;<\/p>\n<p>&nbsp;<\/p>","protected":false},"excerpt":{"rendered":"<p style=\"text-align: center;\"><strong><span style=\"font-size: 120%; color: #282828;\">Cultura prehisp\u00e1nica y moderna, combinando parte de su historia con un dise\u00f1o atemporal sutilmente influenciado por el estilo escandinavo.<\/span><\/strong><\/p>\n<p style=\"text-align: center;\"><span style=\"color: #ffffff;\">&#8211;<\/span><\/p>\n<h3><\/h3>\n<p>&nbsp;<\/p>\n<p>&nbsp;<\/p>","protected":false},"featured_media":23769,"template":"","meta":[],"_links":{"self":[{"href":"https:\/\/ei-design.org\/es\/wp-json\/wp\/v2\/product\/22564"}],"collection":[{"href":"https:\/\/ei-design.org\/es\/wp-json\/wp\/v2\/product"}],"about":[{"href":"https:\/\/ei-design.org\/es\/wp-json\/wp\/v2\/types\/product"}],"wp:featuredmedia":[{"embeddable":true,"href":"https:\/\/ei-design.org\/es\/wp-json\/wp\/v2\/media\/23769"}],"wp:attachment":[{"href":"https:\/\/ei-design.org\/es\/wp-json\/wp\/v2\/media?parent=22564"}],"curies":[{"name":"wp","href":"https:\/\/api.w.org\/{rel}","templated":true}]}}