{"id":22549,"date":"2021-09-12T19:21:00","date_gmt":"2021-09-12T17:21:00","guid":{"rendered":"https:\/\/ei-design.org\/en\/?post_type=product&#038;p=22549"},"modified":"2024-08-01T12:26:38","modified_gmt":"2024-08-01T10:26:38","slug":"project-portfolio","status":"publish","type":"product","link":"https:\/\/ei-design.org\/es\/product\/project-portfolio\/","title":{"rendered":"Serie Red"},"content":{"rendered":"<p><span style=\"font-size: 110%; color: #282828;\"><span lang=\"IT\">I made this work for an amazing collaboration with David Hatters. It was part of a beauty series.<\/span><\/span><\/p>\n<p><span lang=\"IT\" style=\"font-size: 110%; color: #282828;\">En este trabajo trato de explorar el movimiento y la transparencia, me fascina el color y exploro una amplia gama de materiales para encontrar un equilibrio perfecto entre textura y capas.\u00a0\u00a0<\/span><\/p>\n<p><span lang=\"IT\" style=\"font-size: 110%; color: #282828;\">Utilizo materiales como metacrilato, papel y lienzo como base para trabajar.\u00a0<\/span><\/p>\n<p><span style=\"font-size: 110%; color: #282828;\"><span lang=\"IT\">\"Serie Red\" habla acerca de investigaci\u00f3n, transformaci\u00f3n y emociones. Un camino personal a trav\u00e9s del g\u00e9nero y la autoconciencia.\u00a0\u00a0<\/span><\/span><\/p>\n<p class=\"MsoNormal\" style=\"background-image: initial; background-position: initial; background-size: initial; background-repeat: initial; background-attachment: initial; background-origin: initial; background-clip: initial;\"><span lang=\"IT\" style=\"font-size: 110%; color: #282828;\">Las im\u00e1genes muestran una fuerza delicada, un poco de surrealismo y desnudez.<\/span><\/p>\n<p><!--more--><\/p>\n<p>&nbsp;<\/p>\n<p><img loading=\"lazy\" class=\"aligncenter wp-image-22904 size-full\" src=\"https:\/\/ei-design.org\/wp-content\/uploads\/2021\/09\/7B80E6ED-60EC-49E6-870D-27FACD7D687C.jpg\" alt=\"\" width=\"640\" height=\"800\" srcset=\"https:\/\/ei-design.org\/wp-content\/uploads\/2021\/09\/7B80E6ED-60EC-49E6-870D-27FACD7D687C.jpg 640w, https:\/\/ei-design.org\/wp-content\/uploads\/2021\/09\/7B80E6ED-60EC-49E6-870D-27FACD7D687C-320x400.jpg 320w, https:\/\/ei-design.org\/wp-content\/uploads\/2021\/09\/7B80E6ED-60EC-49E6-870D-27FACD7D687C-10x12.jpg 10w, https:\/\/ei-design.org\/wp-content\/uploads\/2021\/09\/7B80E6ED-60EC-49E6-870D-27FACD7D687C-600x750.jpg 600w\" sizes=\"(max-width: 640px) 100vw, 640px\" \/><\/p>\n<p>&nbsp;<\/p>\n<p>&nbsp;<\/p>\n<p>&nbsp;<\/p>\n<p><img loading=\"lazy\" class=\"wp-image-22903 aligncenter\" src=\"https:\/\/ei-design.org\/wp-content\/uploads\/2021\/09\/modf1-878A555D-7C1F-46C2-9960-6EC8E40C1764-335x400.jpg\" alt=\"\" width=\"640\" height=\"765\" srcset=\"https:\/\/ei-design.org\/wp-content\/uploads\/2021\/09\/modf1-878A555D-7C1F-46C2-9960-6EC8E40C1764-335x400.jpg 335w, https:\/\/ei-design.org\/wp-content\/uploads\/2021\/09\/modf1-878A555D-7C1F-46C2-9960-6EC8E40C1764-669x800.jpg 669w, https:\/\/ei-design.org\/wp-content\/uploads\/2021\/09\/modf1-878A555D-7C1F-46C2-9960-6EC8E40C1764-768x918.jpg 768w, https:\/\/ei-design.org\/wp-content\/uploads\/2021\/09\/modf1-878A555D-7C1F-46C2-9960-6EC8E40C1764-10x12.jpg 10w, https:\/\/ei-design.org\/wp-content\/uploads\/2021\/09\/modf1-878A555D-7C1F-46C2-9960-6EC8E40C1764-600x717.jpg 600w, https:\/\/ei-design.org\/wp-content\/uploads\/2021\/09\/modf1-878A555D-7C1F-46C2-9960-6EC8E40C1764.jpg 981w\" sizes=\"(max-width: 640px) 100vw, 640px\" \/><\/p>\n<p>&nbsp;<\/p>\n<p>&nbsp;<\/p>\n<p><img loading=\"lazy\" class=\"aligncenter wp-image-22907\" src=\"https:\/\/ei-design.org\/wp-content\/uploads\/2021\/09\/modif-0149D808-AFCF-40C8-91C6-EBE06D3E8CEB.jpg\" alt=\"\" width=\"640\" height=\"857\" srcset=\"https:\/\/ei-design.org\/wp-content\/uploads\/2021\/09\/modif-0149D808-AFCF-40C8-91C6-EBE06D3E8CEB.jpg 446w, https:\/\/ei-design.org\/wp-content\/uploads\/2021\/09\/modif-0149D808-AFCF-40C8-91C6-EBE06D3E8CEB-299x400.jpg 299w, https:\/\/ei-design.org\/wp-content\/uploads\/2021\/09\/modif-0149D808-AFCF-40C8-91C6-EBE06D3E8CEB-9x12.jpg 9w\" sizes=\"(max-width: 640px) 100vw, 640px\" \/><\/p>\n<p>&nbsp;<\/p>\n<p><a href=\"https:\/\/ei-design.org\/wp-content\/uploads\/2021\/10\/pink-rosso-new-.jpg\"><img loading=\"lazy\" class=\"aligncenter wp-image-23485\" src=\"https:\/\/ei-design.org\/wp-content\/uploads\/2021\/10\/pink-rosso-new--587x800.jpg\" alt=\"\" width=\"640\" height=\"872\" srcset=\"https:\/\/ei-design.org\/wp-content\/uploads\/2021\/10\/pink-rosso-new--587x800.jpg 587w, https:\/\/ei-design.org\/wp-content\/uploads\/2021\/10\/pink-rosso-new--293x400.jpg 293w, https:\/\/ei-design.org\/wp-content\/uploads\/2021\/10\/pink-rosso-new--9x12.jpg 9w, https:\/\/ei-design.org\/wp-content\/uploads\/2021\/10\/pink-rosso-new-.jpg 620w\" sizes=\"(max-width: 640px) 100vw, 640px\" \/><\/a><\/p>\n<p>&nbsp;<\/p>","protected":false},"excerpt":{"rendered":"<p style=\"text-align: center;\"><span style=\"color: #282828;\"><strong><span style=\"font-size: 120%;\">\"Serie Red\" habla acerca de investigaci\u00f3n, transformaci\u00f3n y emociones. Un camino personal a trav\u00e9s del g\u00e9nero y la autoconciencia.<\/span><\/strong><\/span><\/p>\n<p style=\"text-align: center;\">&#8211;<\/p>\n<p>&nbsp;<\/p>","protected":false},"featured_media":26550,"template":"","meta":[],"_links":{"self":[{"href":"https:\/\/ei-design.org\/es\/wp-json\/wp\/v2\/product\/22549"}],"collection":[{"href":"https:\/\/ei-design.org\/es\/wp-json\/wp\/v2\/product"}],"about":[{"href":"https:\/\/ei-design.org\/es\/wp-json\/wp\/v2\/types\/product"}],"wp:featuredmedia":[{"embeddable":true,"href":"https:\/\/ei-design.org\/es\/wp-json\/wp\/v2\/media\/26550"}],"wp:attachment":[{"href":"https:\/\/ei-design.org\/es\/wp-json\/wp\/v2\/media?parent=22549"}],"curies":[{"name":"wp","href":"https:\/\/api.w.org\/{rel}","templated":true}]}}