{"id":22535,"date":"2021-09-06T15:39:02","date_gmt":"2021-09-06T13:39:02","guid":{"rendered":"https:\/\/ei-design.org\/es\/?post_type=product&#038;p=22535"},"modified":"2024-08-01T14:10:52","modified_gmt":"2024-08-01T12:10:52","slug":"aborigen","status":"publish","type":"product","link":"https:\/\/ei-design.org\/es\/product\/aborigen\/","title":{"rendered":"Ind\u00edgenas"},"content":{"rendered":"<p><span style=\"font-size: 110%; color: #333333;\">En esta obra me inspiro en las culturas abor\u00edgenes que habitaban y a\u00fan habitan Am\u00e9rica. Fueron ellos quienes descubrieron c\u00f3mo aprovechar el grano de caf\u00e9 y lograron transmitir su legado hasta nuestros d\u00edas. Quer\u00eda rendir homenaje a la naturaleza, las mujeres, los colores y las deidades que las caracterizan.<\/span><\/p>\n<h4><\/h4>\n<p><img loading=\"lazy\" class=\"alignnone size-full wp-image-23167\" src=\"https:\/\/ei-design.org\/wp-content\/uploads\/2021\/09\/cmondeja-behance-indigenas.jpg\" alt=\"proceso-trabajo-cmondeja-indigenas\" width=\"1766\" height=\"12554\" \/><\/p>","protected":false},"excerpt":{"rendered":"<p style=\"text-align: center;\"><strong><span style=\"font-size: 120%; color: #333333;\">Etiqueta para contenedor de caf\u00e9<\/span><\/strong><\/p>\n<p style=\"text-align: center;\"><span style=\"color: #ffffff;\">&#8211;<\/span><\/p>","protected":false},"featured_media":22998,"template":"","meta":[],"_links":{"self":[{"href":"https:\/\/ei-design.org\/es\/wp-json\/wp\/v2\/product\/22535"}],"collection":[{"href":"https:\/\/ei-design.org\/es\/wp-json\/wp\/v2\/product"}],"about":[{"href":"https:\/\/ei-design.org\/es\/wp-json\/wp\/v2\/types\/product"}],"wp:featuredmedia":[{"embeddable":true,"href":"https:\/\/ei-design.org\/es\/wp-json\/wp\/v2\/media\/22998"}],"wp:attachment":[{"href":"https:\/\/ei-design.org\/es\/wp-json\/wp\/v2\/media?parent=22535"}],"curies":[{"name":"wp","href":"https:\/\/api.w.org\/{rel}","templated":true}]}}