{"id":22519,"date":"2021-07-22T18:05:24","date_gmt":"2021-07-22T16:05:24","guid":{"rendered":"https:\/\/ei-design.org\/en\/?post_type=product&#038;p=22519"},"modified":"2024-08-01T12:35:20","modified_gmt":"2024-08-01T10:35:20","slug":"new-collection-innervision","status":"publish","type":"product","link":"https:\/\/ei-design.org\/es\/product\/new-collection-innervision\/","title":{"rendered":"Inner vision"},"content":{"rendered":"<p><span style=\"font-size: 110%; color: #282828;\">Gabo Barbara presenta su \u00faltima colecci\u00f3n \u201cInner Vision\u201d. Piezas atmosf\u00e9ricas y profundas que nos invitan a reflexionar sobre lo lejos que llegamos cuando nos observamos internamente. \u00bfCu\u00e1ntas capas de nosotros mismos eliminamos? inspirado por el aislamiento, la nostalgia y la esperanza. Experimente con todos los medios disponibles, desde el l\u00e1piz hasta el p\u00edxel, para lograr ese \u00e9ter visual.<\/span><\/p>\n<p>&nbsp;<\/p>\n<p><!--more--><\/p>\n<p><img loading=\"lazy\" class=\"aligncenter wp-image-22927 size-full\" src=\"https:\/\/ei-design.org\/wp-content\/uploads\/2021\/09\/this_is_not_my_face-copy-1132x800-1.jpg\" alt=\"\" width=\"1132\" height=\"800\" srcset=\"https:\/\/ei-design.org\/wp-content\/uploads\/2021\/09\/this_is_not_my_face-copy-1132x800-1.jpg 1132w, https:\/\/ei-design.org\/wp-content\/uploads\/2021\/09\/this_is_not_my_face-copy-1132x800-1-1000x707.jpg 1000w, https:\/\/ei-design.org\/wp-content\/uploads\/2021\/09\/this_is_not_my_face-copy-1132x800-1-566x400.jpg 566w, https:\/\/ei-design.org\/wp-content\/uploads\/2021\/09\/this_is_not_my_face-copy-1132x800-1-768x543.jpg 768w, https:\/\/ei-design.org\/wp-content\/uploads\/2021\/09\/this_is_not_my_face-copy-1132x800-1-18x12.jpg 18w\" sizes=\"(max-width: 1132px) 100vw, 1132px\" \/><\/p>\n<p><img loading=\"lazy\" class=\"aligncenter wp-image-22926 size-full\" src=\"https:\/\/ei-design.org\/wp-content\/uploads\/2021\/09\/ECHOES-1071x800-2.jpg\" alt=\"\" width=\"1071\" height=\"800\" srcset=\"https:\/\/ei-design.org\/wp-content\/uploads\/2021\/09\/ECHOES-1071x800-2.jpg 1071w, https:\/\/ei-design.org\/wp-content\/uploads\/2021\/09\/ECHOES-1071x800-2-1000x747.jpg 1000w, https:\/\/ei-design.org\/wp-content\/uploads\/2021\/09\/ECHOES-1071x800-2-536x400.jpg 536w, https:\/\/ei-design.org\/wp-content\/uploads\/2021\/09\/ECHOES-1071x800-2-768x574.jpg 768w, https:\/\/ei-design.org\/wp-content\/uploads\/2021\/09\/ECHOES-1071x800-2-16x12.jpg 16w\" sizes=\"(max-width: 1071px) 100vw, 1071px\" \/><\/p>\n<p><img loading=\"lazy\" class=\"aligncenter wp-image-22925\" src=\"https:\/\/ei-design.org\/wp-content\/uploads\/2021\/09\/IMG_0018.gif\" alt=\"\" width=\"1132\" height=\"849\" \/><\/p>\n<p><img loading=\"lazy\" class=\"aligncenter wp-image-22920 size-full\" src=\"https:\/\/ei-design.org\/wp-content\/uploads\/2021\/09\/fondo-1230x800-1.png\" alt=\"\" width=\"1230\" height=\"800\" srcset=\"https:\/\/ei-design.org\/wp-content\/uploads\/2021\/09\/fondo-1230x800-1.png 1230w, https:\/\/ei-design.org\/wp-content\/uploads\/2021\/09\/fondo-1230x800-1-1000x650.png 1000w, https:\/\/ei-design.org\/wp-content\/uploads\/2021\/09\/fondo-1230x800-1-615x400.png 615w, https:\/\/ei-design.org\/wp-content\/uploads\/2021\/09\/fondo-1230x800-1-768x500.png 768w, https:\/\/ei-design.org\/wp-content\/uploads\/2021\/09\/fondo-1230x800-1-18x12.png 18w\" sizes=\"(max-width: 1230px) 100vw, 1230px\" \/><\/p>\n<p><img loading=\"lazy\" class=\"aligncenter wp-image-22928 size-full\" src=\"https:\/\/ei-design.org\/wp-content\/uploads\/2021\/09\/1-Ilustracion_sin_titulo-5-569x800-1.jpg\" alt=\"\" width=\"1186\" height=\"800\" srcset=\"https:\/\/ei-design.org\/wp-content\/uploads\/2021\/09\/1-Ilustracion_sin_titulo-5-569x800-1.jpg 1186w, https:\/\/ei-design.org\/wp-content\/uploads\/2021\/09\/1-Ilustracion_sin_titulo-5-569x800-1-1000x675.jpg 1000w, https:\/\/ei-design.org\/wp-content\/uploads\/2021\/09\/1-Ilustracion_sin_titulo-5-569x800-1-593x400.jpg 593w, https:\/\/ei-design.org\/wp-content\/uploads\/2021\/09\/1-Ilustracion_sin_titulo-5-569x800-1-768x518.jpg 768w, https:\/\/ei-design.org\/wp-content\/uploads\/2021\/09\/1-Ilustracion_sin_titulo-5-569x800-1-18x12.jpg 18w\" sizes=\"(max-width: 1186px) 100vw, 1186px\" \/><\/p>\n<p><img loading=\"lazy\" class=\"alignnone wp-image-22922 size-large\" src=\"https:\/\/ei-design.org\/wp-content\/uploads\/2021\/09\/Vinyl-yunior-1536x1088-1-1129x800.jpg\" alt=\"\" width=\"1020\" height=\"723\" srcset=\"https:\/\/ei-design.org\/wp-content\/uploads\/2021\/09\/Vinyl-yunior-1536x1088-1-1129x800.jpg 1129w, https:\/\/ei-design.org\/wp-content\/uploads\/2021\/09\/Vinyl-yunior-1536x1088-1-1000x708.jpg 1000w, https:\/\/ei-design.org\/wp-content\/uploads\/2021\/09\/Vinyl-yunior-1536x1088-1-565x400.jpg 565w, https:\/\/ei-design.org\/wp-content\/uploads\/2021\/09\/Vinyl-yunior-1536x1088-1-768x544.jpg 768w, https:\/\/ei-design.org\/wp-content\/uploads\/2021\/09\/Vinyl-yunior-1536x1088-1-18x12.jpg 18w, https:\/\/ei-design.org\/wp-content\/uploads\/2021\/09\/Vinyl-yunior-1536x1088-1.jpg 1536w\" sizes=\"(max-width: 1020px) 100vw, 1020px\" \/><\/p>\n<p><img loading=\"lazy\" class=\"alignnone wp-image-22923\" src=\"https:\/\/ei-design.org\/wp-content\/uploads\/2021\/09\/Screenshot-2021-08-23-at-12.41.30-1400x571-1-800x326.png\" alt=\"\" width=\"1132\" height=\"462\" srcset=\"https:\/\/ei-design.org\/wp-content\/uploads\/2021\/09\/Screenshot-2021-08-23-at-12.41.30-1400x571-1-800x326.png 800w, https:\/\/ei-design.org\/wp-content\/uploads\/2021\/09\/Screenshot-2021-08-23-at-12.41.30-1400x571-1-1000x408.png 1000w, https:\/\/ei-design.org\/wp-content\/uploads\/2021\/09\/Screenshot-2021-08-23-at-12.41.30-1400x571-1-768x313.png 768w, https:\/\/ei-design.org\/wp-content\/uploads\/2021\/09\/Screenshot-2021-08-23-at-12.41.30-1400x571-1-18x7.png 18w, https:\/\/ei-design.org\/wp-content\/uploads\/2021\/09\/Screenshot-2021-08-23-at-12.41.30-1400x571-1.png 1400w\" sizes=\"(max-width: 1132px) 100vw, 1132px\" \/><\/p>\n<p>&nbsp;<\/p>\n<p>&nbsp;<\/p>\n<p>&nbsp;<\/p>\n<p>&nbsp;<\/p>\n<p>&nbsp;<\/p>\n<p>&nbsp;<\/p>\n<p>&nbsp;<\/p>\n<p><img loading=\"lazy\" class=\"alignnone size-medium wp-image-22500\" src=\"https:\/\/ei-design.org\/wp-content\/uploads\/2021\/07\/Echoes.tiff\" alt=\"\" width=\"1\" height=\"1\" \/><\/p>\n<p>&nbsp;<\/p>","protected":false},"excerpt":{"rendered":"<p style=\"text-align: center;\"><span style=\"color: #282828;\"><strong><span style=\"font-size: 120%;\">\u201cInner Vision\u201d Inspirado en el aislamiento, la nostalgia y la esperanza<\/span><\/strong><\/span><\/p>\n<p style=\"text-align: center;\"><span style=\"color: #ffffff;\">&#8211;<\/span><\/p>","protected":false},"featured_media":24398,"template":"","meta":[],"_links":{"self":[{"href":"https:\/\/ei-design.org\/es\/wp-json\/wp\/v2\/product\/22519"}],"collection":[{"href":"https:\/\/ei-design.org\/es\/wp-json\/wp\/v2\/product"}],"about":[{"href":"https:\/\/ei-design.org\/es\/wp-json\/wp\/v2\/types\/product"}],"wp:featuredmedia":[{"embeddable":true,"href":"https:\/\/ei-design.org\/es\/wp-json\/wp\/v2\/media\/24398"}],"wp:attachment":[{"href":"https:\/\/ei-design.org\/es\/wp-json\/wp\/v2\/media?parent=22519"}],"curies":[{"name":"wp","href":"https:\/\/api.w.org\/{rel}","templated":true}]}}