{"id":22077,"date":"2021-07-07T13:13:19","date_gmt":"2021-07-07T11:13:19","guid":{"rendered":"https:\/\/ei-design.org\/en\/?post_type=product&#038;p=22077"},"modified":"2024-08-01T11:49:56","modified_gmt":"2024-08-01T09:49:56","slug":"cityscapes-ring","status":"publish","type":"product","link":"https:\/\/ei-design.org\/es\/product\/cityscapes-ring\/","title":{"rendered":"Cityscapes Ring"},"content":{"rendered":"<p><span style=\"font-size: 12pt; font-family: Helvetica; color: #282828;\">El proyecto \"Cityscape ring\" est\u00e1 inspirado en los paisajes urbanos de las ciudades contempor\u00e1neas, donde los edificios parecen composiciones de p\u00edxeles geom\u00e9tricos. Fue creado usando t\u00e9cnicas cad \/ cam y producido en plata de ley por Arte Joyas.<\/span><\/p>\n<p><!--more--><\/p>\n<p><a href=\"https:\/\/ei-design.org\/wp-content\/uploads\/2021\/11\/5web-ARTEJOYAS2-505-scaled.jpg\"><img loading=\"lazy\" class=\"aligncenter wp-image-24427 size-large\" src=\"https:\/\/ei-design.org\/wp-content\/uploads\/2021\/11\/5web-ARTEJOYAS2-505-1218x800.jpg\" alt=\"\" width=\"1020\" height=\"670\" srcset=\"https:\/\/ei-design.org\/wp-content\/uploads\/2021\/11\/5web-ARTEJOYAS2-505-1218x800.jpg 1218w, https:\/\/ei-design.org\/wp-content\/uploads\/2021\/11\/5web-ARTEJOYAS2-505-609x400.jpg 609w, https:\/\/ei-design.org\/wp-content\/uploads\/2021\/11\/5web-ARTEJOYAS2-505-768x504.jpg 768w, https:\/\/ei-design.org\/wp-content\/uploads\/2021\/11\/5web-ARTEJOYAS2-505-1536x1009.jpg 1536w, https:\/\/ei-design.org\/wp-content\/uploads\/2021\/11\/5web-ARTEJOYAS2-505-2048x1345.jpg 2048w, https:\/\/ei-design.org\/wp-content\/uploads\/2021\/11\/5web-ARTEJOYAS2-505-16x12.jpg 16w, https:\/\/ei-design.org\/wp-content\/uploads\/2021\/11\/5web-ARTEJOYAS2-505-1000x657.jpg 1000w\" sizes=\"(max-width: 1020px) 100vw, 1020px\" \/><\/a><\/p>\n<p>&nbsp;<\/p>\n<p><a href=\"https:\/\/ei-design.org\/wp-content\/uploads\/2021\/11\/2web-ARTEJOYAS2-505.jpg\"><img loading=\"lazy\" class=\"aligncenter wp-image-24429 size-large\" src=\"https:\/\/ei-design.org\/wp-content\/uploads\/2021\/11\/2web-ARTEJOYAS2-505-1035x800.jpg\" alt=\"\" width=\"1020\" height=\"788\" srcset=\"https:\/\/ei-design.org\/wp-content\/uploads\/2021\/11\/2web-ARTEJOYAS2-505-1035x800.jpg 1035w, https:\/\/ei-design.org\/wp-content\/uploads\/2021\/11\/2web-ARTEJOYAS2-505-517x400.jpg 517w, https:\/\/ei-design.org\/wp-content\/uploads\/2021\/11\/2web-ARTEJOYAS2-505-768x594.jpg 768w, https:\/\/ei-design.org\/wp-content\/uploads\/2021\/11\/2web-ARTEJOYAS2-505-16x12.jpg 16w, https:\/\/ei-design.org\/wp-content\/uploads\/2021\/11\/2web-ARTEJOYAS2-505-1000x773.jpg 1000w, https:\/\/ei-design.org\/wp-content\/uploads\/2021\/11\/2web-ARTEJOYAS2-505.jpg 1080w\" sizes=\"(max-width: 1020px) 100vw, 1020px\" \/><\/a><\/p>\n<p>&nbsp;<\/p>\n<p><img loading=\"lazy\" class=\"aligncenter wp-image-24432 size-large\" src=\"https:\/\/ei-design.org\/wp-content\/uploads\/2021\/11\/7web-ARTEJOYAS2-505-1067x800.jpg\" alt=\"\" width=\"1020\" height=\"765\" srcset=\"https:\/\/ei-design.org\/wp-content\/uploads\/2021\/11\/7web-ARTEJOYAS2-505-1067x800.jpg 1067w, https:\/\/ei-design.org\/wp-content\/uploads\/2021\/11\/7web-ARTEJOYAS2-505-533x400.jpg 533w, https:\/\/ei-design.org\/wp-content\/uploads\/2021\/11\/7web-ARTEJOYAS2-505-768x576.jpg 768w, https:\/\/ei-design.org\/wp-content\/uploads\/2021\/11\/7web-ARTEJOYAS2-505-1536x1152.jpg 1536w, https:\/\/ei-design.org\/wp-content\/uploads\/2021\/11\/7web-ARTEJOYAS2-505-2048x1536.jpg 2048w, https:\/\/ei-design.org\/wp-content\/uploads\/2021\/11\/7web-ARTEJOYAS2-505-16x12.jpg 16w, https:\/\/ei-design.org\/wp-content\/uploads\/2021\/11\/7web-ARTEJOYAS2-505-1000x750.jpg 1000w\" sizes=\"(max-width: 1020px) 100vw, 1020px\" \/><\/p>\n<p>&nbsp;<\/p>\n<p><a href=\"https:\/\/ei-design.org\/wp-content\/uploads\/2021\/11\/1web-ARTEJOYAS2-505.jpg\"><img loading=\"lazy\" class=\"wp-image-24428 size-large aligncenter\" src=\"https:\/\/ei-design.org\/wp-content\/uploads\/2021\/11\/1web-ARTEJOYAS2-505-1035x800.jpg\" alt=\"\" width=\"1020\" height=\"788\" srcset=\"https:\/\/ei-design.org\/wp-content\/uploads\/2021\/11\/1web-ARTEJOYAS2-505-1035x800.jpg 1035w, https:\/\/ei-design.org\/wp-content\/uploads\/2021\/11\/1web-ARTEJOYAS2-505-517x400.jpg 517w, https:\/\/ei-design.org\/wp-content\/uploads\/2021\/11\/1web-ARTEJOYAS2-505-768x594.jpg 768w, https:\/\/ei-design.org\/wp-content\/uploads\/2021\/11\/1web-ARTEJOYAS2-505-16x12.jpg 16w, https:\/\/ei-design.org\/wp-content\/uploads\/2021\/11\/1web-ARTEJOYAS2-505-1000x773.jpg 1000w, https:\/\/ei-design.org\/wp-content\/uploads\/2021\/11\/1web-ARTEJOYAS2-505.jpg 1080w\" sizes=\"(max-width: 1020px) 100vw, 1020px\" \/><\/a><\/p>\n<p>&nbsp;<\/p>\n<p><a href=\"https:\/\/ei-design.org\/wp-content\/uploads\/2021\/11\/12web-ARTEJOYAS2-505.jpg\"><img loading=\"lazy\" class=\"aligncenter wp-image-24434 size-large\" src=\"https:\/\/ei-design.org\/wp-content\/uploads\/2021\/11\/12web-ARTEJOYAS2-505-1035x800.jpg\" alt=\"\" width=\"1020\" height=\"788\" srcset=\"https:\/\/ei-design.org\/wp-content\/uploads\/2021\/11\/12web-ARTEJOYAS2-505-1035x800.jpg 1035w, https:\/\/ei-design.org\/wp-content\/uploads\/2021\/11\/12web-ARTEJOYAS2-505-517x400.jpg 517w, https:\/\/ei-design.org\/wp-content\/uploads\/2021\/11\/12web-ARTEJOYAS2-505-768x594.jpg 768w, https:\/\/ei-design.org\/wp-content\/uploads\/2021\/11\/12web-ARTEJOYAS2-505-16x12.jpg 16w, https:\/\/ei-design.org\/wp-content\/uploads\/2021\/11\/12web-ARTEJOYAS2-505-1000x773.jpg 1000w, https:\/\/ei-design.org\/wp-content\/uploads\/2021\/11\/12web-ARTEJOYAS2-505.jpg 1080w\" sizes=\"(max-width: 1020px) 100vw, 1020px\" \/><\/a><\/p>\n<p>&nbsp;<\/p>\n<p>&nbsp;<\/p>","protected":false},"excerpt":{"rendered":"<p style=\"text-align: center;\"><span style=\"color: #282828; font-family: Helvetica; font-size: 120%;\">\u201cCityscapes ring\u201d inspirado en los rascacielos de las ciudades m\u00e1s contempor\u00e1neas.<\/span><\/p>\n<p style=\"text-align: center;\">&#8211;<\/p>","protected":false},"featured_media":24435,"template":"","meta":[],"_links":{"self":[{"href":"https:\/\/ei-design.org\/es\/wp-json\/wp\/v2\/product\/22077"}],"collection":[{"href":"https:\/\/ei-design.org\/es\/wp-json\/wp\/v2\/product"}],"about":[{"href":"https:\/\/ei-design.org\/es\/wp-json\/wp\/v2\/types\/product"}],"wp:featuredmedia":[{"embeddable":true,"href":"https:\/\/ei-design.org\/es\/wp-json\/wp\/v2\/media\/24435"}],"wp:attachment":[{"href":"https:\/\/ei-design.org\/es\/wp-json\/wp\/v2\/media?parent=22077"}],"curies":[{"name":"wp","href":"https:\/\/api.w.org\/{rel}","templated":true}]}}