{"id":22073,"date":"2021-08-06T12:06:41","date_gmt":"2021-08-06T10:06:41","guid":{"rendered":"https:\/\/ei-design.org\/es\/?post_type=product&#038;p=22073"},"modified":"2024-08-01T12:32:30","modified_gmt":"2024-08-01T10:32:30","slug":"err-ar","status":"publish","type":"product","link":"https:\/\/ei-design.org\/es\/product\/err-ar\/","title":{"rendered":"ERR.AR"},"content":{"rendered":"<p><span style=\"font-size: 110%; color: #282828;\">Fw 21-22 \/ Inspirado en el arte glitch, por el error de la tecnolog\u00eda, se genera un paralelismo entre el trabajo artesanal y el tecnol\u00f3gico; universos que comparten el error, lo inesperado, la fragilidad de la perfecci\u00f3n. Detr\u00e1s de la tecnolog\u00eda hay un trabajo artesanal -invisible-. Una cr\u00edtica de los tiempos actuales, donde pretendemos lo inmediato, lo pulido; debemos comenzar a repensar nuestras demandas y observar la belleza de la espontaneidad de cometer errores, encontrando la est\u00e9tica en lo inesperado, la po\u00e9tica del error. \u00bfHay algo m\u00e1s natural que equivocarse?<\/span><\/p>\n<h4><\/h4>\n<p><img loading=\"lazy\" class=\"aligncenter wp-image-22952 size-full\" src=\"https:\/\/ei-design.org\/wp-content\/uploads\/2021\/09\/11def-IMG_0344-1024x1536-1.jpg\" alt=\"\" width=\"1181\" height=\"1054\" srcset=\"https:\/\/ei-design.org\/wp-content\/uploads\/2021\/09\/11def-IMG_0344-1024x1536-1.jpg 1181w, https:\/\/ei-design.org\/wp-content\/uploads\/2021\/09\/11def-IMG_0344-1024x1536-1-1000x892.jpg 1000w, https:\/\/ei-design.org\/wp-content\/uploads\/2021\/09\/11def-IMG_0344-1024x1536-1-448x400.jpg 448w, https:\/\/ei-design.org\/wp-content\/uploads\/2021\/09\/11def-IMG_0344-1024x1536-1-896x800.jpg 896w, https:\/\/ei-design.org\/wp-content\/uploads\/2021\/09\/11def-IMG_0344-1024x1536-1-768x685.jpg 768w, https:\/\/ei-design.org\/wp-content\/uploads\/2021\/09\/11def-IMG_0344-1024x1536-1-13x12.jpg 13w\" sizes=\"(max-width: 1181px) 100vw, 1181px\" \/><img loading=\"lazy\" class=\"aligncenter wp-image-22913 size-full\" src=\"https:\/\/ei-design.org\/wp-content\/uploads\/2021\/09\/IMG_0344-1024x1536-1.jpg\" alt=\"\" width=\"1024\" height=\"1512\" srcset=\"https:\/\/ei-design.org\/wp-content\/uploads\/2021\/09\/IMG_0344-1024x1536-1.jpg 1024w, https:\/\/ei-design.org\/wp-content\/uploads\/2021\/09\/IMG_0344-1024x1536-1-1000x1477.jpg 1000w, https:\/\/ei-design.org\/wp-content\/uploads\/2021\/09\/IMG_0344-1024x1536-1-271x400.jpg 271w, https:\/\/ei-design.org\/wp-content\/uploads\/2021\/09\/IMG_0344-1024x1536-1-542x800.jpg 542w, https:\/\/ei-design.org\/wp-content\/uploads\/2021\/09\/IMG_0344-1024x1536-1-768x1134.jpg 768w, https:\/\/ei-design.org\/wp-content\/uploads\/2021\/09\/IMG_0344-1024x1536-1-8x12.jpg 8w\" sizes=\"(max-width: 1024px) 100vw, 1024px\" \/><img loading=\"lazy\" class=\"aligncenter wp-image-22072 size-full\" src=\"https:\/\/ei-design.org\/wp-content\/uploads\/2021\/06\/IMG_9844-scaled.jpg\" alt=\"\" width=\"1707\" height=\"2560\" srcset=\"https:\/\/ei-design.org\/wp-content\/uploads\/2021\/06\/IMG_9844-scaled.jpg 1707w, https:\/\/ei-design.org\/wp-content\/uploads\/2021\/06\/IMG_9844-scaled-1000x1500.jpg 1000w, https:\/\/ei-design.org\/wp-content\/uploads\/2021\/06\/IMG_9844-267x400.jpg 267w, https:\/\/ei-design.org\/wp-content\/uploads\/2021\/06\/IMG_9844-533x800.jpg 533w, https:\/\/ei-design.org\/wp-content\/uploads\/2021\/06\/IMG_9844-768x1152.jpg 768w, https:\/\/ei-design.org\/wp-content\/uploads\/2021\/06\/IMG_9844-1024x1536.jpg 1024w, https:\/\/ei-design.org\/wp-content\/uploads\/2021\/06\/IMG_9844-1365x2048.jpg 1365w, https:\/\/ei-design.org\/wp-content\/uploads\/2021\/06\/IMG_9844-8x12.jpg 8w\" sizes=\"(max-width: 1707px) 100vw, 1707px\" \/><img loading=\"lazy\" class=\"aligncenter wp-image-22071 size-full\" src=\"https:\/\/ei-design.org\/wp-content\/uploads\/2021\/06\/IMG_0729-scaled.jpg\" alt=\"\" width=\"1707\" height=\"2560\" srcset=\"https:\/\/ei-design.org\/wp-content\/uploads\/2021\/06\/IMG_0729-scaled.jpg 1707w, https:\/\/ei-design.org\/wp-content\/uploads\/2021\/06\/IMG_0729-scaled-1000x1500.jpg 1000w, https:\/\/ei-design.org\/wp-content\/uploads\/2021\/06\/IMG_0729-267x400.jpg 267w, https:\/\/ei-design.org\/wp-content\/uploads\/2021\/06\/IMG_0729-533x800.jpg 533w, https:\/\/ei-design.org\/wp-content\/uploads\/2021\/06\/IMG_0729-768x1152.jpg 768w, https:\/\/ei-design.org\/wp-content\/uploads\/2021\/06\/IMG_0729-1024x1536.jpg 1024w, https:\/\/ei-design.org\/wp-content\/uploads\/2021\/06\/IMG_0729-1365x2048.jpg 1365w, https:\/\/ei-design.org\/wp-content\/uploads\/2021\/06\/IMG_0729-8x12.jpg 8w\" sizes=\"(max-width: 1707px) 100vw, 1707px\" \/><img loading=\"lazy\" class=\"aligncenter wp-image-22070 size-full\" src=\"https:\/\/ei-design.org\/wp-content\/uploads\/2021\/06\/IMG_0539-scaled.jpg\" alt=\"\" width=\"1707\" height=\"2560\" srcset=\"https:\/\/ei-design.org\/wp-content\/uploads\/2021\/06\/IMG_0539-scaled.jpg 1707w, https:\/\/ei-design.org\/wp-content\/uploads\/2021\/06\/IMG_0539-scaled-1000x1500.jpg 1000w, https:\/\/ei-design.org\/wp-content\/uploads\/2021\/06\/IMG_0539-267x400.jpg 267w, https:\/\/ei-design.org\/wp-content\/uploads\/2021\/06\/IMG_0539-533x800.jpg 533w, https:\/\/ei-design.org\/wp-content\/uploads\/2021\/06\/IMG_0539-768x1152.jpg 768w, https:\/\/ei-design.org\/wp-content\/uploads\/2021\/06\/IMG_0539-1024x1536.jpg 1024w, https:\/\/ei-design.org\/wp-content\/uploads\/2021\/06\/IMG_0539-1365x2048.jpg 1365w, https:\/\/ei-design.org\/wp-content\/uploads\/2021\/06\/IMG_0539-8x12.jpg 8w\" sizes=\"(max-width: 1707px) 100vw, 1707px\" \/><img loading=\"lazy\" class=\"aligncenter wp-image-22069 size-full\" src=\"https:\/\/ei-design.org\/wp-content\/uploads\/2021\/06\/IMG_0460-scaled.jpg\" alt=\"\" width=\"1707\" height=\"2560\" srcset=\"https:\/\/ei-design.org\/wp-content\/uploads\/2021\/06\/IMG_0460-scaled.jpg 1707w, https:\/\/ei-design.org\/wp-content\/uploads\/2021\/06\/IMG_0460-scaled-1000x1500.jpg 1000w, https:\/\/ei-design.org\/wp-content\/uploads\/2021\/06\/IMG_0460-267x400.jpg 267w, https:\/\/ei-design.org\/wp-content\/uploads\/2021\/06\/IMG_0460-533x800.jpg 533w, https:\/\/ei-design.org\/wp-content\/uploads\/2021\/06\/IMG_0460-768x1152.jpg 768w, https:\/\/ei-design.org\/wp-content\/uploads\/2021\/06\/IMG_0460-1024x1536.jpg 1024w, https:\/\/ei-design.org\/wp-content\/uploads\/2021\/06\/IMG_0460-1365x2048.jpg 1365w, https:\/\/ei-design.org\/wp-content\/uploads\/2021\/06\/IMG_0460-8x12.jpg 8w\" sizes=\"(max-width: 1707px) 100vw, 1707px\" \/><img loading=\"lazy\" class=\"aligncenter wp-image-22068 size-full\" src=\"https:\/\/ei-design.org\/wp-content\/uploads\/2021\/06\/IMG_0421-scaled.jpg\" alt=\"\" width=\"1707\" height=\"2560\" srcset=\"https:\/\/ei-design.org\/wp-content\/uploads\/2021\/06\/IMG_0421-scaled.jpg 1707w, https:\/\/ei-design.org\/wp-content\/uploads\/2021\/06\/IMG_0421-scaled-1000x1500.jpg 1000w, https:\/\/ei-design.org\/wp-content\/uploads\/2021\/06\/IMG_0421-267x400.jpg 267w, https:\/\/ei-design.org\/wp-content\/uploads\/2021\/06\/IMG_0421-533x800.jpg 533w, https:\/\/ei-design.org\/wp-content\/uploads\/2021\/06\/IMG_0421-768x1152.jpg 768w, https:\/\/ei-design.org\/wp-content\/uploads\/2021\/06\/IMG_0421-1024x1536.jpg 1024w, https:\/\/ei-design.org\/wp-content\/uploads\/2021\/06\/IMG_0421-1365x2048.jpg 1365w, https:\/\/ei-design.org\/wp-content\/uploads\/2021\/06\/IMG_0421-8x12.jpg 8w\" sizes=\"(max-width: 1707px) 100vw, 1707px\" \/> <img loading=\"lazy\" class=\"aligncenter wp-image-22066 size-full\" src=\"https:\/\/ei-design.org\/wp-content\/uploads\/2021\/06\/IMG_0064-scaled.jpg\" alt=\"\" width=\"1707\" height=\"2560\" srcset=\"https:\/\/ei-design.org\/wp-content\/uploads\/2021\/06\/IMG_0064-scaled.jpg 1707w, https:\/\/ei-design.org\/wp-content\/uploads\/2021\/06\/IMG_0064-scaled-1000x1500.jpg 1000w, https:\/\/ei-design.org\/wp-content\/uploads\/2021\/06\/IMG_0064-267x400.jpg 267w, https:\/\/ei-design.org\/wp-content\/uploads\/2021\/06\/IMG_0064-533x800.jpg 533w, https:\/\/ei-design.org\/wp-content\/uploads\/2021\/06\/IMG_0064-768x1152.jpg 768w, https:\/\/ei-design.org\/wp-content\/uploads\/2021\/06\/IMG_0064-1024x1536.jpg 1024w, https:\/\/ei-design.org\/wp-content\/uploads\/2021\/06\/IMG_0064-1365x2048.jpg 1365w, https:\/\/ei-design.org\/wp-content\/uploads\/2021\/06\/IMG_0064-8x12.jpg 8w\" sizes=\"(max-width: 1707px) 100vw, 1707px\" \/> <img loading=\"lazy\" class=\"aligncenter wp-image-22065 size-full\" src=\"https:\/\/ei-design.org\/wp-content\/uploads\/2021\/06\/IMG_9772-scaled.jpg\" alt=\"\" width=\"1707\" height=\"2560\" srcset=\"https:\/\/ei-design.org\/wp-content\/uploads\/2021\/06\/IMG_9772-scaled.jpg 1707w, https:\/\/ei-design.org\/wp-content\/uploads\/2021\/06\/IMG_9772-scaled-1000x1500.jpg 1000w, https:\/\/ei-design.org\/wp-content\/uploads\/2021\/06\/IMG_9772-267x400.jpg 267w, https:\/\/ei-design.org\/wp-content\/uploads\/2021\/06\/IMG_9772-533x800.jpg 533w, https:\/\/ei-design.org\/wp-content\/uploads\/2021\/06\/IMG_9772-768x1152.jpg 768w, https:\/\/ei-design.org\/wp-content\/uploads\/2021\/06\/IMG_9772-1024x1536.jpg 1024w, https:\/\/ei-design.org\/wp-content\/uploads\/2021\/06\/IMG_9772-1365x2048.jpg 1365w, https:\/\/ei-design.org\/wp-content\/uploads\/2021\/06\/IMG_9772-8x12.jpg 8w\" sizes=\"(max-width: 1707px) 100vw, 1707px\" \/><img loading=\"lazy\" class=\"aligncenter wp-image-22074 size-full\" src=\"https:\/\/ei-design.org\/wp-content\/uploads\/2021\/06\/IMG_0165-scaled.jpg\" alt=\"\" width=\"1707\" height=\"2560\" srcset=\"https:\/\/ei-design.org\/wp-content\/uploads\/2021\/06\/IMG_0165-scaled.jpg 1707w, https:\/\/ei-design.org\/wp-content\/uploads\/2021\/06\/IMG_0165-scaled-1000x1500.jpg 1000w, https:\/\/ei-design.org\/wp-content\/uploads\/2021\/06\/IMG_0165-267x400.jpg 267w, https:\/\/ei-design.org\/wp-content\/uploads\/2021\/06\/IMG_0165-533x800.jpg 533w, https:\/\/ei-design.org\/wp-content\/uploads\/2021\/06\/IMG_0165-768x1152.jpg 768w, https:\/\/ei-design.org\/wp-content\/uploads\/2021\/06\/IMG_0165-1024x1536.jpg 1024w, https:\/\/ei-design.org\/wp-content\/uploads\/2021\/06\/IMG_0165-1365x2048.jpg 1365w, https:\/\/ei-design.org\/wp-content\/uploads\/2021\/06\/IMG_0165-8x12.jpg 8w\" sizes=\"(max-width: 1707px) 100vw, 1707px\" \/><\/p>\n<p>&nbsp;<\/p>\n<p>&nbsp;<\/p>\n<p>&nbsp;<\/p>\n<p>&nbsp;<\/p>","protected":false},"excerpt":{"rendered":"<p style=\"text-align: center;\"><span style=\"color: #282828;\"><strong><span style=\"font-size: 120%;\">FW21 denim sostenible en colaboraci\u00f3n con JEANOLOGIA y ALPARGATAS Textil<\/span><\/strong><\/span><\/p>\n<p style=\"text-align: center;\">&#8211;<\/p>","protected":false},"featured_media":26628,"template":"","meta":[],"_links":{"self":[{"href":"https:\/\/ei-design.org\/es\/wp-json\/wp\/v2\/product\/22073"}],"collection":[{"href":"https:\/\/ei-design.org\/es\/wp-json\/wp\/v2\/product"}],"about":[{"href":"https:\/\/ei-design.org\/es\/wp-json\/wp\/v2\/types\/product"}],"wp:featuredmedia":[{"embeddable":true,"href":"https:\/\/ei-design.org\/es\/wp-json\/wp\/v2\/media\/26628"}],"wp:attachment":[{"href":"https:\/\/ei-design.org\/es\/wp-json\/wp\/v2\/media?parent=22073"}],"curies":[{"name":"wp","href":"https:\/\/api.w.org\/{rel}","templated":true}]}}