{"id":21252,"date":"2021-06-18T10:48:50","date_gmt":"2021-06-18T08:48:50","guid":{"rendered":"https:\/\/ei-design.org\/es\/?post_type=product&#038;p=21252"},"modified":"2024-08-01T12:30:40","modified_gmt":"2024-08-01T10:30:40","slug":"orquidea","status":"publish","type":"product","link":"https:\/\/ei-design.org\/es\/product\/orquidea\/","title":{"rendered":"Serie blanco"},"content":{"rendered":"<p><span lang=\"EN\" style=\"font-size: 110%; color: #282828;\">Este proyecto entra dentro de mi serie \"Blanco\". Una forma de comunicaci\u00f3n con el vac\u00edo que se va llenando de nuevas formas a partir del papel y de historias que fueron contadas en alg\u00fan momento, pero que ya no son las mismas, sino otras. Las m\u00edas. Trabajo el collage para explicarme donde estoy y que siento. Pintar de blanco el fondo de mi obra e ir buscando el papel que la cubre, es mi manera de contar, recortar. Crear algo distinto. Dejar la huella de un recuerdo o un sentir concreto, esperando que tal vez alguien le de un significado distinto al adquirirla o mirarla.<\/span><\/p>\n<h4><\/h4>\n<p><!--more--><\/p>\n<p><img loading=\"lazy\" class=\"aligncenter wp-image-23135\" src=\"https:\/\/ei-design.org\/wp-content\/uploads\/2021\/09\/b-4D8F2AC5-4C39-46A7-AB48-0652648C672F-320x400.jpg\" alt=\"\" width=\"800\" height=\"1000\" srcset=\"https:\/\/ei-design.org\/wp-content\/uploads\/2021\/09\/b-4D8F2AC5-4C39-46A7-AB48-0652648C672F-320x400.jpg 320w, https:\/\/ei-design.org\/wp-content\/uploads\/2021\/09\/b-4D8F2AC5-4C39-46A7-AB48-0652648C672F-1000x1250.jpg 1000w, https:\/\/ei-design.org\/wp-content\/uploads\/2021\/09\/b-4D8F2AC5-4C39-46A7-AB48-0652648C672F-640x800.jpg 640w, https:\/\/ei-design.org\/wp-content\/uploads\/2021\/09\/b-4D8F2AC5-4C39-46A7-AB48-0652648C672F-768x960.jpg 768w, https:\/\/ei-design.org\/wp-content\/uploads\/2021\/09\/b-4D8F2AC5-4C39-46A7-AB48-0652648C672F-1229x1536.jpg 1229w, https:\/\/ei-design.org\/wp-content\/uploads\/2021\/09\/b-4D8F2AC5-4C39-46A7-AB48-0652648C672F-10x12.jpg 10w, https:\/\/ei-design.org\/wp-content\/uploads\/2021\/09\/b-4D8F2AC5-4C39-46A7-AB48-0652648C672F.jpg 1378w\" sizes=\"(max-width: 800px) 100vw, 800px\" \/><\/p>\n<p>&nbsp;<\/p>\n<p><img loading=\"lazy\" class=\"aligncenter wp-image-23133\" src=\"https:\/\/ei-design.org\/wp-content\/uploads\/2021\/09\/b-IMG_20210421_134023_839-320x400.jpg\" alt=\"\" width=\"800\" height=\"1000\" srcset=\"https:\/\/ei-design.org\/wp-content\/uploads\/2021\/09\/b-IMG_20210421_134023_839-320x400.jpg 320w, https:\/\/ei-design.org\/wp-content\/uploads\/2021\/09\/b-IMG_20210421_134023_839-640x800.jpg 640w, https:\/\/ei-design.org\/wp-content\/uploads\/2021\/09\/b-IMG_20210421_134023_839-768x960.jpg 768w, https:\/\/ei-design.org\/wp-content\/uploads\/2021\/09\/b-IMG_20210421_134023_839-10x12.jpg 10w, https:\/\/ei-design.org\/wp-content\/uploads\/2021\/09\/b-IMG_20210421_134023_839-600x750.jpg 600w, https:\/\/ei-design.org\/wp-content\/uploads\/2021\/09\/b-IMG_20210421_134023_839.jpg 992w\" sizes=\"(max-width: 800px) 100vw, 800px\" \/><\/p>\n<p>&nbsp;<\/p>\n<p><img loading=\"lazy\" class=\"aligncenter wp-image-23132\" src=\"https:\/\/ei-design.org\/wp-content\/uploads\/2021\/09\/b-IMG_8892-297x400.jpg\" alt=\"\" width=\"800\" height=\"1077\" srcset=\"https:\/\/ei-design.org\/wp-content\/uploads\/2021\/09\/b-IMG_8892-297x400.jpg 297w, https:\/\/ei-design.org\/wp-content\/uploads\/2021\/09\/b-IMG_8892-594x800.jpg 594w, https:\/\/ei-design.org\/wp-content\/uploads\/2021\/09\/b-IMG_8892-768x1034.jpg 768w, https:\/\/ei-design.org\/wp-content\/uploads\/2021\/09\/b-IMG_8892-9x12.jpg 9w, https:\/\/ei-design.org\/wp-content\/uploads\/2021\/09\/b-IMG_8892-600x808.jpg 600w, https:\/\/ei-design.org\/wp-content\/uploads\/2021\/09\/b-IMG_8892.jpg 992w\" sizes=\"(max-width: 800px) 100vw, 800px\" \/><\/p>\n<p>&nbsp;<\/p>\n<p><img loading=\"lazy\" class=\"aligncenter wp-image-23130\" src=\"https:\/\/ei-design.org\/wp-content\/uploads\/2021\/09\/b-AB20F0C9-C7B9-4FC8-879F-A7A7088BB6BC-320x400.jpg\" alt=\"\" width=\"800\" height=\"1000\" srcset=\"https:\/\/ei-design.org\/wp-content\/uploads\/2021\/09\/b-AB20F0C9-C7B9-4FC8-879F-A7A7088BB6BC-320x400.jpg 320w, https:\/\/ei-design.org\/wp-content\/uploads\/2021\/09\/b-AB20F0C9-C7B9-4FC8-879F-A7A7088BB6BC-640x800.jpg 640w, https:\/\/ei-design.org\/wp-content\/uploads\/2021\/09\/b-AB20F0C9-C7B9-4FC8-879F-A7A7088BB6BC-768x960.jpg 768w, https:\/\/ei-design.org\/wp-content\/uploads\/2021\/09\/b-AB20F0C9-C7B9-4FC8-879F-A7A7088BB6BC-10x12.jpg 10w, https:\/\/ei-design.org\/wp-content\/uploads\/2021\/09\/b-AB20F0C9-C7B9-4FC8-879F-A7A7088BB6BC-600x750.jpg 600w, https:\/\/ei-design.org\/wp-content\/uploads\/2021\/09\/b-AB20F0C9-C7B9-4FC8-879F-A7A7088BB6BC.jpg 992w\" sizes=\"(max-width: 800px) 100vw, 800px\" \/><\/p>\n<p>&nbsp;<\/p>\n<p><a href=\"https:\/\/ei-design.org\/wp-content\/uploads\/2022\/01\/baja-IMG-8233.jpg\"><img loading=\"lazy\" class=\"aligncenter wp-image-25418\" src=\"https:\/\/ei-design.org\/wp-content\/uploads\/2022\/01\/baja-IMG-8233-324x400.jpg\" alt=\"\" width=\"800\" height=\"987\" srcset=\"https:\/\/ei-design.org\/wp-content\/uploads\/2022\/01\/baja-IMG-8233-324x400.jpg 324w, https:\/\/ei-design.org\/wp-content\/uploads\/2022\/01\/baja-IMG-8233-649x800.jpg 649w, https:\/\/ei-design.org\/wp-content\/uploads\/2022\/01\/baja-IMG-8233-768x947.jpg 768w, https:\/\/ei-design.org\/wp-content\/uploads\/2022\/01\/baja-IMG-8233-10x12.jpg 10w, https:\/\/ei-design.org\/wp-content\/uploads\/2022\/01\/baja-IMG-8233-1000x1233.jpg 1000w, https:\/\/ei-design.org\/wp-content\/uploads\/2022\/01\/baja-IMG-8233.jpg 1242w\" sizes=\"(max-width: 800px) 100vw, 800px\" \/><\/a><\/p>\n<p>&nbsp;<\/p>\n<p><a href=\"https:\/\/ei-design.org\/wp-content\/uploads\/2022\/01\/baja-IMG-8232.jpg\"><img loading=\"lazy\" class=\"aligncenter wp-image-25419\" src=\"https:\/\/ei-design.org\/wp-content\/uploads\/2022\/01\/baja-IMG-8232-324x400.jpg\" alt=\"\" width=\"800\" height=\"988\" srcset=\"https:\/\/ei-design.org\/wp-content\/uploads\/2022\/01\/baja-IMG-8232-324x400.jpg 324w, https:\/\/ei-design.org\/wp-content\/uploads\/2022\/01\/baja-IMG-8232-648x800.jpg 648w, https:\/\/ei-design.org\/wp-content\/uploads\/2022\/01\/baja-IMG-8232-768x949.jpg 768w, https:\/\/ei-design.org\/wp-content\/uploads\/2022\/01\/baja-IMG-8232-10x12.jpg 10w, https:\/\/ei-design.org\/wp-content\/uploads\/2022\/01\/baja-IMG-8232-1000x1235.jpg 1000w, https:\/\/ei-design.org\/wp-content\/uploads\/2022\/01\/baja-IMG-8232.jpg 1242w\" sizes=\"(max-width: 800px) 100vw, 800px\" \/><\/a><\/p>\n<p>&nbsp;<\/p>\n<p><a href=\"https:\/\/ei-design.org\/wp-content\/uploads\/2022\/01\/baja-IMG-8231.jpg\"><img loading=\"lazy\" class=\"aligncenter wp-image-25420\" src=\"https:\/\/ei-design.org\/wp-content\/uploads\/2022\/01\/baja-IMG-8231-324x400.jpg\" alt=\"\" width=\"800\" height=\"987\" srcset=\"https:\/\/ei-design.org\/wp-content\/uploads\/2022\/01\/baja-IMG-8231-324x400.jpg 324w, https:\/\/ei-design.org\/wp-content\/uploads\/2022\/01\/baja-IMG-8231-649x800.jpg 649w, https:\/\/ei-design.org\/wp-content\/uploads\/2022\/01\/baja-IMG-8231-768x947.jpg 768w, https:\/\/ei-design.org\/wp-content\/uploads\/2022\/01\/baja-IMG-8231-1245x1536.jpg 1245w, https:\/\/ei-design.org\/wp-content\/uploads\/2022\/01\/baja-IMG-8231-10x12.jpg 10w, https:\/\/ei-design.org\/wp-content\/uploads\/2022\/01\/baja-IMG-8231-1000x1234.jpg 1000w, https:\/\/ei-design.org\/wp-content\/uploads\/2022\/01\/baja-IMG-8231.jpg 1490w\" sizes=\"(max-width: 800px) 100vw, 800px\" \/><\/a><\/p>\n<p>&nbsp;<\/p>","protected":false},"excerpt":{"rendered":"<p style=\"text-align: center;\"><span style=\"font-size: 120%;\"><strong><span style=\"color: #282828;\">Una forma de comunicaci\u00f3n con el vac\u00edo que se va llenando de nuevas formas a partir del papel y de historias que fueron contadas en alg\u00fan momento<\/span><\/strong><\/span><\/p>\n<p style=\"text-align: center;\"><span style=\"color: #ffffff;\">&#8211;<\/span><\/p>","protected":false},"featured_media":25421,"template":"","meta":[],"_links":{"self":[{"href":"https:\/\/ei-design.org\/es\/wp-json\/wp\/v2\/product\/21252"}],"collection":[{"href":"https:\/\/ei-design.org\/es\/wp-json\/wp\/v2\/product"}],"about":[{"href":"https:\/\/ei-design.org\/es\/wp-json\/wp\/v2\/types\/product"}],"wp:featuredmedia":[{"embeddable":true,"href":"https:\/\/ei-design.org\/es\/wp-json\/wp\/v2\/media\/25421"}],"wp:attachment":[{"href":"https:\/\/ei-design.org\/es\/wp-json\/wp\/v2\/media?parent=21252"}],"curies":[{"name":"wp","href":"https:\/\/api.w.org\/{rel}","templated":true}]}}