{"id":21132,"date":"2021-11-12T12:19:34","date_gmt":"2021-11-12T11:19:34","guid":{"rendered":"https:\/\/ei-design.org\/en\/?post_type=product&#038;p=21132"},"modified":"2024-08-01T12:24:21","modified_gmt":"2024-08-01T10:24:21","slug":"mesh-wall-mural","status":"publish","type":"product","link":"https:\/\/ei-design.org\/es\/product\/mesh-wall-mural\/","title":{"rendered":"Wall Murals Collection"},"content":{"rendered":"<p><span style=\"font-size: 110%; color: #282828;\">Las colecciones de murales arquitect\u00f3nicos de Gerard Puxhe exploran composiciones param\u00e9tricas complejas para crear geometr\u00edas y patrones inesperados que encajan en el espacio como una extensi\u00f3n del mismo.<\/span><\/p>\n<p><span style=\"font-size: 110%; color: #282828;\">All artworks are parametrically designed to create unique forms, meaning a unique piece for each customer. Digitally printed on high quality wallpapers. These can be customized to any wall dimensions specified by the client, covering one wall or all walls in a room without repeating the pattern. Suitable for commercial and residential projects.<\/span><\/p>\n<p><!--more--><\/p>\n<h5><strong>MESH Wall mural light<\/strong><\/h5>\n<p>Mesh es una obra que explora la fluidez del movimiento de una geometr\u00eda param\u00e9trica ultra compleja y fr\u00e1gil.<\/p>\n<p>&nbsp;<\/p>\n<p><a href=\"https:\/\/ei-design.org\/wp-content\/uploads\/2021\/06\/interior-mesh-light-02-1024.jpg\"><img loading=\"lazy\" class=\"aligncenter wp-image-21131\" src=\"https:\/\/ei-design.org\/wp-content\/uploads\/2021\/06\/interior-mesh-light-02-1024-400x400.jpg\" alt=\"\" width=\"904\" height=\"904\" srcset=\"https:\/\/ei-design.org\/wp-content\/uploads\/2021\/06\/interior-mesh-light-02-1024-400x400.jpg 400w, https:\/\/ei-design.org\/wp-content\/uploads\/2021\/06\/interior-mesh-light-02-1024-700x700.jpg 700w, https:\/\/ei-design.org\/wp-content\/uploads\/2021\/06\/interior-mesh-light-02-1024-100x100.jpg 100w, https:\/\/ei-design.org\/wp-content\/uploads\/2021\/06\/interior-mesh-light-02-1024-1000x1000.jpg 1000w, https:\/\/ei-design.org\/wp-content\/uploads\/2021\/06\/interior-mesh-light-02-1024-800x800.jpg 800w, https:\/\/ei-design.org\/wp-content\/uploads\/2021\/06\/interior-mesh-light-02-1024-280x280.jpg 280w, https:\/\/ei-design.org\/wp-content\/uploads\/2021\/06\/interior-mesh-light-02-1024-768x768.jpg 768w, https:\/\/ei-design.org\/wp-content\/uploads\/2021\/06\/interior-mesh-light-02-1024-12x12.jpg 12w, https:\/\/ei-design.org\/wp-content\/uploads\/2021\/06\/interior-mesh-light-02-1024.jpg 1024w\" sizes=\"(max-width: 904px) 100vw, 904px\" \/><\/a><\/p>\n<p><a href=\"https:\/\/ei-design.org\/wp-content\/uploads\/2021\/10\/mesh-light-part-01.jpg\"><img loading=\"lazy\" class=\"aligncenter wp-image-23503 size-full\" src=\"https:\/\/ei-design.org\/wp-content\/uploads\/2021\/10\/mesh-light-part-01.jpg\" alt=\"\" width=\"904\" height=\"683\" srcset=\"https:\/\/ei-design.org\/wp-content\/uploads\/2021\/10\/mesh-light-part-01.jpg 904w, https:\/\/ei-design.org\/wp-content\/uploads\/2021\/10\/mesh-light-part-01-529x400.jpg 529w, https:\/\/ei-design.org\/wp-content\/uploads\/2021\/10\/mesh-light-part-01-768x580.jpg 768w, https:\/\/ei-design.org\/wp-content\/uploads\/2021\/10\/mesh-light-part-01-16x12.jpg 16w\" sizes=\"(max-width: 904px) 100vw, 904px\" \/><\/a><\/p>\n<p><a href=\"https:\/\/ei-design.org\/wp-content\/uploads\/2022\/01\/1web-nterior-mesh-dark-02-1024.jpg\"><img loading=\"lazy\" class=\"aligncenter wp-image-25330\" src=\"https:\/\/ei-design.org\/wp-content\/uploads\/2022\/01\/1web-nterior-mesh-dark-02-1024-400x400.jpg\" alt=\"\" width=\"904\" height=\"904\" srcset=\"https:\/\/ei-design.org\/wp-content\/uploads\/2022\/01\/1web-nterior-mesh-dark-02-1024-400x400.jpg 400w, https:\/\/ei-design.org\/wp-content\/uploads\/2022\/01\/1web-nterior-mesh-dark-02-1024-800x800.jpg 800w, https:\/\/ei-design.org\/wp-content\/uploads\/2022\/01\/1web-nterior-mesh-dark-02-1024-280x280.jpg 280w, https:\/\/ei-design.org\/wp-content\/uploads\/2022\/01\/1web-nterior-mesh-dark-02-1024-768x768.jpg 768w, https:\/\/ei-design.org\/wp-content\/uploads\/2022\/01\/1web-nterior-mesh-dark-02-1024-12x12.jpg 12w, https:\/\/ei-design.org\/wp-content\/uploads\/2022\/01\/1web-nterior-mesh-dark-02-1024-700x700.jpg 700w, https:\/\/ei-design.org\/wp-content\/uploads\/2022\/01\/1web-nterior-mesh-dark-02-1024-1000x1000.jpg 1000w, https:\/\/ei-design.org\/wp-content\/uploads\/2022\/01\/1web-nterior-mesh-dark-02-1024-100x100.jpg 100w, https:\/\/ei-design.org\/wp-content\/uploads\/2022\/01\/1web-nterior-mesh-dark-02-1024.jpg 1024w\" sizes=\"(max-width: 904px) 100vw, 904px\" \/><\/a><\/p>\n<p><a href=\"https:\/\/ei-design.org\/wp-content\/uploads\/2022\/01\/2web-interior-mesh-dark-01b-1024-1.jpg\"><img loading=\"lazy\" class=\"aligncenter wp-image-25331\" src=\"https:\/\/ei-design.org\/wp-content\/uploads\/2022\/01\/2web-interior-mesh-dark-01b-1024-1-600x400.jpg\" alt=\"\" width=\"904\" height=\"603\" srcset=\"https:\/\/ei-design.org\/wp-content\/uploads\/2022\/01\/2web-interior-mesh-dark-01b-1024-1-600x400.jpg 600w, https:\/\/ei-design.org\/wp-content\/uploads\/2022\/01\/2web-interior-mesh-dark-01b-1024-1-768x512.jpg 768w, https:\/\/ei-design.org\/wp-content\/uploads\/2022\/01\/2web-interior-mesh-dark-01b-1024-1-16x12.jpg 16w, https:\/\/ei-design.org\/wp-content\/uploads\/2022\/01\/2web-interior-mesh-dark-01b-1024-1-1000x667.jpg 1000w, https:\/\/ei-design.org\/wp-content\/uploads\/2022\/01\/2web-interior-mesh-dark-01b-1024-1.jpg 1024w\" sizes=\"(max-width: 904px) 100vw, 904px\" \/><\/a><\/p>\n<p><a href=\"https:\/\/ei-design.org\/wp-content\/uploads\/2022\/01\/3web-mesh-dark-part-01.jpg\"><img loading=\"lazy\" class=\"aligncenter wp-image-25332\" src=\"https:\/\/ei-design.org\/wp-content\/uploads\/2022\/01\/3web-mesh-dark-part-01-529x400.jpg\" alt=\"\" width=\"904\" height=\"683\" srcset=\"https:\/\/ei-design.org\/wp-content\/uploads\/2022\/01\/3web-mesh-dark-part-01-529x400.jpg 529w, https:\/\/ei-design.org\/wp-content\/uploads\/2022\/01\/3web-mesh-dark-part-01-768x580.jpg 768w, https:\/\/ei-design.org\/wp-content\/uploads\/2022\/01\/3web-mesh-dark-part-01-16x12.jpg 16w, https:\/\/ei-design.org\/wp-content\/uploads\/2022\/01\/3web-mesh-dark-part-01.jpg 904w\" sizes=\"(max-width: 904px) 100vw, 904px\" \/><\/a><\/p>\n<p><!--more--><\/p>\n<h5><strong>TWIST Wall mural<\/strong><\/h5>\n<p>Twist es una obra que explora la torsi\u00f3n de un volumen, dando como resultado un movimiento de curvas armoniosas y un patr\u00f3n no repetitivo.<\/p>\n<p><a href=\"https:\/\/ei-design.org\/wp-content\/uploads\/2021\/06\/def-baja-PHOTO-BANNER-PROFILE.jpg\"><img loading=\"lazy\" class=\"aligncenter wp-image-23510\" src=\"https:\/\/ei-design.org\/wp-content\/uploads\/2021\/06\/def-baja-PHOTO-BANNER-PROFILE-685x400.jpg\" alt=\"\" width=\"904\" height=\"528\" srcset=\"https:\/\/ei-design.org\/wp-content\/uploads\/2021\/06\/def-baja-PHOTO-BANNER-PROFILE-685x400.jpg 685w, https:\/\/ei-design.org\/wp-content\/uploads\/2021\/06\/def-baja-PHOTO-BANNER-PROFILE-1000x584.jpg 1000w, https:\/\/ei-design.org\/wp-content\/uploads\/2021\/06\/def-baja-PHOTO-BANNER-PROFILE-1371x800.jpg 1371w, https:\/\/ei-design.org\/wp-content\/uploads\/2021\/06\/def-baja-PHOTO-BANNER-PROFILE-768x448.jpg 768w, https:\/\/ei-design.org\/wp-content\/uploads\/2021\/06\/def-baja-PHOTO-BANNER-PROFILE-16x9.jpg 16w, https:\/\/ei-design.org\/wp-content\/uploads\/2021\/06\/def-baja-PHOTO-BANNER-PROFILE.jpg 1417w\" sizes=\"(max-width: 904px) 100vw, 904px\" \/><\/a><\/p>\n<p><a href=\"https:\/\/ei-design.org\/wp-content\/uploads\/2021\/06\/Twist-dark-thumb-03.jpg\"><img loading=\"lazy\" class=\"aligncenter wp-image-23509\" src=\"https:\/\/ei-design.org\/wp-content\/uploads\/2021\/06\/Twist-dark-thumb-03-600x400.jpg\" alt=\"\" width=\"904\" height=\"603\" srcset=\"https:\/\/ei-design.org\/wp-content\/uploads\/2021\/06\/Twist-dark-thumb-03-600x400.jpg 600w, https:\/\/ei-design.org\/wp-content\/uploads\/2021\/06\/Twist-dark-thumb-03-1000x667.jpg 1000w, https:\/\/ei-design.org\/wp-content\/uploads\/2021\/06\/Twist-dark-thumb-03-768x512.jpg 768w, https:\/\/ei-design.org\/wp-content\/uploads\/2021\/06\/Twist-dark-thumb-03-16x12.jpg 16w, https:\/\/ei-design.org\/wp-content\/uploads\/2021\/06\/Twist-dark-thumb-03.jpg 1024w\" sizes=\"(max-width: 904px) 100vw, 904px\" \/><\/a><\/p>\n<p><a href=\"https:\/\/ei-design.org\/wp-content\/uploads\/2022\/01\/IMG-8090.jpg\"><img loading=\"lazy\" class=\"wp-image-25333 alignnone\" src=\"https:\/\/ei-design.org\/wp-content\/uploads\/2022\/01\/IMG-8090-321x400.jpg\" alt=\"\" width=\"904\" height=\"1126\" srcset=\"https:\/\/ei-design.org\/wp-content\/uploads\/2022\/01\/IMG-8090-321x400.jpg 321w, https:\/\/ei-design.org\/wp-content\/uploads\/2022\/01\/IMG-8090-642x800.jpg 642w, https:\/\/ei-design.org\/wp-content\/uploads\/2022\/01\/IMG-8090-768x957.jpg 768w, https:\/\/ei-design.org\/wp-content\/uploads\/2022\/01\/IMG-8090-10x12.jpg 10w, https:\/\/ei-design.org\/wp-content\/uploads\/2022\/01\/IMG-8090.jpg 890w\" sizes=\"(max-width: 904px) 100vw, 904px\" \/><\/a><\/p>\n<p><a href=\"https:\/\/ei-design.org\/wp-content\/uploads\/2021\/06\/Twist-scene-sand-landscape-2800-1536x1024-1.jpg\"><img loading=\"lazy\" class=\"wp-image-23511 alignnone\" src=\"https:\/\/ei-design.org\/wp-content\/uploads\/2021\/06\/Twist-scene-sand-landscape-2800-1536x1024-1-600x400.jpg\" alt=\"\" width=\"904\" height=\"603\" srcset=\"https:\/\/ei-design.org\/wp-content\/uploads\/2021\/06\/Twist-scene-sand-landscape-2800-1536x1024-1-600x400.jpg 600w, https:\/\/ei-design.org\/wp-content\/uploads\/2021\/06\/Twist-scene-sand-landscape-2800-1536x1024-1-1000x667.jpg 1000w, https:\/\/ei-design.org\/wp-content\/uploads\/2021\/06\/Twist-scene-sand-landscape-2800-1536x1024-1-1200x800.jpg 1200w, https:\/\/ei-design.org\/wp-content\/uploads\/2021\/06\/Twist-scene-sand-landscape-2800-1536x1024-1-768x512.jpg 768w, https:\/\/ei-design.org\/wp-content\/uploads\/2021\/06\/Twist-scene-sand-landscape-2800-1536x1024-1-16x12.jpg 16w, https:\/\/ei-design.org\/wp-content\/uploads\/2021\/06\/Twist-scene-sand-landscape-2800-1536x1024-1.jpg 1536w\" sizes=\"(max-width: 904px) 100vw, 904px\" \/><\/a><\/p>\n<p><a href=\"https:\/\/ei-design.org\/wp-content\/uploads\/2021\/10\/Twist-sand-thumb-03.jpg\"><img loading=\"lazy\" class=\"aligncenter wp-image-23505\" src=\"https:\/\/ei-design.org\/wp-content\/uploads\/2021\/10\/Twist-sand-thumb-03-600x400.jpg\" alt=\"\" width=\"904\" height=\"603\" srcset=\"https:\/\/ei-design.org\/wp-content\/uploads\/2021\/10\/Twist-sand-thumb-03-600x400.jpg 600w, https:\/\/ei-design.org\/wp-content\/uploads\/2021\/10\/Twist-sand-thumb-03-1000x667.jpg 1000w, https:\/\/ei-design.org\/wp-content\/uploads\/2021\/10\/Twist-sand-thumb-03-768x512.jpg 768w, https:\/\/ei-design.org\/wp-content\/uploads\/2021\/10\/Twist-sand-thumb-03-16x12.jpg 16w, https:\/\/ei-design.org\/wp-content\/uploads\/2021\/10\/Twist-sand-thumb-03.jpg 1024w\" sizes=\"(max-width: 904px) 100vw, 904px\" \/><\/a><\/p>\n<p>&nbsp;<\/p>\n<p><!--more--><\/p>\n<h5><strong>FLOW Wall mural<\/strong><\/h5>\n<p>Flow es un mural arquitect\u00f3nico que aporta m\u00e1s profundidad y car\u00e1cter a cualquier interior moderno.<\/p>\n<p><a href=\"https:\/\/ei-design.org\/wp-content\/uploads\/2021\/10\/Light-scene-landscape-01.jpg\"><img loading=\"lazy\" class=\"aligncenter wp-image-23506\" src=\"https:\/\/ei-design.org\/wp-content\/uploads\/2021\/10\/Light-scene-landscape-01-600x400.jpg\" alt=\"\" width=\"904\" height=\"603\" srcset=\"https:\/\/ei-design.org\/wp-content\/uploads\/2021\/10\/Light-scene-landscape-01-600x400.jpg 600w, https:\/\/ei-design.org\/wp-content\/uploads\/2021\/10\/Light-scene-landscape-01-1000x667.jpg 1000w, https:\/\/ei-design.org\/wp-content\/uploads\/2021\/10\/Light-scene-landscape-01-1200x800.jpg 1200w, https:\/\/ei-design.org\/wp-content\/uploads\/2021\/10\/Light-scene-landscape-01-768x512.jpg 768w, https:\/\/ei-design.org\/wp-content\/uploads\/2021\/10\/Light-scene-landscape-01-16x12.jpg 16w, https:\/\/ei-design.org\/wp-content\/uploads\/2021\/10\/Light-scene-landscape-01.jpg 1300w\" sizes=\"(max-width: 904px) 100vw, 904px\" \/><\/a><\/p>\n<p><a href=\"https:\/\/ei-design.org\/wp-content\/uploads\/2021\/10\/Flow-light-thumb_01.jpg\"><img loading=\"lazy\" class=\"aligncenter wp-image-23508\" src=\"https:\/\/ei-design.org\/wp-content\/uploads\/2021\/10\/Flow-light-thumb_01-600x400.jpg\" alt=\"\" width=\"904\" height=\"603\" srcset=\"https:\/\/ei-design.org\/wp-content\/uploads\/2021\/10\/Flow-light-thumb_01-600x400.jpg 600w, https:\/\/ei-design.org\/wp-content\/uploads\/2021\/10\/Flow-light-thumb_01-1000x667.jpg 1000w, https:\/\/ei-design.org\/wp-content\/uploads\/2021\/10\/Flow-light-thumb_01-768x512.jpg 768w, https:\/\/ei-design.org\/wp-content\/uploads\/2021\/10\/Flow-light-thumb_01-16x12.jpg 16w, https:\/\/ei-design.org\/wp-content\/uploads\/2021\/10\/Flow-light-thumb_01.jpg 1024w\" sizes=\"(max-width: 904px) 100vw, 904px\" \/><\/a><\/p>\n<p>&nbsp;<\/p>\n<p>&nbsp;<\/p>\n<p>&nbsp;<\/p>\n<p>&nbsp;<\/p>","protected":false},"excerpt":{"rendered":"<p style=\"text-align: center;\"><span style=\"color: #282828;\"><strong><span style=\"text-align: center; font-size: 120%;\">Colecci\u00f3n \"Architectural wall mural\" de Gerard Puxhe, inspirada en complejas composiciones param\u00e8tricas<\/span><\/strong><\/span><\/p>\n<p style=\"text-align: center;\"><span style=\"color: #ffffff;\">&#8211;<\/span><\/p>\n<p>&nbsp;<\/p>","protected":false},"featured_media":24852,"template":"","meta":[],"_links":{"self":[{"href":"https:\/\/ei-design.org\/es\/wp-json\/wp\/v2\/product\/21132"}],"collection":[{"href":"https:\/\/ei-design.org\/es\/wp-json\/wp\/v2\/product"}],"about":[{"href":"https:\/\/ei-design.org\/es\/wp-json\/wp\/v2\/types\/product"}],"wp:featuredmedia":[{"embeddable":true,"href":"https:\/\/ei-design.org\/es\/wp-json\/wp\/v2\/media\/24852"}],"wp:attachment":[{"href":"https:\/\/ei-design.org\/es\/wp-json\/wp\/v2\/media?parent=21132"}],"curies":[{"name":"wp","href":"https:\/\/api.w.org\/{rel}","templated":true}]}}