{"id":21125,"date":"2021-12-09T13:08:46","date_gmt":"2021-12-09T12:08:46","guid":{"rendered":"https:\/\/ei-design.org\/?post_type=product&#038;p=21125"},"modified":"2021-12-17T00:05:24","modified_gmt":"2021-12-16T23:05:24","slug":"spider-lobelia","status":"publish","type":"product","link":"https:\/\/ei-design.org\/es\/product\/spider-lobelia\/","title":{"rendered":"Experimental Gaia"},"content":{"rendered":"<p><span lang=\"ES-TRAD\" style=\"font-size: 14pt;\" data-mce-style=\"font-size: 14pt;\">Experimental Gaia es un proyecto en curso que presenta escenarios bot\u00e1nicos y de flora futurista. Mi investigaci\u00f3n se centra en la evoluci\u00f3n de los ecosistemas naturales en la era de la inteligencia artificial y el desapego de la naturaleza. <\/span><\/p>\n<p class=\"MsoNormal\"><span style=\"font-size: 14pt;\" data-mce-style=\"font-size: 14pt;\"><span lang=\"ES-TRAD\">La historia ha demostrado que el primer ramo de flores que se dio en Egipto se remonta al 2500 a. C. <\/span><span lang=\"ES-TRAD\">Este proyecto de jard\u00edn tiene como objetivo acelerar la restauraci\u00f3n mental y la conexi\u00f3n instant\u00e1nea con esa <\/span><span lang=\"ES-TRAD\">Naturaleza que nos esforzamos por descartar de nuestra memoria colectiva.<\/span><\/span><\/p>\n<p><img class=\"wp-more-tag mce-wp-more\" title=\"Leggi tutto...\" src=\"data:image\/gif;base64,R0lGODlhAQABAIAAAAAAAP\/\/\/yH5BAEAAAAALAAAAAABAAEAAAIBRAA7\" alt=\"\" data-wp-more=\"more\" data-mce-resize=\"false\" data-mce-placeholder=\"1\"><\/p>\n<p><a href=\"https:\/\/ei-design.org\/wp-content\/uploads\/2021\/10\/webdef-soulmate_lilies.jpg\" data-mce-href=\"https:\/\/ei-design.org\/wp-content\/uploads\/2021\/10\/webdef-soulmate_lilies.jpg\"><img loading=\"lazy\" class=\"aligncenter wp-image-23811\" src=\"https:\/\/ei-design.org\/wp-content\/uploads\/2021\/10\/webdef-soulmate_lilies-328x400.jpg\" alt=\"\" width=\"500\" height=\"610\" data-mce-src=\"https:\/\/ei-design.org\/wp-content\/uploads\/2021\/10\/webdef-soulmate_lilies-328x400.jpg\" srcset=\"https:\/\/ei-design.org\/wp-content\/uploads\/2021\/10\/webdef-soulmate_lilies-328x400.jpg 328w, https:\/\/ei-design.org\/wp-content\/uploads\/2021\/10\/webdef-soulmate_lilies-10x12.jpg 10w, https:\/\/ei-design.org\/wp-content\/uploads\/2021\/10\/webdef-soulmate_lilies.jpg 513w\" sizes=\"(max-width: 500px) 100vw, 500px\" \/><\/a><\/p>\n<p style=\"text-align: center;\" data-mce-style=\"text-align: center;\"><a href=\"https:\/\/ei-design.org\/wp-content\/uploads\/2021\/10\/web-def-may.jpg\" data-mce-href=\"https:\/\/ei-design.org\/wp-content\/uploads\/2021\/10\/web-def-may.jpg\"><em data-mce-style=\"text-align: center;\" style=\"color: rgb(51, 51, 51); text-align: center; background-color: rgb(255, 255, 255);\"><span data-mce-style=\"font-size: 10pt;\" style=\"font-size: 10pt;\">[ Soulmate lilies ]<\/span><\/em><\/a><\/p>\n<p><img class=\"wp-more-tag mce-wp-more\" title=\"Leggi tutto...\" src=\"data:image\/gif;base64,R0lGODlhAQABAIAAAAAAAP\/\/\/yH5BAEAAAAALAAAAAABAAEAAAIBRAA7\" alt=\"\" data-wp-more=\"more\" data-mce-resize=\"false\" data-mce-placeholder=\"1\"><\/p>\n<p><a href=\"https:\/\/ei-design.org\/wp-content\/uploads\/2021\/10\/webmorning_magnolia.jpg\" data-mce-href=\"https:\/\/ei-design.org\/wp-content\/uploads\/2021\/10\/webmorning_magnolia.jpg\"><img loading=\"lazy\" class=\"aligncenter wp-image-23812\" src=\"https:\/\/ei-design.org\/wp-content\/uploads\/2021\/10\/webmorning_magnolia-332x400.jpg\" alt=\"\" width=\"500\" height=\"603\" data-mce-src=\"https:\/\/ei-design.org\/wp-content\/uploads\/2021\/10\/webmorning_magnolia-332x400.jpg\" srcset=\"https:\/\/ei-design.org\/wp-content\/uploads\/2021\/10\/webmorning_magnolia-332x400.jpg 332w, https:\/\/ei-design.org\/wp-content\/uploads\/2021\/10\/webmorning_magnolia-10x12.jpg 10w, https:\/\/ei-design.org\/wp-content\/uploads\/2021\/10\/webmorning_magnolia.jpg 517w\" sizes=\"(max-width: 500px) 100vw, 500px\" \/><\/a><\/p>\n<p style=\"text-align: center;\" data-mce-style=\"text-align: center;\"><em data-mce-style=\"text-align: center;\" style=\"text-align: center;\"><span data-mce-style=\"font-size: 10pt;\" style=\"font-size: 10pt;\">[ Moorning magnolia]<\/span><\/em><\/p>\n<p><img class=\"wp-more-tag mce-wp-more\" title=\"Leggi tutto...\" src=\"data:image\/gif;base64,R0lGODlhAQABAIAAAAAAAP\/\/\/yH5BAEAAAAALAAAAAABAAEAAAIBRAA7\" alt=\"\" data-wp-more=\"more\" data-mce-resize=\"false\" data-mce-placeholder=\"1\"><\/p>\n<p><a href=\"https:\/\/ei-design.org\/wp-content\/uploads\/2021\/10\/web-latenightpapavers.jpg\" data-mce-href=\"https:\/\/ei-design.org\/wp-content\/uploads\/2021\/10\/web-latenightpapavers.jpg\"><img loading=\"lazy\" class=\"aligncenter wp-image-23813\" src=\"https:\/\/ei-design.org\/wp-content\/uploads\/2021\/10\/web-latenightpapavers-332x400.jpg\" alt=\"\" width=\"500\" height=\"603\" data-mce-src=\"https:\/\/ei-design.org\/wp-content\/uploads\/2021\/10\/web-latenightpapavers-332x400.jpg\" srcset=\"https:\/\/ei-design.org\/wp-content\/uploads\/2021\/10\/web-latenightpapavers-332x400.jpg 332w, https:\/\/ei-design.org\/wp-content\/uploads\/2021\/10\/web-latenightpapavers-1000x1207.jpg 1000w, https:\/\/ei-design.org\/wp-content\/uploads\/2021\/10\/web-latenightpapavers-663x800.jpg 663w, https:\/\/ei-design.org\/wp-content\/uploads\/2021\/10\/web-latenightpapavers-768x927.jpg 768w, https:\/\/ei-design.org\/wp-content\/uploads\/2021\/10\/web-latenightpapavers-10x12.jpg 10w, https:\/\/ei-design.org\/wp-content\/uploads\/2021\/10\/web-latenightpapavers.jpg 1075w\" sizes=\"(max-width: 500px) 100vw, 500px\" \/><\/a><\/p>\n<p style=\"text-align: center;\" data-mce-style=\"text-align: center;\"><em data-mce-style=\"text-align: center;\" style=\"text-align: center;\"><span data-mce-style=\"font-size: 10pt;\" style=\"font-size: 10pt;\">[ Latenight papavers ]<\/span><\/em><\/p>\n<p><img src=\"data:image\/gif;base64,R0lGODlhAQABAIAAAAAAAP\/\/\/yH5BAEAAAAALAAAAAABAAEAAAIBRAA7\" alt=\"\" title=\"Leggi tutto...\" class=\"wp-more-tag mce-wp-more\" data-wp-more=\"more\" data-mce-resize=\"false\" data-mce-placeholder=\"1\"><\/p>\n<p style=\"text-align: center;\" data-mce-style=\"text-align: center;\"><a href=\"https:\/\/ei-design.org\/wp-content\/uploads\/2021\/10\/web-def-may.jpg\" data-mce-href=\"https:\/\/ei-design.org\/wp-content\/uploads\/2021\/10\/web-def-may.jpg\"><img loading=\"lazy\" class=\"aligncenter wp-image-23808\" src=\"https:\/\/ei-design.org\/wp-content\/uploads\/2021\/10\/web-def-may-331x400.jpg\" alt=\"\" width=\"500\" height=\"604\" data-mce-src=\"https:\/\/ei-design.org\/wp-content\/uploads\/2021\/10\/web-def-may-331x400.jpg\" srcset=\"https:\/\/ei-design.org\/wp-content\/uploads\/2021\/10\/web-def-may-331x400.jpg 331w, https:\/\/ei-design.org\/wp-content\/uploads\/2021\/10\/web-def-may-10x12.jpg 10w, https:\/\/ei-design.org\/wp-content\/uploads\/2021\/10\/web-def-may.jpg 519w\" sizes=\"(max-width: 500px) 100vw, 500px\" \/><\/a><\/p>\n<p style=\"text-align: center;\" data-mce-style=\"text-align: center;\"><em style=\"text-align: center;\" data-mce-style=\"text-align: center;\"><span data-mce-style=\"font-size: 10pt;\" style=\"font-size: 10pt;\">[ May ]<\/span><\/em><\/p>\n<p><img src=\"data:image\/gif;base64,R0lGODlhAQABAIAAAAAAAP\/\/\/yH5BAEAAAAALAAAAAABAAEAAAIBRAA7\" alt=\"\" title=\"Leggi tutto...\" class=\"wp-more-tag mce-wp-more\" data-wp-more=\"more\" data-mce-resize=\"false\" data-mce-placeholder=\"1\"><\/p>\n<p style=\"text-align: center;\" data-mce-style=\"text-align: center;\"><a href=\"https:\/\/ei-design.org\/wp-content\/uploads\/2021\/10\/baja-birthdaybouquet.jpg\" data-mce-href=\"https:\/\/ei-design.org\/wp-content\/uploads\/2021\/10\/baja-birthdaybouquet.jpg\"><img loading=\"lazy\" class=\"aligncenter wp-image-23549\" src=\"https:\/\/ei-design.org\/wp-content\/uploads\/2021\/10\/baja-birthdaybouquet-331x400.jpg\" alt=\"\" width=\"500\" height=\"604\" data-mce-src=\"https:\/\/ei-design.org\/wp-content\/uploads\/2021\/10\/baja-birthdaybouquet-331x400.jpg\" srcset=\"https:\/\/ei-design.org\/wp-content\/uploads\/2021\/10\/baja-birthdaybouquet-331x400.jpg 331w, https:\/\/ei-design.org\/wp-content\/uploads\/2021\/10\/baja-birthdaybouquet-1000x1207.jpg 1000w, https:\/\/ei-design.org\/wp-content\/uploads\/2021\/10\/baja-birthdaybouquet-663x800.jpg 663w, https:\/\/ei-design.org\/wp-content\/uploads\/2021\/10\/baja-birthdaybouquet-768x927.jpg 768w, https:\/\/ei-design.org\/wp-content\/uploads\/2021\/10\/baja-birthdaybouquet-10x12.jpg 10w, https:\/\/ei-design.org\/wp-content\/uploads\/2021\/10\/baja-birthdaybouquet.jpg 1080w\" sizes=\"(max-width: 500px) 100vw, 500px\" \/><\/a><\/p>\n<p style=\"text-align: center;\" data-mce-style=\"text-align: center;\"><em><span style=\"font-size: 10pt;\" data-mce-style=\"font-size: 10pt;\">[ Birthdaybouquet ]<\/span><\/em><\/p>\n<p><\/p>\n<p><img class=\"wp-more-tag mce-wp-more\" title=\"Leggi tutto...\" src=\"data:image\/gif;base64,R0lGODlhAQABAIAAAAAAAP\/\/\/yH5BAEAAAAALAAAAAABAAEAAAIBRAA7\" alt=\"\" data-wp-more=\"more\" data-mce-resize=\"false\" data-mce-placeholder=\"1\"><\/p>\n<p style=\"text-align: center;\" data-mce-style=\"text-align: center;\"><a href=\"https:\/\/ei-design.org\/wp-content\/uploads\/2021\/10\/baja-eclipse_daisy.jpg\" data-mce-href=\"https:\/\/ei-design.org\/wp-content\/uploads\/2021\/10\/baja-eclipse_daisy.jpg\"><img loading=\"lazy\" class=\"aligncenter wp-image-23550\" src=\"https:\/\/ei-design.org\/wp-content\/uploads\/2021\/10\/baja-eclipse_daisy-331x400.jpg\" alt=\"\" width=\"500\" height=\"604\" data-mce-src=\"https:\/\/ei-design.org\/wp-content\/uploads\/2021\/10\/baja-eclipse_daisy-331x400.jpg\" srcset=\"https:\/\/ei-design.org\/wp-content\/uploads\/2021\/10\/baja-eclipse_daisy-331x400.jpg 331w, https:\/\/ei-design.org\/wp-content\/uploads\/2021\/10\/baja-eclipse_daisy-1000x1207.jpg 1000w, https:\/\/ei-design.org\/wp-content\/uploads\/2021\/10\/baja-eclipse_daisy-663x800.jpg 663w, https:\/\/ei-design.org\/wp-content\/uploads\/2021\/10\/baja-eclipse_daisy-768x927.jpg 768w, https:\/\/ei-design.org\/wp-content\/uploads\/2021\/10\/baja-eclipse_daisy-10x12.jpg 10w, https:\/\/ei-design.org\/wp-content\/uploads\/2021\/10\/baja-eclipse_daisy.jpg 1080w\" sizes=\"(max-width: 500px) 100vw, 500px\" \/><\/a><\/p>\n<p style=\"text-align: center;\" data-mce-style=\"text-align: center;\"><span style=\"font-size: 10pt;\" data-mce-style=\"font-size: 10pt;\"><em>\u00a0[ Eclipse daisy ]<\/em><\/span><\/p>\n<p><\/p>\n<p><img class=\"wp-more-tag mce-wp-more\" title=\"Leggi tutto...\" src=\"data:image\/gif;base64,R0lGODlhAQABAIAAAAAAAP\/\/\/yH5BAEAAAAALAAAAAABAAEAAAIBRAA7\" alt=\"\" data-wp-more=\"more\" data-mce-resize=\"false\" data-mce-placeholder=\"1\"><\/p>\n<p style=\"text-align: center;\" data-mce-style=\"text-align: center;\"><a href=\"https:\/\/ei-design.org\/wp-content\/uploads\/2021\/10\/baja-hygrangeas_messsage.jpg\" data-mce-href=\"https:\/\/ei-design.org\/wp-content\/uploads\/2021\/10\/baja-hygrangeas_messsage.jpg\"><img loading=\"lazy\" class=\"aligncenter wp-image-23551\" src=\"https:\/\/ei-design.org\/wp-content\/uploads\/2021\/10\/baja-hygrangeas_messsage-319x400.jpg\" alt=\"\" width=\"500\" height=\"628\" data-mce-src=\"https:\/\/ei-design.org\/wp-content\/uploads\/2021\/10\/baja-hygrangeas_messsage-319x400.jpg\" srcset=\"https:\/\/ei-design.org\/wp-content\/uploads\/2021\/10\/baja-hygrangeas_messsage-319x400.jpg 319w, https:\/\/ei-design.org\/wp-content\/uploads\/2021\/10\/baja-hygrangeas_messsage-1000x1256.jpg 1000w, https:\/\/ei-design.org\/wp-content\/uploads\/2021\/10\/baja-hygrangeas_messsage-637x800.jpg 637w, https:\/\/ei-design.org\/wp-content\/uploads\/2021\/10\/baja-hygrangeas_messsage-768x964.jpg 768w, https:\/\/ei-design.org\/wp-content\/uploads\/2021\/10\/baja-hygrangeas_messsage-10x12.jpg 10w, https:\/\/ei-design.org\/wp-content\/uploads\/2021\/10\/baja-hygrangeas_messsage.jpg 1076w\" sizes=\"(max-width: 500px) 100vw, 500px\" \/><\/a><\/p>\n<p style=\"text-align: center;\" data-mce-style=\"text-align: center;\"><em><span style=\"font-size: 10pt;\" data-mce-style=\"font-size: 10pt;\">[ Hygrangeas message ]<\/span><\/em><\/p>\n<p><\/p>\n<p><img class=\"wp-more-tag mce-wp-more\" title=\"Leggi tutto...\" src=\"data:image\/gif;base64,R0lGODlhAQABAIAAAAAAAP\/\/\/yH5BAEAAAAALAAAAAABAAEAAAIBRAA7\" alt=\"\" data-wp-more=\"more\" data-mce-resize=\"false\" data-mce-placeholder=\"1\"><\/p>\n<p><a href=\"https:\/\/ei-design.org\/wp-content\/uploads\/2021\/10\/Baja-stapelia.jpg\" data-mce-href=\"https:\/\/ei-design.org\/wp-content\/uploads\/2021\/10\/Baja-stapelia.jpg\"><img loading=\"lazy\" class=\"aligncenter wp-image-23552\" src=\"https:\/\/ei-design.org\/wp-content\/uploads\/2021\/10\/Baja-stapelia-335x400.jpg\" alt=\"\" width=\"500\" height=\"596\" data-mce-src=\"https:\/\/ei-design.org\/wp-content\/uploads\/2021\/10\/Baja-stapelia-335x400.jpg\" srcset=\"https:\/\/ei-design.org\/wp-content\/uploads\/2021\/10\/Baja-stapelia-335x400.jpg 335w, https:\/\/ei-design.org\/wp-content\/uploads\/2021\/10\/Baja-stapelia-1000x1192.jpg 1000w, https:\/\/ei-design.org\/wp-content\/uploads\/2021\/10\/Baja-stapelia-671x800.jpg 671w, https:\/\/ei-design.org\/wp-content\/uploads\/2021\/10\/Baja-stapelia-768x916.jpg 768w, https:\/\/ei-design.org\/wp-content\/uploads\/2021\/10\/Baja-stapelia-10x12.jpg 10w, https:\/\/ei-design.org\/wp-content\/uploads\/2021\/10\/Baja-stapelia.jpg 1091w\" sizes=\"(max-width: 500px) 100vw, 500px\" \/><\/a><\/p>\n<p style=\"text-align: center;\" data-mce-style=\"text-align: center;\"><em style=\"text-align: center;\" data-mce-style=\"text-align: center;\"><span style=\"font-size: 10pt;\" data-mce-style=\"font-size: 10pt;\">\u00a0[ Stapelia ]<\/span><\/em><\/p>\n<p><\/p>\n<p><img class=\"wp-more-tag mce-wp-more\" title=\"Leggi tutto...\" src=\"data:image\/gif;base64,R0lGODlhAQABAIAAAAAAAP\/\/\/yH5BAEAAAAALAAAAAABAAEAAAIBRAA7\" alt=\"\" data-wp-more=\"more\" data-mce-resize=\"false\" data-mce-placeholder=\"1\"><\/p>\n<p style=\"text-align: center;\" data-mce-style=\"text-align: center;\"><a href=\"https:\/\/ei-design.org\/wp-content\/uploads\/2021\/06\/3baja-spider_lobelia.jpg\" data-mce-href=\"https:\/\/ei-design.org\/wp-content\/uploads\/2021\/06\/3baja-spider_lobelia.jpg\"><img loading=\"lazy\" class=\"alignnone wp-image-23555\" src=\"https:\/\/ei-design.org\/wp-content\/uploads\/2021\/06\/3baja-spider_lobelia-332x400.jpg\" alt=\"\" width=\"500\" height=\"602\" data-mce-src=\"https:\/\/ei-design.org\/wp-content\/uploads\/2021\/06\/3baja-spider_lobelia-332x400.jpg\" srcset=\"https:\/\/ei-design.org\/wp-content\/uploads\/2021\/06\/3baja-spider_lobelia-332x400.jpg 332w, https:\/\/ei-design.org\/wp-content\/uploads\/2021\/06\/3baja-spider_lobelia-664x800.jpg 664w, https:\/\/ei-design.org\/wp-content\/uploads\/2021\/06\/3baja-spider_lobelia-10x12.jpg 10w, https:\/\/ei-design.org\/wp-content\/uploads\/2021\/06\/3baja-spider_lobelia.jpg 720w\" sizes=\"(max-width: 500px) 100vw, 500px\" \/><\/a><\/p>\n<p style=\"text-align: center;\" data-mce-style=\"text-align: center;\"><em style=\"text-align: center;\" data-mce-style=\"text-align: center;\"><span style=\"font-size: 10pt;\" data-mce-style=\"font-size: 10pt;\">[ Spider lobelia ]<\/span><\/em><\/p>\n<p><\/p>\n<p><img class=\"wp-more-tag mce-wp-more\" title=\"Leggi tutto...\" src=\"data:image\/gif;base64,R0lGODlhAQABAIAAAAAAAP\/\/\/yH5BAEAAAAALAAAAAABAAEAAAIBRAA7\" alt=\"\" data-wp-more=\"more\" data-mce-resize=\"false\" data-mce-placeholder=\"1\"><\/p>\n<p><a href=\"https:\/\/ei-design.org\/wp-content\/uploads\/2021\/06\/1baja-yinyangtuber.jpg\" data-mce-href=\"https:\/\/ei-design.org\/wp-content\/uploads\/2021\/06\/1baja-yinyangtuber.jpg\"><img loading=\"lazy\" class=\"aligncenter wp-image-23556\" src=\"https:\/\/ei-design.org\/wp-content\/uploads\/2021\/06\/1baja-yinyangtuber-332x400.jpg\" alt=\"\" width=\"500\" height=\"602\" data-mce-src=\"https:\/\/ei-design.org\/wp-content\/uploads\/2021\/06\/1baja-yinyangtuber-332x400.jpg\" srcset=\"https:\/\/ei-design.org\/wp-content\/uploads\/2021\/06\/1baja-yinyangtuber-332x400.jpg 332w, https:\/\/ei-design.org\/wp-content\/uploads\/2021\/06\/1baja-yinyangtuber-1000x1204.jpg 1000w, https:\/\/ei-design.org\/wp-content\/uploads\/2021\/06\/1baja-yinyangtuber-665x800.jpg 665w, https:\/\/ei-design.org\/wp-content\/uploads\/2021\/06\/1baja-yinyangtuber-768x924.jpg 768w, https:\/\/ei-design.org\/wp-content\/uploads\/2021\/06\/1baja-yinyangtuber-10x12.jpg 10w, https:\/\/ei-design.org\/wp-content\/uploads\/2021\/06\/1baja-yinyangtuber.jpg 1080w\" sizes=\"(max-width: 500px) 100vw, 500px\" \/><\/a><\/p>\n<p style=\"text-align: center;\" data-mce-style=\"text-align: center;\"><em style=\"text-align: center;\" data-mce-style=\"text-align: center;\"><span style=\"font-size: 10pt;\" data-mce-style=\"font-size: 10pt;\">\u00a0[ Yingyangtuber ]<\/span><\/em><\/p>\n<p><\/p>\n<p><img class=\"wp-more-tag mce-wp-more\" title=\"Leggi tutto...\" src=\"data:image\/gif;base64,R0lGODlhAQABAIAAAAAAAP\/\/\/yH5BAEAAAAALAAAAAABAAEAAAIBRAA7\" alt=\"\" data-wp-more=\"more\" data-mce-resize=\"false\" data-mce-placeholder=\"1\"><\/p>\n<p><\/p>","protected":false},"excerpt":{"rendered":"<h4 style=\"text-align: center;\" data-mce-style=\"text-align: center;\">Experimental Gaia es un proyecto en curso que presenta escenarios bot\u00e1nicos y de flora futurista<\/h4>\n<p style=\"text-align: center;\" data-mce-style=\"text-align: center;\">&#8211;<\/p>","protected":false},"featured_media":20321,"template":"","meta":[],"_links":{"self":[{"href":"https:\/\/ei-design.org\/es\/wp-json\/wp\/v2\/product\/21125"}],"collection":[{"href":"https:\/\/ei-design.org\/es\/wp-json\/wp\/v2\/product"}],"about":[{"href":"https:\/\/ei-design.org\/es\/wp-json\/wp\/v2\/types\/product"}],"wp:featuredmedia":[{"embeddable":true,"href":"https:\/\/ei-design.org\/es\/wp-json\/wp\/v2\/media\/20321"}],"wp:attachment":[{"href":"https:\/\/ei-design.org\/es\/wp-json\/wp\/v2\/media?parent=21125"}],"curies":[{"name":"wp","href":"https:\/\/api.w.org\/{rel}","templated":true}]}}