{"id":21016,"date":"2021-06-11T12:07:54","date_gmt":"2021-06-11T10:07:54","guid":{"rendered":"https:\/\/ei-design.org\/?post_type=product&#038;p=21016"},"modified":"2024-08-01T12:20:14","modified_gmt":"2024-08-01T10:20:14","slug":"minu","status":"publish","type":"product","link":"https:\/\/ei-design.org\/es\/product\/minu\/","title":{"rendered":"Min\u00fa"},"content":{"rendered":"<p><span lang=\"IT\" style=\"font-size: 110%; color: #282828;\">Min\u00f9 nace del deseo de dise\u00f1ar un bolardo con formas marcadamente femeninas: un producto decorativo que, gracias a su aspecto suave y org\u00e1nico, es capaz de dotar a la l\u00e1mpara de una fuerte personalidad. Me inspir\u00e9 en el mundo de las plantas por su forma: la l\u00e1mpara de hecho puede recordar un hongo o alguna planta o flor indistinta, para integrarse mejor con el ambiente exterior en el que se sit\u00faa.<\/span><\/p>\n<p class=\"MsoNormal\" style=\"margin-bottom: 6pt; background-image: initial; background-position: initial; background-size: initial; background-repeat: initial; background-attachment: initial; background-origin: initial; background-clip: initial;\"><span lang=\"IT\" style=\"font-size: 110%; color: #282828;\">La l\u00e1mpara consta de dos partes diferenciadas, peculiaridad que permite ofrecerla tambi\u00e9n en versi\u00f3n bicolor gracias al material exclusivo del que est\u00e1 fabricada: BETALY\u00ae, un hormig\u00f3n especial desarrollado y patentado por la empresa 9010 Belfiore.<\/span><\/p>\n<p><!--more--><\/p>\n<p>&nbsp;<\/p>\n<h3><img loading=\"lazy\" class=\"aligncenter wp-image-21036\" src=\"https:\/\/ei-design.org\/wp-content\/uploads\/2021\/06\/Minu_01-1.jpg\" alt=\"\" width=\"900\" height=\"553\" srcset=\"https:\/\/ei-design.org\/wp-content\/uploads\/2021\/06\/Minu_01-1.jpg 1280w, https:\/\/ei-design.org\/wp-content\/uploads\/2021\/06\/Minu_01-1-1000x614.jpg 1000w, https:\/\/ei-design.org\/wp-content\/uploads\/2021\/06\/Minu_01-1-651x400.jpg 651w, https:\/\/ei-design.org\/wp-content\/uploads\/2021\/06\/Minu_01-1-768x472.jpg 768w, https:\/\/ei-design.org\/wp-content\/uploads\/2021\/06\/Minu_01-1-16x10.jpg 16w\" sizes=\"(max-width: 900px) 100vw, 900px\" \/><\/h3>\n<p>&nbsp;<\/p>\n<p>&nbsp;<\/p>\n<h3><img loading=\"lazy\" class=\"aligncenter wp-image-22060\" src=\"https:\/\/ei-design.org\/wp-content\/uploads\/2021\/06\/Minu_1.jpg\" alt=\"\" width=\"900\" height=\"809\" srcset=\"https:\/\/ei-design.org\/wp-content\/uploads\/2021\/06\/Minu_1.jpg 872w, https:\/\/ei-design.org\/wp-content\/uploads\/2021\/06\/Minu_1-445x400.jpg 445w, https:\/\/ei-design.org\/wp-content\/uploads\/2021\/06\/Minu_1-768x690.jpg 768w, https:\/\/ei-design.org\/wp-content\/uploads\/2021\/06\/Minu_1-13x12.jpg 13w, https:\/\/ei-design.org\/wp-content\/uploads\/2021\/06\/Minu_1-600x539.jpg 600w\" sizes=\"(max-width: 900px) 100vw, 900px\" \/><\/h3>\n<p>&nbsp;<\/p>\n<p>&nbsp;<\/p>\n<p><a href=\"https:\/\/ei-design.org\/wp-content\/uploads\/2021\/06\/def-Minu_03-2.jpg\"><img loading=\"lazy\" class=\"alignnone wp-image-23562\" src=\"https:\/\/ei-design.org\/wp-content\/uploads\/2021\/06\/def-Minu_03-2-653x400.jpg\" alt=\"\" width=\"900\" height=\"551\" srcset=\"https:\/\/ei-design.org\/wp-content\/uploads\/2021\/06\/def-Minu_03-2-653x400.jpg 653w, https:\/\/ei-design.org\/wp-content\/uploads\/2021\/06\/def-Minu_03-2-1000x613.jpg 1000w, https:\/\/ei-design.org\/wp-content\/uploads\/2021\/06\/def-Minu_03-2-768x470.jpg 768w, https:\/\/ei-design.org\/wp-content\/uploads\/2021\/06\/def-Minu_03-2-16x10.jpg 16w, https:\/\/ei-design.org\/wp-content\/uploads\/2021\/06\/def-Minu_03-2.jpg 1280w\" sizes=\"(max-width: 900px) 100vw, 900px\" \/><\/a><\/p>\n<p>&nbsp;<\/p>\n<p><span lang=\"IT\" style=\"font-size: 110%; color: #282828;\">El bolardo est\u00e1 equipado con un foco LED orientable de 800 l\u00famenes, para permitir personalizar la luz seg\u00fan el tipo de exterior en el que se colocar\u00e1, dando la posibilidad de jugar con una luz m\u00e1s directa en el suelo o m\u00e1s suave y reflejada en la superficie interior de la pantalla de la l\u00e1mpara.\u00a0<\/span><\/p>\n<p>&nbsp;<\/p>\n<p><!--more--><\/p>\n<p style=\"text-align: center;\"><span style=\"font-size: 110%; color: #282828;\"><em style=\"text-align: center;\">Min\u00f9 won the 2020 Archiproducts Design Awards in Lighting category<\/em><\/span><\/p>\n<h3><img loading=\"lazy\" class=\"aligncenter wp-image-22059\" src=\"https:\/\/ei-design.org\/wp-content\/uploads\/2021\/06\/1-Minu_10.jpg\" alt=\"\" width=\"700\" height=\"608\" srcset=\"https:\/\/ei-design.org\/wp-content\/uploads\/2021\/06\/1-Minu_10.jpg 793w, https:\/\/ei-design.org\/wp-content\/uploads\/2021\/06\/1-Minu_10-460x400.jpg 460w, https:\/\/ei-design.org\/wp-content\/uploads\/2021\/06\/1-Minu_10-768x667.jpg 768w, https:\/\/ei-design.org\/wp-content\/uploads\/2021\/06\/1-Minu_10-14x12.jpg 14w, https:\/\/ei-design.org\/wp-content\/uploads\/2021\/06\/1-Minu_10-600x521.jpg 600w\" sizes=\"(max-width: 700px) 100vw, 700px\" \/><img loading=\"lazy\" class=\"aligncenter wp-image-21043\" src=\"https:\/\/ei-design.org\/wp-content\/uploads\/2021\/06\/06-1-1280x800.jpg\" alt=\"\" width=\"700\" height=\"438\" srcset=\"https:\/\/ei-design.org\/wp-content\/uploads\/2021\/06\/06-1-1280x800.jpg 1280w, https:\/\/ei-design.org\/wp-content\/uploads\/2021\/06\/06-1-1000x625.jpg 1000w, https:\/\/ei-design.org\/wp-content\/uploads\/2021\/06\/06-1-640x400.jpg 640w, https:\/\/ei-design.org\/wp-content\/uploads\/2021\/06\/06-1-768x480.jpg 768w, https:\/\/ei-design.org\/wp-content\/uploads\/2021\/06\/06-1-16x10.jpg 16w, https:\/\/ei-design.org\/wp-content\/uploads\/2021\/06\/06-1.jpg 1440w\" sizes=\"(max-width: 700px) 100vw, 700px\" \/><img loading=\"lazy\" class=\"aligncenter wp-image-21042\" src=\"https:\/\/ei-design.org\/wp-content\/uploads\/2021\/06\/05-1-1280x800.jpg\" alt=\"\" width=\"700\" height=\"438\" srcset=\"https:\/\/ei-design.org\/wp-content\/uploads\/2021\/06\/05-1-1280x800.jpg 1280w, https:\/\/ei-design.org\/wp-content\/uploads\/2021\/06\/05-1-1000x625.jpg 1000w, https:\/\/ei-design.org\/wp-content\/uploads\/2021\/06\/05-1-640x400.jpg 640w, https:\/\/ei-design.org\/wp-content\/uploads\/2021\/06\/05-1-768x480.jpg 768w, https:\/\/ei-design.org\/wp-content\/uploads\/2021\/06\/05-1-16x10.jpg 16w, https:\/\/ei-design.org\/wp-content\/uploads\/2021\/06\/05-1.jpg 1440w\" sizes=\"(max-width: 700px) 100vw, 700px\" \/><\/h3>\n<h3><\/h3>\n<p>&nbsp;<\/p>\n<p>&nbsp;<\/p>","protected":false},"excerpt":{"rendered":"<p style=\"text-align: center;\"><span style=\"color: #282828;\"><strong><span style=\"font-size: 120%;\">Min\u00f9 es un bolardo de exterior que dialoga con la naturaleza<\/span><\/strong><\/span><\/p>\n<p style=\"text-align: center;\">&#8211;<\/p>","protected":false},"featured_media":24219,"template":"","meta":[],"_links":{"self":[{"href":"https:\/\/ei-design.org\/es\/wp-json\/wp\/v2\/product\/21016"}],"collection":[{"href":"https:\/\/ei-design.org\/es\/wp-json\/wp\/v2\/product"}],"about":[{"href":"https:\/\/ei-design.org\/es\/wp-json\/wp\/v2\/types\/product"}],"wp:featuredmedia":[{"embeddable":true,"href":"https:\/\/ei-design.org\/es\/wp-json\/wp\/v2\/media\/24219"}],"wp:attachment":[{"href":"https:\/\/ei-design.org\/es\/wp-json\/wp\/v2\/media?parent=21016"}],"curies":[{"name":"wp","href":"https:\/\/api.w.org\/{rel}","templated":true}]}}