{"id":20240,"date":"2021-06-11T12:30:24","date_gmt":"2021-06-11T10:30:24","guid":{"rendered":"https:\/\/ei-design.org\/es\/?post_type=product&#038;p=20240"},"modified":"2024-08-01T14:09:13","modified_gmt":"2024-08-01T12:09:13","slug":"solar-plastic-project","status":"publish","type":"product","link":"https:\/\/ei-design.org\/es\/product\/solar-plastic-project\/","title":{"rendered":"Solar Plastic Project"},"content":{"rendered":"<p style=\"text-align: left;\"><span style=\"font-size: 110%; color: #333333;\">Este studio \u201cin primis\u201d se presenta como una soluci\u00f3n ambiental sostenible para procesos de industrializaci\u00f3n del consumismo y propone estrategias de residuos alternativos, en \u00faltima instancia, tiene como objetivo alterar y remodelar la conciencia del p\u00fablico.<\/span><\/p>\n<p style=\"text-align: left;\"><span style=\"font-size: 110%; color: #333333;\">Solar Plastic Project is a criticism of the current production system, the exploitation of resources and its serious consequences. In contrast, the line of thought is linked to the development of experimental products based on low-tech manufacturing techniques, applying clean energy and recycled plastic materials as fundamental pillars of the design process.<\/span><\/p>\n<p style=\"text-align: center;\"><!--more--><\/p>\n<h3><img loading=\"lazy\" class=\"wp-image-20239 size-full alignleft\" style=\"font-size: 16px; font-weight: 400;\" src=\"https:\/\/ei-design.org\/wp-content\/uploads\/2021\/05\/SOLARPLASTIC_SESSION-01_IMG014_JorgeVelascoPerez.jpg\" alt=\"\" width=\"1200\" height=\"800\" srcset=\"https:\/\/ei-design.org\/wp-content\/uploads\/2021\/05\/SOLARPLASTIC_SESSION-01_IMG014_JorgeVelascoPerez.jpg 1200w, https:\/\/ei-design.org\/wp-content\/uploads\/2021\/05\/SOLARPLASTIC_SESSION-01_IMG014_JorgeVelascoPerez-1000x667.jpg 1000w, https:\/\/ei-design.org\/wp-content\/uploads\/2021\/05\/SOLARPLASTIC_SESSION-01_IMG014_JorgeVelascoPerez-600x400.jpg 600w, https:\/\/ei-design.org\/wp-content\/uploads\/2021\/05\/SOLARPLASTIC_SESSION-01_IMG014_JorgeVelascoPerez-768x512.jpg 768w, https:\/\/ei-design.org\/wp-content\/uploads\/2021\/05\/SOLARPLASTIC_SESSION-01_IMG014_JorgeVelascoPerez-16x12.jpg 16w\" sizes=\"(max-width: 1200px) 100vw, 1200px\" \/><\/h3>\n<h3><\/h3>\n<h3><\/h3>\n<h3><\/h3>\n<h3><\/h3>\n<h3><\/h3>\n<h3><\/h3>\n<h3><\/h3>\n<h3><\/h3>\n<h3><\/h3>\n<p>&nbsp;<\/p>\n<h3><\/h3>\n<p><!--more--><\/p>\n<p><span style=\"font-size: 110%; color: #333333;\">Solar plastic, es un proyecto que apuesta por la creaci\u00f3n de objetos desde la experimentaci\u00f3n y a partir de m\u00e1quinas rudimentarias, ofreciendo una segunda vida a materiales pl\u00e1sticos. La narrativa de este proyecto se fundamenta en los principios postulados por William Morris, los conceptos vanguardistas del ecodise\u00f1o actual y la utilizaci\u00f3n de un recurso temporal, el Sol.<\/span><\/p>\n<p><span style=\"font-size: 110%; color: #333333;\">La idea consiste en un carro-taller, un espacio equipado con todo lo necesario para desarrollar una pseudo actividad industrial. Un horno solar parab\u00f3lico orientado hacia el sol, permite calentar las part\u00edculas de pl\u00e1stico y posteriormente introducirlas en un molde de metal para crear un objeto artesanal, un asiento con materiales procedentes de desechos.<\/span><\/p>\n<p><span style=\"font-size: 110%; color: #333333;\">El proyecto propone una alternativa a la producci\u00f3n mecanizada, bas\u00e1ndose en herramientas creativas con el objetivo de construir objetos con un alto contenido cr\u00edtico.<\/span><\/p>\n<p><!--more--><\/p>\n<p><img loading=\"lazy\" class=\"aligncenter wp-image-20237 size-full\" src=\"https:\/\/ei-design.org\/wp-content\/uploads\/2021\/05\/SOLARPLASTIC_SESSION-01_IMG012_JorgeVelascoPerez.jpg\" alt=\"\" width=\"1200\" height=\"800\" srcset=\"https:\/\/ei-design.org\/wp-content\/uploads\/2021\/05\/SOLARPLASTIC_SESSION-01_IMG012_JorgeVelascoPerez.jpg 1200w, https:\/\/ei-design.org\/wp-content\/uploads\/2021\/05\/SOLARPLASTIC_SESSION-01_IMG012_JorgeVelascoPerez-1000x667.jpg 1000w, https:\/\/ei-design.org\/wp-content\/uploads\/2021\/05\/SOLARPLASTIC_SESSION-01_IMG012_JorgeVelascoPerez-600x400.jpg 600w, https:\/\/ei-design.org\/wp-content\/uploads\/2021\/05\/SOLARPLASTIC_SESSION-01_IMG012_JorgeVelascoPerez-768x512.jpg 768w, https:\/\/ei-design.org\/wp-content\/uploads\/2021\/05\/SOLARPLASTIC_SESSION-01_IMG012_JorgeVelascoPerez-16x12.jpg 16w\" sizes=\"(max-width: 1200px) 100vw, 1200px\" \/><\/p>\n<p>&nbsp;<\/p>\n<p><img loading=\"lazy\" class=\"aligncenter wp-image-20236 size-full\" src=\"https:\/\/ei-design.org\/wp-content\/uploads\/2021\/05\/SOLARPLASTIC_SESSION-01_IMG011_JorgeVelascoPerez.jpg\" alt=\"\" width=\"1200\" height=\"800\" srcset=\"https:\/\/ei-design.org\/wp-content\/uploads\/2021\/05\/SOLARPLASTIC_SESSION-01_IMG011_JorgeVelascoPerez.jpg 1200w, https:\/\/ei-design.org\/wp-content\/uploads\/2021\/05\/SOLARPLASTIC_SESSION-01_IMG011_JorgeVelascoPerez-1000x667.jpg 1000w, https:\/\/ei-design.org\/wp-content\/uploads\/2021\/05\/SOLARPLASTIC_SESSION-01_IMG011_JorgeVelascoPerez-600x400.jpg 600w, https:\/\/ei-design.org\/wp-content\/uploads\/2021\/05\/SOLARPLASTIC_SESSION-01_IMG011_JorgeVelascoPerez-768x512.jpg 768w, https:\/\/ei-design.org\/wp-content\/uploads\/2021\/05\/SOLARPLASTIC_SESSION-01_IMG011_JorgeVelascoPerez-16x12.jpg 16w\" sizes=\"(max-width: 1200px) 100vw, 1200px\" \/><\/p>\n<p>&nbsp;<\/p>\n<p><img loading=\"lazy\" class=\"aligncenter wp-image-20230 size-full\" src=\"https:\/\/ei-design.org\/wp-content\/uploads\/2021\/05\/SOLARPLASTIC_SESSION-01_IMG005_JorgeVelascoPerez.jpg\" alt=\"\" width=\"1200\" height=\"800\" srcset=\"https:\/\/ei-design.org\/wp-content\/uploads\/2021\/05\/SOLARPLASTIC_SESSION-01_IMG005_JorgeVelascoPerez.jpg 1200w, https:\/\/ei-design.org\/wp-content\/uploads\/2021\/05\/SOLARPLASTIC_SESSION-01_IMG005_JorgeVelascoPerez-1000x667.jpg 1000w, https:\/\/ei-design.org\/wp-content\/uploads\/2021\/05\/SOLARPLASTIC_SESSION-01_IMG005_JorgeVelascoPerez-600x400.jpg 600w, https:\/\/ei-design.org\/wp-content\/uploads\/2021\/05\/SOLARPLASTIC_SESSION-01_IMG005_JorgeVelascoPerez-768x512.jpg 768w, https:\/\/ei-design.org\/wp-content\/uploads\/2021\/05\/SOLARPLASTIC_SESSION-01_IMG005_JorgeVelascoPerez-16x12.jpg 16w\" sizes=\"(max-width: 1200px) 100vw, 1200px\" \/><\/p>\n<p>&nbsp;<\/p>\n<p><img loading=\"lazy\" class=\"aligncenter wp-image-20232 size-full\" src=\"https:\/\/ei-design.org\/wp-content\/uploads\/2021\/05\/SOLARPLASTIC_SESSION-01_IMG007_JorgeVelascoPerez.jpg\" alt=\"\" width=\"1200\" height=\"800\" srcset=\"https:\/\/ei-design.org\/wp-content\/uploads\/2021\/05\/SOLARPLASTIC_SESSION-01_IMG007_JorgeVelascoPerez.jpg 1200w, https:\/\/ei-design.org\/wp-content\/uploads\/2021\/05\/SOLARPLASTIC_SESSION-01_IMG007_JorgeVelascoPerez-1000x667.jpg 1000w, https:\/\/ei-design.org\/wp-content\/uploads\/2021\/05\/SOLARPLASTIC_SESSION-01_IMG007_JorgeVelascoPerez-600x400.jpg 600w, https:\/\/ei-design.org\/wp-content\/uploads\/2021\/05\/SOLARPLASTIC_SESSION-01_IMG007_JorgeVelascoPerez-768x512.jpg 768w, https:\/\/ei-design.org\/wp-content\/uploads\/2021\/05\/SOLARPLASTIC_SESSION-01_IMG007_JorgeVelascoPerez-16x12.jpg 16w\" sizes=\"(max-width: 1200px) 100vw, 1200px\" \/><\/p>\n<p>&nbsp;<\/p>","protected":false},"excerpt":{"rendered":"<p style=\"text-align: center;\"><strong><span style=\"font-size: 120%; color: #333333;\">SOLAR PLASTIC PROYECT (SPP) is an awareness tool designed to offer a whole ecological industrial activity in a mobile workshop<\/span><\/strong><\/p>\n<p style=\"text-align: center;\"><span style=\"color: #ffffff;\">&#8211;<\/span><\/p>\n<p>&nbsp;<\/p>","protected":false},"featured_media":21562,"template":"","meta":[],"_links":{"self":[{"href":"https:\/\/ei-design.org\/es\/wp-json\/wp\/v2\/product\/20240"}],"collection":[{"href":"https:\/\/ei-design.org\/es\/wp-json\/wp\/v2\/product"}],"about":[{"href":"https:\/\/ei-design.org\/es\/wp-json\/wp\/v2\/types\/product"}],"wp:featuredmedia":[{"embeddable":true,"href":"https:\/\/ei-design.org\/es\/wp-json\/wp\/v2\/media\/21562"}],"wp:attachment":[{"href":"https:\/\/ei-design.org\/es\/wp-json\/wp\/v2\/media?parent=20240"}],"curies":[{"name":"wp","href":"https:\/\/api.w.org\/{rel}","templated":true}]}}