{"id":17521,"date":"2021-03-11T15:20:11","date_gmt":"2021-03-11T14:20:11","guid":{"rendered":"http:\/\/ei-design.it\/es\/?post_type=product&#038;p=17521"},"modified":"2024-07-09T17:53:04","modified_gmt":"2024-07-09T15:53:04","slug":"collezione-boleros","status":"publish","type":"product","link":"https:\/\/ei-design.org\/es\/product\/collezione-boleros\/","title":{"rendered":"Chavarriaga Collection 2022"},"content":{"rendered":"<p style=\"text-align: left;\" data-mce-style=\"text-align: left;\"><span style=\"font-size: 12pt;\" data-mce-style=\"font-size: 12pt;\">Nuestro concepto de marca es \u201creinterpretar prendas cl\u00e1sicas dot\u00e1ndolas de identidad y cuidando hasta el m\u00e1s m\u00ednimo detalle\u201d Por ello quisimos darle nuevo aire a las prendas masculinas con detalles setenteros que se mezclan con piezas de vanguardia para crear looks que fusionan lo retro y lo actual.<\/span><\/p>\n<p style=\"text-align: left;\" data-mce-style=\"text-align: left;\"><span style=\"font-size: 12pt;\" data-mce-style=\"font-size: 12pt;\">El color fetiche de nuestra marca es el rosa, que viene personificado en un trench y un traje compuesto por una americana cruzada de 4 botones con cremallera invisible en la manga, pantal\u00f3n ancho de cintura alta el\u00e1stica y con costura en la l\u00ednea de planchado.<\/span><\/p>\n<p><\/p>\n<p><\/p>\n<p style=\"text-align: left;\" data-mce-style=\"text-align: left;\"><img src=\"data:image\/gif;base64,R0lGODlhAQABAIAAAAAAAP\/\/\/yH5BAEAAAAALAAAAAABAAEAAAIBRAA7\" data-wp-more=\"more\" data-wp-more-text=\"\" class=\"wp-more-tag mce-wp-more\" alt=\"\" title=\"Leer m\u00e1s...\" data-mce-resize=\"false\" data-mce-placeholder=\"1\"><\/p>\n<p><img loading=\"lazy\" class=\"aligncenter wp-image-17550 size-full\" src=\"https:\/\/ei-design.org\/wp-content\/uploads\/2021\/03\/foto-1-EIDESIGN-collezione-boleros-chavarriaga.jpg\" alt=\"\" width=\"1680\" height=\"1050\" data-mce-src=\"https:\/\/ei-design.org\/wp-content\/uploads\/2021\/03\/foto-1-EIDESIGN-collezione-boleros-chavarriaga.jpg\" srcset=\"https:\/\/ei-design.org\/wp-content\/uploads\/2021\/03\/foto-1-EIDESIGN-collezione-boleros-chavarriaga.jpg 1680w, https:\/\/ei-design.org\/wp-content\/uploads\/2021\/03\/foto-1-EIDESIGN-collezione-boleros-chavarriaga-1000x625.jpg 1000w, https:\/\/ei-design.org\/wp-content\/uploads\/2021\/03\/foto-1-EIDESIGN-collezione-boleros-chavarriaga-640x400.jpg 640w, https:\/\/ei-design.org\/wp-content\/uploads\/2021\/03\/foto-1-EIDESIGN-collezione-boleros-chavarriaga-1280x800.jpg 1280w, https:\/\/ei-design.org\/wp-content\/uploads\/2021\/03\/foto-1-EIDESIGN-collezione-boleros-chavarriaga-768x480.jpg 768w, https:\/\/ei-design.org\/wp-content\/uploads\/2021\/03\/foto-1-EIDESIGN-collezione-boleros-chavarriaga-1536x960.jpg 1536w, https:\/\/ei-design.org\/wp-content\/uploads\/2021\/03\/foto-1-EIDESIGN-collezione-boleros-chavarriaga-16x10.jpg 16w\" sizes=\"(max-width: 1680px) 100vw, 1680px\" \/><\/p>\n<p><img loading=\"lazy\" class=\"aligncenter wp-image-17551 size-full\" src=\"https:\/\/ei-design.org\/wp-content\/uploads\/2021\/03\/foto-2-EIDESIGN-collezione-boleros-chavarriaga.jpg\" alt=\"\" width=\"1680\" height=\"1050\" data-mce-src=\"https:\/\/ei-design.org\/wp-content\/uploads\/2021\/03\/foto-2-EIDESIGN-collezione-boleros-chavarriaga.jpg\" srcset=\"https:\/\/ei-design.org\/wp-content\/uploads\/2021\/03\/foto-2-EIDESIGN-collezione-boleros-chavarriaga.jpg 1680w, https:\/\/ei-design.org\/wp-content\/uploads\/2021\/03\/foto-2-EIDESIGN-collezione-boleros-chavarriaga-1000x625.jpg 1000w, https:\/\/ei-design.org\/wp-content\/uploads\/2021\/03\/foto-2-EIDESIGN-collezione-boleros-chavarriaga-640x400.jpg 640w, https:\/\/ei-design.org\/wp-content\/uploads\/2021\/03\/foto-2-EIDESIGN-collezione-boleros-chavarriaga-1280x800.jpg 1280w, https:\/\/ei-design.org\/wp-content\/uploads\/2021\/03\/foto-2-EIDESIGN-collezione-boleros-chavarriaga-768x480.jpg 768w, https:\/\/ei-design.org\/wp-content\/uploads\/2021\/03\/foto-2-EIDESIGN-collezione-boleros-chavarriaga-1536x960.jpg 1536w, https:\/\/ei-design.org\/wp-content\/uploads\/2021\/03\/foto-2-EIDESIGN-collezione-boleros-chavarriaga-16x10.jpg 16w\" sizes=\"(max-width: 1680px) 100vw, 1680px\" \/><\/p>\n<p><\/p>\n<p><img loading=\"lazy\" class=\"aligncenter wp-image-17552 size-full\" src=\"https:\/\/ei-design.org\/wp-content\/uploads\/2021\/03\/rosa-1-collezione-boleros-chavarriaga.jpg\" alt=\"\" width=\"1680\" height=\"1050\" data-mce-src=\"https:\/\/ei-design.org\/wp-content\/uploads\/2021\/03\/rosa-1-collezione-boleros-chavarriaga.jpg\" srcset=\"https:\/\/ei-design.org\/wp-content\/uploads\/2021\/03\/rosa-1-collezione-boleros-chavarriaga.jpg 1680w, https:\/\/ei-design.org\/wp-content\/uploads\/2021\/03\/rosa-1-collezione-boleros-chavarriaga-1000x625.jpg 1000w, https:\/\/ei-design.org\/wp-content\/uploads\/2021\/03\/rosa-1-collezione-boleros-chavarriaga-640x400.jpg 640w, https:\/\/ei-design.org\/wp-content\/uploads\/2021\/03\/rosa-1-collezione-boleros-chavarriaga-1280x800.jpg 1280w, https:\/\/ei-design.org\/wp-content\/uploads\/2021\/03\/rosa-1-collezione-boleros-chavarriaga-768x480.jpg 768w, https:\/\/ei-design.org\/wp-content\/uploads\/2021\/03\/rosa-1-collezione-boleros-chavarriaga-1536x960.jpg 1536w, https:\/\/ei-design.org\/wp-content\/uploads\/2021\/03\/rosa-1-collezione-boleros-chavarriaga-16x10.jpg 16w\" sizes=\"(max-width: 1680px) 100vw, 1680px\" \/><\/p>\n<p style=\"text-align: center;\" data-mce-style=\"text-align: center;\"><img src=\"data:image\/gif;base64,R0lGODlhAQABAIAAAAAAAP\/\/\/yH5BAEAAAAALAAAAAABAAEAAAIBRAA7\" data-wp-more=\"more\" data-wp-more-text=\"\" class=\"wp-more-tag mce-wp-more\" alt=\"\" title=\"Leer m\u00e1s...\" data-mce-resize=\"false\" data-mce-placeholder=\"1\"><\/p>\n<p style=\"text-align: center;\" data-mce-style=\"text-align: center;\"><span style=\"font-size: 14pt;\" data-mce-style=\"font-size: 14pt;\">Los estampados retro tambi\u00e9n ocupan un lugar central en la prenda<\/span><br \/><span style=\"font-size: 14pt;\" data-mce-style=\"font-size: 14pt;\">que m\u00e1s caracteriza a la marca: la camisa de manga ragl\u00e1n con botones de presi\u00f3n ocultos.<\/span><\/p>\n<p><img loading=\"lazy\" class=\"aligncenter wp-image-17553 size-full\" src=\"https:\/\/ei-design.org\/wp-content\/uploads\/2021\/03\/estampados-camisas-collezione-boleros-chavarriaga.jpg\" alt=\"\" width=\"1680\" height=\"1050\" data-mce-src=\"https:\/\/ei-design.org\/wp-content\/uploads\/2021\/03\/estampados-camisas-collezione-boleros-chavarriaga.jpg\" srcset=\"https:\/\/ei-design.org\/wp-content\/uploads\/2021\/03\/estampados-camisas-collezione-boleros-chavarriaga.jpg 1680w, https:\/\/ei-design.org\/wp-content\/uploads\/2021\/03\/estampados-camisas-collezione-boleros-chavarriaga-1000x625.jpg 1000w, https:\/\/ei-design.org\/wp-content\/uploads\/2021\/03\/estampados-camisas-collezione-boleros-chavarriaga-640x400.jpg 640w, https:\/\/ei-design.org\/wp-content\/uploads\/2021\/03\/estampados-camisas-collezione-boleros-chavarriaga-1280x800.jpg 1280w, https:\/\/ei-design.org\/wp-content\/uploads\/2021\/03\/estampados-camisas-collezione-boleros-chavarriaga-768x480.jpg 768w, https:\/\/ei-design.org\/wp-content\/uploads\/2021\/03\/estampados-camisas-collezione-boleros-chavarriaga-1536x960.jpg 1536w, https:\/\/ei-design.org\/wp-content\/uploads\/2021\/03\/estampados-camisas-collezione-boleros-chavarriaga-16x10.jpg 16w\" sizes=\"(max-width: 1680px) 100vw, 1680px\" \/> <img loading=\"lazy\" class=\"aligncenter wp-image-17554 size-full\" src=\"https:\/\/ei-design.org\/wp-content\/uploads\/2021\/03\/estampados-collezione-boleros-chavarriaga.jpg\" alt=\"\" width=\"1680\" height=\"1050\" data-mce-src=\"https:\/\/ei-design.org\/wp-content\/uploads\/2021\/03\/estampados-collezione-boleros-chavarriaga.jpg\" srcset=\"https:\/\/ei-design.org\/wp-content\/uploads\/2021\/03\/estampados-collezione-boleros-chavarriaga.jpg 1680w, https:\/\/ei-design.org\/wp-content\/uploads\/2021\/03\/estampados-collezione-boleros-chavarriaga-1000x625.jpg 1000w, https:\/\/ei-design.org\/wp-content\/uploads\/2021\/03\/estampados-collezione-boleros-chavarriaga-640x400.jpg 640w, https:\/\/ei-design.org\/wp-content\/uploads\/2021\/03\/estampados-collezione-boleros-chavarriaga-1280x800.jpg 1280w, https:\/\/ei-design.org\/wp-content\/uploads\/2021\/03\/estampados-collezione-boleros-chavarriaga-768x480.jpg 768w, https:\/\/ei-design.org\/wp-content\/uploads\/2021\/03\/estampados-collezione-boleros-chavarriaga-1536x960.jpg 1536w, https:\/\/ei-design.org\/wp-content\/uploads\/2021\/03\/estampados-collezione-boleros-chavarriaga-16x10.jpg 16w\" sizes=\"(max-width: 1680px) 100vw, 1680px\" \/><\/p>\n<p style=\"text-align: center;\" data-mce-style=\"text-align: center;\"><img src=\"data:image\/gif;base64,R0lGODlhAQABAIAAAAAAAP\/\/\/yH5BAEAAAAALAAAAAABAAEAAAIBRAA7\" data-wp-more=\"more\" data-wp-more-text=\"\" class=\"wp-more-tag mce-wp-more\" alt=\"\" title=\"Leer m\u00e1s...\" data-mce-resize=\"false\" data-mce-placeholder=\"1\"><\/p>\n<p style=\"text-align: center;\" data-mce-style=\"text-align: center;\"><span lang=\"IT\" style=\"font-size: 14pt;\" data-mce-style=\"font-size: 14pt;\">No puede faltar un poco de animal print en chaqueta tipo denim y americana de un solo bot\u00f3n.<br \/>print in a denim jacket and one-button blazer.<\/span><\/p>\n<p><img src=\"data:image\/gif;base64,R0lGODlhAQABAIAAAAAAAP\/\/\/yH5BAEAAAAALAAAAAABAAEAAAIBRAA7\" data-wp-more=\"more\" data-wp-more-text=\"\" class=\"wp-more-tag mce-wp-more\" alt=\"\" title=\"Leer m\u00e1s...\" data-mce-resize=\"false\" data-mce-placeholder=\"1\"><\/p>\n<p><img loading=\"lazy\" class=\"aligncenter wp-image-17555 size-full\" src=\"https:\/\/ei-design.org\/wp-content\/uploads\/2021\/03\/animal-print-collezione-boleros-chavarriaga.jpg\" alt=\"\" width=\"1680\" height=\"1050\" data-mce-src=\"https:\/\/ei-design.org\/wp-content\/uploads\/2021\/03\/animal-print-collezione-boleros-chavarriaga.jpg\" srcset=\"https:\/\/ei-design.org\/wp-content\/uploads\/2021\/03\/animal-print-collezione-boleros-chavarriaga.jpg 1680w, https:\/\/ei-design.org\/wp-content\/uploads\/2021\/03\/animal-print-collezione-boleros-chavarriaga-1000x625.jpg 1000w, https:\/\/ei-design.org\/wp-content\/uploads\/2021\/03\/animal-print-collezione-boleros-chavarriaga-640x400.jpg 640w, https:\/\/ei-design.org\/wp-content\/uploads\/2021\/03\/animal-print-collezione-boleros-chavarriaga-1280x800.jpg 1280w, https:\/\/ei-design.org\/wp-content\/uploads\/2021\/03\/animal-print-collezione-boleros-chavarriaga-768x480.jpg 768w, https:\/\/ei-design.org\/wp-content\/uploads\/2021\/03\/animal-print-collezione-boleros-chavarriaga-1536x960.jpg 1536w, https:\/\/ei-design.org\/wp-content\/uploads\/2021\/03\/animal-print-collezione-boleros-chavarriaga-16x10.jpg 16w\" sizes=\"(max-width: 1680px) 100vw, 1680px\" \/><\/p>\n<h3><\/h3>\n<p><img src=\"data:image\/gif;base64,R0lGODlhAQABAIAAAAAAAP\/\/\/yH5BAEAAAAALAAAAAABAAEAAAIBRAA7\" data-wp-more=\"more\" data-wp-more-text=\"\" class=\"wp-more-tag mce-wp-more\" alt=\"\" title=\"Leer m\u00e1s...\" data-mce-resize=\"false\" data-mce-placeholder=\"1\"><\/p>\n<p style=\"text-align: center;\" data-mce-style=\"text-align: center;\"><span style=\"font-size: 14pt;\" data-mce-style=\"font-size: 14pt;\"><span lang=\"IT\">Los complementos no se quedan<br \/>atr\u00e1s con el gorro tipo pescador reversible en negro y cebra plastificada, un docker hat, bandanas con estampado retro y animal print. Y maxi bufandas de lana hechas a mano de 2 metros y medio de largo <\/span>.<\/span><\/p>\n<p style=\"text-align: center;\" data-mce-style=\"text-align: center;\"><img src=\"data:image\/gif;base64,R0lGODlhAQABAIAAAAAAAP\/\/\/yH5BAEAAAAALAAAAAABAAEAAAIBRAA7\" data-wp-more=\"more\" data-wp-more-text=\"\" class=\"wp-more-tag mce-wp-more\" alt=\"\" title=\"Leer m\u00e1s...\" data-mce-resize=\"false\" data-mce-placeholder=\"1\"><\/p>\n<p><\/p>\n<p><img loading=\"lazy\" class=\"aligncenter wp-image-17556 size-large\" src=\"https:\/\/ei-design.org\/wp-content\/uploads\/2021\/03\/IMG_4CEA3442B988-1-533x800.jpeg\" alt=\"\" width=\"533\" height=\"800\" data-mce-src=\"https:\/\/ei-design.org\/wp-content\/uploads\/2021\/03\/IMG_4CEA3442B988-1-533x800.jpeg\" srcset=\"https:\/\/ei-design.org\/wp-content\/uploads\/2021\/03\/IMG_4CEA3442B988-1-533x800.jpeg 533w, https:\/\/ei-design.org\/wp-content\/uploads\/2021\/03\/IMG_4CEA3442B988-1-scaled-1000x1500.jpeg 1000w, https:\/\/ei-design.org\/wp-content\/uploads\/2021\/03\/IMG_4CEA3442B988-1-267x400.jpeg 267w, https:\/\/ei-design.org\/wp-content\/uploads\/2021\/03\/IMG_4CEA3442B988-1-768x1152.jpeg 768w, https:\/\/ei-design.org\/wp-content\/uploads\/2021\/03\/IMG_4CEA3442B988-1-1024x1536.jpeg 1024w, https:\/\/ei-design.org\/wp-content\/uploads\/2021\/03\/IMG_4CEA3442B988-1-1365x2048.jpeg 1365w, https:\/\/ei-design.org\/wp-content\/uploads\/2021\/03\/IMG_4CEA3442B988-1-8x12.jpeg 8w, https:\/\/ei-design.org\/wp-content\/uploads\/2021\/03\/IMG_4CEA3442B988-1-scaled.jpeg 1707w\" sizes=\"(max-width: 533px) 100vw, 533px\" \/><\/p>\n<p><\/p>\n<p><img src=\"data:image\/gif;base64,R0lGODlhAQABAIAAAAAAAP\/\/\/yH5BAEAAAAALAAAAAABAAEAAAIBRAA7\" data-wp-more=\"more\" data-wp-more-text=\"\" class=\"wp-more-tag mce-wp-more\" alt=\"\" title=\"Leer m\u00e1s...\" data-mce-resize=\"false\" data-mce-placeholder=\"1\"><\/p>\n<p style=\"text-align: center;\" data-mce-style=\"text-align: center;\"><span style=\"font-size: 14pt;\" data-mce-style=\"font-size: 14pt;\">La presentaci\u00f3n del lookbook simula un disco de vinilo.<\/span><br \/><span style=\"font-size: 14pt;\" data-mce-style=\"font-size: 14pt;\">Cada look est\u00e1 inspirado en las canciones de un g\u00e9nero especial<\/span><br \/><span style=\"font-size: 14pt;\" data-mce-style=\"font-size: 14pt;\">que llevo escuchando desde peque\u00f1o, los boleros.<\/span><br \/><span style=\"font-size: 14pt;\" data-mce-style=\"font-size: 14pt;\">El bolero es un g\u00e9nero rom\u00e1ntico que me ha robado el coraz\u00f3n y \u00e8sta es una selecci\u00f3n de algunas de las canciones m\u00e1s emblem\u00e1ticas<\/span><br \/><span style=\"font-size: 14pt;\" data-mce-style=\"font-size: 14pt;\">que me han marcado en alg\u00fan momento de mi vida.<\/span><\/p>\n<p><img src=\"data:image\/gif;base64,R0lGODlhAQABAIAAAAAAAP\/\/\/yH5BAEAAAAALAAAAAABAAEAAAIBRAA7\" data-wp-more=\"more\" data-wp-more-text=\"\" class=\"wp-more-tag mce-wp-more\" alt=\"\" title=\"Leer m\u00e1s...\" data-mce-resize=\"false\" data-mce-placeholder=\"1\"><\/p>\n<p><\/p>\n<p style=\"text-align: center;\" data-mce-style=\"text-align: center;\"><a href=\"http:\/\/ei-design.it\/wp-content\/uploads\/2021\/03\/EIDESIGN-collezione-boleros-chavarriaga.gif\" data-mce-href=\"http:\/\/ei-design.it\/wp-content\/uploads\/2021\/03\/EIDESIGN-collezione-boleros-chavarriaga.gif\"><img loading=\"lazy\" class=\"aligncenter wp-image-17559 size-large\" src=\"https:\/\/ei-design.org\/wp-content\/uploads\/2021\/03\/EIDESIGN-collezione-boleros-chavarriaga-800x800.gif\" alt=\"\" width=\"800\" height=\"800\" data-mce-src=\"https:\/\/ei-design.org\/wp-content\/uploads\/2021\/03\/EIDESIGN-collezione-boleros-chavarriaga-800x800.gif\" srcset=\"https:\/\/ei-design.org\/wp-content\/uploads\/2021\/03\/EIDESIGN-collezione-boleros-chavarriaga-800x800.gif 800w, https:\/\/ei-design.org\/wp-content\/uploads\/2021\/03\/EIDESIGN-collezione-boleros-chavarriaga-700x700.gif 700w, https:\/\/ei-design.org\/wp-content\/uploads\/2021\/03\/EIDESIGN-collezione-boleros-chavarriaga-100x100.gif 100w, https:\/\/ei-design.org\/wp-content\/uploads\/2021\/03\/EIDESIGN-collezione-boleros-chavarriaga-1000x1000.gif 1000w, https:\/\/ei-design.org\/wp-content\/uploads\/2021\/03\/EIDESIGN-collezione-boleros-chavarriaga-400x400.gif 400w, https:\/\/ei-design.org\/wp-content\/uploads\/2021\/03\/EIDESIGN-collezione-boleros-chavarriaga-280x280.gif 280w, https:\/\/ei-design.org\/wp-content\/uploads\/2021\/03\/EIDESIGN-collezione-boleros-chavarriaga-768x768.gif 768w, https:\/\/ei-design.org\/wp-content\/uploads\/2021\/03\/EIDESIGN-collezione-boleros-chavarriaga-12x12.gif 12w\" sizes=\"(max-width: 800px) 100vw, 800px\" \/><\/a><br data-mce-bogus=\"1\"><\/p>\n<p style=\"text-align: center;\" data-mce-style=\"text-align: center;\"><\/p>\n<p><\/p>\n<p><\/p>\n<p><\/p>","protected":false},"excerpt":{"rendered":"<h4 style=\"text-align: center;\" data-mce-style=\"text-align: center;\"><span style=\"font-size: 14pt;\" data-mce-style=\"font-size: 14pt;\">\u201cColecci\u00f3n Boleros\" inspirado en los <em>boleros<\/em>, un cl\u00e1sico de la m\u00fasica latina y una de las d\u00e9cadas m\u00e1s prol\u00edficas en cuanto a estilo; los a\u00f1os 70<\/span><\/h4>\n<p style=\"text-align: center;\" data-mce-style=\"text-align: center;\">&#8211;<\/p>","protected":false},"featured_media":23161,"template":"","meta":[],"_links":{"self":[{"href":"https:\/\/ei-design.org\/es\/wp-json\/wp\/v2\/product\/17521"}],"collection":[{"href":"https:\/\/ei-design.org\/es\/wp-json\/wp\/v2\/product"}],"about":[{"href":"https:\/\/ei-design.org\/es\/wp-json\/wp\/v2\/types\/product"}],"wp:featuredmedia":[{"embeddable":true,"href":"https:\/\/ei-design.org\/es\/wp-json\/wp\/v2\/media\/23161"}],"wp:attachment":[{"href":"https:\/\/ei-design.org\/es\/wp-json\/wp\/v2\/media?parent=17521"}],"curies":[{"name":"wp","href":"https:\/\/api.w.org\/{rel}","templated":true}]}}