{"id":3,"date":"2020-10-14T09:57:53","date_gmt":"2020-10-14T07:57:53","guid":{"rendered":"http:\/\/ei-design.it\/?page_id=3"},"modified":"2021-12-17T09:55:46","modified_gmt":"2021-12-17T08:55:46","slug":"privacy-policy","status":"publish","type":"page","link":"https:\/\/ei-design.org\/es\/privacy-policy\/","title":{"rendered":"Privacy Policy"},"content":{"rendered":"<div class=\"row\"  id=\"row-1480333785\">\n\n\n\t<div id=\"col-1967014429\" class=\"col small-12 large-12\"  >\n\t\t<div class=\"col-inner\"  >\n\t\t\t\n\t\t\t\n\n<div class=\"row\"  id=\"row-1668991379\">\n\n\n\t<div id=\"col-777127433\" class=\"col small-12 large-12\"  >\n\t\t<div class=\"col-inner\" style=\"background-color:rgba(0, 103, 255, 0.17);border-radius:20px;\" >\n\t\t\t\n\t\t\t\n\n<h2>&nbsp;<\/h2>\n<h3 style=\"text-align: center;\"><strong>Informaci\u00f3n sobre el tratamiento de datos personales<\/strong><\/h3>\n<p style=\"text-align: center;\"><span style=\"font-size: 95%;\"><strong>(<em>antiguo<\/em> Art\u00edculos 13 y 14, Reglamento UE 2016\/679)<\/strong><\/span><\/p>\n\n\t\t<\/div>\n\t\t\n<style>\n#col-777127433 > .col-inner {\n  padding: 0px 0px 16px 0px;\n  margin: -7px 0px -1px -1px;\n}\n<\/style>\n\t<\/div>\n\n\t\n\n<\/div>\n<h4>\u00a0<\/h4>\n<ol>\n<li>\n<h4><span style=\"font-size: 100%;\"><strong>\u00a0Pr\u00f3logo<\/strong><\/span><\/h4>\n<\/li>\n<\/ol>\n<p>Reglamento de la UE 2016\/679 sobre \"<em>la protecci\u00f3n de las personas en lo que respecta al tratamiento de datos personales y a la libre circulaci\u00f3n de dichos datos<\/em>\" (en adelante \"Reglamento UE 2016\/679\" o \"RGPD\") contiene un conjunto de normas destinadas a garantizar que el tratamiento de los datos personales se realice de conformidad con los derechos y libertades fundamentales de las personas.<\/p>\n<p>Tras la consulta de este sitio web (en adelante, \"Web\"), pueden tratarse datos relativos a personas identificadas o identificables.<\/p>\n<ol start=\"2\">\n<li>\n<h4><span style=\"color: #333333;\"><strong> Controlador de datos personales<\/strong><\/span><\/h4>\n<\/li>\n<\/ol>\n<p>De conformidad con los art\u00edculos 13 y 14 del RGPD, se proporciona la siguiente informaci\u00f3n sobre el tratamiento de los datos personales de los interesados.<\/p>\n<p>El responsable del tratamiento es Nelly Dominguez De Juan, P.I. 02525290181- C.F. DMNNLY74A69Z131B residente en Via Certosa 1\/G, 27100 San Genesio ed Uniti, Italia, en adelante tambi\u00e9n s\u00f3lo el \"Responsable del tratamiento\").<\/p>\n<p>Los datos de contacto son los siguientes:<\/p>\n<p>Tel\u00e9fono: +39 320 3353099<\/p>\n<p>Correo electr\u00f3nico: info@ei-design.org<\/p>\n<ol start=\"3\">\n<li>\n<h4><span style=\"color: #333333;\"><strong> Categor\u00edas de datos personales y fuente de datos<\/strong><\/span><\/h4>\n<\/li>\n<\/ol>\n<p>Los datos personales pueden ser proporcionados libremente por el Usuario o, en el caso de los datos de navegaci\u00f3n, recogidos autom\u00e1ticamente durante la navegaci\u00f3n por la Web.<\/p>\n<p><strong>Datos de navegaci\u00f3n proporcionados por el ordenador del usuario<\/strong><\/p>\n<p>Al conectarse a la Web, los sistemas y procedimientos inform\u00e1ticos <em>software <\/em>que se encargan de su funcionamiento, administran y\/o adquieren de forma autom\u00e1tica e indirecta determinada informaci\u00f3n (como, a modo de ejemplo, el denominado \"<em>cookies<\/em>\" como se especifica en el \"<em>Pol\u00edtica de cookies<\/em>\"). El tratamiento de estos datos es necesario para garantizar la mejor experiencia de navegaci\u00f3n del Usuario y proporcionarle todas las funciones y servicios disponibles en la Web. No obstante, es posible limitar el tratamiento de estos datos personales mediante el uso de ciertas caracter\u00edsticas puestas a disposici\u00f3n por la Web (con referencia, en particular, a la transmisi\u00f3n de <em>cookies<\/em> o instrumentos similares, consulte la secci\u00f3n \"<em>Pol\u00edtica de cookies<\/em>\" de la Web) o por su dispositivo o navegador\/aplicaci\u00f3n. En este caso, la navegaci\u00f3n en la Web puede ser limitada y algunas de sus funciones\/servicios pueden ser inaccesibles.<\/p>\n<p><strong>Datos proporcionados voluntariamente por el visitante.<\/strong><\/p>\n<p>Las solicitudes de contacto y\/o informaci\u00f3n remitidas por los Interesados a trav\u00e9s de los canales de correo electr\u00f3nico y\/o telef\u00f3nico presentes en la Web y puestos a disposici\u00f3n por el Titular, implicar\u00e1n la recogida y posterior tratamiento de los datos personales de los solicitantes (a modo de ejemplo, la direcci\u00f3n de correo electr\u00f3nico y otros datos personales contenidos en el mensaje de correo electr\u00f3nico o facilitados libremente por tel\u00e9fono).<\/p>\n<p>Adem\u00e1s, el Responsable del Tratamiento tratar\u00e1 los datos de identificaci\u00f3n y contacto de los Interesados que hayan solicitado la creaci\u00f3n de su propio <em>cuenta<\/em> el acceso personal al \u00e1rea reservada (\"LOG IN\") s\u00f3lo se permite a los sujetos registrados.<\/p>\n<p>Los datos personales tratados por <strong><em>eiDesign <\/em><\/strong>normalmente se recogen directamente del interesado y son facilitados gratuitamente por \u00e9ste.<\/p>\n<p>El tratamiento de los datos personales se realizar\u00e1 de acuerdo con las finalidades indicadas a continuaci\u00f3n y se basar\u00e1 en los principios de correcci\u00f3n, legalidad, transparencia y protecci\u00f3n de la confidencialidad y los derechos del interesado.<\/p>\n<ol start=\"4\">\n<li>\n<h4><span style=\"color: #333333;\"><strong> Finalidad del tratamiento y base jur\u00eddica<\/strong><\/span><\/h4>\n<\/li>\n<\/ol>\n<p>Los datos recogidos ser\u00e1n tratados para los siguientes fines:<\/p>\n<ol>\n<li>a) responder a las solicitudes de informaci\u00f3n del interesado mediante el env\u00edo de correos electr\u00f3nicos a la direcci\u00f3n electr\u00f3nica y, m\u00e1s generalmente, a los canales de contacto indicados en la Web;<\/li>\n<li>b) permitir el registro del interesado en el \u00e1rea del Sitio (\"LOG IN\") y el uso adecuado de contenidos espec\u00edficos en l\u00ednea accesibles s\u00f3lo a los sujetos registrados, mediante la creaci\u00f3n y posterior gesti\u00f3n t\u00e9cnica y administrativa de la cuenta personal del interesado;<\/li>\n<li>c) enviar newsletter, material publicitario y\/o comunicaciones de car\u00e1cter comercial sobre nuevos productos y\/o servicios ofrecidos por el Propietario. Esto puede hacerse tanto a trav\u00e9s de los sistemas de contacto tradicionales (correo en papel o llamadas a trav\u00e9s de un operador telef\u00f3nico) como a trav\u00e9s de sistemas automatizados de comunicaci\u00f3n de llamadas o llamadas sin la intervenci\u00f3n de un operador y\/o a trav\u00e9s de comunicaciones electr\u00f3nicas (correo electr\u00f3nico; mensajes tipo SMS - <em>Servicio de mensajes cortos<\/em>MMS, etc.);<\/li>\n<li>d) cumplir con las obligaciones previstas en las leyes y reglamentos a los que est\u00e1 sujeto el Controlador de Datos y\/o ejecutar \u00f3rdenes de Autoridades leg\u00edtimamente facultadas para ello.<\/li>\n<li>e) hacer valer sus derechos e intereses en procedimientos judiciales y\/o administrativos.<\/li>\n<\/ol>\n<p>Asimismo, el Responsable del Tratamiento podr\u00e1 enviar comunicaciones comerciales destinadas a la promoci\u00f3n y\/o venta directa de productos o servicios similares a los ya adquiridos o utilizados por el interesado, utilizando las direcciones de correo electr\u00f3nico indicadas en dichas ocasiones (denominadas \" \").<em>spam suave<\/em>\"), sin perjuicio del derecho del Interesado a oponerse en cualquier momento con las modalidades informadas al pie de la comunicaci\u00f3n o en las direcciones indicadas en el siguiente par. 11, para el ejercicio de los derechos previstos en los art\u00edculos 15 y siguientes del Reglamento UE 2016\/679.<\/p>\n<p><strong>La base legal para el tratamiento es:<\/strong><\/p>\n<p>- para los fines establecidos<em> sub<\/em> (a), por el inter\u00e9s leg\u00edtimo del Responsable del Tratamiento para responder a las solicitudes de contacto o de informaci\u00f3n recibidas (art. 6, ap. 1, let. (f) Reglamento UE 2016\/679);<\/p>\n<p>- para el prop\u00f3sito <em>sub<\/em> b), de la correcta y oportuna ejecuci\u00f3n del contrato en el que el Interesado es parte o a la ejecuci\u00f3n de las medidas precontractuales adoptadas a petici\u00f3n del mismo (art. 6, ap. 1, let. b) Reg. UE 2016\/679);<\/p>\n<p>- para los fines establecidos <em>sub<\/em> c) por el libre consentimiento expresado por el Titular de los datos (art. 6, p\u00e1rr. 1, letra A) Reglamento UE 2016\/679);<\/p>\n<p>- para el prop\u00f3sito <em>sub<\/em> f), del cumplimiento de una obligaci\u00f3n legal (art. 6, ap. 1, let. c) Reg. UE 2016\/679).<\/p>\n<p>- para los fines establecidos<em> sub<\/em> e), por el inter\u00e9s leg\u00edtimo del Propietario de proveer a la defensa de sus derechos e intereses.<\/p>\n<p>La cesi\u00f3n de los datos y su comunicaci\u00f3n a las categor\u00edas de sujetos indicadas en el apartado 7 no es obligatoria, pero cualquier negativa del interesado a facilitar sus datos supondr\u00e1 la imposibilidad objetiva de <strong><em>eiDesign<\/em><\/strong> para atender las solicitudes de contacto y\/o informaci\u00f3n recibidas, as\u00ed como para poder cumplir correctamente sus obligaciones legales y contractuales. Por el contrario, se entiende que la negativa del interesado a prestar su consentimiento para el tratamiento de los datos personales para los que <em>sub<\/em> c), s\u00f3lo imposibilitar\u00e1 al responsable del tratamiento de los datos la consecuci\u00f3n de los fines indicados en el mismo.<\/p>\n<ol start=\"5\">\n<li>\n<h4><span style=\"color: #333333;\"><strong> Modos de tratamiento<\/strong><\/span><\/h4>\n<\/li>\n<\/ol>\n<p>El tratamiento de los datos personales se realiza con instrumentos manuales, inform\u00e1ticos y telem\u00e1ticos con una l\u00f3gica estrictamente relacionada con las finalidades indicadas en el presente documento y, en cualquier caso, de forma que se garantice la seguridad y confidencialidad de los datos de acuerdo con la normativa vigente.<\/p>\n<p>En el caso del tratamiento realizado mediante m\u00e9todos electr\u00f3nicos y otros m\u00e9todos de tratamiento, as\u00ed como mediante sistemas de gesti\u00f3n y <em>almacenamiento<\/em> incluso con<em> hardware <\/em>e <em>software<\/em> de vanguardia, <strong><em>eiDesign<\/em><\/strong> puede utilizar empresas de servicios de terceros que ser\u00e1n informadas de sus responsabilidades con la notificaci\u00f3n del nombramiento como Procesador de Datos de acuerdo con el art\u00edculo 28 del GDPR.<\/p>\n<ol start=\"6\">\n<li>\n<h4><span style=\"color: #333333;\"><strong> Per\u00edodo de conservaci\u00f3n de los datos<\/strong><\/span><\/h4>\n<\/li>\n<\/ol>\n<p>Los datos recogidos se conservar\u00e1n durante un periodo de tiempo no superior a la consecuci\u00f3n de los fines para los que se tratan (\"principio de limitaci\u00f3n de la conservaci\u00f3n\", art. 5 del RGPD), salvo en los casos de cumplimiento de una obligaci\u00f3n legal o de una orden de una autoridad. La verificaci\u00f3n de la obsolescencia de los datos conservados en relaci\u00f3n con los fines para los que fueron recogidos se realiza peri\u00f3dicamente. Al final del per\u00edodo de conservaci\u00f3n, los datos personales se eliminar\u00e1n, destruir\u00e1n o har\u00e1n an\u00f3nimos, sin perjuicio de los per\u00edodos de conservaci\u00f3n previstos por la ley. Por lo tanto, una vez transcurrido este plazo, ya no se podr\u00e1 ejercer el derecho de acceso, cancelaci\u00f3n, rectificaci\u00f3n y el derecho a la portabilidad de los datos.<\/p>\n<ol start=\"7\">\n<li>\n<h4><span style=\"color: #333333;\"><strong> Categor\u00edas de sujetos a los que se pueden comunicar los datos<\/strong><\/span><\/h4>\n<\/li>\n<\/ol>\n<p>En algunos casos, la ejecuci\u00f3n de todas las actividades vinculadas y\/o instrumentales a la gesti\u00f3n de las solicitudes implica por <strong><em>eiDesign<\/em><\/strong> la comunicaci\u00f3n de los datos personales de los interesados:<\/p>\n<p>- empleados y\/o colaboradores del Titular como personas autorizadas para el tratamiento de datos y\/o administradores del sistema;<\/p>\n<p>- a los sujetos cuyo derecho de acceso est\u00e1 reconocido por la ley;<\/p>\n<p>- a empresas o terceros que realicen actividades para el Propietario estrictamente relacionadas o instrumentales para el funcionamiento del Sitio, como la empresa que gestiona los datos personales de los usuarios y la gesti\u00f3n de los sistemas inform\u00e1ticos en los que se almacenan. Los datos personales facilitados por los usuarios que presentan solicitudes se utilizan \u00fanicamente para realizar el servicio o la prestaci\u00f3n solicitada y se comunican a terceros s\u00f3lo cuando es necesario para ese fin. Fuera de estos casos, los datos personales no se comunicar\u00e1n a menos que lo exija un contrato o la ley o que se solicite el consentimiento espec\u00edfico del interesado. En este sentido, los datos personales podr\u00e1n ser transmitidos a terceros pero \u00fanica y exclusivamente en el caso en que a) exista el consentimiento expl\u00edcito del interesado para compartir los datos con terceros; b) exista la necesidad de compartir informaci\u00f3n con terceros para prestar el servicio solicitado c) sea necesario para cumplir con requerimientos de autoridades judiciales o de seguridad p\u00fablica.<\/p>\n<p>Los sujetos pertenecientes a las categor\u00edas a las que se pueden comunicar los datos llevar\u00e1n a cabo el tratamiento de los mismos y los utilizar\u00e1n, seg\u00fan los casos, en calidad de Encargados del Tratamiento expresamente designados por el Responsable del Tratamiento de acuerdo con la ley o, m\u00e1s bien, en calidad de responsables independientes del tratamiento.<\/p>\n<p>El Propietario designa como personas autorizadas a todos los empleados tambi\u00e9n <em>pro tempore<\/em>y colaboradores, incluso ocasionales, que realicen tareas que impliquen el tratamiento de datos personales.<\/p>\n<p>La lista actualizada de procesadores de datos se mantiene en el domicilio social del responsable del tratamiento.<\/p>\n<ol start=\"8\">\n<li>\n<h4><span style=\"color: #333333;\"><strong> Lugar de tratamiento<\/strong><\/span><\/h4>\n<\/li>\n<\/ol>\n<p>Los datos ser\u00e1n tratados por el responsable del tratamiento en su domicilio.<\/p>\n<ol start=\"9\">\n<li><strong> Transferencia de datos personales fuera de la UE<\/strong><\/li>\n<\/ol>\n<p>Por cuestiones de \u00edndole t\u00e9cnica y\/u operativa, los datos personales de los interesados podr\u00e1n ser transferidos desde <strong><em>eiDesign<\/em><\/strong> en pa\u00edses no pertenecientes a la UE, como en el caso de <em>almacenamiento en la nube<\/em> con <em>servidor <\/em>situado fuera del territorio de la Uni\u00f3n Europea.<\/p>\n<p>En este caso, el responsable del tratamiento asegura desde ahora que la transferencia de datos fuera de la UE se regular\u00e1 de acuerdo con las disposiciones del cap\u00edtulo V del Reglamento y se autorizar\u00e1 sobre la base de decisiones espec\u00edficas de la Uni\u00f3n Europea. Por lo tanto, se tomar\u00e1n todas las precauciones necesarias para garantizar la total protecci\u00f3n de los datos personales basando dicha transferencia: a) en las decisiones de adecuaci\u00f3n de los terceros pa\u00edses receptores expresadas por la Comisi\u00f3n Europea; b) en las garant\u00edas adecuadas ofrecidas por el tercero receptor en virtud del art. 46 del Reglamento; c) en la adopci\u00f3n de normas corporativas vinculantes.<\/p>\n<ol start=\"10\">\n<li>\n<h4><span style=\"color: #333333;\"><strong> Derechos de los interesados<\/strong><\/span><\/h4>\n<\/li>\n<\/ol>\n<p>El interesado tiene derecho a preguntar al responsable del tratamiento:<\/p>\n<p>- acceso a los datos;<\/p>\n<p>- la portabilidad de los datos;<\/p>\n<p>- oposici\u00f3n al tratamiento;<\/p>\n<p>- la rectificaci\u00f3n de datos, la limitaci\u00f3n del tratamiento de datos, la cancelaci\u00f3n (olvido) de datos;<\/p>\n<p>as\u00ed como:<\/p>\n<p>- revocar el consentimiento para el tratamiento de sus datos personales;<\/p>\n<p>- Proponer una reclamaci\u00f3n a la Autoridad de Control (Garante de la Privacidad).<\/p>\n<ol start=\"11\">\n<li>\n<h4><span style=\"color: #333333;\"><strong> C\u00f3mo ejercer sus derechos<\/strong><\/span><\/h4>\n<\/li>\n<\/ol>\n<p>El interesado podr\u00e1 ejercitar en cualquier momento los derechos que se le atribuyen enviando una carta certificada con acuse de recibo a Nelly Dom\u00ednguez De Juan, con domicilio en Via Certosa 1\/G, 27100 San Genesio ed Uniti, Italia o un correo electr\u00f3nico a la direcci\u00f3n: info@ei-design.org<\/p>\n<ol start=\"12\">\n<li>\n<h4><span style=\"color: #333333;\"><strong> Menores<\/strong><\/span><\/h4>\n<\/li>\n<\/ol>\n<p>Los menores de 18 a\u00f1os no deben proporcionar informaci\u00f3n o Datos Personales a <strong><em>eiDesign<\/em><\/strong> en ausencia del consentimiento de quienes ejercen la patria potestad sobre ellos. En ausencia de dicho consentimiento, no ser\u00e1 posible dar respuesta a las solicitudes del menor.<\/p>\n<p><strong><em>eiDesign<\/em><\/strong> invita a todas aquellas personas que ejerzan la patria potestad sobre los menores a informarles sobre el uso seguro y responsable de Internet y la Web.<\/p>\n<ol start=\"13\">\n<li>\n<h4><span style=\"color: #333333;\"><strong> Modificaciones:<\/strong><\/span><\/h4>\n<\/li>\n<\/ol>\n<p>El responsable del tratamiento se reserva el derecho de modificar esta nota informativa en cualquier momento, informando a los interesados en el sitio. Por ello, le rogamos que consulte peri\u00f3dicamente esta \"Secci\u00f3n\", tomando como referencia la fecha de la \u00faltima modificaci\u00f3n indicada. Si no acepta los cambios introducidos en esta Pol\u00edtica, deber\u00e1 notificarlo al Responsable del Tratamiento y podr\u00e1 solicitar la eliminaci\u00f3n de sus Datos Personales. Salvo que se especifique lo contrario, la Pol\u00edtica anterior seguir\u00e1 aplic\u00e1ndose a los Datos Personales recogidos hasta ese momento.<\/p>\n<p><em><span style=\"font-size: 90%;\">\u00daltima fecha de modificaci\u00f3n: abril de 2021<\/span><\/em><\/p>\n<p lang=\"it-IT\" align=\"JUSTIFY\">\u00a0<\/p>\n\n\t\t<\/div>\n\t\t\t<\/div>\n\n\t\n\n<\/div>","protected":false},"excerpt":{"rendered":"","protected":false},"author":1,"featured_media":0,"parent":0,"menu_order":0,"comment_status":"closed","ping_status":"closed","template":"","meta":[],"_links":{"self":[{"href":"https:\/\/ei-design.org\/es\/wp-json\/wp\/v2\/pages\/3"}],"collection":[{"href":"https:\/\/ei-design.org\/es\/wp-json\/wp\/v2\/pages"}],"about":[{"href":"https:\/\/ei-design.org\/es\/wp-json\/wp\/v2\/types\/page"}],"author":[{"embeddable":true,"href":"https:\/\/ei-design.org\/es\/wp-json\/wp\/v2\/users\/1"}],"replies":[{"embeddable":true,"href":"https:\/\/ei-design.org\/es\/wp-json\/wp\/v2\/comments?post=3"}],"version-history":[{"count":34,"href":"https:\/\/ei-design.org\/es\/wp-json\/wp\/v2\/pages\/3\/revisions"}],"predecessor-version":[{"id":24897,"href":"https:\/\/ei-design.org\/es\/wp-json\/wp\/v2\/pages\/3\/revisions\/24897"}],"wp:attachment":[{"href":"https:\/\/ei-design.org\/es\/wp-json\/wp\/v2\/media?parent=3"}],"curies":[{"name":"wp","href":"https:\/\/api.w.org\/{rel}","templated":true}]}}