{"id":22415,"date":"2021-07-13T19:30:09","date_gmt":"2021-07-13T17:30:09","guid":{"rendered":"https:\/\/ei-design.org\/?page_id=22415"},"modified":"2021-11-22T18:42:35","modified_gmt":"2021-11-22T17:42:35","slug":"guide-support","status":"publish","type":"page","link":"https:\/\/ei-design.org\/es\/guide-support\/","title":{"rendered":"GUIDE SUPPORT"},"content":{"rendered":"<section class=\"section\" id=\"section_2011141418\">\n\t\t<div class=\"bg section-bg fill bg-fill bg-loaded\" >\n\n\t\t\t\n\t\t\t<div class=\"section-bg-overlay absolute fill\"><\/div>\n\t\t\t\n\n\t\t<\/div>\n\n\t\t<div class=\"section-content relative\">\n\t\t\t\n\n<h1>&nbsp;<\/h1>\n<h1 style=\"text-align: center;\"><span style=\"background-color: #ffffff; font-size: 120%;\"><strong>&nbsp;Gu\u00eda de Soporte para Creators&nbsp;<\/strong><\/span><\/h1>\n<p>&nbsp;<\/p>\n\t<div id=\"gap-1299183057\" class=\"gap-element clearfix\" style=\"display:block; height:auto;\">\n\t\t\n<style>\n#gap-1299183057 {\n  padding-top: 1px;\n}\n<\/style>\n\t<\/div>\n\t\n\n\n\t\t<\/div>\n\n\t\t\n<style>\n#section_2011141418 {\n  padding-top: 0px;\n  padding-bottom: 0px;\n  min-height: 189px;\n}\n#section_2011141418 .section-bg-overlay {\n  background-color: rgba(188, 250, 255, 0.4);\n}\n#section_2011141418 .section-bg.bg-loaded {\n  background-image: url(https:\/\/ei-design.org\/wp-content\/uploads\/2021\/04\/IMG-0228-1.jpg);\n}\n#section_2011141418 .section-bg {\n  background-position: 42% 29%;\n}\n<\/style>\n\t<\/section>\n\t\n<div class=\"row\"  id=\"row-1203460252\">\n\n\n\t<div id=\"col-287337627\" class=\"col small-12 large-12\"  >\n\t\t<div class=\"col-inner text-left\"  >\n\t\t\t\n\t<div class=\"is-border\"\n\t\tstyle=\"border-width:0px 0px 3px 0px;margin:0px -3px 1px 3px;\">\n\t<\/div>\n\t\t\t\n\n<p>&nbsp;<\/p>\n<p><span style=\"font-size: 120%; color: #768c8c;\"><strong>1. Configuraci\u00f3n de Perfil Personal<\/strong><\/span><\/p>\n<p><span style=\"font-size: 120%; color: #768c8c;\"><strong>2. Configuraci\u00f3n de la P\u00e1gina Personal<\/strong><\/span><\/p>\n<p><span style=\"font-size: 120%; color: #768c8c;\"><strong>3. Como crear un PROYECTO PORTFOLIO<\/strong><\/span><\/p>\n<p><span style=\"font-size: 120%; color: #768c8c;\"><strong>4. Como descargar un VIDEO&nbsp;<\/strong><\/span><\/p>\n<p><span style=\"font-size: 120%; color: #768c8c;\"><strong>5. C\u00f3mo crear un PRODUCTO EN VENTA y configurar tus env\u00edos. <\/strong><\/span><\/p>\n<p>&nbsp;<\/p>\n<p>&nbsp;<\/p>\n<h2><span style=\"color: #282828; background-color: #cfffff;\"><strong><span style=\"font-size: 120%; background-color: #cfffff;\">1. Configuraci\u00f3n de Perfil Personal<\/span><\/strong><\/span><\/h2>\n<p><span style=\"font-size: 120%; color: #768c8c;\">Para completar tu perfil, accede a Menu Dashboard \/ Profile&nbsp;<\/span><\/p>\n<p>&nbsp;<\/p>\n<p><img loading=\"lazy\" class=\"aligncenter wp-image-22418 size-full\" src=\"https:\/\/ei-design.org\/wp-content\/uploads\/2021\/07\/1def.PROFILE-2.jpg\" alt=\"\" width=\"1360\" height=\"723\" srcset=\"https:\/\/ei-design.org\/wp-content\/uploads\/2021\/07\/1def.PROFILE-2.jpg 1360w, https:\/\/ei-design.org\/wp-content\/uploads\/2021\/07\/1def.PROFILE-2-1000x532.jpg 1000w, https:\/\/ei-design.org\/wp-content\/uploads\/2021\/07\/1def.PROFILE-2-752x400.jpg 752w, https:\/\/ei-design.org\/wp-content\/uploads\/2021\/07\/1def.PROFILE-2-768x408.jpg 768w, https:\/\/ei-design.org\/wp-content\/uploads\/2021\/07\/1def.PROFILE-2-16x9.jpg 16w\" sizes=\"(max-width: 1360px) 100vw, 1360px\" \/><\/p>\n<p>&nbsp;<\/p>\n<h2><span style=\"color: #282828; background-color: #cfffff;\"><strong><span style=\"font-size: 120%; background-color: #cfffff;\">2. Configura tu P\u00e1gina Personal<\/span><\/strong><\/span><\/h2>\n<p><span style=\"color: #768c8c; font-size: 120%;\"><strong>&nbsp;<\/strong><strong>&gt;Menu Dashboard \/ Settings:<\/strong>&nbsp;<\/span><\/p>\n<p><span style=\"font-size: 120%; color: #768c8c;\">Aqu\u00ed puedes configurar tu p\u00e1gina personal; informaci\u00f3n del creador, email, ubicaci\u00f3n, p\u00e1gina web...(en la imagen adjunta tienes un ejemplo)<\/span><\/p>\n<p><span style=\"font-size: 120%; color: #768c8c;\">Si tienes un plan Basic o Pro y utilizas nuestro marketplace, no olvides completar la configuraci\u00f3n <strong>pago<\/strong> y <strong>modo de env\u00edo<\/strong>.<\/span><\/p>\n<p>&nbsp;<\/p>\n<p><img loading=\"lazy\" class=\"aligncenter wp-image-22419 size-full\" src=\"https:\/\/ei-design.org\/wp-content\/uploads\/2021\/07\/2.SETTINGS-creator.jpg\" alt=\"\" width=\"1307\" height=\"742\" srcset=\"https:\/\/ei-design.org\/wp-content\/uploads\/2021\/07\/2.SETTINGS-creator.jpg 1307w, https:\/\/ei-design.org\/wp-content\/uploads\/2021\/07\/2.SETTINGS-creator-1000x568.jpg 1000w, https:\/\/ei-design.org\/wp-content\/uploads\/2021\/07\/2.SETTINGS-creator-705x400.jpg 705w, https:\/\/ei-design.org\/wp-content\/uploads\/2021\/07\/2.SETTINGS-creator-768x436.jpg 768w, https:\/\/ei-design.org\/wp-content\/uploads\/2021\/07\/2.SETTINGS-creator-16x9.jpg 16w\" sizes=\"(max-width: 1307px) 100vw, 1307px\" \/><\/p>\n<p>&nbsp;<\/p>\n<p>&nbsp;<\/p>\n<h2><span style=\"font-size: 120%; background-color: #cfffff; color: #282828;\"><strong>3\u00b0 C\u00f3mo crear un PROYECTO PORTFOLIO&nbsp;<\/strong><\/span><\/h2>\n<p><span style=\"color: #808080;\"><span style=\"font-size: 120%;\"><span style=\"color: #768c8c;\"><strong>Qu\u00e9 es un Proyecto Portfolio?<\/strong><\/span> El proyecto Portfolio es una publicaci\u00f3n promocional sobre uno de tus trabajos que ser\u00e1 visible durante el a\u00f1o de inscripci\u00f3n en tu perfil como Creator. <\/span><\/span><\/p>\n<p><span style=\"color: #808080;\"><span style=\"font-size: 120%;\"><span style=\"color: #768c8c;\"><strong>C\u00f3mo puedo crear un Proyecto Portfolio? <\/strong><\/span>C<\/span><\/span><span style=\"color: #808080;\"><span style=\"font-size: 120%;\">rear un Proyecto Portfolio es muy f\u00e1cil:<\/span><\/span><\/p>\n<p><span style=\"font-size: 120%; color: #768c8c;\"><strong>&gt;Menu <span style=\"color: #768c8c;\">Dashboard \/ Projects &amp; Products:<\/span><\/strong>&nbsp;click button<strong> \"Add New\u201d <\/strong>y selecciona <\/span><span style=\"font-size: 120%; color: #768c8c;\"><strong>Proyecto Portfolio<\/strong> <\/span><span style=\"font-size: 100%;\"><span style=\"color: #768c8c;\"><em>( solo para plan Basic o Pro, si dispones del plan Free puedes crear tu Proyecto Portfolio directamente en esta p\u00e1gina sin tener que seleccionar ninguna opci\u00f3n. <\/em><\/span><em><span style=\"color: #768c8c;\">)<\/span><\/em><\/span><\/p>\n<p><span style=\"font-size: 120%;\"><span style=\"color: #768c8c;\"><strong>> Enter: <\/strong>T\u00edtulo<\/span><\/span><\/p>\n<p><span style=\"font-size: 120%;\"><strong><span style=\"color: #768c8c;\"><span style=\"color: #808080;\">> Descripci\u00f3n-<\/span><\/span><span style=\"color: #808080;\">bre<\/span><\/strong><span style=\"color: #768c8c;\"><span style=\"color: #808080;\"><strong>ve<\/strong> de tu proyecto (escribe en ingl\u00e9s)<\/span><\/span><\/span><\/p>\n<p><strong><span style=\"font-size: 120%;\"><span style=\"color: #768c8c;\">> Descripci<span style=\"color: #808080;\">\u00f3n-lar<\/span>ga <\/span><\/span><\/strong><span style=\"font-size: 120%;\"><span style=\"color: #768c8c;\">y detallada de tu proyecto (escribe en ingl\u00e9s m\u00e1ximo 400 palabras)&nbsp;<\/span><\/span><\/p>\n<p><span style=\"color: #33cccc; font-size: 120%;\"><strong>Nota:<\/strong> No te preocupes por la font, tama\u00f1o y empaginaci\u00f3n del texto, nos ocuparemos nosotros!<\/span><\/p>\n<p><strong style=\"color: #768c8c; font-size: 120%;\">> A\u00f1ade tus fotos:<\/strong><\/p>\n<p><span style=\"font-size: 120%; color: #768c8c;\">Formato libre y buena calidad de imagen. <\/span><\/p>\n<p><span style=\"font-size: 120%; color: #768c8c;\">Peso m\u00e1ximo por foto 5MB <\/span><\/p>\n<p><span style=\"font-size: 120%; color: #768c8c;\">Puedes subir como m\u00e1ximo 10 fotos<\/span><\/p>\n<p><span style=\"color: #33cccc; font-size: 120%;\"><strong>Nota:<\/strong> No te preocupes por el orden y la disposici\u00f3n de las fotos, nos ocuparemos nosotros!<\/span><\/p>\n<p><span style=\"font-size: 120%; color: #768c8c;\"><strong>> Selecciona <\/strong>categor\u00eda PROYECTO y elige las subcategor\u00edas y tags para posicionar tu proyecto.<\/span><\/p>\n<p><span style=\"font-size: 120%; color: #768c8c;\"><strong>> Click <\/strong>env\u00eda a revisi\u00f3n.<\/span><\/p>\n<p><strong><span style=\"font-size: 110%; color: #33cccc;\">Espera nuestra confirmaci\u00f3n de publicaci\u00f3n<\/span><\/strong><\/p>\n<p>&nbsp;<\/p>\n<p><img loading=\"lazy\" class=\"aligncenter wp-image-22423 size-full\" src=\"https:\/\/ei-design.org\/wp-content\/uploads\/2021\/07\/4def-PROJECT-PORTFOLIO.jpg\" alt=\"\" width=\"1361\" height=\"1259\" srcset=\"https:\/\/ei-design.org\/wp-content\/uploads\/2021\/07\/4def-PROJECT-PORTFOLIO.jpg 1361w, https:\/\/ei-design.org\/wp-content\/uploads\/2021\/07\/4def-PROJECT-PORTFOLIO-1000x925.jpg 1000w, https:\/\/ei-design.org\/wp-content\/uploads\/2021\/07\/4def-PROJECT-PORTFOLIO-432x400.jpg 432w, https:\/\/ei-design.org\/wp-content\/uploads\/2021\/07\/4def-PROJECT-PORTFOLIO-865x800.jpg 865w, https:\/\/ei-design.org\/wp-content\/uploads\/2021\/07\/4def-PROJECT-PORTFOLIO-768x710.jpg 768w, https:\/\/ei-design.org\/wp-content\/uploads\/2021\/07\/4def-PROJECT-PORTFOLIO-13x12.jpg 13w\" sizes=\"(max-width: 1361px) 100vw, 1361px\" \/><\/p>\n<p>&nbsp;<\/p>\n<h2><span style=\"font-size: 120%; background-color: #cfffff; color: #282828;\"><strong>4. Como descargar un VIDEO<\/strong><\/span><\/h2>\n<p><span style=\"font-size: 120%; color: #768c8c;\"><strong>&gt;Menu <span style=\"color: #768c8c;\">Dashboard \/ Projects &amp; Products: <\/span><\/strong>click button &#8220;<strong>\"Add New\u201d <\/strong>y selecciona Project Portfolio.<\/span><\/p>\n<p><span style=\"font-size: 120%; color: #768c8c;\"><strong>> Enter: <\/strong>T\u00edtulo V\u00eddeo<\/span><\/p>\n<p><span style=\"font-size: 120%; color: #768c8c;\">&gt; <strong>Descripci\u00f3n breve <\/strong>de tu v\u00eddeo (escribe en ingl\u00e9s)<\/span><\/p>\n<p><span style=\"font-size: 120%; color: #768c8c;\"><strong>> Descripci\u00f3n Larga: <\/strong>copia y pega tu <strong>link Vimeo o You tube<\/strong> .En esta p\u00e1gina si tu quieres puedes escribir tambien una larga descripci\u00f3n acerca de tu <strong>Video<\/strong> (escribe en ingl\u00e9s)<\/span><\/p>\n<p><span style=\"font-size: 120%; color: #768c8c;\"><strong>> Subir foto portada<\/strong><strong>&nbsp;<\/strong><strong>V\u00eddeo preview: <\/strong>Por favor, sube s\u00f3lo 1 foto (no m\u00e1s) en la parte superior derecha para <strong>Cover preview Video<\/strong>.<\/span><\/p>\n<p><span style=\"font-size: 120%; color: #768c8c;\"><strong>> Elige <\/strong>mejores Categor\u00edas & Tags para tu Video.<\/span><\/p>\n<p><span style=\"font-size: 120%; color: #768c8c;\"><strong>&gt; Click <\/strong>env\u00eda para revisi\u00f3n<\/span><\/p>\n<p><span style=\"font-size: 120%;\"><strong><span style=\"color: #33cccc;\">Espera nuestra confirmaci\u00f3n de publicaci\u00f3n<\/span><\/strong><\/span><\/p>\n<p>&nbsp;<\/p>\n<p><img loading=\"lazy\" class=\"aligncenter wp-image-22424 size-full\" src=\"https:\/\/ei-design.org\/wp-content\/uploads\/2021\/07\/5-VIDEO.jpg\" alt=\"\" width=\"1361\" height=\"1195\" srcset=\"https:\/\/ei-design.org\/wp-content\/uploads\/2021\/07\/5-VIDEO.jpg 1361w, https:\/\/ei-design.org\/wp-content\/uploads\/2021\/07\/5-VIDEO-1000x878.jpg 1000w, https:\/\/ei-design.org\/wp-content\/uploads\/2021\/07\/5-VIDEO-456x400.jpg 456w, https:\/\/ei-design.org\/wp-content\/uploads\/2021\/07\/5-VIDEO-911x800.jpg 911w, https:\/\/ei-design.org\/wp-content\/uploads\/2021\/07\/5-VIDEO-768x674.jpg 768w, https:\/\/ei-design.org\/wp-content\/uploads\/2021\/07\/5-VIDEO-14x12.jpg 14w\" sizes=\"(max-width: 1361px) 100vw, 1361px\" \/><\/p>\n<h2>&nbsp;<\/h2>\n<h2><span style=\"font-size: 120%; color: #282828; background-color: #cfffff;\"><strong>5. C\u00f3mo crear un PRODUCTO EN VENTA y configurar tus env\u00edos.<\/strong><\/span><\/h2>\n<p>&nbsp;<\/p>\n<p><span style=\"font-size: 120%; color: #768c8c;\"><strong>&gt;Menu Dashboard \/ Projects &amp; Products: <\/strong>click button <strong>\"Add New\u201d <\/strong>y elige la opci\u00f3n<strong> \"Producto en Venta\"<\/strong><\/span><\/p>\n<p><span style=\"font-size: 120%; color: #768c8c;\"><strong>>Completa: <\/strong>T\u00edtulo y precio del producto en los apartados correspondientes (precio incluido de IVA regulado por tu pa\u00eds)<\/span><\/p>\n<p><span style=\"font-size: 120%; color: #768c8c;\"><strong>>Descripci\u00f3n-breve:<\/strong> escribe<span style=\"color: #808080;\"> <strong>en ingl\u00e9s<\/strong><\/span> las caracter\u00edsticas m\u00e1s importantes de tu producto, como por ejemplo; <\/span><span style=\"font-size: 120%; color: #768c8c;\">tipo de producto, materiales, medida o tama\u00f1o, mantenimiento, etc.<\/span><\/p>\n<p><span style=\"font-size: 120%; color: #768c8c;\"><strong>>Descripci\u00f3n-larga, <\/strong>este es un espacio dedicado a:<\/span><\/p>\n<p><span style=\"font-size: 120%; color: #768c8c;\">1-<strong>&nbsp; Una<\/strong> <strong>descripci\u00f3n m\u00e1s detallada y general<\/strong> de tu producto<span style=\"color: #808080;\"> (escribe en ingl\u00e9s)<\/span><\/span><\/p>\n<p><span style=\"color: #768c8c; font-size: 120%;\">2- Justo debajo escribe tus <strong>condiciones de Env\u00edo y Devoluciones<\/strong> (escribe en ingl\u00e9s) <\/span><\/p>\n<p><span style=\"color: #33cccc;\"><span style=\"font-size: 120%;\"><strong>Nota:<\/strong> No te preocupes por la Font del texto y la empaginaci\u00f3n, nos ocuparemos nosotros!<\/span><\/span><\/p>\n<p><span style=\"font-size: 120%; color: #768c8c;\"><strong>>A\u00f1ade <\/strong><strong>las fotos de tu producto:<\/strong><\/span><\/p>\n<p><strong><span style=\"font-size: 120%; color: #768c8c;\">\u00bfCu\u00e1ntas fotos puedo subir?&nbsp; <\/span><\/strong><span style=\"font-size: 120%; color: #768c8c;\">Puedes subier un m\u00e1ximo de 10 fotos<\/span><\/p>\n<p><span style=\"font-size: 120%; color: #768c8c;\"><strong>\u00bfCu\u00e1l es el esquema fotogr\u00e1fico que debo seguir? <\/strong>Formato libre, fondo neutro y buena calidad de imagen. <\/span><strong><span style=\"font-size: 120%; color: #768c8c;\">Peso m\u00e1ximo por foto 5MB<\/span><\/strong><\/p>\n<p><span style=\"font-size: 120%; color: #768c8c;\"><strong>\u00bfPuedo subir una foto con fondo ambiental? <\/strong>S\u00ed, puedes subir una o dos fotos con fondo ambiental, el resto mejor que sean fotos de producto con un fondo neutro.&nbsp;<\/span><\/p>\n<p><span style=\"font-size: 120%; color: #768c8c;\"><strong>> Elige <\/strong>Categor\u00eda SHOP, subcategor\u00eda y tags para posicionar <strong>la tipolog\u00eda<\/strong> de tu producto.<\/span><\/p>\n<p><span style=\"font-size: 120%; color: #768c8c;\"><strong>&gt; Click <\/strong>env\u00eda para revisi\u00f3n<\/span><\/p>\n<p><span style=\"font-size: 120%; color: #33cccc;\"><strong>Espera nuestra confirmaci\u00f3n de publicaci\u00f3n<\/strong><\/span><\/p>\n<p>&nbsp;<\/p>\n<p><img loading=\"lazy\" class=\"aligncenter wp-image-22451 size-full\" src=\"https:\/\/ei-design.org\/wp-content\/uploads\/2021\/07\/PRODOTTO-IN-VENDITA-def.jpg\" alt=\"\" width=\"1361\" height=\"1531\" srcset=\"https:\/\/ei-design.org\/wp-content\/uploads\/2021\/07\/PRODOTTO-IN-VENDITA-def.jpg 1361w, https:\/\/ei-design.org\/wp-content\/uploads\/2021\/07\/PRODOTTO-IN-VENDITA-def-1000x1125.jpg 1000w, https:\/\/ei-design.org\/wp-content\/uploads\/2021\/07\/PRODOTTO-IN-VENDITA-def-356x400.jpg 356w, https:\/\/ei-design.org\/wp-content\/uploads\/2021\/07\/PRODOTTO-IN-VENDITA-def-711x800.jpg 711w, https:\/\/ei-design.org\/wp-content\/uploads\/2021\/07\/PRODOTTO-IN-VENDITA-def-768x864.jpg 768w, https:\/\/ei-design.org\/wp-content\/uploads\/2021\/07\/PRODOTTO-IN-VENDITA-def-11x12.jpg 11w\" sizes=\"(max-width: 1361px) 100vw, 1361px\" \/><\/p>\n<hr>\n<p>&nbsp;<\/p>\n<p><span style=\"font-size: 130%; background-color: #cfffff; color: #282828;\"><strong>Configuraci\u00f3n de env\u00edo:<\/strong><\/span><\/p>\n<p><span style=\"font-size: 120%; color: #768c8c;\"><strong>&gt;Menu Dashboard \/ Settings<\/strong><\/span><\/p>\n<p><span style=\"font-size: 120%; color: #768c8c;\"><strong>>Click: <\/strong>Env\u00edo<\/span><\/p>\n<p><span style=\"font-size: 120%; color: #768c8c;\"><strong>>Selecciona tus caracter\u00edsticas de env\u00edo:<\/strong><\/span><\/p>\n<p><span style=\"font-size: 120%; color: #768c8c;\">Puedes configurar el env\u00edo <strong>por peso<\/strong> o <strong>por pa\u00eds<\/strong>.<\/span><\/p>\n<p><span style=\"font-size: 120%; color: #768c8c;\">Si seleccionas <strong>env\u00edo por peso<\/strong> tendr\u00e1s que introducir los datos con la informaci\u00f3n relativa al peso de tu producto.<\/span><\/p>\n<p><span style=\"font-size: 120%; color: #768c8c;\">De lo contrario si eliges <strong>env\u00edo por pa\u00eds,<\/strong>tendr\u00e1s que elegir una tarifa standard para cada pa\u00eds que quieras crear. Puedes crear varios paises pulsando el s\u00edmbolo + que se encuentra a pie de cada ventana de env\u00edo y asociar un precio diferente a cada uno de ellos. En el caso de elegir esta opci\u00f3n, no debes rellenar el apartado habilitado para el peso, ya que esta es otra modalidad diferente. Elige una u otra.<\/span><\/p>\n<p>&nbsp;<\/p>\n<p><img loading=\"lazy\" class=\"aligncenter wp-image-22425 size-full\" src=\"https:\/\/ei-design.org\/wp-content\/uploads\/2021\/07\/SHIPPING.jpg\" alt=\"\" width=\"1360\" height=\"1628\" srcset=\"https:\/\/ei-design.org\/wp-content\/uploads\/2021\/07\/SHIPPING.jpg 1360w, https:\/\/ei-design.org\/wp-content\/uploads\/2021\/07\/SHIPPING-1000x1197.jpg 1000w, https:\/\/ei-design.org\/wp-content\/uploads\/2021\/07\/SHIPPING-334x400.jpg 334w, https:\/\/ei-design.org\/wp-content\/uploads\/2021\/07\/SHIPPING-668x800.jpg 668w, https:\/\/ei-design.org\/wp-content\/uploads\/2021\/07\/SHIPPING-768x919.jpg 768w, https:\/\/ei-design.org\/wp-content\/uploads\/2021\/07\/SHIPPING-1283x1536.jpg 1283w, https:\/\/ei-design.org\/wp-content\/uploads\/2021\/07\/SHIPPING-10x12.jpg 10w\" sizes=\"(max-width: 1360px) 100vw, 1360px\" \/><\/p>\n<p>&nbsp;<\/p>\n<p><strong>&nbsp;<\/strong><\/p>\n<p>&nbsp;<\/p>\n<p>&nbsp;<\/p>\n<p>&nbsp;<\/p>\n<p><strong>&nbsp;<\/strong><\/p>\n<p>&nbsp;<\/p>\n<p>&nbsp;<\/p>\n<p>&nbsp;<\/p>\n<p>&nbsp;<\/p>\n<p>&nbsp;<\/p>\n<p>&nbsp;<\/p>\n<p>&nbsp;<\/p>\n<p>&nbsp;<\/p>\n<p>&nbsp;<\/p>\n<p>&nbsp;<\/p>\n<p>&nbsp;<\/p>\n<p>&nbsp;<\/p>\n<p>&nbsp;<\/p>\n\n\t\t<\/div>\n\t\t\n<style>\n#col-287337627 > .col-inner {\n  padding: 0px 5px 0px 26px;\n}\n<\/style>\n\t<\/div>\n\n\t\n\n<\/div>","protected":false},"excerpt":{"rendered":"","protected":false},"author":8,"featured_media":0,"parent":0,"menu_order":0,"comment_status":"closed","ping_status":"closed","template":"page-blank.php","meta":[],"_links":{"self":[{"href":"https:\/\/ei-design.org\/es\/wp-json\/wp\/v2\/pages\/22415"}],"collection":[{"href":"https:\/\/ei-design.org\/es\/wp-json\/wp\/v2\/pages"}],"about":[{"href":"https:\/\/ei-design.org\/es\/wp-json\/wp\/v2\/types\/page"}],"author":[{"embeddable":true,"href":"https:\/\/ei-design.org\/es\/wp-json\/wp\/v2\/users\/8"}],"replies":[{"embeddable":true,"href":"https:\/\/ei-design.org\/es\/wp-json\/wp\/v2\/comments?post=22415"}],"version-history":[{"count":20,"href":"https:\/\/ei-design.org\/es\/wp-json\/wp\/v2\/pages\/22415\/revisions"}],"predecessor-version":[{"id":24605,"href":"https:\/\/ei-design.org\/es\/wp-json\/wp\/v2\/pages\/22415\/revisions\/24605"}],"wp:attachment":[{"href":"https:\/\/ei-design.org\/es\/wp-json\/wp\/v2\/media?parent=22415"}],"curies":[{"name":"wp","href":"https:\/\/api.w.org\/{rel}","templated":true}]}}