{"id":18003,"date":"2021-04-12T17:35:21","date_gmt":"2021-04-12T15:35:21","guid":{"rendered":"https:\/\/ei-design.org\/?page_id=18003"},"modified":"2021-04-24T09:23:16","modified_gmt":"2021-04-24T07:23:16","slug":"cookie-policy","status":"publish","type":"page","link":"https:\/\/ei-design.org\/es\/cookie-policy\/","title":{"rendered":"Pol\u00edtica de cookies"},"content":{"rendered":"<p><strong><strong>POL\u00cdTICA DE COOKIES<\/strong><\/strong><\/p>\n\n\n\n<p>Este \"<em>Pol\u00edtica de cookies<\/em>\"Tiene como objetivo describir c\u00f3mo se gestiona el Sitio con referencia al uso de <em>cookies<\/em> y el tratamiento relacionado de los datos personales de los Usuarios que lo consultan.<\/p>\n\n\n\n<p>En cumplimiento de las obligaciones derivadas de la legislaci\u00f3n nacional y comunitaria (Reglamento UE 679\/2016, GDPR) y modificaciones posteriores, este Sitio respeta y protege la privacidad de los visitantes y Usuarios, haciendo todos los esfuerzos posibles y proporcionados para no da\u00f1ar los derechos de los mismos. .<\/p>\n\n\n\n<p>Esta pol\u00edtica de cookies se aplica exclusivamente a las actividades en l\u00ednea de este sitio web y es v\u00e1lida para los visitantes \/ usuarios del sitio web. No se aplica a la informaci\u00f3n recopilada a trav\u00e9s de canales distintos de este sitio web. El prop\u00f3sito de la informaci\u00f3n es brindar la m\u00e1xima transparencia con respecto a la informaci\u00f3n que la Web recopila y c\u00f3mo la utiliza.<\/p>\n\n\n\n<p><strong>TITULAR DEL TRATAMIENTO<\/strong><\/p>\n\n\n\n<p>El responsable del tratamiento es Nelly Dominguez De Juan, P.I. 02525290181- C.F. DMNNLY74A69Z131B residente en Via Certosa 1\/G, 27100 San Genesio ed Uniti, Italia, en adelante tambi\u00e9n s\u00f3lo el \"Responsable del tratamiento\").<\/p>\n\n\n\n<p>Para utilizar todas las secciones del Sitio de manera correcta y regular, el Usuario debe activar i <em>cookies<\/em>, concediendo su uso a <em><u>eiDesign<\/u><\/em>.<\/p>\n\n\n\n<p>Durante la navegaci\u00f3n, el Usuario tambi\u00e9n puede recibir <em>cookies<\/em> de sitios <em>web<\/em> que no sea el que est\u00e1 visitando actualmente. <em><u>eiDesign<\/u><\/em> utiliza <em>cookies<\/em> para realizar diversos procesos relacionados, a modo de ejemplo, con la autenticaci\u00f3n inform\u00e1tica, la supervisi\u00f3n de sesiones y el almacenamiento de informaci\u00f3n. Sin el uso de <em>cookies<\/em> no es posible garantizar al Usuario las funciones y servicios puestos a disposici\u00f3n por el Sitio, sin perjuicio del derecho del Usuario a rechazar la instalaci\u00f3n de <em>cookies<\/em> seleccionando los par\u00e1metros correspondientes en las opciones espec\u00edficas de su propia <em>navegador<\/em>, asumiendo en caso de riesgo de que el sitio no funcione.<\/p>\n\n\n\n<p><strong>DATOS RECOGIDOS Y FINALIDAD<\/strong><\/p>\n\n\n\n<p>Como todos los sitios web, este sitio tambi\u00e9n utiliza <em>archivos de registro<\/em> en el que la informaci\u00f3n recopilada de forma automatizada se almacena durante las visitas del Usuario. La informaci\u00f3n recopilada podr\u00eda ser la siguiente:<\/p>\n\n\n\n<p>\u2013 direcci\u00f3n<em> protocolo de internet <\/em>(IP);<\/p>\n\n\n\n<p>\u2013 tipo de <em>navegador <\/em>y par\u00e1metros del dispositivo utilizado para conectarse a la Web;<\/p>\n\n\n\n<p>\u2013 nombre de internet <em>proveedor de servicios<\/em> (ISP);<\/p>\n\n\n\n<p>\u2013 fecha y horario de visita;<\/p>\n\n\n\n<p>\u2013 pagina web di provenienza del visitante (referral) y de salida;<\/p>\n\n\n\n<p>\u2013 eventualmente el n\u00famero de click.<\/p>\n\n\n\n<p>La informaci\u00f3n antes mencionada se procesa de forma automatizada y se recopila de forma exclusivamente agregada con el fin de verificar el correcto funcionamiento del sitio, y por razones de seguridad (a partir del 25 de mayo de 2018 esta informaci\u00f3n se trata sobre la base de los intereses leg\u00edtimos del titular ).<\/p>\n\n\n\n<p>Por motivos de seguridad (filtros de correo no deseado, cortafuegos, detecci\u00f3n de virus), es posible que los datos registrados autom\u00e1ticamente tambi\u00e9n incluyan datos personales como la direcci\u00f3n IP, que podr\u00edan utilizarse, de acuerdo con las leyes aplicables, para bloquear los intentos de da\u00f1ar el sitio en s\u00ed. o causar da\u00f1os a otros usuarios, o en todo caso actividades lesivas o constitutivas de delito. Estos datos nunca se utilizan para la identificaci\u00f3n o elaboraci\u00f3n de perfiles del usuario, sino \u00fanicamente con el fin de proteger el sitio y sus usuarios (a partir del 25 de mayo de 2018 esta informaci\u00f3n se trata sobre la base de los intereses leg\u00edtimos del titular).<\/p>\n\n\n\n<p>Si la Web permite la inserci\u00f3n de datos, o en el caso de servicios espec\u00edficos solicitados por el Usuario, el Sitio detecta y registra autom\u00e1ticamente algunos datos de identificaci\u00f3n del Usuario, incluida la direcci\u00f3n de correo electr\u00f3nico. Estos datos son facilitados voluntariamente por el usuario en el momento de la solicitud de prestaci\u00f3n del servicio.<\/p>\n\n\n\n<p>Los datos recibidos ser\u00e1n utilizados exclusivamente para la prestaci\u00f3n del servicio solicitado y \u00fanicamente durante el tiempo necesario para la prestaci\u00f3n del servicio.<\/p>\n\n\n\n<p>La informaci\u00f3n que los Usuarios del Sitio considerar\u00e1n hacer p\u00fablica a trav\u00e9s de los servicios y herramientas puestos a su disposici\u00f3n, son proporcionados por el Usuario de manera consciente y voluntaria, eximiendo a este Sitio de cualquier responsabilidad por las violaciones de la ley. Corresponde al usuario verificar que tiene permiso para ingresar datos personales de terceros o contenidos protegidos por normativas nacionales e internacionales.<\/p>\n\n\n\n<p>Los datos recopilados por el Sitio durante su funcionamiento se utilizan exclusivamente para los fines indicados anteriormente y se conservan durante el tiempo estrictamente necesario para llevar a cabo las actividades especificadas. En cualquier caso, los datos recogidos del sitio nunca ser\u00e1n cedidos a terceros, por ning\u00fan motivo, salvo que sea una solicitud leg\u00edtima de la autoridad judicial y solo en los casos previstos por la ley.<\/p>\n\n\n\n<p><strong>BASE JUR\u00cdDICA DEL TRATAMIENTO<\/strong><\/p>\n\n\n\n<p>Esta Web procesa datos basados \u200b\u200ben el consentimiento. Al usar o consultar este Sitio, los visitantes y Usuarios aprueban expl\u00edcitamente esta pol\u00edtica y consienten el procesamiento de sus datos personales en relaci\u00f3n con los m\u00e9todos y prop\u00f3sitos descritos a continuaci\u00f3n, incluida cualquier divulgaci\u00f3n a terceros si es necesario para la prestaci\u00f3n de un servicio.<\/p>\n\n\n\n<p>La provisi\u00f3n de datos y, por lo tanto, el consentimiento para la recopilaci\u00f3n y el procesamiento de datos es opcional, el usuario puede negar el consentimiento y puede revocar un consentimiento ya prestado en cualquier momento. Sin embargo, negar el consentimiento puede hacer que sea imposible proporcionar algunos servicios y la experiencia de navegaci\u00f3n en el Sitio puede verse comprometida.<\/p>\n\n\n\n<p>A partir del 25 de mayo de 2018 (fecha de aplicaci\u00f3n del RGPD), este sitio procesa algunos de los datos en funci\u00f3n de los intereses leg\u00edtimos del controlador de datos.<\/p>\n\n\n\n<p><strong>LUGAR DE TRATAMIENTO<\/strong><\/p>\n\n\n\n<p>Los datos ser\u00e1n tratados por el responsable del tratamiento en su domicilio. <em>centro de datos<\/em> de <em>Alojamiento web<\/em>. El <em>alojamiento web<\/em> que es responsable del procesamiento de datos, que procesa los datos en nombre del propietario, se encuentra en el Espacio Econ\u00f3mico Europeo y act\u00faa de acuerdo con las normas europeas. El nombre de <em>Alojamiento web<\/em> se mantiene en el domicilio del Titular.<\/p>\n\n\n\n<p><br><strong>QUE SON LOS COOKIES?<\/strong><\/p>\n\n\n\n<p>Los <em>cookies<\/em> son cadenas de texto que un sitio web puede enviar, mientras navega, al terminal del Usuario (una PC, una computadora port\u00e1til, un tel\u00e9fono inteligente, una tableta; generalmente se almacenan directamente en el navegador utilizado para la navegaci\u00f3n). El mismo sitio <em>web<\/em> quien los envi\u00f3 puede leer y registrar el <em>cookies<\/em> ubicado en el mismo dispositivo para obtener varios tipos de informaci\u00f3n. Cualquier clase de <em>cookies<\/em> tiene una finalidad definida.<\/p>\n\n\n\n<p><strong>CU\u00c1NTOS TIPOS DE COOKIES EXISTEN?<\/strong><\/p>\n\n\n\n<p>Hay dos categor\u00edas b\u00e1sicas: <em><strong>cookies<\/strong><\/em><strong> tecnicos<\/strong> e <em><strong>cookies<\/strong><\/em><strong> de profilaci\u00f3n<\/strong>.Los <em>cookies<\/em> t\u00e9cnicos son generalmente necesarios para el correcto funcionamiento del sitio. <em>web<\/em> y permitir la navegaci\u00f3n y prestar el servicio solicitado por el Usuario; sin ellos, es posible que no pueda mostrar las p\u00e1ginas correctamente o utilizar algunos servicios. Por ejemplo, un <em>cookies<\/em> t\u00e9cnico es esencial para mantener al usuario conectado durante la visita a un sitio <em>web<\/em>, o para almacenar la configuraci\u00f3n del idioma, la pantalla, etc.<\/p>\n\n\n\n<p>Los <em><strong>cookies<\/strong><\/em><strong> tecnicos<\/strong> (para cuyo uso no se requiere el consentimiento del usuario) se puede dividir en:<\/p>\n\n\n\n<p>&#8211; <em><u>cookies<\/u><\/em> navegaci\u00f3n, que garantizan el uso normal del sitio <em>web<\/em> (permitiendo, por ejemplo, realizar una compra o autenticarse para acceder a \u00e1reas restringidas);<\/p>\n\n\n\n<p>&#8211; <em><u>cookies<\/u><\/em> analytics, se asimilan a los <em>cookies<\/em> t\u00e9cnico solo cuando se utiliza directamente por el operador del sitio para recopilar informaci\u00f3n, en forma agregada, sobre el n\u00famero de usuarios y c\u00f3mo visitan el sitio.<\/p>\n\n\n\n<p>&#8211; <em><u>cookies<\/u><\/em> de funcionalidad, que permiten al Usuario navegar seg\u00fan una serie de criterios seleccionados (por ejemplo, el idioma, los productos seleccionados para la compra) con el fin de mejorar el servicio prestado.<\/p>\n\n\n\n<p>Los <em><strong>cookies<\/strong><\/em><strong> de profilaci\u00f3n<\/strong> se utilizan para rastrear la navegaci\u00f3n del Usuario en la red y crear perfiles sobre sus gustos, h\u00e1bitos, elecciones, etc. Con estos <em>cookies<\/em> Los mensajes publicitarios se pueden transmitir al terminal del Usuario de acuerdo con las preferencias ya expresadas por el mismo Usuario en la navegaci\u00f3n en l\u00ednea.<\/p>\n\n\n\n<p>Los <em>cookies<\/em> puede, nuevamente, clasificarse como:<\/p>\n\n\n\n<p>&#8211; <em><u>cookies<\/u><\/em> sesi\u00f3n, que se eliminan inmediatamente cuando se cierra el navegador;<br>&#8211; <em><u>cookies<\/u><\/em> persistentes, que, a diferencia de las cookies de sesi\u00f3n, permanecen dentro del navegador durante un cierto per\u00edodo de tiempo. Se utilizan, por ejemplo, para reconocer el dispositivo que se conecta al sitio, facilitando las operaciones de autenticaci\u00f3n para el usuario;<\/p>\n\n\n\n<p>&#8211; <em><u>primera parte<\/u><\/em> <em><u>cookies<\/u><\/em> generado y gestionado directamente por el administrador del sitio web en el que est\u00e1 navegando el usuario;<br>&#8211; <em><u>tercera parte<\/u><\/em> <em><u>cookies<\/u><\/em> generado y gestionado directamente por el administrador del sitio web en el que est\u00e1 navegando el usuario; <em>cookies<\/em> son establecidos por un sitio web diferente al que est\u00e1 visitando el usuario. Esto se debe a que en cada sitio puede haber elementos (im\u00e1genes, mapas, sonidos, enlaces espec\u00edficos a p\u00e1ginas web de otros dominios, etc.) que residen en servidores distintos al del sitio visitado.<\/p>\n\n\n\n<p><strong>QUE COOKIES UTILIZA eiDesign?<\/strong><\/p>\n\n\n\n<p><strong>Categoria: Necesario<\/strong><\/p>\n\n\n\n<p>Los <em>cookies<\/em> ayuda necesaria para ayudar a que un sitio sea utilizable <em>web<\/em> habilitando funciones b\u00e1sicas como la navegaci\u00f3n de p\u00e1ginas y el acceso a \u00e1reas protegidas del sitio. El sitio <em>web<\/em> no puede funcionar correctamente sin estos <em>cookies<\/em>.<\/p>\n\n\n\n<p><strong>Categor\u00eda: Estad\u00edsticas<\/strong><\/p>\n\n\n\n<figure class=\"wp-block-table\"><table><tbody><tr><td><strong>Nombre del Cookie<\/strong><\/td><td><strong>Descripci\u00f3n<\/strong><\/td><td><strong>Proprietario o Terceros<\/strong><\/td><td><strong>Duraci\u00f3n<\/strong><\/td><td><strong>Finalidad<\/strong><\/td><\/tr><tr><td>El problema es que no se puede hacer nada para evitarlo.<\/td><td>Cookie de Google Analytics<\/td><td>Google Analytics<\/td><td>2 a\u00f1os<\/td><td>Utilizado para distinguir los Usuarios<\/td><\/tr><tr><td>_gid<\/td><td>Cookie de Google Analytics<\/td><td>Google Analytics<\/td><td>1 minuto<\/td><td>Utilizado para distinguir los Usuarios<\/td><\/tr><tr><td>El problema es que no se puede hacer nada para evitarlo.<\/td><td>Cookie de Google Analytics<\/td><td>Google Analytics<\/td><td>24 horas<\/td><td>Utilizado para limitar el nivel de solicitudes<\/td><\/tr><tr><td>recoger<\/td><td>Cookie de Google Analytics<\/td><td>Google Analytics<\/td><td>Sesi\u00f3n<\/td><td>Se utiliza para enviar datos a Google Analytics sobre el dispositivo y el comportamiento del usuario.<br><\/td><\/tr><tr><td>pll_language<\/td><td>Es una cookie persistente y de personalizaci\u00f3n. Pertenece al complemento de idioma.<\/td><td>Polylang<\/td><td>1 a\u00f1o<\/td><td>Le permite guardar el idioma en el que se mostrar\u00e1 el sitio web al usuario en futuras sesiones.<\/td><\/tr><tr><td>wp-configuraci\u00f3n-1<\/td><td>Cookie de wordpress que identifica al usuario con un n\u00famero correspondiente al de la base de datos de usuarios de la web.<\/td><td>WordPress<\/td><td>1 a\u00f1o<\/td><td>Se utiliza para personalizar la visualizaci\u00f3n de la interfaz de administraci\u00f3n, as\u00ed como la interfaz principal del sitio.<\/td><\/tr><\/tbody><\/table><\/figure>\n\n\n\n<p>Utilizamos <em>cookies<\/em> t\u00e9cnico, destinado a garantizar el correcto funcionamiento de nuestro sitio, sin el cual su experiencia de navegaci\u00f3n no ser\u00eda agradable.<\/p>\n\n\n\n<p>Para mejorar nuestro sitio y comprender qu\u00e9 partes o elementos son m\u00e1s apreciados por los usuarios, tambi\u00e9n utilizamos, como herramienta de an\u00e1lisis an\u00f3nimo, un <em>cookies<\/em> tercero, es decir, Google Analytics.<\/p>\n\n\n\n<p>Este <em>cookies<\/em> no es una herramienta que gestionamos, para m\u00e1s informaci\u00f3n, por tanto, puede consultar la informaci\u00f3n facilitada por Google en la siguiente direcci\u00f3n: http:\/\/www.google.it\/policies\/privacy\/partners\/<\/p>\n\n\n\n<p>Los <em>cookies<\/em> t\u00e9cnicos y aquellos de <em>an\u00e1lisis<\/em> son los \u00fanicos <em>cookies<\/em> que utilizamos para que su navegaci\u00f3n sea agradable. No usamos en su lugar <em>cookies<\/em> perfilado.<\/p>\n\n\n\n<p><strong>PLUGIN PARA REDES SOCIALES<\/strong><\/p>\n\n\n\n<p>La presente Web incorpora adem\u00e1s <em>plugin<\/em> y \/ o botones para redes sociales, con el fin de permitir compartir f\u00e1cilmente el contenido de los suyos. <em>medios de comunicaci\u00f3n social<\/em> preferidos. Tales <em>plugin<\/em> est\u00e1n programados para no establecer ning\u00fan <em>cookies<\/em> al acceso de la p\u00e1gina, para salvaguardar la <em>privacidad<\/em> de los Usuarios. Eventualmente los <em>cookies<\/em> vienen configurados, si as\u00ed est\u00e1 previsto por <em>medios de comunicaci\u00f3n social<\/em>, solo cuando el Usuario hace efectivo y voluntario uso del <em>plugin<\/em>. Tenga en cuenta que si el usuario navega mientras est\u00e1 conectado al <em>medios de comunicaci\u00f3n social<\/em> entonces ya ha dado su consentimiento para el uso de <em>cookies<\/em> transmitido a trav\u00e9s de esta Web en el momento del registro a <em>medios de comunicaci\u00f3n social<\/em>.<\/p>\n\n\n\n<p>La recopilaci\u00f3n y uso de informaci\u00f3n obtenida a trav\u00e9s del <em>plugin<\/em> se rigen por las respectivas divulgaciones <em>privacidad<\/em> de <em>medios de comunicaci\u00f3n social<\/em>, al cual por favor refi\u00e9rase.<\/p>\n\n\n\n<p>- Facebook - https:\/\/www.facebook.com\/help\/cookies\/<\/p>\n\n\n\n<p>- Instagram - https:\/\/help.instagram.com\/402411646841720<\/p>\n\n\n\n<p>- Youtube - https:\/\/policies.google.com\/privacy?hl=it<\/p>\n\n\n\n<p><strong>COMO VISUALIZAR LOS COOKIE<\/strong><\/p>\n\n\n\n<p>Desde el <em>cookies<\/em> son archivos de texto normales, puede acceder a ellos utilizando la mayor\u00eda de <em>editor<\/em> programas de procesamiento de texto o de texto. Para abrirlos, simplemente haga clic en ellos. A continuaci\u00f3n se muestra una lista de enlaces que explican c\u00f3mo ver la <em>cookies<\/em> al interior de los varios <em>navegador<\/em>. Si el <em>navegador<\/em> utilizado no est\u00e1 presente, consulte la informaci\u00f3n sobre <em>cookies<\/em> proporcionado por el propio navegador. Si est\u00e1 utilizando un tel\u00e9fono m\u00f3vil, consulte su manual para obtener m\u00e1s informaci\u00f3n.<\/p>\n\n\n\n<p><strong><br>Firefox<\/strong><br><a href=\"https:\/\/support.mozilla.org\/en-US\/kb\/cookies-information-websites-store-on-your-computer\"><u>https:\/\/support.mozilla.org\/en-US\/kb\/<\/u><u><em>cookies<\/em><\/u><u>s-sitios-de-informaci\u00f3n-store-en-su-ordenador<\/u><\/a><br><strong><br>Cromo<\/strong><br><a href=\"https:\/\/support.google.com\/chrome\/bin\/answer.py?hl=en&amp;answer=95647&amp;topic=14666&amp;ctx=topic\">https:\/\/support.google.com\/chrome\/bin\/answer.py?hl=en&amp;answer=95647&amp;topic=14666&amp;ctx=topic<\/a><br><strong><br>Internet Explorer 8-10<\/strong><\/p>\n\n\n\n<figure class=\"wp-block-embed\"><div class=\"wp-block-embed__wrapper\">\nhttp:\/\/windows.microsoft.com\/en-US\/internet-explorer\/delete-manage-cookies\n<\/div><\/figure>\n\n\n\n<p><strong>Safari<\/strong><\/p>\n\n\n\n<p>http:\/\/support.apple.com\/it-it\/guide\/safari\/sfri11471\/mac<br><strong>DESACTIVAR\/DESCONECTAR O ELIMINAR LAS COOKIES<\/strong><\/p>\n\n\n\n<p>Los <em>cookies<\/em> puede ser restringido o bloqueado por la configuraci\u00f3n del <em>navegador<\/em>.<\/p>\n\n\n\n<p>Si el Usuario prefiere el <em>web<\/em> no memoricen alg\u00fan <em>cookies<\/em> en su computadora, necesita configurar el <em>navegador<\/em> para recibir una notificaci\u00f3n antes de archivar cada <em>cookies<\/em>. En alternativa, el Usuario puede configurar el <em>navegador<\/em> en modo que rechace todos los <em>cookies<\/em> o solo los <em>cookies<\/em> de terceras partes. El Usuario puede tambi\u00e9n eliminar todos los <em>cookies<\/em> ya presente en el sistema. Es importante destacar que la configuraci\u00f3n debe cambiarse por separado en cada <em>navegador<\/em> y ordenador utilizado.<\/p>\n\n\n\n<p>Si el Usuario configura el bloquo de  la memorizaci\u00f3n de los <em>cookies<\/em>, ya no podemos garantizar el correcto funcionamiento del Sitio. Es posible que algunas funciones del sitio no est\u00e9n disponibles y que ya no sea posible ver ciertos sitios. <em>web<\/em>. En cada <em>navegador<\/em> los ajustes se cambian siguiendo un procedimiento diferente. Si es necesario, debe utilizar la funci\u00f3n Ayuda del para definir la configuraci\u00f3n correcta. <em>navegador<\/em>. Para desactivar los <em>cookies<\/em> proporcionado por el propio navegador. Si est\u00e1 utilizando un tel\u00e9fono m\u00f3vil, consulte su manual para obtener m\u00e1s informaci\u00f3n.<\/p>\n\n\n\n<p><strong>TRASFERENCIA DE DATOS EXTRA-UE<\/strong><\/p>\n\n\n\n<p>En este caso, el responsable del tratamiento asegura desde ahora que la transferencia de datos fuera de la UE se regular\u00e1 de acuerdo con las disposiciones del cap\u00edtulo V del Reglamento y se autorizar\u00e1 sobre la base de decisiones espec\u00edficas de la Uni\u00f3n Europea. Por lo tanto, se tomar\u00e1n todas las precauciones necesarias para garantizar la total protecci\u00f3n de los datos personales basando dicha transferencia: a) en las decisiones de adecuaci\u00f3n de los terceros pa\u00edses receptores expresadas por la Comisi\u00f3n Europea; b) en las garant\u00edas adecuadas ofrecidas por el tercero receptor en virtud del art. 46 del Reglamento; c) en la adopci\u00f3n de normas corporativas vinculantes.<\/p>\n\n\n\n<p><strong>MEDIDAS DE SEGURIDAD<\/strong><\/p>\n\n\n\n<p>Este Sitio procesa los datos de los Usuarios de manera legal y correcta, adoptando las medidas de seguridad adecuadas para evitar el acceso no autorizado, la divulgaci\u00f3n, la modificaci\u00f3n o la destrucci\u00f3n no autorizada de los datos. El tratamiento se realiza mediante herramientas inform\u00e1ticas y \/ o telem\u00e1ticas, con m\u00e9todos organizativos y con l\u00f3gica estrictamente relacionada con las finalidades indicadas. Adem\u00e1s del Controlador de datos, en algunos casos, las categor\u00edas de empleados involucrados en la organizaci\u00f3n del Sitio (administrativos, comerciales, de marketing, legales, administradores de sistemas) o sujetos externos (como proveedores de servicios t\u00e9cnicos de terceros, mensajeros postales) pueden tener acceso a los datos, proveedores de hosting, empresas de TI, agencias de comunicaci\u00f3n).<\/p>\n\n\n\n<p><strong>DERECHOS DEL USUARIO<\/strong><\/p>\n\n\n\n<p>De acuerdo con el Reglamento Europeo 679\/2016 (GDPR) y la legislaci\u00f3n nacional, el Usuario puede, en la forma y dentro de los l\u00edmites establecidos por la legislaci\u00f3n vigente, ejercer los siguientes derechos:<\/p>\n\n\n\n<p>- solicitar confirmaci\u00f3n de la existencia de datos personales que le conciernen (derecho de acceso);<\/p>\n\n\n\n<p>- conocer su origen;<\/p>\n\n\n\n<p>- recibir comunicaci\u00f3n inteligible;<\/p>\n\n\n\n<p>- tener - tener informaci\u00f3n sobre la l\u00f3gica, los m\u00e9todos y los prop\u00f3sitos del procesamiento; informaci\u00f3n sobre la l\u00f3gica, m\u00e9todos y prop\u00f3sitos del procesamiento;<\/p>\n\n\n\n<p>- solicitar la actualizaci\u00f3n, rectificaci\u00f3n, integraci\u00f3n, cancelaci\u00f3n, transformaci\u00f3n en forma an\u00f3nima, bloqueo de los datos tratados en violaci\u00f3n de la ley, incluidos aquellos que ya no sean necesarios para la consecuci\u00f3n de los fines para los que fueron recogidos;<\/p>\n\n\n\n<p>- en los casos de procesamiento basado en el consentimiento, recibir solo el costo de cualquier soporte, sus datos proporcionados al propietario, en una forma estructurada y legible por un procesador de datos y en un formato com\u00fanmente utilizado por un dispositivo electr\u00f3nico;<\/p>\n\n\n\n<p>- el derecho de presentar una reclamaci\u00f3n a la Autoridad de Control (Garante de la Privacidad).<\/p>\n\n\n\n<p>- as\u00ed como, de manera m\u00e1s general, el ejercicio de todos los derechos que le reconocen las disposiciones legales vigentes.<\/p>\n\n\n\n<p><strong>MODALIDAD DE EJERCER LOS DERECHOS<\/strong><\/p>\n\n\n\n<p>El interesado podr\u00e1 ejercitar en cualquier momento los derechos que se le atribuyen enviando una carta certificada con acuse de recibo a Nelly Dom\u00ednguez De Juan, con domicilio en Via Certosa 1\/G, 27100 San Genesio ed Uniti, Italia o un correo electr\u00f3nico a la direcci\u00f3n: info@ei-design.org<\/p>\n\n\n\n<p><strong>\u00daltima fecha de modificaci\u00f3n<\/strong><\/p>\n\n\n\n<p><strong>Abril 2021<\/strong><\/p>","protected":false},"excerpt":{"rendered":"<p>COOKIE POLICY La presente \u201cCookie Policy\u201d ha lo scopo di descrivere le modalit\u00e0 di gestione del Sito con riferimento all\u2019utilizzo dei cookie e al relativo trattamento dei dati personali degli Utenti che lo consultano. In ottemperanza degli obblighi derivanti dalla normativa nazionale e comunitaria (Regolamento Ue 679\/2016, GDPR) e successive modifiche, il presente Sito rispetta [&#8230;]","protected":false},"author":1,"featured_media":0,"parent":0,"menu_order":0,"comment_status":"closed","ping_status":"closed","template":"","meta":[],"_links":{"self":[{"href":"https:\/\/ei-design.org\/es\/wp-json\/wp\/v2\/pages\/18003"}],"collection":[{"href":"https:\/\/ei-design.org\/es\/wp-json\/wp\/v2\/pages"}],"about":[{"href":"https:\/\/ei-design.org\/es\/wp-json\/wp\/v2\/types\/page"}],"author":[{"embeddable":true,"href":"https:\/\/ei-design.org\/es\/wp-json\/wp\/v2\/users\/1"}],"replies":[{"embeddable":true,"href":"https:\/\/ei-design.org\/es\/wp-json\/wp\/v2\/comments?post=18003"}],"version-history":[{"count":4,"href":"https:\/\/ei-design.org\/es\/wp-json\/wp\/v2\/pages\/18003\/revisions"}],"predecessor-version":[{"id":18009,"href":"https:\/\/ei-design.org\/es\/wp-json\/wp\/v2\/pages\/18003\/revisions\/18009"}],"wp:attachment":[{"href":"https:\/\/ei-design.org\/es\/wp-json\/wp\/v2\/media?parent=18003"}],"curies":[{"name":"wp","href":"https:\/\/api.w.org\/{rel}","templated":true}]}}