{"id":14782,"date":"2020-11-25T10:39:12","date_gmt":"2020-11-25T09:39:12","guid":{"rendered":"http:\/\/ei-design.it\/?page_id=14782"},"modified":"2024-06-12T15:42:12","modified_gmt":"2024-06-12T13:42:12","slug":"termini-e-condizioni-creators","status":"publish","type":"page","link":"https:\/\/ei-design.org\/es\/termini-e-condizioni-creators\/","title":{"rendered":"T\u00e9rminos y condiciones de los creadores"},"content":{"rendered":"<div class=\"row\"  id=\"row-1531674002\">\n\n\n\t<div id=\"col-728180605\" class=\"col small-12 large-12\"  >\n\t\t<div class=\"col-inner text-center\" style=\"background-color:rgba(61, 213, 205, 0.28);border-radius:20px;\" >\n\t\t\t\n\t\t\t\n\n<h2>&nbsp;<\/h2>\n<h2 style=\"text-align: center;\"><strong><u>T\u00c9RMINOS y CONDICIONES  para los CREADORES<\/u><\/strong><strong style=\"font-size: 23.04px;\">&nbsp; <em>(Anexo B)<\/em><\/strong><\/h2>\n\n\t\t<\/div>\n\t\t\n<style>\n#col-728180605 > .col-inner {\n  padding: 0px 1px 16px 0px;\n  margin: 0px -1px 2px -7px;\n}\n<\/style>\n\t<\/div>\n\n\t\n\n<\/div>\n<p><span style=\"color: #333333;\">El presente documento contiene los T\u00e9rminos y Condiciones Generales en base a los cuales:<\/span><\/p>\n<p><span style=\"color: #333333;\">1. <strong>Creador:<\/strong>sujetos distintos del Proveedor del Servicio de Intermediaci\u00f3n On-Line, proponen a los Usuarios <strong>promoci\u00f3n de sus propios proyectos<\/strong> en la Plataforma <strong><em>eiDesign<\/em><\/strong>;<\/span><\/p>\n<p><span style=\"color: #333333;\"><strong><u>INTRODUCCI\u00d3N a los ANEXOS<\/u><\/strong><\/span><\/p>\n<p><span style=\"color: #333333;\">Todo el contenido de la Plataforma es propiedad del Proveedor de Servicios.<\/span><\/p>\n<p><span style=\"color: #333333;\">Los contenidos presentes en las p\u00e1ginas personales de los Creadores son propiedad de los mismos, quienes conceden al Proveedor de Servicios, de forma gratuita, el derecho no exclusivo de procesar los contenidos con el fin de operar y mantener la Plataforma.<\/span><\/p>\n<p><span style=\"color: #333333;\">Los Creadores no podr\u00e1n utilizar el contenido de la Plataforma salvo en la medida en que sea expl\u00edcitamente necesario o impl\u00edcito para el correcto uso del Servicio de Intermediaci\u00f3n.<\/span><\/p>\n<p><span style=\"color: #333333;\">Los usuarios no pueden utilizar el contenido de la Plataforma salvo en la medida en que sea expl\u00edcitamente necesario o impl\u00edcito para la navegaci\u00f3n y\/o el uso adecuado del Servicio de Intermediaci\u00f3n.<\/span><\/p>\n<p><span style=\"color: #333333;\"><strong><u>1.DEFINICIONES<\/u><\/strong><u><br \/><\/u>Para permitir la plena comprensi\u00f3n y aceptaci\u00f3n de estos t\u00e9rminos y condiciones, los siguientes t\u00e9rminos tendr\u00e1n el significado que se indica a continuaci\u00f3n:<\/span><\/p>\n<p><span style=\"color: #333333;\"><strong>La Plataforma, la p\u00e1gina web:<\/strong>el servicio de intermediaci\u00f3n online, llamado <strong><em>eiDesign,<\/em><\/strong> que consiente poner en contacto Usuarios con Creadores.<\/span><\/p>\n<p><span style=\"color: #333333;\"><strong>El proveedor de servicios: <\/strong>el titular del servicio de intermediaci\u00f3n online es, para <strong><em>eiDesign<\/em><\/strong>Nelly Dom\u00ednguez De Juan, con domicilio en Via Certosa 1, 27010 San Genesio ed Uniti (PV), C\u00f3digo Fiscal DMNNLY74A69Z131B, CIF 02525290181, correo electr\u00f3nico <a style=\"color: #333333;\" href=\"mailto:info@ei-design.org\"><em>info@ei-design.org<\/em><\/a><em>,<\/em> PEC\u00a0<em>nellydominguezdejuan@pec.it.<\/em><\/span><\/p>\n<p><span style=\"color: #333333;\"><strong>Creador:<\/strong>: la persona che agisce secondo quanto specificato al punto precedente, ma limita la propria attivit\u00e0 in seno alla Piattaforma alla promozione dei propri progetti attraverso la propria pagina personale; <u>. La identidad del Creador debe ser claramente visible en la Plataforma<\/u>.<\/span><\/p>\n<p><span style=\"color: #333333;\"><strong>Usuario:<\/strong>cualquier persona que acceda y \"navegue\" por la Plataforma;<\/span><\/p>\n<p><span style=\"color: #333333;\"><strong>Usuario registrado:<\/strong>el sujeto que interact\u00faa con los servicios <strong><em>eiDesign<\/em><\/strong> en virtud de su registro en la Plataforma;<\/span><\/p>\n<p><span style=\"color: #333333;\"><strong>Condiciones de uso:<\/strong>el presente contrato regula la relaci\u00f3n contractual entre el Proveedor del Servicio de Intermediaci\u00f3n y el Creador.<\/span><\/p>\n<p><span style=\"color: #333333;\"><strong>Soporte duradero:<\/strong> cualquier instrumento que permita al  Proveedor tercero almacenar la informaci\u00f3n personalmente dirigida a \u00e9l de forma que pueda acceder a ella en el futuro y durante un periodo de tiempo adecuado a los fines a los que se destina, y que permita la reproducci\u00f3n id\u00e9ntica de la informaci\u00f3n almacenada; cualquier comunicaci\u00f3n procedente tanto del Proveedor de Servicios como del Creador deber\u00e1 realizarse mediante un soporte duradero.<\/span><\/p>\n<p><span style=\"color: #333333;\"><strong><u>2.INSCRIPCI\u00d3N DEL USUARIO;<\/u><\/strong><\/span><\/p>\n<p><span style=\"color: #333333;\">Para interactuar con los servicios de <em><u>eiDesign<\/u><\/em> , el Usuario debe registrarse proporcionando todos los datos e informaci\u00f3n solicitados de forma completa y veraz, obteniendo as\u00ed una cuenta personal.<\/span><br \/><span style=\"color: #333333;\">Es responsabilidad de los Usuarios mantener sus credenciales de acceso seguras y confidenciales; para ello, los Usuarios deben elegir una contrase\u00f1a que cumpla con el m\u00e1s alto nivel de seguridad disponible en este Sitio Web. Al crear una cuenta, el usuario acepta ser plenamente responsable de todas y cada una de las actividades que se realicen con sus credenciales de acceso. Los usuarios est\u00e1n obligados a informar sin demora al Proveedor de Servicios a trav\u00e9s de los datos de contacto proporcionados en la Plataforma si creen que su informaci\u00f3n personal, como la cuenta de usuario, las credenciales de acceso o los datos personales, ha sido pirateada, divulgada ilegalmente o robada.<\/span><\/p>\n<p><span style=\"color: #333333;\">El Usuario se registra en la Web <em><u>eiDesign<\/u><\/em> utilizando el formulario correspondiente que aparece en la pantalla, indicando, en el lado derecho, en el primer espacio la direcci\u00f3n de correo electr\u00f3nico y en el segundo espacio una contrase\u00f1a de su elecci\u00f3n, que ser\u00e1 confidencial. En la parte inferior de los espacios, el Usuario encontrar\u00e1 un enlace con los Terminos y Condiciones, que deber\u00e1 leer detenidamente; una vez que haya aceptado estas Condiciones marcando la casilla correspondiente, el Usuario pulsar\u00e1 el bot\u00f3n \"registrarse\". A continuaci\u00f3n, a la direcci\u00f3n de correo electr\u00f3nico que se acaba de enviar, se enviar\u00e1 una comunicaci\u00f3n por correo electr\u00f3nico que contiene un \"enlace\" que, una vez seleccionado, volver\u00e1 a abrir el formulario inicial; en este momento, el Usuario volver\u00e1 a introducir su correo electr\u00f3nico y su contrase\u00f1a, esta vez en la parte izquierda del formulario, en los dos espacios previstos para ello; seleccionando el bot\u00f3n correspondiente, el Usuario acceder\u00e1 a su Cuenta, identificada por el correo electr\u00f3nico y acompa\u00f1ada de la contrase\u00f1a.<\/span><\/p>\n<p><span style=\"color: #333333;\"><strong><u>3. ISCRIZIONE CREATORS;<\/u><\/strong><\/span><\/p>\n<p><span style=\"color: #333333;\">el usuario que quiera convertirse en Creator y formar parte de la Comunidad de Creadores de <em><u>eiDesign<\/u><\/em> enviar\u00e1 una solicitud via email a info@ei-design.org<\/span><\/p>\n<p><span style=\"color: #333333;\">el usuario deber\u00e1 seguir el procedimiento de inscripci\u00f3n rellenando todos los datos solicitados en el Formulario que le llegar\u00e1 a trav\u00e9s del link que <em><u>eiDesign<\/u><\/em>\u00a0enviar\u00e1. El Usuario a su vez aceptar\u00e1 los presentes T\u00e9rminos y Condiciones marcando la casilla correspondiente. En este momento, el usuario har\u00e1 clic en el bot\u00f3n CONFIRMAR y recibir\u00e1 un correo electr\u00f3nico confirmando que la suscripci\u00f3n se ha completado con \u00e9xito a <em><u>eiDesign<\/u><\/em>.<\/span><\/p>\n<p><span style=\"color: #333333;\"><em>eiDesign<\/em> ofrece <u>un a\u00f1o de inscripci\u00f3n<\/u> con la posibilidad de renvarlo al a\u00f1o siguiente.<\/span><\/p>\n<p><span style=\"color: #333333;\">L&#8217;iscrizzione\u00a0 consente all\u2019Utente del Sito, tramite il proprio account, di poter accedere al Network di <em><u>eiDesign<\/u><\/em> a trav\u00e9s de su propia p\u00e1gina personal.<\/span><\/p>\n<p><span style=\"color: #333333;\">En las operaciones descritas anteriormente, el Creador deber\u00e1 indicar la informaci\u00f3n solicitada de forma completa y veraz, asumiendo toda la responsabilidad de la Ley en caso de falsedad.<\/span><\/p>\n<p><span style=\"color: #333333;\">Es responsabilidad de los Creadores mantener sus credenciales de acceso seguras y preservar su confidencialidad. Para ello, los Usuarios deben elegir una contrase\u00f1a que se ajuste al m\u00e1ximo nivel de seguridad disponible en este Sitio Web.<\/span><\/p>\n<p><span style=\"color: #333333;\">Al crear una cuenta, el Creador acepta ser plenamente responsable de todas las actividades realizadas con sus credenciales de acceso. El Creador est\u00e1 obligado a informar al Proveedor de Servicios de forma inmediata e inequ\u00edvoca a trav\u00e9s de los datos de contacto indicados en este documento si cree que su informaci\u00f3n personal, como la cuenta de Usuario, las credenciales de acceso o los datos personales, ha sido violada, difundida il\u00edcitamente o robada.<\/span><\/p>\n<p><span style=\"color: #333333;\"><strong><u>4.ACCETTAZIONE INSCRIZIONI DA PARTE DELLA PIATTAFORMA<\/u><\/strong><\/span><\/p>\n<p><span style=\"color: #333333;\">La Plataforma se reserva el derecho de aprobar o rechazar la solicitud de suscripci\u00f3n de un Creador con el fin de proporcionar un nivel de contenido en la Plataforma acorde con el est\u00e1ndar de calidad.<\/span><\/p>\n<p><span style=\"color: #333333;\">En caso de no aprobaci\u00f3n por parte de la Plataforma por parte de un Creador, <em><u>eiDesign<\/u> <\/em>\u00a0enviar\u00e1 al Creador un email para informarlo de que su candidatura no ha sido aprobada.\u00a0<\/span><\/p>\n<p><span style=\"color: #333333;\">In caso di accettazione da parte della Piattaforma della iscrizione da parte di un Creator, quest\u2019ultimo potr\u00e0 recedere in ogni momento e senza alcuna motivazione dal contratto inviando una email al Fornitore del Servizio.<\/span><\/p>\n<p><strong style=\"color: #333333; font-size: 14.4px;\"><u>5. RESPONSABILITA\u2019 dei CONTENUTI<\/u><\/strong><\/p>\n<p><span style=\"color: #333333;\">El Creador, cuya identidad debe ser claramente visible en la Plataforma, es el \u00fanico responsable de los contenidos cargados, publicados, compartidos o en cualquier caso suministrados a <em><u>eiDesign<\/u><\/em>. El Creador declara expresamente que asume dicha responsabilidad y que mantendr\u00e1 indemne al Prestador de Servicios de cualquier reclamaci\u00f3n realizada y\/o da\u00f1o sufrido por los contenidos facilitados u ofrecidos por el Creador a trav\u00e9s de la Plataforma.<\/span><\/p>\n<p><span style=\"color: #333333;\">Il Creator, comunque, accetta che il\u00a0Fornitore del Servizio controlli preventivamente ed a propria assoluta discrezionalit\u00e0 tali contenuti e dia approvazione alla pubblicazione, fermo restando a totale carico del Creator e ogni responsabilit\u00e0 giuridica in sede civile\/penale\/amministrativa per quanto proveniente dal Creator .<\/span><\/p>\n<p><span style=\"color: #333333;\">El Proveedor de Servicios, en cualquier caso y en cualquier momento, se reserva el derecho de eliminar, borrar, bloquear o rectificar el contenido a su absoluta discreci\u00f3n.<\/span><\/p>\n<p><span style=\"color: #333333;\">El Proveedor de Servicios puede denegar el acceso a la Plataforma al Creador en los siguientes casos:<\/span><\/p>\n<ul>\n<li><span style=\"color: #333333;\">si el contenido de lo publicado no se ajusta al esp\u00edritu de la Plataforma, seg\u00fan los principios de educaci\u00f3n, sentido com\u00fan, decencia, decoro, respeto a toda Persona, Pueblo, Naci\u00f3n, Estado, Religi\u00f3n, Sexo, Raza, Lengua, Cultura, Tradici\u00f3n y Costumbre.<\/span><\/li>\n<li><span style=\"color: #333333;\">si ha recibido una queja y\/o un informe en relaci\u00f3n con dicho contenido;<\/span><\/li>\n<li><span style=\"color: #333333;\">si ha recibido una notificaci\u00f3n de infracci\u00f3n de los derechos de propiedad intelectual;<\/span><\/li>\n<li><span style=\"color: #333333;\">por orden de cualquier autoridad institucional;<\/span><\/li>\n<li><span style=\"color: #333333;\">si dicho contenido puede suponer un riesgo y\/o peligro para los Usuarios, Creadores o cualquier Tercero o para la propia Plataforma.<\/span><\/li>\n<\/ul>\n<p><span style=\"color: #333333;\">La eliminaci\u00f3n, borrado, bloqueo, rectificaci\u00f3n de los contenidos ni la exclusi\u00f3n del acceso de los Creadores no constituir\u00e1 ning\u00fan supuesto de incumplimiento, ni excepci\u00f3n de incumplimiento, reclamaci\u00f3n de indemnizaci\u00f3n, reembolso o resarcimiento a favor de los Creadores responsables de dichos contenidos.<\/span><\/p>\n<p><span style=\"color: #333333;\">El Proveedor informar\u00e1 de cualquier actividad censurable realizada a trav\u00e9s de la Plataforma a las Autoridades Competentes siempre que el Creador y\/o Creador Vendedor incurra en violaciones de la ley, reglamentos, \u00f3rdenes, disciplina.<\/span><\/p>\n<p><strong style=\"color: #333333; font-size: 14.4px;\"><u>6. MODIFICHE dei TERMINI e CONDIZIONI<\/u><\/strong><\/p>\n<p><span style=\"color: #333333;\">El Proveedor de servicios comunicar\u00e1 a trav\u00e9s de un medio duradero a los Creadores interesados \u200b\u200bcualquier cambio propuesto en sus t\u00e9rminos y condiciones.<\/span><\/p>\n<p><span style=\"color: #333333;\">Il Fornitore del servizio non potr\u00e0 imporre modifiche retroattive dei termini e delle condizioni, tranne nel caso siano tenuti a rispettare un obbligo normativo o regolamentare.<\/span><\/p>\n<p><span style=\"color: #333333;\">Los cambios propuestos no se aplicar\u00e1n antes de la expiraci\u00f3n de un per\u00edodo de notificaci\u00f3n que sea razonable y proporcional a la naturaleza y alcance de dichos cambios y sus consecuencias para el Creador en cuesti\u00f3n. Este per\u00edodo de notificaci\u00f3n ser\u00e1 de al menos 15 d\u00edas a partir de la fecha en que el Creador, informa a los Usuarios de los cambios propuestos.\u00a0<\/span><\/p>\n<p><span style=\"color: #333333;\">Il Creator interessato avr\u00e0 il diritto di risolvere il contratto con il Fornitore del Servizio prima della scadenza del termine di preavviso. Tale risoluzione ha effetto entro 15 giorni dal ricevimento della notifica delle modifiche proposte.<\/span><\/p>\n<p><span style=\"color: #333333;\">En cualquier momento despu\u00e9s de recibir la notificaci\u00f3n antes mencionada, el Creador interesado podr\u00e1 renunciar al per\u00edodo de notificaci\u00f3n mediante una declaraci\u00f3n escrita o una acci\u00f3n clara y afirmativa.<\/span><\/p>\n<p><span style=\"color: #333333;\">El Prestador de Servicios se reserva el derecho de modificar a su criterio, en cualquier momento, la interfaz gr\u00e1fica de la Plataforma, sus contenidos y su organizaci\u00f3n, as\u00ed como cualquier otro aspecto que caracterice su funcionalidad y gesti\u00f3n, comunic\u00e1ndolo por escrito al Usuario, cuando sea necesario, las instrucciones correspondientes.<\/span><\/p>\n<p><strong style=\"color: #333333; font-size: 14.4px;\"><u>7. LEGGE APPLICABILE e FORO COMPETENTE<\/u><\/strong><\/p>\n<p><span style=\"color: #333333;\">Estos T\u00e9rminos y Condiciones est\u00e1n sujetos a la ley italiana. Cualquier disputa relacionada con la aplicaci\u00f3n, ejecuci\u00f3n e interpretaci\u00f3n de estos T\u00e9rminos y Condiciones se remitir\u00e1 al tribunal de Pav\u00eda (Italia).<\/span><\/p>\n<p align=\"JUSTIFY\"><em><span style=\"font-size: 85%;\">\u00daltima fecha de publicaci\u00f3n Junio 2024<\/span><\/em><\/p>\n<p>\u00a0<\/p>\n<p align=\"JUSTIFY\">\u00a0<\/p>","protected":false},"excerpt":{"rendered":"<p>Il presente documento riporta i Termini e le Condizioni Generali sulla base dei quali i: 1. Creator, soggetti diversi dal Fornitore del Servizio di Intermediazione on Line, propongono agli Utenti promozione dei propri progetti sulla Piattaforma eiDesign; PREMESSA agli ALLEGATI Tutti i contenuti della Piattaforma sono di propriet\u00e0 del Fornitore del Servizio. I contenuti presenti [&#8230;]","protected":false},"author":1,"featured_media":0,"parent":0,"menu_order":0,"comment_status":"closed","ping_status":"closed","template":"","meta":[],"_links":{"self":[{"href":"https:\/\/ei-design.org\/es\/wp-json\/wp\/v2\/pages\/14782"}],"collection":[{"href":"https:\/\/ei-design.org\/es\/wp-json\/wp\/v2\/pages"}],"about":[{"href":"https:\/\/ei-design.org\/es\/wp-json\/wp\/v2\/types\/page"}],"author":[{"embeddable":true,"href":"https:\/\/ei-design.org\/es\/wp-json\/wp\/v2\/users\/1"}],"replies":[{"embeddable":true,"href":"https:\/\/ei-design.org\/es\/wp-json\/wp\/v2\/comments?post=14782"}],"version-history":[{"count":68,"href":"https:\/\/ei-design.org\/es\/wp-json\/wp\/v2\/pages\/14782\/revisions"}],"predecessor-version":[{"id":27840,"href":"https:\/\/ei-design.org\/es\/wp-json\/wp\/v2\/pages\/14782\/revisions\/27840"}],"wp:attachment":[{"href":"https:\/\/ei-design.org\/es\/wp-json\/wp\/v2\/media?parent=14782"}],"curies":[{"name":"wp","href":"https:\/\/api.w.org\/{rel}","templated":true}]}}