{"id":14780,"date":"2020-11-25T10:38:42","date_gmt":"2020-11-25T10:38:42","guid":{"rendered":"http:\/\/ei-design.it\/?page_id=14780"},"modified":"2021-07-08T14:56:37","modified_gmt":"2021-07-08T12:56:37","slug":"termini-e-condizioni-utenti","status":"publish","type":"page","link":"https:\/\/ei-design.org\/es\/termini-e-condizioni-utenti\/","title":{"rendered":"Termini e Condizioni Utenti"},"content":{"rendered":"<div class=\"row\"  id=\"row-881795057\">\n\n\n\t<div id=\"col-1483378188\" class=\"col small-12 large-12\"  >\n\t\t<div class=\"col-inner\" style=\"background-color:rgba(238, 100, 186, 0.14);border-radius:20px;\" >\n\t\t\t\n\t\t\t\n\n<h2>\u00a0<\/h2>\n<h2 style=\"text-align: center;\"><strong><u>T\u00c9RMINOS y CONDICIONES para <span style=\"background-color: #00ffff;\">USUARIOS<\/span><\/u><\/strong><strong>\u00a0 <em>(Anexo B)<\/em><\/strong><\/h2>\n\n\t\t<\/div>\n\t\t\n<style>\n#col-1483378188 > .col-inner {\n  padding: 0px 0px 21px 0px;\n  margin: 0px 0px 7px 0px;\n}\n<\/style>\n\t<\/div>\n\n\t\n\n<\/div>\n<p>Este documento contiene T\u00e9rminos y Condiciones que rigen las condiciones de uso de la Plataforma <em>eiDesign<\/em> por los usuarios.<\/p>\n<p><strong><u>INTRODUCCI\u00d3N a los ANEXOS<\/u><\/strong><\/p>\n<p>Todos los contenidos de la Plataforma son propiedad del Proveedor de Servicios, excepto los de las p\u00e1ginas personales de los Creadores, que son propiedad de estos \u00faltimos, quienes conceden al Proveedor de Servicios, de forma gratuita, el derecho no exclusivo de procesar dichos contenidos con el fin de operar y mantener la Plataforma.<\/p>\n<p>Los usuarios no podr\u00e1n utilizar el contenido de la Plataforma y\/o de los Creadores salvo en la medida en que sea expl\u00edcitamente necesario o impl\u00edcito para la navegaci\u00f3n y\/o el uso adecuado del Servicio de Intermediaci\u00f3n.<\/p>\n<p><strong><u>1.DEFINICIONES<\/u><\/strong><u><br \/><\/u>Para permitir la plena comprensi\u00f3n y aceptaci\u00f3n de estos t\u00e9rminos y condiciones, los siguientes t\u00e9rminos tendr\u00e1n el significado que se indica a continuaci\u00f3n:<\/p>\n<p><strong>La Plataforma, la p\u00e1gina web:<\/strong>el servicio de intermediaci\u00f3n online, llamado <strong><em>eiDesign,<\/em><\/strong> que permite poner en contacto a los Usuarios interesados en los productos puestos a la venta por los Creadores-Vendedores; peque\u00f1a empresa seg\u00fan el Anexo de la Recomendaci\u00f3n 2003\/361\/CE.<\/p>\n<p><strong>El proveedor de servicios: <\/strong>el titular del servicio de intermediaci\u00f3n online es para <strong><em>eiDesign<\/em><\/strong> Nelly Dom\u00ednguez De Juan, con domicilio en Via Certosa 1, 27010 San Genesio ed Uniti (PV), C\u00f3digo Fiscal DMNNLY74A69Z131B, CIF 02525290181, e-mail <a href=\"mailto:info@ei-design.org\"><em>info@ei-design.org<\/em><\/a><em>,<\/em> PEC&nbsp;<em>nellydominguezdejuan@pec.it ,<\/em>peque\u00f1a empresa en el sentido del anexo de la Recomendaci\u00f3n 2003\/361\/CE.<\/p>\n<p><strong>Creador Vendedor (Vendedor, Proveedor de terceros, Usuario comercial en el Reg.UE 2019\/1150)<\/strong> : la persona f\u00edsica o jur\u00eddica que, actuando en el ejercicio de su propia actividad comercial, artesanal o profesional, vende Productos a trav\u00e9s de la Plataforma, cuyos datos de identificaci\u00f3n se indican en las p\u00e1ginas de los Productos correspondientes; adquieren esta condici\u00f3n al suscribirse a las suscripciones Basic y Pro;<\/p>\n<p><strong>Creador:<\/strong>la persona que act\u00faa como se especifica en el punto anterior, pero limita su actividad dentro de la Plataforma a la promoci\u00f3n de sus proyectos a trav\u00e9s de la publicaci\u00f3n y los v\u00eddeos en su p\u00e1gina personal; accede a esta condici\u00f3n mediante la suscripci\u00f3n a la modalidad Free (gratuita)<\/p>\n<p><strong>Usuario:<\/strong>cualquier persona que acceda y \"navegue\" por la Plataforma;<\/p>\n<p><strong>Usuario registrado:<\/strong>el sujeto que interact\u00faa con los servicios <strong><em>eiDesign<\/em><\/strong> en virtud de su registro en la Plataforma;<\/p>\n<p><strong>Usuario Consumidor:<\/strong>la persona f\u00edsica mayor de edad que concluye un contrato con fines ajenos a su actividad empresarial, comercial, artesanal o profesional;<\/p>\n<p><strong>Usuario no consumidor:<\/strong>la persona f\u00edsica mayor de edad o la persona jur\u00eddica que concluye un contrato para la realizaci\u00f3n o las exigencias de su actividad empresarial, comercial, artesanal o profesional;<\/p>\n<p><strong>Condiciones de uso:<\/strong>los presentes T\u00e9rminos y Condiciones Generales regulan el uso por parte del Usuario registrado de los servicios ofrecidos por la Plataforma.<\/p>\n<p><strong>Soporte duradero:<\/strong>cualquier instrumento que permita al  Proveedor tercero almacenar la informaci\u00f3n personalmente dirigida a \u00e9l de forma que pueda acceder a ella en el futuro y durante un periodo de tiempo adecuado a los fines a los que se destina, y que permita la reproducci\u00f3n id\u00e9ntica de la informaci\u00f3n almacenada; cualquier comunicaci\u00f3n procedente tanto del Proveedor de Servicios como del Vendedor-Creador deber\u00e1 realizarse mediante un soporte duradero.<\/p>\n<p><strong><u>2. \u00c1MBITO DE APLICACI\u00d3N de los T\u00c9RMINOS y CONDICIONES para el Usuario Registrado.<\/u><\/strong><\/p>\n<p>Para utilizar los servicios de <em><u>eiDesign<\/u><\/em> a trav\u00e9s de la creaci\u00f3n de una cuenta, el Usuario puede seguir y enviar mensajes a los Creadores y Vendedores de Creadores miembros de la Red, as\u00ed como comprar productos y controlar sus pedidos y pagos.<\/p>\n<p>Las presentes Condiciones Generales regulan el uso por parte del Usuario registrado de los servicios ofrecidos por la Plataforma.<\/p>\n<p><em><u>Nota importante<\/u><\/em><em>: <u>se evidencia que <strong>el Proovedor del Servicio no forma parte de la relaci\u00f3n contractual y\/o precontractual que se establece exclusivamente entre los Usuarios y los Vendedores<\/strong> y como tal, en su calidad exclusiva de mero Proveedor del Servicio de Intermediaci\u00f3n<strong>no tiene ninguna responsabilidad derivada de las relaciones establecidas entre dichas partes.<\/strong><\/u><\/em><\/p>\n<p><strong><em><u>Por lo tanto, cualquier contrato concluido entre los Vendedores y los Usuarios no est\u00e1 sujeto a estos T\u00e9rminos y Condiciones ni a las normas establecidas en la Plataforma.<\/u><\/em><\/strong><strong>.<\/strong><\/p>\n<p><span style=\"color: #333333;\"><strong><u>3 .REGISTRO del USUARIO A LA WEB;<\/u><\/strong><\/span><\/p>\n<p>Para interactuar con los servicios de <em><u>eiDesign<\/u><\/em> , el Usuario debe registrarse proporcionando todos los datos e informaci\u00f3n solicitados de forma completa y veraz, obteniendo as\u00ed una cuenta personal.<br \/>Es responsabilidad de los Usuarios mantener sus credenciales de acceso seguras y confidenciales; para ello, los Usuarios deben elegir una contrase\u00f1a que cumpla con el m\u00e1s alto nivel de seguridad disponible en este Sitio Web. Al crear una cuenta, el usuario acepta ser plenamente responsable de todas y cada una de las actividades que se realicen con sus credenciales de acceso. Los usuarios est\u00e1n obligados a informar sin demora al Proveedor de Servicios a trav\u00e9s de los datos de contacto proporcionados en la Plataforma si creen que su informaci\u00f3n personal, como la cuenta de usuario, las credenciales de acceso o los datos personales, ha sido pirateada, divulgada ilegalmente o robada.<\/p>\n<p>El Usuario se registra en la Web <em><u>eiDesign<\/u><\/em> utilizando el formulario correspondiente que aparece en la pantalla, indicando, en el lado derecho, en el primer espacio la direcci\u00f3n de correo electr\u00f3nico y en el segundo espacio una contrase\u00f1a de su elecci\u00f3n, que ser\u00e1 confidencial. <strong><u>En la parte inferior de los espacios el Usuario encontrar\u00e1 un enlace a los presentes T\u00e9rminos y Condiciones que deber\u00e1 leer detenidamente.<\/u><\/strong>Una vez le\u00eddos los T\u00e9rminos y Condiciones, el Usuario har\u00e1 clic en el bot\u00f3n \"registrarse\". El registro del Usuario se entiende como una aceptaci\u00f3n de estos T\u00e9rminos y Condiciones. Posteriormente, a la direcci\u00f3n de correo electr\u00f3nico reci\u00e9n enviada, se enviar\u00e1 una comunicaci\u00f3n por correo electr\u00f3nico que contendr\u00e1 un \"enlace\" que, una vez seleccionado, reabrir\u00e1 el formulario inicial; en este momento el Usuario introducir\u00e1 de nuevo el correo electr\u00f3nico y la contrase\u00f1a, esta vez en la parte izquierda del formulario, en los dos espacios previstos para ello; seleccionando el bot\u00f3n correspondiente, el Usuario acceder\u00e1 a su Cuenta, identificada por el correo electr\u00f3nico y acompa\u00f1ada de la contrase\u00f1a.<\/p>\n<p><strong><u>4. RESPONSABILIDAD DEL CONTENIDO<\/u><\/strong><\/p>\n<p>El usuario es el \u00fanico responsable de los contenidos cargados, publicados, compartidos o proporcionados de cualquier otra forma a <em><u>eiDesign<\/u><\/em>. El Usuario declara expresamente que asume esta responsabilidad y que mantendr\u00e1 indemne al Prestador de Servicios frente a cualquier reclamaci\u00f3n y\/o da\u00f1o sufrido como consecuencia de los contenidos facilitados u ofrecidos por el Usuario a trav\u00e9s de la Plataforma.<\/p>\n<p>L\u2019Utente, comunque, accetta che il&nbsp;Fornitore del Servizio controlli preventivamente ed a propria assoluta discrezionalit\u00e0 tali contenuti e dia approvazione alla pubblicazione, fermo restando a totale carico dell\u2019Utente ogni responsabilit\u00e0 giuridica in sede civile\/penale\/amministrativa per quanto proveniente dall\u2019Utente.<\/p>\n<p>El Proveedor de Servicios, en cualquier caso y en cualquier momento, se reserva el derecho de eliminar, borrar, bloquear o rectificar el contenido a su absoluta discreci\u00f3n.<\/p>\n<p>El Proveedor de Servicios puede denegar el acceso a la Plataforma al Usuario que carg\u00f3 sin previo aviso:<\/p>\n<ul>\n<li>si el contenido de lo publicado no se ajusta al esp\u00edritu de la Plataforma, seg\u00fan los principios de educaci\u00f3n, sentido com\u00fan, decencia, decoro, respeto a toda Persona, Pueblo, Naci\u00f3n, Estado, Religi\u00f3n, Sexo, Raza, Lengua, Cultura, Tradici\u00f3n y Costumbre.<\/li>\n<li>si ha recibido una queja y\/o un informe en relaci\u00f3n con dicho contenido;<\/li>\n<li>si ha recibido una notificaci\u00f3n de infracci\u00f3n de los derechos de propiedad intelectual;<\/li>\n<li>por orden de cualquier autoridad institucional;<\/li>\n<li>si dicho contenido puede suponer un riesgo y\/o peligro para los Usuarios, Creadores o cualquier Tercero o para la propia Plataforma.<\/li>\n<\/ul>\n<p>La eliminaci\u00f3n, borrado, bloqueo, rectificaci\u00f3n de los contenidos ni la imposibilidad de acceso por parte del Usuario no constituir\u00e1 ning\u00fan supuesto incumplimiento, ni alegaci\u00f3n de incumplimiento, reclamaci\u00f3n, reembolso o indemnizaci\u00f3n a favor de los Usuarios responsables de dichos contenidos.<\/p>\n<p>El Proveedor de Servicios denunciar\u00e1 a las Autoridades Competentes cualquier actividad reprobable realizada a trav\u00e9s de la Plataforma siempre que el Usuario infrinja leyes, reglamentos, \u00f3rdenes, normas y regulaciones.<\/p>\n<p><span style=\"color: #333333;\"><strong><u>5. MODALIDAD DE COMPRA a trav\u00e9s de la PLATAFORMA<\/u><\/strong><\/span><\/p>\n<p>La Plataforma permite la utilizaci\u00f3n del Servicio de Intermediaci\u00f3n \u00fanicamente a los Usuarios que hayan alcanzado la mayor\u00eda de edad (18 a\u00f1os); para los menores de edad, se requerir\u00e1 la autorizaci\u00f3n de los padres o de quienes ejerzan la responsabilidad sobre los propios menores.<\/p>\n<p>La oferta de los Productos a trav\u00e9s de la Plataforma constituye una oferta al p\u00fablico que, una vez aceptada por el Usuario, dar\u00e1 lugar a la realizaci\u00f3n del contrato de compraventa directamente entre el Usuario y el Vendedor-Creador.<\/p>\n<p><u>El Usuario adquiere el Producto a trav\u00e9s de los siguientes pasos: <\/u><\/p>\n<p>selecciona el Producto; a\u00f1ade el Producto a la cesta de la compra; visualiza los T\u00e9rminos y Condiciones del Vendedor (env\u00edo, devoluciones y cualquier garant\u00eda) en la p\u00e1gina del producto del Vendedor en el bot\u00f3n Men\u00fa-Descripci\u00f3n; luego hace click en el bot\u00f3n apropiado \"<em>PROCEDER CON EL PEDIDO<\/em>\"; rellena el campo \"<em>DATOS DE FACTURACI\u00d3N Y ENV\u00cdO<\/em>\" Si el usuario requiere requisitos especiales de entrega o quiere a\u00f1adir alguna comunicaci\u00f3n al pedido, puede hacerlo al final del formulario, en la casilla correspondiente \"Notas del pedido\"; pulsa el bot\u00f3n \"<em>CONTINUAR EN PAYPAL<\/em>\" y a trav\u00e9s de este servicio de transferencia de dinero prev\u00e9 el pago del Creador Vendedor a trav\u00e9s de la Plataforma.<\/p>\n<p>Una vez realizado el pago, el Vendedor-Creador y el Usuario reciben en su direcci\u00f3n de correo electr\u00f3nico indicado un mensaje de <em><u>eiDesign<\/u> <\/em>con la confirmaci\u00f3n del pedido que contiene el n\u00famero de pedido, la fecha del pedido, el nombre del Producto y la cantidad del mismo, el precio, los gastos de env\u00edo, cualquier otro cargo, el m\u00e9todo de pago (paypal), los datos del Creador Vendedor con el <em>enlace<\/em> directamente a la p\u00e1gina personal de este \u00faltimo en la Plataforma, los datos del Usuario, la direcci\u00f3n de entrega, la direcci\u00f3n de facturaci\u00f3n, el plazo de entrega, las modalidades de ejercicio del derecho de desistimiento del Usuario consumidor frente al Vendedor-Creador y la posible exclusi\u00f3n del desistimiento en caso de Usuario no consumidor y las posibles garant\u00edas.<\/p>\n<p><span style=\"color: #333333;\"><strong><u>6 .ENV\u00cdOS<\/u><\/strong><\/span><\/p>\n<p>El Creador-Vendedor dispondr\u00e1 directamente el env\u00edo a la direcci\u00f3n elegida por el Usuario-Comprador y enviar\u00e1 a la direcci\u00f3n de correo electr\u00f3nico indicada por \u00e9ste una comunicaci\u00f3n especificando los detalles del env\u00edo.<\/p>\n<p>Eventuales impuestos de aduana ser\u00e1n a cargo del Usuario comprador.<\/p>\n<p>En el caso de la compra de un producto digital, la entrega se realiza por correo electr\u00f3nico a la direcci\u00f3n elegida por el Usuario.<\/p>\n<p>El Creador Vendedor est\u00e1 obligado frente al Proveedor de Servicios a actualizar sus ofertas relativas a los Productos en venta y, en caso de agotamiento del Producto vendido, a devolver el precio pagado por el Usuario, a menos que \u00e9ste solicite expresamente la confirmaci\u00f3n del pedido en un momento posterior, debidamente informado por el Creador Vendedor sobre el calendario de suministro del Producto as\u00ed solicitado.<\/p>\n<p><span style=\"color: #333333;\"><strong><u>9. REENV\u00cdO A T\u00c9RMINOS Y CONDICIONES DEL VENDEDOR<\/u><\/strong><\/span><\/p>\n<p>La venta concluida entre el Vendedor Creador y el Usuario comprador se rige \u00edntegramente por los T\u00e9rminos y Condiciones (Env\u00edos y Devoluciones u otras posibles garant\u00edas adicionales) propuestas por el propio Vendedor Creador y aceptadas de acuerdo con lo dispuesto en el art. 5 anterior por el Usuario comprador.<\/p>\n<p><strong>El Usuario, por lo tanto, antes de concluir el contrato, debe tomar plena nota de los T\u00e9rminos y Condiciones del Creador Vendedor antes de proceder con la compra, tales como env\u00edos, devoluciones y posibles garant\u00edas adicionales. El Usuario puede ver los T\u00e9rminos y Condiciones del Creador del Vendedor en la misma p\u00e1gina que el producto, en el espacio apropiado reservado en el men\u00fa en el bot\u00f3n \"Descripci\u00f3n\".<\/strong><\/p>\n<p>Cabe destacar, por la especial relevancia de su contenido, que cualquier disposici\u00f3n relativa al derecho de desistimiento de los contratos concluidos con los Creadores-Vendedores a trav\u00e9s de la Plataforma, a las condiciones de devoluci\u00f3n, a la garant\u00eda de conformidad del Producto est\u00e1 sujeta a los T\u00e9rminos y Condiciones propuestos por el Creador-Vendedor en relaci\u00f3n con la venta del caso en cuesti\u00f3n.<\/p>\n<p><span style=\"color: #333333;\"><strong><u>8. PAGOS<\/u><\/strong><\/span><\/p>\n<p>Todos los pagos se realizan a trav\u00e9s de Paypal y se gestionan de forma independiente, que es un servicio ajeno a los ofrecidos por la Plataforma.<\/p>\n<p><em><u>eiDesign<\/u><\/em> no recopila datos de pago, como n\u00fameros de tarjetas de cr\u00e9dito; solo recibe una notificaci\u00f3n una vez que el pago ha sido realizado.<\/p>\n<p><span style=\"color: #333333;\"><strong><u>9. REEMBOLSOS<\/u><\/strong><\/span><\/p>\n<p>En el caso de una solicitud por parte del Usuario Comprador de reembolso del costo de un Producto, el Creador Vendedor dentro de los 3 d\u00edas posteriores a la recepci\u00f3n de la solicitud de reembolso del Usuario, debe notificar por escrito a <em><u>eiDesign<\/u><\/em> la solicitud y la decisi\u00f3n de que el reembolso se arregla a favor del Usuario comprador<strong>, <\/strong>indicando el importe del rembolso; <em><u>eiDesign<\/u><\/em>dentro de los 3 sucesivos d\u00edas rembolsar\u00e1 el importe al Usuar\u00edo.<\/p>\n<p>El Creador Vendedor podr\u00e1 comunicarse con eiDesign a trav\u00e9s de su panel de control; Bot\u00f3n Pedidos, seleccionando el n\u00famero de pedido y haciendo clic en el icono \"Solicitud de reembolso\" en el elemento del men\u00fa \"COMPARTIR\"<\/p>\n<p><span style=\"color: #333333;\"><strong><u>10 .MODIFICACI\u00d3N de TERMINOS y CONDICIONES<\/u><\/strong><\/span><\/p>\n<p>El Proveedor de servicios comunicar\u00e1 en un medio duradero a los Creadores interesados \u200b\u200bcualquier cambio propuesto a sus t\u00e9rminos y condiciones.<\/p>\n<p>El Proveedor de servicios no puede imponer cambios retroactivos a los t\u00e9rminos y condiciones, a menos que sean necesarios para cumplir con una obligaci\u00f3n legal o reglamentaria o cuando los cambios retroactivos sean beneficiosos para los usuarios comerciales.<\/p>\n<p>El Prestador de Servicios se reserva el derecho de modificar a su criterio, en cualquier momento, la interfaz gr\u00e1fica de la Plataforma, sus contenidos y su organizaci\u00f3n, as\u00ed como cualquier otro aspecto que caracterice su funcionalidad y gesti\u00f3n, comunic\u00e1ndolo por escrito al Usuario, cuando sea necesario, las instrucciones correspondientes.<\/p>\n<p><span style=\"color: #333333;\"><strong><u>11. LIMITACI\u00d3N, SUSPENSI\u00d3N y CESACI\u00d3N de la CUENTA del USUARIO<\/u><\/strong><\/span><\/p>\n<p>El Proveedor de Servicios puede decidir limitar o suspender el suministro a un Creador Vendedor en particular en relaci\u00f3n con bienes individuales comunic\u00e1ndole por escrito a este \u00faltimo, con anticipaci\u00f3n o en el momento en que la limitaci\u00f3n o suspensi\u00f3n o terminaci\u00f3n surta efecto, las razones de dicha decisi\u00f3n. con comunicaci\u00f3n escrita.<\/p>\n<p><span style=\"color: #333333;\"><strong><u>12. ACCESO A DATOS<\/u><\/strong><\/span><\/p>\n<p>El Proveedor del Servicio de intermediaci\u00f3n en l\u00ednea puede acceder a datos personales y otros datos proporcionados por los Creadores y Creadores vendedores para el uso de servicios de intermediaci\u00f3n en l\u00ednea o generados a trav\u00e9s de la prestaci\u00f3n de dichos servicios solo de acuerdo con el Reglamento de la UE 2016\/679 (GDPR) y, en particular, para la ejecuci\u00f3n del contrato entre el Proveedor de Servicios y el Vendedor y la ejecuci\u00f3n de las medidas precontractuales adoptadas a solicitud de este \u00faltimo. <em><u>eiDesign<\/u><\/em>publicado en el sitio web de <em><u>eiDesign<\/u><\/em>.<\/p>\n<p><span style=\"color: #333333;\"><strong><u>13. RECLAMOS<\/u><\/strong><\/span><\/p>\n<p>Cualquier queja relacionada con una Transacci\u00f3n completada a trav\u00e9s de la Plataforma debe enviarse exclusivamente al Creador Vendedor.<\/p>\n<p>Como anticipado previamente, <em><u>eiDesign<\/u><\/em> no es parte del contrato, es necesario contactar a la otra parte para todas las solicitudes de informaci\u00f3n, quejas y reembolsos.<\/p>\n<p>Se recuerda a los Usuarios Compradores, si son consumidores, los derechos previstos en su exclusivo inter\u00e9s por la ley de Consumo (D.leg. n. 206 del 06 settembre 2005).<\/p>\n<p>Sin embargo, la Plataforma permanece accesible para cualquier eventualidad en la direcci\u00f3n de correo electr\u00f3nico. <a href=\"mailto:info@ei-design.org\">info@ei-design.org<\/a><\/p>\n<p><span style=\"color: #333333;\"><strong><u>14. LEY APLICABLE y FORO COMPETENTE<\/u><\/strong><\/span><\/p>\n<p>Estos T\u00e9rminos y Condiciones est\u00e1n sujetos a la ley italiana. Cualquier disputa relacionada con la aplicaci\u00f3n, ejecuci\u00f3n e interpretaci\u00f3n de estos T\u00e9rminos y Condiciones se remitir\u00e1 al tribunal de Pav\u00eda (Italia).<\/p>\n<p><span style=\"font-size: 90%;\"><em>Data ultima modifica&nbsp; Aprile 2021<\/em><\/span><\/p>\n<p lang=\"it-IT\" align=\"JUSTIFY\">&nbsp;<\/p>","protected":false},"excerpt":{"rendered":"<p>Il presente documento riporta i Termini e le Condizioni Generali che disciplinano le condizioni di utilizzo della Piattaforma eiDesign da parte degli Utenti. PREMESSA agli ALLEGATI Tutti i contenuti della Piattaforma sono di propriet\u00e0 del Fornitore del Servizio salvo quelli presenti sulle pagine personali dei Creator, di propriet\u00e0 di quest\u2019ultimi, che concedono al Fornitore del [&#8230;]","protected":false},"author":1,"featured_media":0,"parent":0,"menu_order":0,"comment_status":"closed","ping_status":"closed","template":"","meta":[],"_links":{"self":[{"href":"https:\/\/ei-design.org\/es\/wp-json\/wp\/v2\/pages\/14780"}],"collection":[{"href":"https:\/\/ei-design.org\/es\/wp-json\/wp\/v2\/pages"}],"about":[{"href":"https:\/\/ei-design.org\/es\/wp-json\/wp\/v2\/types\/page"}],"author":[{"embeddable":true,"href":"https:\/\/ei-design.org\/es\/wp-json\/wp\/v2\/users\/1"}],"replies":[{"embeddable":true,"href":"https:\/\/ei-design.org\/es\/wp-json\/wp\/v2\/comments?post=14780"}],"version-history":[{"count":14,"href":"https:\/\/ei-design.org\/es\/wp-json\/wp\/v2\/pages\/14780\/revisions"}],"predecessor-version":[{"id":22334,"href":"https:\/\/ei-design.org\/es\/wp-json\/wp\/v2\/pages\/14780\/revisions\/22334"}],"wp:attachment":[{"href":"https:\/\/ei-design.org\/es\/wp-json\/wp\/v2\/media?parent=14780"}],"curies":[{"name":"wp","href":"https:\/\/api.w.org\/{rel}","templated":true}]}}