{"id":14780,"date":"2020-11-25T10:38:42","date_gmt":"2020-11-25T10:38:42","guid":{"rendered":"http:\/\/ei-design.it\/?page_id=14780"},"modified":"2021-07-08T14:56:37","modified_gmt":"2021-07-08T12:56:37","slug":"termini-e-condizioni-utenti","status":"publish","type":"page","link":"https:\/\/ei-design.org\/en\/termini-e-condizioni-utenti\/","title":{"rendered":"Termini e Condizioni Utenti"},"content":{"rendered":"<div class=\"row\"  id=\"row-1740780321\">\n\n\n\t<div id=\"col-1145454189\" class=\"col small-12 large-12\"  >\n\t\t<div class=\"col-inner\" style=\"background-color:rgba(238, 100, 186, 0.14);border-radius:20px;\" >\n\t\t\t\n\t\t\t\n\n<h2>\u00a0<\/h2>\n<h2 style=\"text-align: center;\"><strong><u>TERMINI e CONDIZIONI per gli <span style=\"background-color: #00ffff;\">UTENTI<\/span><\/u><\/strong><strong>\u00a0 <em>(Doc. B)<\/em><\/strong><\/h2>\n\n\t\t<\/div>\n\t\t\n<style>\n#col-1145454189 > .col-inner {\n  padding: 0px 0px 21px 0px;\n  margin: 0px 0px 7px 0px;\n}\n<\/style>\n\t<\/div>\n\n\t\n\n<\/div>\n<p>Il presente documento riporta i Termini e le Condizioni Generali che disciplinano le condizioni di utilizzo della Piattaforma <em>eiDesign<\/em> da parte degli Utenti.<\/p>\n<p><strong><u>PREFACE to ANNEXES<\/u><\/strong><\/p>\n<p>Tutti i contenuti della Piattaforma sono di propriet\u00e0 del Fornitore del Servizio salvo quelli presenti sulle pagine personali dei Creator, di propriet\u00e0 di quest\u2019ultimi, che concedono al Fornitore del Servizio a titolo gratuito il diritto non esclusivo di elaborare detti contenuti con fini di operativit\u00e0 e manutenzione della Piattaforma .<\/p>\n<p>Gli Utenti non possono utilizzare i contenuti della Piattaforma e\/o dei Creator se non nella misura in cui sia esplicitamente o implicitamente necessario od implicito alla navigazione e\/o corretto utilizzo del Servizio di Intermediazione.<\/p>\n<p><strong><u>DEFINITIONS<\/u><\/strong><u><br \/><\/u>To enable full understanding and acceptance of these terms and conditions, the following terms shall have the meanings set forth below:<\/p>\n<p><strong>The Platform, the Site<\/strong>The online brokerage service, called <strong><em>eiDesign,<\/em><\/strong> che consente di mettere in contatto utenti interessati ai prodotti proposti in compravendita dai Venditori; piccola impresa ai sensi dell\u2019allegato della raccomandazione 2003\/361\/CE.<\/p>\n<p><strong>The Service Provider: <\/strong>il Titolare del Servizio di intermediazione on Line \u00e8 per <strong><em>eiDesign<\/em><\/strong> Nelly Dominguez De Juan, residente in Via Certosa 1, 27010 San Genesio ed Uniti (PV), Codice Fiscale DMNNLY74A69Z131B, Partita IVA 02525290181, mail <a href=\"mailto:info@ei-design.org\"><em>info@ei-design.org<\/em><\/a><em>,<\/em> PEC&nbsp;<em>nellydominguezdejuan@pec.it<\/em>small enterprise within the meaning of the Annex to Recommendation 2003\/361\/EC.<\/p>\n<p><strong>Creator Vendor (Vendor, Third Party Vendor, Commercial User in Reg.UE 2019\/1150)<\/strong> : the natural or legal person who, acting in the exercise of their own commercial, artisanal or professional activity, sells Products via the Platform, whose identification details are indicated on the relevant Product pages; they gain this status by subscribing to Basic and Pro subscriptions;<\/p>\n<p><strong>Creator<\/strong>the person who acts as specified in the previous point, but limits their activity within the Platform to the promotion of their projects through publication and videos on their personal page; they access this status by subscribing to the Free subscription.<\/p>\n<p><strong>User<\/strong>any person who accesses and \"navigates\" the Platform;<\/p>\n<p><strong>Registered User<\/strong>the subject who interacts with the services <strong><em>eiDesign<\/em><\/strong> by virtue of their registration with the Platform;<\/p>\n<p><strong>User Consumer<\/strong>the natural person of age who concludes a contract for purposes unrelated to his business, commercial, craft or professional activity;<\/p>\n<p><strong>Non-Consumer User<\/strong>the natural person of age or legal entity that concludes a contract for the performance or requirements of its business, commercial, craft or professional activity;<\/p>\n<p><strong>Terms and conditions of use<\/strong>: I presenti Temini e Condizioni che disciplinano l\u2019utilizzo da parte dell\u2019Utente registrato dei servizi offerti dalla Piattaforma.<\/p>\n<p><strong>Durable support<\/strong>: ogni strumento che permetta all\u2019Utente di conservare le informazioni che gli sono personalmente indirizzate in modo da potervi accedere in futuro e per un periodo di tempo adeguato alle finalit\u00e0 cui esse sono destinate e che permetta la riproduzione identica delle informazioni memorizzate; ogni comunicazione proveniente sia dal Fornitore del Servizio, sia dal Fornitore Terzo, \u00e8 da effettuarsi tassativamente a mezzo di supporto durevole.<\/p>\n<p><strong><u>2. AMBITO di APPLICAZIONE dei TERMINI e CONDIZIONI per L\u2019Utente Registrato.<\/u><\/strong><\/p>\n<p>Per utilizzare i servizi di <em><u>eiDesign<\/u><\/em> l\u2019Utente deve registrarsi alla Piattaforma: solo attraverso la creazione di un proprio account l\u2019Utente potr\u00e0 seguire ed inviare messaggi ai Creators e Creators Venditori membri del Network, cosi come acquistare prodotti e controllare suoi ordini e pagamenti.<\/p>\n<p>I presenti Termini e Condizioni disciplinano l\u2019utilizzo da parte dell\u2019Utente registrato dei servizi offerti dalla Piattaforma.<\/p>\n<p><em><u>Nota inportante<\/u><\/em><em>: <u>si evidenzia che <strong>il Fornitore del Servizio non \u00e8 Parte del rapporto contrattuale e\/o precontrattuale che si instaura esclusivamente tra Utenti e Venditori<\/strong> e come tale, nella sua esclusiva qualit\u00e0 di mero Fornitore del Servizio di Intermediazione<strong>, non ha alcuna responsabilit\u00e0 derivante da detti rapporti instaurati tra tali soggetti.<\/strong><\/u><\/em><\/p>\n<p><strong><em><u>L\u2019eventuale contratto stipulato tra Venditori e gli Utenti, pertanto, non \u00e8 oggetto dei presenti Termini e Condizioni n\u00e8 di alcuna regolamentazione prevista nella Piattaforma<\/u><\/em><\/strong><strong>.<\/strong><\/p>\n<p><span style=\"color: #333333;\"><strong><u>3 .REGISTRAZIONE dell&#8217;UTENTE AL SITO;<\/u><\/strong><\/span><\/p>\n<p>To interact with the services of <em><u>eiDesign<\/u><\/em> The User must register by providing all the data and information requested in a complete and truthful manner and thereby obtaining a personal account.<br \/>It is the responsibility of the Users to keep their login credentials secure and confidential; to this end, Users should choose a password that meets the highest level of security available on this Web Site. By creating an account, the User agrees to be fully responsible for any and all activities that occur under their access credentials. Users are obliged to inform the Service Provider without delay via the contact details provided on the Platform if they believe that their personal information, such as User account, access credentials or personal data, has been hacked, unlawfully disclosed or stolen.<\/p>\n<p>The User registers on the Site <em><u>eiDesign<\/u><\/em> utilizzando l\u2019apposito modulo che compare sullo schermo, indicando, sulla parte destra, nel primo spazio l\u2019indirizzo mail e nel secondo spazio una password di sua scelta, da mantenere riservata. <strong><u>In calce agli spazi l\u2019Utente trover\u00e0 un link con i presenti Termini e Condizioni Generali, che avr\u00e0 cura di leggere attentamente<\/u><\/strong>; una volta letti i Termini e Condizion, l\u2019Utente azioner\u00e0 il pulsante \u201cregistrati\u201d. La registrazione del Utente viene intesa come una acettazione dei presentiTermini e Condizioni. Dopodich\u00e9 presso l\u2019indirizzo mail appena inviato perverr\u00e0 una comunicazione mail contenente un \u201clink\u201d che una volta selezionato riaprir\u00e0 il modulo iniziale; a tal punto l\u2019Utente inserir\u00e0 nuovamente la mail e la password, questa volta nella parte sinistra del modulo, nei due spazi appositamente dedicati; selezionando l\u2019apposito pulsante l\u2019Utente accede al proprio Account, individuato dalla mail e corredato dalla password.<\/p>\n<p><strong><u>4. RESPONSABILITA\u2019 dei CONTENUTI<\/u><\/strong><\/p>\n<p>L\u2019Utente risponde in via esclusiva dei contenuti caricati, pubblicati, condivisi o comunque forniti ad <em><u>eiDesign<\/u><\/em>. L\u2019Utente dichiara espressamente assumersi detta responsabilit\u00e0 e di mantenere indenne il Fornitore del Servizio da e contro ogni pretesa avanzata e\/o danno sofferto a causa di contenuti dall\u2019Utente forniti o offerti tramite la Piattaforma.<\/p>\n<p>L\u2019Utente, comunque, accetta che il&nbsp;Fornitore del Servizio controlli preventivamente ed a propria assoluta discrezionalit\u00e0 tali contenuti e dia approvazione alla pubblicazione, fermo restando a totale carico dell\u2019Utente ogni responsabilit\u00e0 giuridica in sede civile\/penale\/amministrativa per quanto proveniente dall\u2019Utente.<\/p>\n<p>The Service Provider, in any case and at any time, reserves the right to remove, delete, block or rectify content at its absolute discretion.<\/p>\n<p>Il Fornitore del Servizio potr\u00e0 negare senza preavviso l\u2019accesso alla Piattaforma all\u2019Utente che ha caricati:<\/p>\n<ul>\n<li>if the content of what is published does not conform to the spirit of the Platform, informed by the Principles of education, common sense of decency, decorum, respect for every Person, People, Nation, State, Religion, Sex, Race, Language, Culture, Tradition and Custom.<\/li>\n<li>whether it has received a complaint and\/or a report in relation to such content;<\/li>\n<li>if you have received a notice of infringement of intellectual property rights;<\/li>\n<li>by order of any institutional authority;<\/li>\n<li>qualora tali contenuti possono rappresentare un rischio e\/o un pericolo per gli Utenti, per i Creators o per qualsiasi Terzo soggetto o per la stessa Piattaforma.<\/li>\n<\/ul>\n<p>La rimozione, cancellazione, il blocco, la rettifica dei contenuti n\u00e8 la preclusione all\u2019accesso dell\u2019Utente non potranno costituire alcun preteso inadempimento, o eccezione d\u2019inadempimento, richiesta di risarcimento, rimborso o indennizzo in favore degli Utenti responsabili di tali contenuti.<\/p>\n<p>Il Fornitore del Servizio denuncer\u00e0 ogni attivit\u00e0 censurabile svolta tramite la Piattaforma alle Autorit\u00e0 Competenti ogniqualvolta l\u2019Utente ponga in essere violazioni di legge, regolamenti, ordini, discipline<\/p>\n<p><span style=\"color: #333333;\"><strong><u>5 .MODALITA&#8217; di ACQUISTO tramite la PIATTAFORMA<\/u><\/strong><\/span><\/p>\n<p>La Piattaforma consente la fruizione del Servizio di Intermediazione solo per gli Utenti che abbiano raggiunto la maggiore et\u00e0 (18 anni); per i minorenni sar\u00e0 necessaria l\u2019autorizzazione dei genitori o comunque dagli esercenti la responsabilit\u00e0 dei minori stessi.<\/p>\n<p>L\u2019offerta dei Prodotti tramite la Piattaforma costituisce offerta al pubblico che una volta accettata dall\u2019Utente comporter\u00e0 il perfezionamento del contratto di compravendita direttamente tra L\u2019Utente e il Creator Venditore.<\/p>\n<p><u>The User purchases the Product through the following steps: <\/u><\/p>\n<p>seleziona il Prodotto; aggiunge il Prodotto al carrello; visualiza i Termini e Condizioni del Venditore (spedizioni, reso ed eventuali garanzie) sulla pagina del prodotto del Venditore nel pulsante Menu-Descrizione; succesivamente clikka l\u2019apposito pulsante \u201c<em>PROCEED WITH THE ORDER<\/em>\"; fill in the \"<em>BILLING AND SHIPPING DETAILS<\/em>\u201d; se hai particolari requisiti di consegna o vuoi aggiungere qualche notificazione al ordine puoi farlo alla fine del form, nella apposita casella \u201cNote sul ordine\u201d; clikka il pulsante \u201c<em>continue on PAYPAL<\/em>\"and through this money transfer service provides for the payment of the Seller-Creator through the Platform.<\/p>\n<p>A pagamento effettuato il Creator Venditore e l\u2019Utente ricevono, al proprio indirizzo di posta elettronica indicato, una mail proveniente da <em><u>eiDesign<\/u> <\/em>with the confirmation of the order containing the order number, the date of the order, the name of the Product and the quantity of the same, the price, the shipping costs, any further charges, the payment method (paypal), the data of the Creator Seller with the <em>link<\/em> diretto alla pagina personale di quest\u2019ultimo nella Piattaforma, i dati dell\u2019Utente, l\u2019indirizzo di consegna, l\u2019indirizzo di fatturazione, i tempi di consegna, le modalit\u00e0 per esercitare il diritto di recesso dell\u2019Utente consumatore nei confronti del Venditore e l\u2019eventuale esclusione del recesso nel caso di Utente non consumatore e le eventuali garanzie.<\/p>\n<p><span style=\"color: #333333;\"><strong><u>6 .SPEDIZIONE<\/u><\/strong><\/span><\/p>\n<p>La Piattaforma informa gli Utenti che ciascun Creator Venditore provveder\u00e0 direttamente alla spedizione all\u2019indirizzo prescelto dall\u2019Utente acquirente e invier\u00e0 all\u2019indirizzo mail indicato da quest\u2019ultimo una comunicazione dove specificher\u00e0 i dettagli della spedizione.<\/p>\n<p>Eventuali imposte doganali saranno a carico dell\u2019Utente acquirente.<\/p>\n<p>In the case of purchase of a digital product, delivery is made by email to the address chosen by the User.<\/p>\n<p>La Piattaforma informa gli Utenti che i Creator Venditori si impegneranno al massimo per tener aggiornate le proprie offerte relative ai Prodotti in vendita; in caso di esaurimento del Prodotto compravenduto l\u2019Utente che abbia acquistato potr\u00e0 richiedere direttamente al Creator Venditore la restituzione del prezzo pagato dall\u2019Utente salvo che l\u2019Utente stesso richieda espressamente la conferma dell\u2019ordine in un tempo successivo, debitamente informato dal Creator Venditore sui tempi di approvvigionamento del Prodotto cos\u00ec ordinato.<\/p>\n<p><span style=\"color: #333333;\"><strong><u>7 .RINVIO AI TERMINI e CONDIZONI del VENDITORE<\/u><\/strong><\/span><\/p>\n<p>La compravendita conclusa tra il Creator Venditore e l\u2019Utente acquirente \u00e8 interamente regolamentata dai Termini e Condizioni proposti da Venditore stesso ai sensi di quanto previsto nel precedente art. 5 dal medesimo Utente acquirente.<\/p>\n<p><strong>L\u2019Utente, pertanto, prima di concludere il contratto, dovr\u00e0 prendere compiutamente atto dei Termini e Condizioni del Creator Venditore prima di procedere al acquisto, tali come spedizioni, reso, e possibili garanzie aggiunte. L\u2019Utente potr\u00e0 visualizare i Termini e Condizioni del Creator Venditore sulla stessa pagina del prodotto, nella apposito spazio riservato nel menu sul pulsante \u201cDescrizione\u201d<\/strong><\/p>\n<p>Si segnala, per la particolare rilevanza dei loro contenuti, che ogni previsione relativa al diritto di recesso dai contratti conclusi con i Creator Venditori tramite la Piattaforma, alle condizioni di reso, alla garanzia di conformit\u00e0 del Prodotto \u00e8 soggetta ai Termini e Condizioni proposti dal Creator Venditore in relazione alla compravendita del caso di specie.<\/p>\n<p><span style=\"color: #333333;\"><strong><u>8 .PAGAMENTI<\/u><\/strong><\/span><\/p>\n<p>Tutti i pagamenti vengono effettuati per il tramite e gestiti autonomamente da Paypal, che costuisce un servizio terzo rispetto a quelli offerti dalla Piattaforma.<\/p>\n<p><em><u>eiDesign<\/u><\/em> does not collect payment information, such as credit card numbers; it only receives a notification once the payment is successful.<\/p>\n<p><span style=\"color: #333333;\"><strong><u>9 .RIMBORSI<\/u><\/strong><\/span><\/p>\n<p>In caso di richiesta da parte dell\u2019Utente acquirente di rimborso del costo di un Prodotto, dovr\u00e0 farlo direttamente al Creator Venditore. Il Creator Venditore entro 3 giorni dalla ricevuta della richiesta di rimborso da parte dell\u2019Utente, dovr\u00e0 comunicare per iscritto ad <em><u>eiDesign<\/u><\/em> la richiesta e la decisione a che il rimborso sia disposto in favore dell\u2019Utente acquirente<strong>, <\/strong>indicando l\u2019importo del rimborso; <em><u>eiDesign<\/u><\/em>, entro i successivi 3 giorni rimborser\u00e0 l\u2019importo all\u2019Utente.<\/p>\n<p>Il Creatore Venditore potr\u00e0 realizare la comunicazione a eiDesign traverso il suo pannello di controllo; pulsante Ordini, selezionando il numero di ordine e facendo click nella voce del menu \u201cAZIONI\u201d sull\u2019icona \u201cRichiesta di Rimborso\u201d<\/p>\n<p><span style=\"color: #333333;\"><strong><u>10 .MODIFICHE dei TERMINI e CONDIZIONI<\/u><\/strong><\/span><\/p>\n<p>Il Fornitore del servizio comunicher\u00e0 su supporto durevole agli Utenti interessati qualunque modifica proposta ai presenti termini e delle loro condizioni.<\/p>\n<p>Il Fornitore del servizio non potr\u00e0 imporre modifiche retroattive dei termini e delle condizioni, tranne nel caso siano tenuti a rispettare un obbligo normativo o regolamentare o quando le modifiche retroattive sono vantaggiose per gli stessi Utenti.<\/p>\n<p>Il Fornitore del Servizio si riserva il diritto di variare a propria discrezione, in qualunque momento, l\u2019interfaccia grafica della Piattaforma, i suoi contenuti e la sua organizzazione, nonch\u00e9 ogni altro aspetto che caratterizza la funzionalit\u00e0 e la gestione della stessa, comunicando per iscritto agli Utenti, ove occorrenti, le relative istruzioni.<\/p>\n<p><span style=\"color: #333333;\"><strong><u>11 .LIMITAZIONE, SOSPENSIONE e CESSAZIONE dell&#8217;ACCOUNT del UTENTE<\/u><\/strong><\/span><\/p>\n<p>Fatto salvo quanto previsto dall\u2019art. 4, il Fornitore del Servizio pu\u00f2 decidere di limitare o sospendere o cessare l\u2019account a un determinato Utente comunicando per iscritto a quest\u2019ultimo, preventivamente o al momento in cui la limitazione o la sospensione o la cessazione ha effetto, le motivazioni di tale decisione con comunicazione scritta.<\/p>\n<p><span style=\"color: #333333;\"><strong><u>12. ACCESSO AI DATI<\/u><\/strong><\/span><\/p>\n<p>Il Fornitore del Servizio di intermediazione online pu\u00f2 accedere ai dati personali e agli altri dati forniti dagli Utenti per l\u2019uso dei servizi di intermediazione online o generati tramite la fornitura di tali servizi solo in conformit\u00e0 del Regolamento UE 2016\/679 (GDPR). In materia di protezione di dati personali dell\u2019Utente si rinvia a quanto previsto dalla Privacy Policy, dalla Cookie Policy e dall\u2019Informativa Privacy di <em><u>eiDesign<\/u><\/em>, pubblicate sul sito di <em><u>eiDesign<\/u><\/em>.<\/p>\n<p><span style=\"color: #333333;\"><strong><u>13. RECLAMI<\/u><\/strong><\/span><\/p>\n<p>Qualsiasi reclamo relativo a una Transazione perfezionata per il tramite della Piattaforma deve essere presentato esclusivamente al Creator Venditore.<\/p>\n<p>Come gi\u00e0 anticipato, <em><u>eiDesign<\/u><\/em> non \u00e8 Parte del contratto, \u00e8 necessario contattare l&#8217;altra Parte per tutte le richieste di informazioni, reclami e rimborsi.<\/p>\n<p>Si rammenta agli Utenti acquirenti, se consumatori, i diritti previsti nel loro esclusivo interesse dal Codice del Consumo (D.leg. n. 206 del 06 settembre 2005).<\/p>\n<p>La Piattaforma resta comunque raggiungibile per qualsiasi eventualit\u00e0 all indirizzo di posta elettronica <a href=\"mailto:info@ei-design.org\">info@ei-design.org<\/a><\/p>\n<p><span style=\"color: #333333;\"><strong><u>14. LEGGE APPLICABILE e FORO COMPETENTE<\/u><\/strong><\/span><\/p>\n<p>I presenti Termini e Condizioni sono soggette alla legge italiana. Ogni controversia relativa all\u2019applicazione, esecuzione e interpretazione dei presenti Termini e Condizioni sar\u00e1 devoluta al foro di Pavia (Italia)<\/p>\n<p><span style=\"font-size: 90%;\"><em>Data ultima modifica&nbsp; Aprile 2021<\/em><\/span><\/p>\n<p lang=\"it-IT\" align=\"JUSTIFY\">&nbsp;<\/p>","protected":false},"excerpt":{"rendered":"<p>Il presente documento riporta i Termini e le Condizioni Generali che disciplinano le condizioni di utilizzo della Piattaforma eiDesign da parte degli Utenti. PREMESSA agli ALLEGATI Tutti i contenuti della Piattaforma sono di propriet\u00e0 del Fornitore del Servizio salvo quelli presenti sulle pagine personali dei Creator, di propriet\u00e0 di quest\u2019ultimi, che concedono al Fornitore del [&#8230;]","protected":false},"author":1,"featured_media":0,"parent":0,"menu_order":0,"comment_status":"closed","ping_status":"closed","template":"","meta":[],"_links":{"self":[{"href":"https:\/\/ei-design.org\/en\/wp-json\/wp\/v2\/pages\/14780"}],"collection":[{"href":"https:\/\/ei-design.org\/en\/wp-json\/wp\/v2\/pages"}],"about":[{"href":"https:\/\/ei-design.org\/en\/wp-json\/wp\/v2\/types\/page"}],"author":[{"embeddable":true,"href":"https:\/\/ei-design.org\/en\/wp-json\/wp\/v2\/users\/1"}],"replies":[{"embeddable":true,"href":"https:\/\/ei-design.org\/en\/wp-json\/wp\/v2\/comments?post=14780"}],"version-history":[{"count":14,"href":"https:\/\/ei-design.org\/en\/wp-json\/wp\/v2\/pages\/14780\/revisions"}],"predecessor-version":[{"id":22334,"href":"https:\/\/ei-design.org\/en\/wp-json\/wp\/v2\/pages\/14780\/revisions\/22334"}],"wp:attachment":[{"href":"https:\/\/ei-design.org\/en\/wp-json\/wp\/v2\/media?parent=14780"}],"curies":[{"name":"wp","href":"https:\/\/api.w.org\/{rel}","templated":true}]}}